{"id":99,"date":"2017-05-23T20:08:53","date_gmt":"2017-05-23T20:08:53","guid":{"rendered":"http:\/\/www.tipard.de\/blog\/?page_id=99"},"modified":"2025-03-02T03:55:35","modified_gmt":"2025-03-02T03:55:35","slug":"apple-ipad-pro-vs-microsoft-surface-pro-3","status":"publish","type":"page","link":"https:\/\/www.tipard.de\/blog\/apple-ipad-pro-vs-microsoft-surface-pro-3\/","title":{"rendered":"Apple iPad Pro VS Microsoft Surface Pro 3"},"content":{"rendered":"<p><img loading=\"lazy\" decoding=\"async\" class=\"alignnone size-full wp-image-97\" src=\"http:\/\/www.tipard.de\/blog\/wp-content\/uploads\/2017\/05\/ipad-pro-vs-surface-pro-3.jpg\" alt=\"\" width=\"600\" height=\"338\" srcset=\"https:\/\/www.tipard.de\/blog\/wp-content\/uploads\/2017\/05\/ipad-pro-vs-surface-pro-3.jpg 600w, https:\/\/www.tipard.de\/blog\/wp-content\/uploads\/2017\/05\/ipad-pro-vs-surface-pro-3-300x169.jpg 300w\" sizes=\"auto, (max-width: 600px) 100vw, 600px\" \/><br \/>\nApple&#8217;s Herbstkonferenz bringt uns mit dem iPad Pro das mit Abstand gr\u00f6\u00dfte Tablet. Eine erh\u00f6hte Leistung vereint mit neugestalteten Stift- und Tastatureinheiten sind mit dem f\u00fcr die Nutzer verbesserten leistungsf\u00e4higen Creation Tool einige der Ziele, die Apple in ihrem neuen Ger\u00e4t verwirklicht haben. Wir denken mit dem Start des iPad Pro an das Microsoft Surface Pro 3. Welches Produkt ist besser? Schauen wir uns die folgende Zusammenfassung an.<br \/>\nMit der Entwicklung des iPads fanden viele K\u00e4ufer Gefallen an dem Nutzen f\u00fcr die Arbeit, Unterhaltung und Bildung, nachdem seine Funktion auf der Konferenz angek\u00fcndigt wurden. Die Idee von Tablets wurde von Tabletherstellern schon vor der Einf\u00fchrung des iPad angetrieben, da dieses so nutzvoll wie ein Laptop sind.<br \/>\nApple&#8217;s CEO, Tim Cook, k\u00fcndigt das neue iPad Pro als die Enth\u00fcllung einer neueren und gr\u00f6\u00dferen Version des iPads an. Das iPad Pro ist mit einer kleinen Tastatur ausgestattet, die aussieht wie die des Microsoft Surface Pro 3 und auch gewisserma\u00dfen fast gleich funktioniert. Das iPad Pro verf\u00fcgt \u00fcber einen 12.9-inch, hochaufl\u00f6sendes Display, das darauf abgestimmt wurde mit zwei H\u00e4nden und dem synchronisierten Apple Stylus Stift bedient zu werden. Der Nutzer kann sich den neuen funktionsbepackten Versionen von Microsoft Office, Adobe Photoshop und weiteren Apps bedienen. Viele Leute sehen das iPad Pro als einen Laptopersatz.<\/p>\n<p><img loading=\"lazy\" decoding=\"async\" class=\"alignnone size-full wp-image-96\" src=\"http:\/\/www.tipard.de\/blog\/wp-content\/uploads\/2017\/05\/ipad-pro-vs-surface-pro.jpg\" alt=\"\" width=\"600\" height=\"273\" srcset=\"https:\/\/www.tipard.de\/blog\/wp-content\/uploads\/2017\/05\/ipad-pro-vs-surface-pro.jpg 600w, https:\/\/www.tipard.de\/blog\/wp-content\/uploads\/2017\/05\/ipad-pro-vs-surface-pro-300x137.jpg 300w\" sizes=\"auto, (max-width: 600px) 100vw, 600px\" \/><br \/>\nMicrosoft Surface ist mit einem 12-inch gro\u00dfem Display und einer hohen Displayaufl\u00f6sung ausgestattet. Es ist einfach einzurichten und mit einem Seitenst\u00e4nder ausgestattet. Die Tastatur bleibt ein erstklassiges Vorbild. Das Microsoft Surface Pro 3 bietet seinen Kunden einen digitalen Stift und lehnt sich durch den St\u00e4nder und das Touchcover, das Ihnen die Arbeit in jedem Winkel erm\u00f6glicht, immer weiter auf die Laptopseite an.<br \/>\n<img loading=\"lazy\" decoding=\"async\" class=\"alignnone size-full wp-image-98\" src=\"http:\/\/www.tipard.de\/blog\/wp-content\/uploads\/2017\/05\/surface-pro.jpg\" alt=\"\" width=\"600\" height=\"345\" srcset=\"https:\/\/www.tipard.de\/blog\/wp-content\/uploads\/2017\/05\/surface-pro.jpg 600w, https:\/\/www.tipard.de\/blog\/wp-content\/uploads\/2017\/05\/surface-pro-300x173.jpg 300w\" sizes=\"auto, (max-width: 600px) 100vw, 600px\" \/><br \/>\nAls professionelle Tablets und Hybriden, die Mircosoft Windows nutzen, k\u00f6nnen diese Ger\u00e4te mit den gleichen Desktopanwendungen wie Laptops und Desktops arbeiten.<br \/>\niPad Pro und Microsoft Surface Pro 3 im direkten Vergleich miteinander:<\/p>\n<h2>Grundmodellpreis (in US Dollar, inklusive Keyboard und Stift, falls vorhanden)<\/h2>\n<p>Apple iPad Pro: $1,067 ($799 + $169 + $99)<br \/>\nMicrosoft Surface Pro 3: $928 ($799 + $129)<\/p>\n<h2>Displaygr\u00f6\u00dfe\/Aufl\u00f6sung:<\/h2>\n<p>Apple iPad Pro: 12.9-inch; 2,732&#215;2, 048<br \/>\nMicrosoft Surface Pro 3; 12.0-inch, 2,160&#215;1, 440<\/p>\n<h2>Prozessor:<\/h2>\n<p>Apple iPad Pro: Apple A9X<br \/>\nMicrosoft Surface Pro 3: 1.5GHz Intel Core i3<\/p>\n<h2>Speicher\/RAM:<\/h2>\n<p>Apple iPad Pro: 32GB\/RAM unbekannt<br \/>\nMicrosoft Surface Pro 3: 64GB\/4GB<\/p>\n<h2>Gewicht:<\/h2>\n<p>Apple iPad Pro: 1.57 pounds (713 Gramm);<br \/>\nMicrosoft Surface Pro 3: 1.76 pounds (798 Gramm); 2.42 pounds mit Tastaturabdeckung<\/p>\n<h2>Batterielaufzeit:<\/h2>\n<p>Apple iPad Pro: 10 Stunden (Apple Sch\u00e4tzung)<br \/>\nMicrosoft Surface Pro 3: 7:28 (CNET Batteriebelastungstest)<\/p>\n<h2>Apple iPad Pro:<\/h2>\n<p>Potentiell f\u00e4hig Laptops und Hybriden in mehrere Aufgabenfeldern zu ersetzen, jedoch ist fraglich, ob es diese t\u00e4glich ersetzt. Des Weiteren k\u00f6nnte es komisch werden st\u00e4ndig zwischen den Apps und Programmen hin und her zu switchen.<\/p>\n<h2>Microsoft Surface Pro 3:<\/h2>\n<p>Funktioniert besser mit der Tastaturabdeckung. Windows f\u00fchlt sich jedoch gewohnter auf einem Computer oder Desktop an, trotzdem ist es die beste Windowserfahrung in einem transportierbaren Komplettpaket.<\/p>\n","protected":false},"excerpt":{"rendered":"<p>Apple&#8217;s Herbstkonferenz bringt uns mit dem iPad Pro das mit Abstand gr\u00f6\u00dfte Tablet. Eine erh\u00f6hte Leistung vereint mit neugestalteten Stift- und Tastatureinheiten sind mit dem f\u00fcr die Nutzer verbesserten leistungsf\u00e4higen Creation Tool einige der Ziele, die Apple in ihrem neuen Ger\u00e4t verwirklicht haben. Wir denken mit dem Start des iPad Pro an das Microsoft Surface [&hellip;]<\/p>\n","protected":false},"author":1,"featured_media":0,"parent":0,"menu_order":0,"comment_status":"closed","ping_status":"closed","template":"","meta":{"footnotes":""},"class_list":["post-99","page","type-page","status-publish","hentry"],"_links":{"self":[{"href":"https:\/\/www.tipard.de\/blog\/wp-json\/wp\/v2\/pages\/99","targetHints":{"allow":["GET"]}}],"collection":[{"href":"https:\/\/www.tipard.de\/blog\/wp-json\/wp\/v2\/pages"}],"about":[{"href":"https:\/\/www.tipard.de\/blog\/wp-json\/wp\/v2\/types\/page"}],"author":[{"embeddable":true,"href":"https:\/\/www.tipard.de\/blog\/wp-json\/wp\/v2\/users\/1"}],"replies":[{"embeddable":true,"href":"https:\/\/www.tipard.de\/blog\/wp-json\/wp\/v2\/comments?post=99"}],"version-history":[{"count":8,"href":"https:\/\/www.tipard.de\/blog\/wp-json\/wp\/v2\/pages\/99\/revisions"}],"predecessor-version":[{"id":10382,"href":"https:\/\/www.tipard.de\/blog\/wp-json\/wp\/v2\/pages\/99\/revisions\/10382"}],"wp:attachment":[{"href":"https:\/\/www.tipard.de\/blog\/wp-json\/wp\/v2\/media?parent=99"}],"curies":[{"name":"wp","href":"https:\/\/api.w.org\/{rel}","templated":true}]}}