{"id":979,"date":"2017-09-07T15:03:32","date_gmt":"2017-09-07T15:03:32","guid":{"rendered":"http:\/\/www.tipard.de\/blog\/?page_id=979"},"modified":"2017-09-07T15:03:32","modified_gmt":"2017-09-07T15:03:32","slug":"wie-sie-verschiedene-arten-von-cache-von-ihrem-iphone-7-loeschen","status":"publish","type":"page","link":"https:\/\/www.tipard.de\/blog\/wie-sie-verschiedene-arten-von-cache-von-ihrem-iphone-7-loeschen\/","title":{"rendered":"Wie Sie verschiedene Arten von Cache von Ihrem iPhone 7 l\u00f6schen"},"content":{"rendered":"<p><img loading=\"lazy\" decoding=\"async\" src=\"http:\/\/www.tipard.de\/blog\/wp-content\/uploads\/2017\/09\/clear-cache-on-iphone.jpg\" alt=\"\" width=\"600\" height=\"338\" class=\"alignnone size-full wp-image-980\" srcset=\"https:\/\/www.tipard.de\/blog\/wp-content\/uploads\/2017\/09\/clear-cache-on-iphone.jpg 600w, https:\/\/www.tipard.de\/blog\/wp-content\/uploads\/2017\/09\/clear-cache-on-iphone-300x169.jpg 300w\" sizes=\"auto, (max-width: 600px) 100vw, 600px\" \/><br \/>\nWenn Sie mehr Speicherplatz auf Ihrem iPhone 7 ben\u00f6tigen k\u00f6nnen Sie verschiedene arten von Cache von Ihrem iPhone l\u00f6schen. Cache ist ein wichtiger Teil von Andere. Sie k\u00f6nnen den Speicherplatz von Andere auf dem iPhone ausw\u00e4hlen und l\u00f6schen, um somit auch die verschiedenen Caches zu l\u00f6schen. W\u00e4hlen Sie einfach die am besten zu Ihnen passende L\u00f6sung aus, um Ihr iPhone zu optimieren.<\/p>\n<h2>Safari Cache auf dem iPhone 7 l\u00f6schen <\/h2>\n<p>Es ist einfach Safari Cache und Cookies auf dem iPhone zu l\u00f6schen. Mit diesem Vorgang werden Sie aus allen Webseiten ausgeloggt und der Verlauf wird gel\u00f6scht. Folgen Sie einfach diesen Schritten, um den Safari Cache von Ihrem iPhone zu l\u00f6schen.<br \/>\n<img loading=\"lazy\" decoding=\"async\" src=\"http:\/\/www.tipard.de\/blog\/wp-content\/uploads\/2017\/09\/clear-safari-cache-on-iphone.jpg\" alt=\"\" width=\"600\" height=\"351\" class=\"alignnone size-full wp-image-981\" srcset=\"https:\/\/www.tipard.de\/blog\/wp-content\/uploads\/2017\/09\/clear-safari-cache-on-iphone.jpg 600w, https:\/\/www.tipard.de\/blog\/wp-content\/uploads\/2017\/09\/clear-safari-cache-on-iphone-300x176.jpg 300w\" sizes=\"auto, (max-width: 600px) 100vw, 600px\" \/><br \/>\n1. Dr\u00fccken Sie <strong>Einstellungen<\/strong> auf dem Home Screen.<br \/>\n2. Scrollen Sie im Einstellungen Men\u00fc herunter bis Sie den <strong>Safari<\/strong> Button finden und dr\u00fccken diesen<br \/>\n3. Jetzt k\u00f6nnen Sie den <strong>Verlauf und Webseiten Daten l\u00f6schen<\/strong> klicken in der Privatsph\u00e4re Abteilung.<br \/>\n4. Anschlie\u00dfend best\u00e4tigen Sie <strong>Verlauf und Daten<\/strong> l\u00f6schen, um den Cache des iPhone 7 zu leeren. Anschlie\u00dfend wird der Verlauf, Webseiten Daten, Cookies und Cache Daten aus dem Safari Browser entfernt. Safari kann praktisch als ganz neuer Browser verwendet werden. <\/p>\n<h2>App Cache des iPhone 7 leeren <\/h2>\n<p>Wenn Sie mehr Speicherplatz durch das entfernen von Cache erhalten wollen, sollten Sie App Cache entfernen. Daten, die in Apps gespeichert sind, k\u00f6nnen mit der Verbrauchsoption in den Einstellungen geleert werden. Hier finden Sie den detaillierten Vorgang:<br \/>\n<img loading=\"lazy\" decoding=\"async\" src=\"http:\/\/www.tipard.de\/blog\/wp-content\/uploads\/2017\/09\/clean-app-cache-of-iphone.jpg\" alt=\"\" width=\"600\" height=\"350\" class=\"alignnone size-full wp-image-978\" srcset=\"https:\/\/www.tipard.de\/blog\/wp-content\/uploads\/2017\/09\/clean-app-cache-of-iphone.jpg 600w, https:\/\/www.tipard.de\/blog\/wp-content\/uploads\/2017\/09\/clean-app-cache-of-iphone-300x175.jpg 300w\" sizes=\"auto, (max-width: 600px) 100vw, 600px\" \/><br \/>\n1. Klicken Sie den <strong>Einstellungen<\/strong> Button, um zur Option <strong>Allgemeines<\/strong> zu gelangen.<br \/>\n2. W\u00e4hlen Sie <strong>Speicher &#038; iCloud Benutzung<\/strong> aus.<br \/>\n3. Klicken Sue dann Die <strong>Speicher verwalten<\/strong> Option aus dem Speicher Men\u00fc aus. Sie k\u00f6nnen unn\u00f6tige Apps oder mehr als 500MP Speicher ausw\u00e4hlen.<br \/>\n4. Dr\u00fccken Sie den <strong>L\u00f6schen<\/strong> Button, um die App zu l\u00f6schen und Cache vom iPhone zu l\u00f6schen.<br \/>\n5. Reinstallieren Sie das Programm, um mehr Speicher auf Ihrem iPhone 7 freizusetzen.<br \/>\nWenn Sie als App Safari ausw\u00e4hlen k\u00f6nnen Sie au\u00dferdem die Offline Leseliste entfernen. Es wird mehr Speicher freigesetzt wenn Sie eine App vom iPhone l\u00f6schen.<\/p>\n<h2>L\u00f6schen Sie iPhone 7 Mail Cache<\/h2>\n<p>Wenn Sie eine Mail App verwenden ist ein Cache mit allen Dokumenten, Bildern und Video Dateien auf dem iPhone oder anderen iGer\u00e4ten verf\u00fcgbar. Sie k\u00f6nnen die Caches entfernen, indem Sie Ihre E-Mail Account Information l\u00f6schen und neu eingeben. Finden Sie hier heraus, wie das Ganze funktioniert.<br \/>\n<img loading=\"lazy\" decoding=\"async\" src=\"http:\/\/www.tipard.de\/blog\/wp-content\/uploads\/2017\/09\/delete-iphone-mail-cache.jpg\" alt=\"\" width=\"600\" height=\"534\" class=\"alignnone size-full wp-image-984\" srcset=\"https:\/\/www.tipard.de\/blog\/wp-content\/uploads\/2017\/09\/delete-iphone-mail-cache.jpg 600w, https:\/\/www.tipard.de\/blog\/wp-content\/uploads\/2017\/09\/delete-iphone-mail-cache-300x267.jpg 300w\" sizes=\"auto, (max-width: 600px) 100vw, 600px\" \/><br \/>\n1. \u00d6ffnen Sie die <strong>Einstellungen<\/strong> App vom Home Screen.<br \/>\n2. Finden Sie die <strong>Mail, Kontakte, Kalender<\/strong> Option im Einstellungen Men\u00fc.<br \/>\n3. W\u00e4hlen Sie anschlie\u00dfend den Account aus, von dem Sie den Cache l\u00f6schen m\u00f6chten. Es ist eine gute Idee alle Accounts, die Sie auf dem iPhone haben zu entfernen.<br \/>\n4. <strong>Account l\u00f6schen<\/strong> f\u00fcr den Email Account und alle weiteren Accounts, von denen Sie den Cache entfernen m\u00f6chten.<br \/>\n5. Unter Mail, Kontakte und Kalender dr\u00fccken Sie die <strong>Account hinzuf\u00fcgen<\/strong> Option.<br \/>\n6. W\u00e4hlen Sie den Account Typen aus und geben alle n\u00f6tigen Login Informationen ein.<br \/>\nStellen Sie sicher, dass Sie Ihre Acccountinformationen, wie Email Adresse und Passwort, kennen, bevor Sie den Mail Cache l\u00f6schen, um sich spatter wieder anmelden zu k\u00f6nnen. Sie k\u00f6nnen einen \u00e4hnlichen Prozess verwenden, um ganze Unterhaltungen zu l\u00f6schen. <\/p>\n<h2>Entfernen von Cache des iPhone 7 <\/h2>\n<p>Um den maximalen Speicher freizusetzen m\u00fcssen Sie auf Ihrem iPhone verschiedene Arten von Cache l\u00f6schen. Gibt es daf\u00fcr irgendeine L\u00f6sung? Tipard iPhone Eraser ist die beste L\u00f6sung, um verschiedene Arten von Cache tiefenreinigend zu entfernen. Erfahren Sie hier mehr \u00fcber die L\u00f6sung.<br \/>\n<img loading=\"lazy\" decoding=\"async\" src=\"http:\/\/www.tipard.de\/blog\/wp-content\/uploads\/2017\/09\/deep-clear-cache-on-iphone.jpg\" alt=\"\" width=\"600\" height=\"534\" class=\"alignnone size-full wp-image-983\" srcset=\"https:\/\/www.tipard.de\/blog\/wp-content\/uploads\/2017\/09\/deep-clear-cache-on-iphone.jpg 600w, https:\/\/www.tipard.de\/blog\/wp-content\/uploads\/2017\/09\/deep-clear-cache-on-iphone-300x267.jpg 300w\" sizes=\"auto, (max-width: 600px) 100vw, 600px\" \/><br \/>\n1. Entfernen Sie verschiedene Arten von Cache mit nur einem Klick. Egal ob Browser Cache, App Cache, Mail Cache, iMessage Cache oder andere Caches, mit dieser L\u00f6sung wird jede Art permanent gel\u00f6scht.<br \/>\n2. Es l\u00f6scht Apps vom iPhone, Cache Daten und andere Daten permanent. Es gibt verschiedene Level, um die Caches zu l\u00f6schen und Ihr altes iPhone wird schon bald wie ein neues laufen.<br \/>\n3. Die L\u00f6sung erlaubt es Ihnen fantastische L\u00f6schfunktionen f\u00fcr Ihr iPhone, iPod Touch oder iPad und verschiedene andere iGer\u00e4te mit iOS9.3 oder h\u00f6her gleichzeitig zu verwenden.<br \/>\n4. Um zu verhindern, dass Ihre vertraulichen Informationen durchsickern, l\u00f6scht die L\u00f6sung jeglichen Cache des iPhones. Anschlie\u00dfend ist es m\u00f6glich das iPhone auf eBay f\u00fcr einen tollen Preis zu verkaufen.<br \/>\nTipard iPhone Eraser hat die F\u00e4higkeit alle iPhone Daten zu l\u00f6schen, darunter Fotos, Musik, Videos, Kontakte, SMS, iMessages, Anrufverlauf, Kalender, Notizen, Erinnerungen, Safari Lesezeichen, iB\u00fccher, Podasts, iTunesU, Serien, Musikvideos, Klingelt\u00f6ne, H\u00f6rb\u00fccher, Sprachnotizen, Apps und pers\u00f6nliche Einstellungen, die Sie an Ihrem iPhone vorgenommen haben.<\/p>\n<h2>Wie Sie den Cache des iPhones mit Tipard iPhone Eraser l\u00f6schen <\/h2>\n<p>Wie wir bereits erw\u00e4hnt haben ist es schwierig alle Cache Dateien von Ihrem iPhone zu l\u00f6schen. Tipard iPhone Eraser ist eins der besten iOS Daten-L\u00f6sch-L\u00f6sungen, welche Ihnen dabei hilft alle Inhalte Ihres iPhones zu l\u00f6schen. Erfahren Sie hier weitere Details \u00fcber die L\u00f6sung.<br \/>\n1. Downloaden und installieren Sie die neueste Version von Tipard iPhone Eraser. \u00d6ffnen Sie die L\u00f6sung und verbinden Sie Ihr iPhone via USB Kabel mit dem Computer.<br \/>\n<img loading=\"lazy\" decoding=\"async\" src=\"http:\/\/www.tipard.de\/blog\/wp-content\/uploads\/2017\/09\/connect-iphone-1.jpg\" alt=\"\" width=\"600\" height=\"381\" class=\"alignnone size-full wp-image-982\" srcset=\"https:\/\/www.tipard.de\/blog\/wp-content\/uploads\/2017\/09\/connect-iphone-1.jpg 600w, https:\/\/www.tipard.de\/blog\/wp-content\/uploads\/2017\/09\/connect-iphone-1-300x191.jpg 300w\" sizes=\"auto, (max-width: 600px) 100vw, 600px\" \/><br \/>\n2. Setzen Sie das L\u00f6sch Level auf niedrig, um die Daten nur einmal zu \u00fcberschreiben. Sie k\u00f6nnen es so ver\u00e4ndern, dass alle Caches des iPhones oder iGer\u00e4tes gel\u00f6scht werden.<br \/>\n<img loading=\"lazy\" decoding=\"async\" src=\"http:\/\/www.tipard.de\/blog\/wp-content\/uploads\/2017\/09\/select-level.jpg\" alt=\"\" width=\"600\" height=\"381\" class=\"alignnone size-full wp-image-986\" srcset=\"https:\/\/www.tipard.de\/blog\/wp-content\/uploads\/2017\/09\/select-level.jpg 600w, https:\/\/www.tipard.de\/blog\/wp-content\/uploads\/2017\/09\/select-level-300x191.jpg 300w\" sizes=\"auto, (max-width: 600px) 100vw, 600px\" \/><br \/>\n3. Klicken Sie den Start Button, um alle Inhalte und Einstellungen von Ihrem iPhone zu l\u00f6schen. Innerhalb weniger Sekunden werden die Daten Ihres Ger\u00e4tes gel\u00f6scht.<br \/>\n<img loading=\"lazy\" decoding=\"async\" src=\"http:\/\/www.tipard.de\/blog\/wp-content\/uploads\/2017\/09\/erase-iphone.jpg\" alt=\"\" width=\"600\" height=\"381\" class=\"alignnone size-full wp-image-985\" srcset=\"https:\/\/www.tipard.de\/blog\/wp-content\/uploads\/2017\/09\/erase-iphone.jpg 600w, https:\/\/www.tipard.de\/blog\/wp-content\/uploads\/2017\/09\/erase-iphone-300x191.jpg 300w\" sizes=\"auto, (max-width: 600px) 100vw, 600px\" \/><br \/>\nJetzt k\u00f6nnen Sie Programme und andere Dateien reinstallieren. Wenn Sie Cache entfernen setzen Sie mehr Speicherplatz mit Tipard iPhone Eraser erhalten.<br \/>\nWenn Sie Caches auf Ihrem iPhone entfernen wollen, lassen sich viele verschiedene Arten von Cache finden. Darunter fallen Safari Cache und Verlauf, App Cache, Mail Cache, iMessage Cache und andere Cache Dateien. Nat\u00fcrlich k\u00f6nnen Sie sie einzeln l\u00f6schen, doch Tipard iPhone Eraser ist eine m\u00e4chtige L\u00f6sung, um alle Junk Dateien mit einem Klick permanent zu l\u00f6schen. Wenn es noch etwas in Bezug auf Cache Dateien auf dem iPhone gibt, was Sie uns mitteilen m\u00f6chten lassen Sie es uns in den Kommentaren wissen. <\/p>\n<div class=\"product-box\">\r\n<div class=\"pImg\"><img decoding=\"async\" src=\"http:\/\/tipard.de\/blog\/wp-content\/plugins\/tipard\/imgs\/iPhoneEraser.jpg\" alt=\"iPhone Eraser\"><\/div>\r\n<div class=\"context\"><a href=\"http:\/\/www.tipard.de\/iphone-data-eraser\/\" class=\"title\">iPhone Eraser<\/a><br \/><p>Haben Sie sich ein neues iPhone SE, iPhone plus gekauft und wollen Sie die Daten von Ihrem alten iPhone l\u00f6schen um es auf eBay verkaufen zu k\u00f6nnen? Bei der einfach Wiederherstellung oder dem L\u00f6schvorgang mittels Zur\u00fccksetzen auf Werkseinstellungen k\u00f6nnen Ihre Dateien nicht komplett entfernt werden. Tipard iPhone Eraser ist die erste Wahl, wenn Sie alle Daten Ihres iPhone permanent l\u00f6schen wollen und Ihre privaten Informationen vor Diebstahl sch\u00fctzen m\u00f6chten. Diese Software zum L\u00f6schen Ihrer Daten vom iPhone entfernt nicht nur alle Daten zuverl\u00e4ssig, sondern \u00fcberschreibt auch Ihren Speicherplatz mittels eines hochsicheren Verfahrens, sodass Ihre Daten unm\u00f6glich von Unbefugten wiederhergestellt werden k\u00f6nnen.<\/p><br \/><a href=\"http:\/\/www.tipard.de\/iphone-data-eraser\/\" class=\"more\">Mehr Erfahren<\/a><\/div>\r\n<\/div>\n","protected":false},"excerpt":{"rendered":"<p>Wenn Sie mehr Speicherplatz auf Ihrem iPhone 7 ben\u00f6tigen k\u00f6nnen Sie verschiedene arten von Cache von Ihrem iPhone l\u00f6schen. Cache ist ein wichtiger Teil von Andere. Sie k\u00f6nnen den Speicherplatz von Andere auf dem iPhone ausw\u00e4hlen und l\u00f6schen, um somit auch die verschiedenen Caches zu l\u00f6schen. W\u00e4hlen Sie einfach die am besten zu Ihnen passende [&hellip;]<\/p>\n","protected":false},"author":1,"featured_media":0,"parent":0,"menu_order":0,"comment_status":"closed","ping_status":"closed","template":"","meta":{"footnotes":""},"class_list":["post-979","page","type-page","status-publish","hentry"],"_links":{"self":[{"href":"https:\/\/www.tipard.de\/blog\/wp-json\/wp\/v2\/pages\/979","targetHints":{"allow":["GET"]}}],"collection":[{"href":"https:\/\/www.tipard.de\/blog\/wp-json\/wp\/v2\/pages"}],"about":[{"href":"https:\/\/www.tipard.de\/blog\/wp-json\/wp\/v2\/types\/page"}],"author":[{"embeddable":true,"href":"https:\/\/www.tipard.de\/blog\/wp-json\/wp\/v2\/users\/1"}],"replies":[{"embeddable":true,"href":"https:\/\/www.tipard.de\/blog\/wp-json\/wp\/v2\/comments?post=979"}],"version-history":[{"count":2,"href":"https:\/\/www.tipard.de\/blog\/wp-json\/wp\/v2\/pages\/979\/revisions"}],"predecessor-version":[{"id":990,"href":"https:\/\/www.tipard.de\/blog\/wp-json\/wp\/v2\/pages\/979\/revisions\/990"}],"wp:attachment":[{"href":"https:\/\/www.tipard.de\/blog\/wp-json\/wp\/v2\/media?parent=979"}],"curies":[{"name":"wp","href":"https:\/\/api.w.org\/{rel}","templated":true}]}}