{"id":961,"date":"2017-09-07T14:56:52","date_gmt":"2017-09-07T14:56:52","guid":{"rendered":"http:\/\/www.tipard.de\/blog\/?page_id=961"},"modified":"2017-09-07T15:05:28","modified_gmt":"2017-09-07T15:05:28","slug":"wie-sie-musik-vom-iphone-nach-itunes-uebertragen","status":"publish","type":"page","link":"https:\/\/www.tipard.de\/blog\/wie-sie-musik-vom-iphone-nach-itunes-uebertragen\/","title":{"rendered":"Wie Sie Musik vom iPhone nach iTunes \u00fcbertragen"},"content":{"rendered":"<p><img loading=\"lazy\" decoding=\"async\" src=\"http:\/\/www.tipard.de\/blog\/wp-content\/uploads\/2017\/09\/transfer-music.jpg\" alt=\"\" width=\"600\" height=\"338\" class=\"alignnone size-full wp-image-967\" srcset=\"https:\/\/www.tipard.de\/blog\/wp-content\/uploads\/2017\/09\/transfer-music.jpg 600w, https:\/\/www.tipard.de\/blog\/wp-content\/uploads\/2017\/09\/transfer-music-300x169.jpg 300w\" sizes=\"auto, (max-width: 600px) 100vw, 600px\" \/><br \/>\niTunes ist eins der proffessionellsten Synchronisations Tools f\u00fcr iOS Nutzer. Jedoch ist iTunes mit der iCloud anders. Mit der iCloud werden Daten in die Cloud hochgeladen, sodass sie auf jeden Ger\u00e4t des Nutzers verf\u00fcgbar sind. iTunes ist jedoch daf\u00fcr da Mediendateien vom Computer aufs iPhone zu \u00fcbertragen. F\u00fcr die meisten Benutzer stellt es eine H\u00fcrde dar Dateien vom iPhone nach iTunes zu \u00fcbertragen. Wir zeigen Ihnen hier Schritt f\u00fcr Schritt, wie Sie Musik vom iPhone nach iTunes \u00fcbertragen.<br \/>\nTeil 1. \u00dcbertragen Sie Musik mit Tipard iPhone Transfer<br \/>\nTeil 2. Synchronisieren Sie direkt Musik vom iPhone nach iTunes<\/p>\n<h2>Teil 1. \u00dcbertragen Sie Musik mit Tipard iPhone Transfer <\/h2>\n<p>Tipard iPhone Transfer ist eine der besten L\u00f6sungen f\u00fcr iPhone Benutzer, um Musik zu \u00fcbertragen. Das sind einige seiner m\u00e4chtigen Features:<br \/>\n1. Diese App trifft die Erwartung Musik und andere Dateien vom iPhone nach iTunes zu synchronisieren.<br \/>\n2. iPhone Transfer hilft Benutzern dabei Backups vom iPhone auf den Computer von Musik und anderen Dateien zu erstellen.<br \/>\n3. Es erlaubt den Benutzern Daten des iPhone zu verwalten und zu kontrollieren ohne es zu jailbreaken, darunter z\u00e4hlen Dateien wie Musik, Videos, Kontakte, Fotos und andere Daten.<br \/>\n4. Fast alle iOS Benutzer genie\u00dfen die Vorz\u00fcge, die iPhone Transfer bietet, darunter auch iOS 10 Nutzer.<br \/>\n5. Alle Ger\u00e4te mit iOS werden unterst\u00fctzt, z.B. iPhone 6, iPhone 7, iPhone 7 Plus, iPad usw. <\/p>\n<h3>Wie Sie Musik vom iPhone nach iTunes \u00fcbertragen <\/h3>\n<p>iPhone Transfer unerst\u00fctzt die \u00dcbertragung von Musik vom iPhone nach Windows oder Mac, Sie m\u00fcssen nur die richtige Version herunterladen.<br \/>\n<img loading=\"lazy\" decoding=\"async\" src=\"http:\/\/www.tipard.de\/blog\/wp-content\/uploads\/2017\/09\/iphone-transfer.jpg\" alt=\"\" width=\"600\" height=\"403\" class=\"alignnone size-full wp-image-965\" srcset=\"https:\/\/www.tipard.de\/blog\/wp-content\/uploads\/2017\/09\/iphone-transfer.jpg 600w, https:\/\/www.tipard.de\/blog\/wp-content\/uploads\/2017\/09\/iphone-transfer-300x202.jpg 300w\" sizes=\"auto, (max-width: 600px) 100vw, 600px\" \/><br \/>\n1. Verbinden Sie Ihr iPhone via USB Kabel mit dem Computer. Am besten verwenden Sie das originale Kabel, um die Sicherheit und die Geschwindigkeit des iPhones voll auszunutzen.<br \/>\n2. iPhone Transfer entdeckt Ihr iPhone automatisch, nachdem es erfolgeich verbunden wurde.<br \/>\n<img loading=\"lazy\" decoding=\"async\" src=\"http:\/\/www.tipard.de\/blog\/wp-content\/uploads\/2017\/09\/connect-iphone.jpg\" alt=\"\" width=\"600\" height=\"402\" class=\"alignnone size-full wp-image-962\" srcset=\"https:\/\/www.tipard.de\/blog\/wp-content\/uploads\/2017\/09\/connect-iphone.jpg 600w, https:\/\/www.tipard.de\/blog\/wp-content\/uploads\/2017\/09\/connect-iphone-300x201.jpg 300w\" sizes=\"auto, (max-width: 600px) 100vw, 600px\" \/><br \/>\n3. Anschlie\u00dfend finden Sie alle Dateien in der Kategorien Liste, inclusive der M\u00f6glichkeit Musik vom iPhone nach iTunes zu \u00fcbertragen.<br \/>\n4. Klicken Sie auf die <strong>Medien<\/strong> Kategorie. Jetzt wird Musik mit anderen Dateien angezeigt.<br \/>\n<img loading=\"lazy\" decoding=\"async\" src=\"http:\/\/www.tipard.de\/blog\/wp-content\/uploads\/2017\/09\/iphone-media.jpg\" alt=\"\" width=\"600\" height=\"402\" class=\"alignnone size-full wp-image-963\" srcset=\"https:\/\/www.tipard.de\/blog\/wp-content\/uploads\/2017\/09\/iphone-media.jpg 600w, https:\/\/www.tipard.de\/blog\/wp-content\/uploads\/2017\/09\/iphone-media-300x201.jpg 300w\" sizes=\"auto, (max-width: 600px) 100vw, 600px\" \/><br \/>\n5. W\u00e4hlen Sie die Musik Dateien je nach Ihrem Bedarf aus.<br \/>\n6. Nach dem Ausw\u00e4hlen k\u00f6nnen Sie aus der Drop-Down Liste <strong>Exportieren<\/strong> und <strong>Exportieren in iTunes Bibliothek<\/strong> ausw\u00e4hlen.<br \/>\n7. Jetzt k\u00f6nnen Sie sehen, dass alle ausgew\u00e4hlten Musikdateien nach iTunes exportiert wurden.<br \/>\n<img loading=\"lazy\" decoding=\"async\" src=\"http:\/\/www.tipard.de\/blog\/wp-content\/uploads\/2017\/09\/media-export.jpg\" alt=\"\" width=\"600\" height=\"402\" class=\"alignnone size-full wp-image-966\" srcset=\"https:\/\/www.tipard.de\/blog\/wp-content\/uploads\/2017\/09\/media-export.jpg 600w, https:\/\/www.tipard.de\/blog\/wp-content\/uploads\/2017\/09\/media-export-300x201.jpg 300w\" sizes=\"auto, (max-width: 600px) 100vw, 600px\" \/><br \/>\niPhone Transfer ist ein schlaues Tool, es erkennt doppelte Musikdateien in iTunes, um ein wiederholtes Speichern zu verhindern. Die App entfernt also automatisch die Lieddateien, die Sie bereits in Ihrer Bibliothek gespeichert haben.<\/p>\n<h2>Teil 2. Synchronisieren Sie direct Musik vom iPhone nach iTunes<\/h2>\n<p>Obwohl iTunes daf\u00fcr gemacht wurde Dateien vom Computer auf das iPhone zu \u00fcbertragen, k\u00f6nnen Sie auch einige Musikdateien vom iPhone in die iTunes Bibliothek \u00fcbertragen. Vor der \u00dcbertragung m\u00fcssen Sie einige Einstellungen \u00e4ndern.<br \/>\n<img loading=\"lazy\" decoding=\"async\" src=\"http:\/\/www.tipard.de\/blog\/wp-content\/uploads\/2017\/09\/iphone-to-itunes.jpg\" alt=\"\" width=\"600\" height=\"403\" class=\"alignnone size-full wp-image-964\" srcset=\"https:\/\/www.tipard.de\/blog\/wp-content\/uploads\/2017\/09\/iphone-to-itunes.jpg 600w, https:\/\/www.tipard.de\/blog\/wp-content\/uploads\/2017\/09\/iphone-to-itunes-300x202.jpg 300w\" sizes=\"auto, (max-width: 600px) 100vw, 600px\" \/><br \/>\n1. Downloaden und installieren Sie die neueste Version von iTunes auf Ihrem Computer. Das Men\u00fc und die Einstellungen unterscheiden sich je nach Version minimal. Aber keine Sorge, dies wird den Vorgang des Musik \u00dcbertragens nicht beeinflussen.<br \/>\n2. \u00d6ffnen Sie iTunes auf Ihrem Computer. Bevor Sie Ihr iPhone verbinden m\u00fcssen Sie die Einstellungen in iTunes \u00e4ndern.<br \/>\n3. \u00d6ffnen Sie die <strong>Vorlieben<\/strong> Option, welche zu dem <strong>Bearbeiten<\/strong> Men\u00fc oben geh\u00f6rt.<br \/>\n4. W\u00e4hlen Sie die Checkbox aus, die verhindert, dass iPods, iPhones und iPads automatisch synchronisieren. Diese Option verhindert, dass die Daten auf dem iPhone automatisch gel\u00f6scht werden, wenn es mit einem leeren iTunes verbunden wird.<\/p>\n<h3>Wie Sie Musik vom iPhone nach iTunes \u00fcbertragen <\/h3>\n<p>1. Verbinden Sie Ihr iPhone mit dem Computer via USB Kabel. iTunes wird es erkennen und in iTunes anzeigen.<br \/>\n2. Folgen Sie dieser Navigation, um gekaufte Musik vom iPhone nach iTunes zu \u00fcbertragen:<strong> Datei > Ger\u00e4te > Gekaufte Titel von Ger\u00e4tename<\/strong> \u00fcbertragen.<br \/>\n3. Warten Sie einige Minuten. Jetzt k\u00f6nnen Sie die Musik in der Musiksektion wiederfinden. W\u00e4hlen Sie iTunes Store und Gekauft und anschlie\u00dfend sehen Sie Ihre gekauften Artikel.<br \/>\nWie Sie sehen k\u00f6nnen Sie so nur gekaufte Titel vom iPhone nach iTunes \u00fcbertragen. Wenn Sie alle Musikdateien von Ihrem iPhone nach iTunes \u00fcbertragen m\u00f6chten m\u00fcssen Sie Drittanbieter Tools wie Tipard iPhone Transfer verwenden.<br \/>\nZusammenfassend l\u00e4sst sich sagen, dass iTunes eine tolle L\u00f6sung ist, um Musik vom Computer aufs iPhone zu \u00fcbertragen, w\u00e4hrend es Schwierigekeiten bereiten k\u00f6nnte Musik vom iPhone nach iTunes zu \u00fcbertragen. Hier brauchen wir eine Drittanbieter L\u00f6sung, so wie Tipard iPhone Transfer. iPhone Transfer hilft Ihnen nicht nur dabei Musik zu kopieren sondern ist eine m\u00e4chtige L\u00f6sung mit vielen Features. Es ist eine total sichere Application und nutzt eine physische Verbindung zwischen iPhone und Computer, um zu verhindern, dass Ihre Privatsph\u00e4re nicht mehr gesichert ist. Sie k\u00f6nnen also die tolle Erfahrung und Schnelligkeit ohne Sorge genie\u00dfen. Au\u00dferdem ist die L\u00f6sung so schlau verdoppelte Dateien zu erkennen und nicht mitzukopieren. Um es kurz zu fassen: Wenn Sie Musik vom iPhone nach iTunes kopieren wollen ist iPhone Transfer die ultimative L\u00f6sung.  <\/p>\n<div class=\"product-box\">\r\n<div class=\"pImg\" style=\"height: 320px!important;\"><img decoding=\"async\" src=\"http:\/\/tipard.de\/blog\/wp-content\/plugins\/tipard\/imgs\/iPhoneTransfer.png\" alt=\"iPhone Transfer\"><\/div>\r\n<div class=\"context\"><a href=\"http:\/\/www.tipard.de\/iphone-transfer\/\" class=\"title\">iPhone Transfer<\/a><br \/><p>Tipard iPhone Transfer ist das beste Programm zum Datentransfer f\u00fcr iPhone\/iPad\/iPod-Nutzer. Es erf\u00fcllt all Ihre Anforderungen an den Transfer, das Verwalten und Backups der Dateien auf Ihrem iPhone\/iPad\/iPod.<\/p><br \/><a href=\"http:\/\/www.tipard.de\/iphone-transfer\/\" class=\"more\">Mehr Erfahren<\/a><\/div>\r\n<\/div>\n","protected":false},"excerpt":{"rendered":"<p>iTunes ist eins der proffessionellsten Synchronisations Tools f\u00fcr iOS Nutzer. Jedoch ist iTunes mit der iCloud anders. Mit der iCloud werden Daten in die Cloud hochgeladen, sodass sie auf jeden Ger\u00e4t des Nutzers verf\u00fcgbar sind. iTunes ist jedoch daf\u00fcr da Mediendateien vom Computer aufs iPhone zu \u00fcbertragen. F\u00fcr die meisten Benutzer stellt es eine H\u00fcrde [&hellip;]<\/p>\n","protected":false},"author":1,"featured_media":0,"parent":0,"menu_order":0,"comment_status":"closed","ping_status":"closed","template":"","meta":{"footnotes":""},"class_list":["post-961","page","type-page","status-publish","hentry"],"_links":{"self":[{"href":"https:\/\/www.tipard.de\/blog\/wp-json\/wp\/v2\/pages\/961","targetHints":{"allow":["GET"]}}],"collection":[{"href":"https:\/\/www.tipard.de\/blog\/wp-json\/wp\/v2\/pages"}],"about":[{"href":"https:\/\/www.tipard.de\/blog\/wp-json\/wp\/v2\/types\/page"}],"author":[{"embeddable":true,"href":"https:\/\/www.tipard.de\/blog\/wp-json\/wp\/v2\/users\/1"}],"replies":[{"embeddable":true,"href":"https:\/\/www.tipard.de\/blog\/wp-json\/wp\/v2\/comments?post=961"}],"version-history":[{"count":3,"href":"https:\/\/www.tipard.de\/blog\/wp-json\/wp\/v2\/pages\/961\/revisions"}],"predecessor-version":[{"id":992,"href":"https:\/\/www.tipard.de\/blog\/wp-json\/wp\/v2\/pages\/961\/revisions\/992"}],"wp:attachment":[{"href":"https:\/\/www.tipard.de\/blog\/wp-json\/wp\/v2\/media?parent=961"}],"curies":[{"name":"wp","href":"https:\/\/api.w.org\/{rel}","templated":true}]}}