{"id":957,"date":"2017-09-07T14:51:12","date_gmt":"2017-09-07T14:51:12","guid":{"rendered":"http:\/\/www.tipard.de\/blog\/?page_id=957"},"modified":"2017-09-07T14:51:12","modified_gmt":"2017-09-07T14:51:12","slug":"wie-sie-kontakte-von-android-auf-den-pc-uebertragen","status":"publish","type":"page","link":"https:\/\/www.tipard.de\/blog\/wie-sie-kontakte-von-android-auf-den-pc-uebertragen\/","title":{"rendered":"Wie Sie Kontakte von Android auf den PC \u00fcbertragen"},"content":{"rendered":"<p><img loading=\"lazy\" decoding=\"async\" src=\"http:\/\/www.tipard.de\/blog\/wp-content\/uploads\/2017\/09\/transfer-contacts.jpg\" alt=\"\" width=\"600\" height=\"338\" class=\"alignnone size-full wp-image-953\" srcset=\"https:\/\/www.tipard.de\/blog\/wp-content\/uploads\/2017\/09\/transfer-contacts.jpg 600w, https:\/\/www.tipard.de\/blog\/wp-content\/uploads\/2017\/09\/transfer-contacts-300x169.jpg 300w\" sizes=\"auto, (max-width: 600px) 100vw, 600px\" \/><br \/>\nDas Smartphone ist zu einem der meistbenutzen Ger\u00e4te im t\u00e4glichen Leben geworden. Wir speichern all unsere Konatkte in ihnen, Freunde, Familie und Gesch\u00e4ftspartner. Das Smartphone selbst ist also ein mobiles soziales Netzwerk. Wenn wir unser Smartphone verlieren verlieren wir gleichzeitig unser soziales Leben. Die L\u00f6sung ist einfach ein Back Up unserer Kontakte auf unserem Computer zu erstellen. Dies ist schwieriger f\u00fcr Android Benutzer, da Google keine spezielle Cloud f\u00fcr seine Nutzer anbietet. Android Benutzer k\u00f6nnen alsonicht direkt Kontakte vom Android zum PC \u00fcbertragen. Dieser atrikel zeigt Ihnen, wie Sie Kontakte vom Android auf den PC mit simplen Methoden \u00fcbertragen.<br \/>\nTeil 1. \u00dcbertragen Sie Kontakte mit Android Data Recovery<br \/>\nTeil 2. Kopieren Sie Kontakte von Android zum PC mit Gmail<br \/>\nTeil 3. Erstellen Sie mithilfe der SD Karte ein Backup der Kontakte <\/p>\n<h2>Teil 1. \u00dcbertragen Sie Kontakte mit Tipard Android Data Recovery <\/h2>\n<p>Tipard Android Data Recovery ist eine m\u00e4chtige L\u00f6sung und Android Kontakte auf den PC zu \u00fcbertragen ist eines seiner simpelsten Features. Fast alle Ger\u00e4te mit Android werden unterst\u00fctzt, darunter Samsung, HTC, LG, Sony Moto und andere Ger\u00e4te. Tipard Android Data Recovery bietet Ihnen eine Version f\u00fcr Mac und Windows. Sie k\u00f6nnen also die richtige Version, je nach Ihrem Computer herunterladen. Mit Android Data Recovery k\u00f6nnen Sie nicht nur Kontakte auf dem PC speichern sondern auch andere Daten kontrollieren und verwalten.<br \/>\n<img loading=\"lazy\" decoding=\"async\" src=\"http:\/\/www.tipard.de\/blog\/wp-content\/uploads\/2017\/09\/tp-android-data-recovery.jpg\" alt=\"\" width=\"600\" height=\"380\" class=\"alignnone size-full wp-image-951\" srcset=\"https:\/\/www.tipard.de\/blog\/wp-content\/uploads\/2017\/09\/tp-android-data-recovery.jpg 600w, https:\/\/www.tipard.de\/blog\/wp-content\/uploads\/2017\/09\/tp-android-data-recovery-300x190.jpg 300w\" sizes=\"auto, (max-width: 600px) 100vw, 600px\" \/><br \/>\n1. Verbinden Sie Ihr Android Handy via USB Kabel mit dem Computer.<br \/>\n2. \u00d6ffnen Sie Tipard Android Data Recovery auf Ihrem Computer. Sobald Ihr Android Ger\u00e4t sich verbunden hat wird es automatisch von der L\u00f6sung erkannt. Daf\u00fcr werden nur einige Sekunden ben\u00f6tigt.<br \/>\n<img loading=\"lazy\" decoding=\"async\" src=\"http:\/\/www.tipard.de\/blog\/wp-content\/uploads\/2017\/09\/connect-android.jpg\" alt=\"\" width=\"600\" height=\"380\" class=\"alignnone size-full wp-image-950\" srcset=\"https:\/\/www.tipard.de\/blog\/wp-content\/uploads\/2017\/09\/connect-android.jpg 600w, https:\/\/www.tipard.de\/blog\/wp-content\/uploads\/2017\/09\/connect-android-300x190.jpg 300w\" sizes=\"auto, (max-width: 600px) 100vw, 600px\" \/><br \/>\n3. Entsperren Sie Ihr Smartphone und gehen zu Einstellungen > Entwickler und erlauben Sie USB Debugging.<br \/>\n4. Die Application wird sich nun erfolgreich mit Ihrem Smartphone verbinden.<br \/>\n5. Ihr Android Handy wird gescannt und zeigt Ihnen alle verf\u00fcgbaren Daten an. Sie k\u00f6nnen Kontakte aus dem Men\u00fc auf der linken Seite ausw\u00e4hlen, sodass sie anschlie\u00dfend auf der rechten Seite angezeigt werden.<br \/>\n6. Sie k\u00f6nnen sich aussuchen, ob Sie alle Kontakte des Androids oder nu rein Teil von ihnen auf en PC \u00fcbertragen m\u00f6chten.<br \/>\n<img loading=\"lazy\" decoding=\"async\" src=\"http:\/\/www.tipard.de\/blog\/wp-content\/uploads\/2017\/09\/transfer-contacts-1.jpg\" alt=\"\" width=\"600\" height=\"338\" class=\"alignnone size-full wp-image-952\" srcset=\"https:\/\/www.tipard.de\/blog\/wp-content\/uploads\/2017\/09\/transfer-contacts-1.jpg 600w, https:\/\/www.tipard.de\/blog\/wp-content\/uploads\/2017\/09\/transfer-contacts-1-300x169.jpg 300w\" sizes=\"auto, (max-width: 600px) 100vw, 600px\" \/><br \/>\n7. Klicken Sie auf wiederherstellen und alle Kontakte werden von Ihrem Android auf den PC \u00fcbertragen. <\/p>\n<h2>Teil 2. Kopieren Sie Kontakte vom Android zum PC mit Gmail<\/h2>\n<p>Eine Menge Benutzer schauen sich regelm\u00e4\u00dfig ihre Emails auf dem Smartphone an, sind sich jedoch nicht bewusst, dass sie Kontakte mithilfe von Email vom Android auf den PC \u00fcbertragen k\u00f6nnen. Es gibt zwar viele Email-Anbieter, doch der Vorgang ist sehr \u00e4hnlich. Wir zeigen Ihnen hier wie Sie Kontakte von Android auf den PC synchronisieren anhand des Beispieles von Gmail.<br \/>\n1. Entsperren Sie Ihr Android Ger\u00e4t und \u00f6ffnen die Einstellungen.<br \/>\n2. W\u00e4hlen Sie Accounts &#038; Sync aus.<br \/>\n3. Sie finden dort Ihren Gmail Account, sowie alle anderen Email Accounts, mit denen Sie auf Ihrem Smartphone eingeloggt sind.<br \/>\n4. W\u00e4hlen Sie Ihren Gmail Account aus und wischen die gr\u00fcnen Kreispfeile nach rechts. Dies aktiviert die Synchronisierungs-Funktion von Gmail.<br \/>\n5. Klicken Sie auf Gmail synchronisieren. Dies erm\u00f6glicht die Synchronisation von Fotos, B\u00fcchern, Filmen und anderen Dateien.<br \/>\n6. Sobald Ihr Android mit dem WLAN verbunden ist, wird automatisch ein Backup Ihrer Kontakte in Gmail erstellt.<br \/>\n7. \u00d6ffnen Sie Gmail in Ihrem Browser am PC.<br \/>\n<img loading=\"lazy\" decoding=\"async\" src=\"http:\/\/www.tipard.de\/blog\/wp-content\/uploads\/2017\/09\/transfer-contacts-via-gmail.jpg\" alt=\"\" width=\"600\" height=\"350\" class=\"alignnone size-full wp-image-954\" srcset=\"https:\/\/www.tipard.de\/blog\/wp-content\/uploads\/2017\/09\/transfer-contacts-via-gmail.jpg 600w, https:\/\/www.tipard.de\/blog\/wp-content\/uploads\/2017\/09\/transfer-contacts-via-gmail-300x175.jpg 300w\" sizes=\"auto, (max-width: 600px) 100vw, 600px\" \/><br \/>\nNachdem Sie die Kontakte am Android synchronisiert haben k\u00f6nnen Sie sie mit den folgenden Schritten am PC oder dem gew\u00fcnschten Ger\u00e4t herunterladen:<br \/>\n1. Loggen Sie sich mit Ihrem Gmail Account ein. W\u00e4hlen Sie <strong>Kontakte<\/strong> aus dem Drop-down Men\u00fc von <strong>Gmail<\/strong> in der oberen linken Ecke aus.<br \/>\n2. Die Kontakte werden Ihnen angezeigt und Sie k\u00f6nnen die Kontakte ausw\u00e4hlen, die Sie vom Android auf den PC \u00fcbertragen wollen.<br \/>\n3. Klicken Sie auf <strong>Mehr<\/strong> in der oberen Leiste und anschlie\u00dfend auf <strong>Exportieren\u2026<\/strong>.<br \/>\n4. Die Einstellungen Box wird aktiviert und Sie k\u00f6nnen das Dateiformat ausw\u00e4hlen.<br \/>\n5. Klicken Sie auf Exportieren, um den Vorgang zu beenden. <\/p>\n<h2>Teil 3. Erstellen Sie mithilfe der SD Karte ein Backup Ihrer Kontakte auf dem PC <\/h2>\n<p>Obwohl es keinen Cloud Service f\u00fcr Android Benutzer gibt, gibt es moistens SD Karten, um den Speicher des Ger\u00e4ts zu erweitern. Sie k\u00f6nnen die SD Karte benutzen, um Fotos, Musik und andere Dateien zu speichern. Wir k\u00f6nnen sie jedoch auch daf\u00fcr benutzen, um Kontakte vom Android auf den PC zu kopieren. Diese Methode ist einfacher als Sie glauben und ben\u00f6tigt nicht einmal ein USB Kabel oder WLAN. Um Kontakte zu \u00fcbertragen brauchen Sie lediglich eine SD Karte.<br \/>\n<img loading=\"lazy\" decoding=\"async\" src=\"http:\/\/www.tipard.de\/blog\/wp-content\/uploads\/2017\/09\/transfer-contacts-with-sd-card.jpg\" alt=\"\" width=\"600\" height=\"307\" class=\"alignnone size-full wp-image-955\" srcset=\"https:\/\/www.tipard.de\/blog\/wp-content\/uploads\/2017\/09\/transfer-contacts-with-sd-card.jpg 600w, https:\/\/www.tipard.de\/blog\/wp-content\/uploads\/2017\/09\/transfer-contacts-with-sd-card-300x154.jpg 300w\" sizes=\"auto, (max-width: 600px) 100vw, 600px\" \/><br \/>\n1. Stecken Sie die SD Karte in Ihr Android Handy und \u00f6ffnen Die Kontakte App.<br \/>\n2. Dr\u00fccken Sie den Men\u00fc Button, um die Men\u00fc Liste zu \u00f6ffnen.<br \/>\n3. W\u00e4hlen Sie <strong>Importieren\/Exportieren<\/strong> aus und daneben <strong>Exportieren auf SD Karte<\/strong>. Ihre Kontakte werden dann in einer vCard Datei auf der SD Karte gespeichert.<br \/>\n4. Ziehen Sie die SD Karte aus dem Handy und schlie\u00dfen Sie sie an Ihren Computer an.<br \/>\n5. Ziehen Sie die vCard Datei von Ihrer SD Karte in den Zielordner Ihrers Computers.<br \/>\nWie wir Ihnen gezeigt haben gibt es mindestens drei Wege, um Kontakte von Ihrem Android auf den PC zu \u00fcbertragen.  W\u00e4hlen Sie einfach die Methode aus, die am besten zu Ihrer Situation passt. Wenn Sie bereits einen Gmail Account auf Ihrem Android haben k\u00f6nnen Sie diesen benutzen, um die Kontakte auf den PC zu \u00fcbertragen. Wenn Sie weder ein USB Kabel noch eine WLAN Verbindung haben erledigt die SD Karte die Aufgabe der \u00dcbertragung. Tipard Android Data Recovery erlaubt es Ihnen Ihre Kontakte zu verwalten und ein Backup von diesen auf dem PC zu erstellen, au\u00dferdem hat es noch weitere m\u00e4chtige Funktionen. <\/p>\n","protected":false},"excerpt":{"rendered":"<p>Das Smartphone ist zu einem der meistbenutzen Ger\u00e4te im t\u00e4glichen Leben geworden. Wir speichern all unsere Konatkte in ihnen, Freunde, Familie und Gesch\u00e4ftspartner. Das Smartphone selbst ist also ein mobiles soziales Netzwerk. Wenn wir unser Smartphone verlieren verlieren wir gleichzeitig unser soziales Leben. Die L\u00f6sung ist einfach ein Back Up unserer Kontakte auf unserem Computer [&hellip;]<\/p>\n","protected":false},"author":1,"featured_media":0,"parent":0,"menu_order":0,"comment_status":"closed","ping_status":"closed","template":"","meta":{"footnotes":""},"class_list":["post-957","page","type-page","status-publish","hentry"],"_links":{"self":[{"href":"https:\/\/www.tipard.de\/blog\/wp-json\/wp\/v2\/pages\/957","targetHints":{"allow":["GET"]}}],"collection":[{"href":"https:\/\/www.tipard.de\/blog\/wp-json\/wp\/v2\/pages"}],"about":[{"href":"https:\/\/www.tipard.de\/blog\/wp-json\/wp\/v2\/types\/page"}],"author":[{"embeddable":true,"href":"https:\/\/www.tipard.de\/blog\/wp-json\/wp\/v2\/users\/1"}],"replies":[{"embeddable":true,"href":"https:\/\/www.tipard.de\/blog\/wp-json\/wp\/v2\/comments?post=957"}],"version-history":[{"count":1,"href":"https:\/\/www.tipard.de\/blog\/wp-json\/wp\/v2\/pages\/957\/revisions"}],"predecessor-version":[{"id":959,"href":"https:\/\/www.tipard.de\/blog\/wp-json\/wp\/v2\/pages\/957\/revisions\/959"}],"wp:attachment":[{"href":"https:\/\/www.tipard.de\/blog\/wp-json\/wp\/v2\/media?parent=957"}],"curies":[{"name":"wp","href":"https:\/\/api.w.org\/{rel}","templated":true}]}}