{"id":941,"date":"2017-09-07T15:04:41","date_gmt":"2017-09-07T15:04:41","guid":{"rendered":"http:\/\/www.tipard.de\/blog\/?page_id=941"},"modified":"2017-09-07T15:04:41","modified_gmt":"2017-09-07T15:04:41","slug":"wie-man-ein-video-auf-dvd-brennt-mit-einem-dvd-brenner-auf-dem-pc","status":"publish","type":"page","link":"https:\/\/www.tipard.de\/blog\/wie-man-ein-video-auf-dvd-brennt-mit-einem-dvd-brenner-auf-dem-pc\/","title":{"rendered":"Wie man ein Video auf DVD brennt mit einem DVD Brenner auf dem PC"},"content":{"rendered":"<h2><img loading=\"lazy\" decoding=\"async\" class=\"alignnone size-full wp-image-976\" src=\"http:\/\/www.tipard.de\/blog\/wp-content\/uploads\/2017\/09\/burn-video.jpg\" alt=\"\" width=\"600\" height=\"338\" srcset=\"https:\/\/www.tipard.de\/blog\/wp-content\/uploads\/2017\/09\/burn-video.jpg 600w, https:\/\/www.tipard.de\/blog\/wp-content\/uploads\/2017\/09\/burn-video-300x169.jpg 300w\" sizes=\"auto, (max-width: 600px) 100vw, 600px\" \/><\/h2>\n<h2>Teil 1: Einleitung<\/h2>\n<p>Wenn Sie eine Sammlung von Konzert-Liveaufnahmen Ihres Stars oder heruntergeladene Filme erhalten, wollen Sie nat\u00fcrlich dazu in der Lage sein, sie sich \u00fcber Ihren DVD Player auf dem gro\u00dfen Bildschirm anzusehen oder Ihren Freunden eine Kopie der DVD zu schenken. Um das zu tun, m\u00fcssen Sie die Videos in DVD-Formate umwandeln.<\/p>\n<p>Tipard DVD Burner ist das Nummer Eins DVD-Brenn-Programm, welches dazu in der Lage ist wirklich jedes Video (MP4, MKV, AVI,M4V, VOB, MOV, WMV, etc.) auf DVDs zu brennen und \u2013 besonders wichtig \u2013 auf dem DVD-Spieler abspielbar zu machen. Mit dieser vielf\u00e4ltigen Software k\u00f6nnen Sie DVDs, Ordner und ISO Bildformate auf sowohl Windows als auch Mac brennen und das so einfach wie nie zuvor.<br \/>\nDer Umgang mit dem Programm wird im Folgenden n\u00e4her beschrieben.<\/p>\n<h2>Teil 2: Wie brenne ich eine DVD mit DVD Burner?<\/h2>\n<div class=\"article-steps\"><br \/>\n<div class=\"article-step\"><div class=\"context\"><h3><span class=\"stepShield\">Schritt 1<\/span>Downloaden und installieren Sie DVD Burner<\/h3> Klicken Sie auf den Button, um die DVD Burner Software kostenlos zu downloaden. Anschlie\u00dfend m\u00fcssen Sie die .exe Datei mit einem Doppelklick aktivieren und den Anweisungen folgen, um das Programm auf ihrem Computer zu installieren. Nun k\u00f6nnen Sie eine leere DVD in ihr CD-Laufwerk einlegen. Falls Sie Mac-Besitzer sind, sollten Sie DVD Burner f\u00fcr Mac downloaden, um das Funktionieren der Software zu erm\u00f6glichen. Diese Anleitung besch\u00e4ftigt sich mit der Windows Version des Programms, aber die Vorgehensweise ist \u00e4hnlich. <\/div><img loading=\"lazy\" decoding=\"async\" width=\"400\" height=\"303\" src=\"https:\/\/www.tipard.de\/blog\/wp-content\/uploads\/2017\/09\/dvd-burner-download.jpg\" class=\"preview\" alt=\"Downloaden und installieren Sie DVD Burner\" srcset=\"https:\/\/www.tipard.de\/blog\/wp-content\/uploads\/2017\/09\/dvd-burner-download.jpg 500w, https:\/\/www.tipard.de\/blog\/wp-content\/uploads\/2017\/09\/dvd-burner-download-300x227.jpg 300w\" sizes=\"auto, (max-width: 400px) 100vw, 400px\" \/><\/div><br \/>\n<div class=\"article-step reverse\"><div class=\"context\"><h3><span class=\"stepShield\">Schritt 2<\/span>F\u00fcgen Sie dem Programm Videos hinzu<\/h3> Starten Sie die Software. Klicken Sie nun auf \u201eAdd File\u201c und w\u00e4hlen Sie die Videos aus, welche Sie auf die eingelegte DVD brennen m\u00f6chten. Unz\u00e4hlige Videoformate werden vom Programm unterst\u00fctzt: MP4, MKV, AVI, M4V, VOB, MOV, WMV. <\/div><img loading=\"lazy\" decoding=\"async\" width=\"400\" height=\"303\" src=\"https:\/\/www.tipard.de\/blog\/wp-content\/uploads\/2017\/09\/dvd-burner-add-files.jpg\" class=\"preview\" alt=\"F\u00fcgen Sie dem Programm Videos hinzu\" srcset=\"https:\/\/www.tipard.de\/blog\/wp-content\/uploads\/2017\/09\/dvd-burner-add-files.jpg 500w, https:\/\/www.tipard.de\/blog\/wp-content\/uploads\/2017\/09\/dvd-burner-add-files-300x227.jpg 300w\" sizes=\"auto, (max-width: 400px) 100vw, 400px\" \/><\/div><br \/>\n<div class=\"article-step\"><div class=\"context\"><h3><span class=\"stepShield\">Schritt 3<\/span>Bestimmen Sie Speicherort und Name der DVD<\/h3> Im unteren Bereich des Programm-Interfaces finden Sie \u201eDestination\u201c zur Auswahl stehend. Hier sollten Sie das DVD Laufwerk ausw\u00e4hlen, in welches Sie die leere DVD eingelegt haben. Nachdem Sie den Speicherort ausgew\u00e4hlt haben, k\u00f6nnen Sie ihre DVD unter \u201eVolume Label\u201c benennen.<\/div><img loading=\"lazy\" decoding=\"async\" width=\"400\" height=\"303\" src=\"https:\/\/www.tipard.de\/blog\/wp-content\/uploads\/2017\/09\/dvd-burner-choose-output.jpg\" class=\"preview\" alt=\"Bestimmen Sie Speicherort und Name der DVD\" srcset=\"https:\/\/www.tipard.de\/blog\/wp-content\/uploads\/2017\/09\/dvd-burner-choose-output.jpg 500w, https:\/\/www.tipard.de\/blog\/wp-content\/uploads\/2017\/09\/dvd-burner-choose-output-300x227.jpg 300w\" sizes=\"auto, (max-width: 400px) 100vw, 400px\" \/><\/div><br \/>\n<div class=\"article-step reverse\"><div class=\"context\"><h3><span class=\"stepShield\">Schritt 4<\/span>W\u00e4hlen Sie die Umwandlungsparameter aus<\/h3> Klicken Sie auf \u201eEinstellungen bearbeiten\u201c um die Paramater der Ausgangs-DVD einzustellen. Der DVD Burner ist dazu in der Lage, das Video in NTSC DVD und PAL DVD in verschiedenen Aufl\u00f6sungen, Bildseitenverh\u00e4ltnissen und Video Bitrates umzuwandeln.<\/p>\n<p>\u00dcbrigens: Dieses Programm hat verschiedene Videobearbeitungsfunktionen f\u00fcr Sie, welche Ihnen erlauben, Videoeffekte anzupassen, die L\u00e4nge zu k\u00fcrzen, das Video zu teilen oder sogar ein Wasserzeichen hinzuzuf\u00fcgen. <\/div><img loading=\"lazy\" decoding=\"async\" width=\"400\" height=\"460\" src=\"https:\/\/www.tipard.de\/blog\/wp-content\/uploads\/2017\/09\/dvd-burner-edit.jpg\" class=\"preview\" alt=\"W\u00e4hlen Sie die Umwandlungsparameter aus\" srcset=\"https:\/\/www.tipard.de\/blog\/wp-content\/uploads\/2017\/09\/dvd-burner-edit.jpg 500w, https:\/\/www.tipard.de\/blog\/wp-content\/uploads\/2017\/09\/dvd-burner-edit-261x300.jpg 261w\" sizes=\"auto, (max-width: 400px) 100vw, 400px\" \/><\/div><br \/>\n<div class=\"article-step\"><div class=\"context\"><h3><span class=\"stepShield\">Schritt 5<\/span>Erstellen Sie ein Men\u00fc f\u00fcr Ihre DVD<\/h3> Um schnell und m\u00fchelos durch ihr auf die DVD gebranntes Filmmaterial navigieren zu k\u00f6nnen, stellt Ihnen der DVD Burner die Funktion zur Verf\u00fcgung, Ihrer DVD ein Men\u00fc hinzuzuf\u00fcgen. Klicken Sie auf \u201eMenu\u201c und anschlie\u00dfend auf \u201eEdit Menu\u201c im Vorschaufenster. Ein Bearbeitungsfenster mit verschiedenen Mustern erscheint. Hier k\u00f6nnen Sie das bevorzugte Erscheinungsbild Ihres Men\u00fcs ausw\u00e4hlen und die Namen der einzelnen Titel verwalten. Au\u00dferdem besteht die M\u00f6glichkeit, Hintergrundmusik, -bilder und \u2013videos hinzuzuf\u00fcgen. <\/div><img loading=\"lazy\" decoding=\"async\" width=\"400\" height=\"330\" src=\"https:\/\/www.tipard.de\/blog\/wp-content\/uploads\/2017\/09\/dvd-burner-create-menu.jpg\" class=\"preview\" alt=\"Erstellen Sie ein Men\u00fc f\u00fcr Ihre DVD\" srcset=\"https:\/\/www.tipard.de\/blog\/wp-content\/uploads\/2017\/09\/dvd-burner-create-menu.jpg 500w, https:\/\/www.tipard.de\/blog\/wp-content\/uploads\/2017\/09\/dvd-burner-create-menu-300x248.jpg 300w\" sizes=\"auto, (max-width: 400px) 100vw, 400px\" \/><\/div><br \/>\n<div class=\"article-step reverse\"><div class=\"context\"><h3><span class=\"stepShield\">Schritt 6<\/span> Brennen der DVD<\/h3> Nachdem alle Einstellungen abgeschlossen wurden, w\u00e4hlen Sie \u201eBrennen\u201c im Interface aus. Ein Fenster, das den Fortschritt der DVD-Erstellung zeigt, erscheint. Nun wandelt Tipard DVD Burner die Videodateien in DVD-kompatible Formate um und brennt diese auf die eingelegte DVD. Wenn der Umfang der DVD sehr gro\u00df ist, dann kann das Brennen eine Weile in Anspruch nehmen. Falls dies der Fall ist, w\u00e4hlen Sie \u201eRechner herunterfahren\u201c aus, wenn der Vorgang beendet ist. <\/div><img loading=\"lazy\" decoding=\"async\" width=\"400\" height=\"412\" src=\"https:\/\/www.tipard.de\/blog\/wp-content\/uploads\/2017\/09\/dvd-burner-burn.jpg\" class=\"preview\" alt=\" Brennen der DVD\" srcset=\"https:\/\/www.tipard.de\/blog\/wp-content\/uploads\/2017\/09\/dvd-burner-burn.jpg 416w, https:\/\/www.tipard.de\/blog\/wp-content\/uploads\/2017\/09\/dvd-burner-burn-292x300.jpg 292w\" sizes=\"auto, (max-width: 400px) 100vw, 400px\" \/><\/div><br \/>\n<\/div>\n","protected":false},"excerpt":{"rendered":"<p>Teil 1: Einleitung Wenn Sie eine Sammlung von Konzert-Liveaufnahmen Ihres Stars oder heruntergeladene Filme erhalten, wollen Sie nat\u00fcrlich dazu in der Lage sein, sie sich \u00fcber Ihren DVD Player auf dem gro\u00dfen Bildschirm anzusehen oder Ihren Freunden eine Kopie der DVD zu schenken. Um das zu tun, m\u00fcssen Sie die Videos in DVD-Formate umwandeln. Tipard [&hellip;]<\/p>\n","protected":false},"author":1,"featured_media":0,"parent":0,"menu_order":0,"comment_status":"closed","ping_status":"closed","template":"","meta":{"footnotes":""},"class_list":["post-941","page","type-page","status-publish","hentry"],"_links":{"self":[{"href":"https:\/\/www.tipard.de\/blog\/wp-json\/wp\/v2\/pages\/941","targetHints":{"allow":["GET"]}}],"collection":[{"href":"https:\/\/www.tipard.de\/blog\/wp-json\/wp\/v2\/pages"}],"about":[{"href":"https:\/\/www.tipard.de\/blog\/wp-json\/wp\/v2\/types\/page"}],"author":[{"embeddable":true,"href":"https:\/\/www.tipard.de\/blog\/wp-json\/wp\/v2\/users\/1"}],"replies":[{"embeddable":true,"href":"https:\/\/www.tipard.de\/blog\/wp-json\/wp\/v2\/comments?post=941"}],"version-history":[{"count":7,"href":"https:\/\/www.tipard.de\/blog\/wp-json\/wp\/v2\/pages\/941\/revisions"}],"predecessor-version":[{"id":988,"href":"https:\/\/www.tipard.de\/blog\/wp-json\/wp\/v2\/pages\/941\/revisions\/988"}],"wp:attachment":[{"href":"https:\/\/www.tipard.de\/blog\/wp-json\/wp\/v2\/media?parent=941"}],"curies":[{"name":"wp","href":"https:\/\/api.w.org\/{rel}","templated":true}]}}