{"id":939,"date":"2017-09-07T14:38:32","date_gmt":"2017-09-07T14:38:32","guid":{"rendered":"http:\/\/www.tipard.de\/blog\/?page_id=939"},"modified":"2017-09-07T14:38:32","modified_gmt":"2017-09-07T14:38:32","slug":"wie-sie-videos-mit-avs-video-editor-bearbeiten","status":"publish","type":"page","link":"https:\/\/www.tipard.de\/blog\/wie-sie-videos-mit-avs-video-editor-bearbeiten\/","title":{"rendered":"Wie Sie Videos mit AVS Video Editor bearbeiten"},"content":{"rendered":"<p><img loading=\"lazy\" decoding=\"async\" src=\"http:\/\/www.tipard.de\/blog\/wp-content\/uploads\/2017\/09\/avs-video-editor.jpg\" alt=\"\" width=\"600\" height=\"338\" class=\"alignnone size-full wp-image-934\" srcset=\"https:\/\/www.tipard.de\/blog\/wp-content\/uploads\/2017\/09\/avs-video-editor.jpg 600w, https:\/\/www.tipard.de\/blog\/wp-content\/uploads\/2017\/09\/avs-video-editor-300x169.jpg 300w\" sizes=\"auto, (max-width: 600px) 100vw, 600px\" \/><br \/>\nAVS Video Editor ist eine proffessionelle L\u00f6sung zur Videobearbeitung von allen Videoformaten. Die L\u00f6sung stammt von AVS4YOU und wenn Sie zufrieden mit Ihr sind k\u00f6nnen Sie sich die neueste Version des AVS Video Editor 7.5 von der offiziellen Website herunterladen. In diesem Artikel geben wir Ihnen kurze Anleitungen, Analysen und detaillierte Methoden zur Anwendung.  <\/p>\n<h2>1. AVS Video Editor Review<\/h2>\n<p>Mit AVS Video Editor k\u00f6nnen Sie Dateien im AVI, VOB, MP4, DVD und anderen Formaten wie H.264 oder MPEG-4 speichern und bearbeiten. Die Oberfl\u00e4che ist einfach zu bedienen. Sie k\u00f6nnen Medien importieren, um \u00dcberg\u00e4nge, Effekte, Text und Audio hinzuzuf\u00fcgen. Sie haben die M\u00f6glichkeit mit Timeline oder Storyboard zu arbeiten. Hier sind weitere tolle Funktionen der L\u00f6sung.<br \/>\n <img loading=\"lazy\" decoding=\"async\" src=\"http:\/\/www.tipard.de\/blog\/wp-content\/uploads\/2017\/09\/avs-video-editor-1.jpg\" alt=\"\" width=\"600\" height=\"458\" class=\"alignnone size-full wp-image-935\" srcset=\"https:\/\/www.tipard.de\/blog\/wp-content\/uploads\/2017\/09\/avs-video-editor-1.jpg 600w, https:\/\/www.tipard.de\/blog\/wp-content\/uploads\/2017\/09\/avs-video-editor-1-300x229.jpg 300w\" sizes=\"auto, (max-width: 600px) 100vw, 600px\" \/><br \/>\n1. Bearbeiten Sie mehrere Video Videoformate mit verschiedenen Frame Gr\u00f6\u00dfen.<br \/>\n2. Mehr als 300 innovative Videoeffekte und \u00dcberg\u00e4nge.<br \/>\n3. Integrierte Video Cache Technologie, um die Videobearbeitung schneller zu machen.<br \/>\n4. Erstellen Sie tolle Slideshows aus Bildern, Audio, Beschreibungen, Videoeffekten und \u00dcberg\u00e4ngen. 5. Save videos to any device or share your creative work in social media.<br \/>\nSie k\u00f6nnen so viele Videos und Audiotracks hinzuf\u00fcgen, wie Sie m\u00f6chten. Au\u00dferdem werden Audio Tracks und Videos automatisch stabilisiert und verbessert. Aufgrund der schlechten Qualit\u00e4t ist AVS Video Editor am besten f\u00fcr Anf\u00e4nger und Hobby-Video-Bearbeitern geeignet.<br \/>\nPros<br \/>\n1. Die L\u00f6sung bietet Ihnen Tutorials an, sodass Sie jedes Modul anwenden k\u00f6nnen.<br \/>\n2. Es ist eine All-In-One Bearbeiterl\u00f6sung mit verschiedenen \u00dcberg\u00e4ngen, Effekten, DVD Men\u00fc Styles und verschiedenen anderen Elemente, um ein exzellentes Video zu erstellen.<br \/>\n3. Es gibt verschiedene Einstellungen f\u00fcr Audiodateien, mit welchen Sie lauter machen, equalizern, normalisieren, Ger\u00e4usche entfernen und verkleinern k\u00f6nnen.<br \/>\n4. AVS Video Editor hat einige tolle Filmbearbeiter-Tools, die einfach zu finden und benutzen sind.<br \/>\n<img loading=\"lazy\" decoding=\"async\" src=\"http:\/\/www.tipard.de\/blog\/wp-content\/uploads\/2017\/09\/avs-video-editor-2.jpg\" alt=\"\" width=\"600\" height=\"458\" class=\"alignnone size-full wp-image-936\" srcset=\"https:\/\/www.tipard.de\/blog\/wp-content\/uploads\/2017\/09\/avs-video-editor-2.jpg 600w, https:\/\/www.tipard.de\/blog\/wp-content\/uploads\/2017\/09\/avs-video-editor-2-300x229.jpg 300w\" sizes=\"auto, (max-width: 600px) 100vw, 600px\" \/><br \/>\nCons<br \/>\n1. Wenn Sie ein Video aus oder im AVS Video Editor speichern sind Sie m\u00f6glicherweise mit der Qualit\u00e4t unzufrieden, da diese ziemlich pixelig ist.<br \/>\n2. Au\u00dferdem ist ein Problem, dass das Video schneller als der Sound abgespielt wird. So entsteht ein wirklich grauenvoller Effekt f\u00fcr Ihre Videos.<br \/>\n3. Die L\u00f6sung ist nur f\u00fcr Windows verf\u00fcgbar. Wenn Sie Mac oder Linux verwenden m\u00fcssen Sie sich nach einer Alternative umschauen.<br \/>\n4. avs<\/p>\n<h2>2. Wie Sie AVS Video Editor benutzen <\/h2>\n<p>Da die L\u00f6sung die meisten Video Formate unterst\u00fctzt k\u00f6nnen Sie jedes Video mit Leichtigkeit bearbeiten. Um ein Video oder sogar eine DVD zu erstellen m\u00fcssen Sie einfach verschiedene Videoclips ausw\u00e4hlen und eine DVD mit dem AVS Video Editor nach den folgenden Schritten erstellen.<br \/>\n<img loading=\"lazy\" decoding=\"async\" src=\"http:\/\/www.tipard.de\/blog\/wp-content\/uploads\/2017\/09\/avs-video-editor-3.jpg\" alt=\"\" width=\"600\" height=\"458\" class=\"alignnone size-full wp-image-937\" srcset=\"https:\/\/www.tipard.de\/blog\/wp-content\/uploads\/2017\/09\/avs-video-editor-3.jpg 600w, https:\/\/www.tipard.de\/blog\/wp-content\/uploads\/2017\/09\/avs-video-editor-3-300x229.jpg 300w\" sizes=\"auto, (max-width: 600px) 100vw, 600px\" \/><br \/>\n1. W\u00e4hlen Sie eine Quelle f\u00fcr Ihr neues Projekt aus. Sie k\u00f6nnen Mediendateien von Ihrem Computer importieren oder neue Dateien mit der Kamera oder dem Screen aufnehmen. Sie k\u00f6nnen gleichzeitig mit mehreren Ressourcen arbeiten.<br \/>\n2. F\u00fcgen Sie \u00dcberg\u00e4nge zwischen verschiedenen Clips hinzu, um einen tollen Effekt zu erzielen.<br \/>\n3. F\u00fcgen Sie Videoeffekte aus hunderten von Effekten hinzu. Neben Effekten k\u00f6nnen Sie auch Texte oder Stimmen hinzuf\u00fcgen.<br \/>\n4. Erstellen Sie ein Disc Men\u00fc f\u00fcr Ihre DVD. Sie k\u00f6nnen aus einer Vielzahl von Disc Men\u00fc Optionen ausw\u00e4hlen.<br \/>\nNat\u00fcrlich k\u00f6nnen Sie auch Kapitel, Inhalte und andere Elemente in der DVD hinzuf\u00fcgen. Au\u00dferdem hilft der AVS Video Editor Ihnen dabei das Copyright des Materials zu sch\u00fctzen. Die folgenden Sprachen sind verf\u00fcgbar: Englisch, Franz\u00f6sisch, Deutsch, Spanisch, Italienisch, Japanisch, Niederl\u00e4ndisch, Polnisch, D\u00e4nisch und Russisch. <\/p>\n<h2>3. AVS Video Editor Alternative, um Videos mit gutter Qualit\u00e4t aufzunehmen <\/h2>\n<p>Was ist die beste Alternative L\u00f6sung f\u00fcr den AVS Video Editor, um gute Qualit\u00e4t f\u00fcr Ihre Video Dateien zu erhalten? Wir empfehlen Ihnen den Tipard Screen Recorder. Er ist einfach zu benutzen und das einfachste Tool, um die Aktivit\u00e4t auf Ihrem Bildschirm aufzunehmen.<br \/>\n1. Tipard Screen Recorder bietet Ihnen verschiedene M\u00f6glichkeiten an, um Ihr Video aufzunehmen. Ob ein indivudalisiertes Video oder eine festgelegte Aufl\u00f6sung wie 1280*720, Sie legen selber fest, welchen Rahmen Sie brauchen.<br \/>\n2. Neben der Aufnahme von Videos k\u00f6nnen Sie auch Audios mit dem System Audio oder Mikrofon Audio aufnehmen. Die aufgenommene Datei wird als MP3, AAC, M4A oder WMA gespeichert.<br \/>\n3. Sie k\u00f6nnen eine festgelegte Zeit eingeben, in der aufgenommen wird, sodass die Aufnahme nach einer bestimmten Zeit automatisch aufh\u00f6rt.<br \/>\n4. Nat\u00fcrlich k\u00f6nnen Sie das Video vor dem Speichern ansehen und verbessern.<br \/>\n<img loading=\"lazy\" decoding=\"async\" src=\"http:\/\/www.tipard.de\/blog\/wp-content\/uploads\/2017\/09\/tp-screen-recorder.jpg\" alt=\"\" width=\"600\" height=\"319\" class=\"alignnone size-full wp-image-938\" srcset=\"https:\/\/www.tipard.de\/blog\/wp-content\/uploads\/2017\/09\/tp-screen-recorder.jpg 600w, https:\/\/www.tipard.de\/blog\/wp-content\/uploads\/2017\/09\/tp-screen-recorder-300x160.jpg 300w\" sizes=\"auto, (max-width: 600px) 100vw, 600px\" \/><br \/>\nSie k\u00f6nnen hochqualitative Videos, f\u00fcr eine weitere Bearbeitung, speichern. Wenn Sie die Vorteile von AVS Video Editor und Tipard Screen Recorder verwenden, erhalten Sie immer die gew\u00fcnschten Resultate.  <\/p>\n<h3>Zusammenfassung<\/h3>\n<p>Wenn Sie Videobearbeiter f\u00fcr Ihren PC suchen haben wir Ihnen hier die besten L\u00f6sungen vorgestellt. Durch tolle Funktionen wie Verbesserungstools, \u00dcberg\u00e4nge, Effekte und Titel erhalten Sie ein tolles personalisiertes Videoergebnis. Au\u00dferdem ist die Oberfl\u00e4che einfach zu benutzen. Wenn Sie die Videos in hoher Qualit\u00e4t haben m\u00f6chten empfehlen wir Ihnen den Tipard Screen Recorder als alternative L\u00f6sung zum AVS Video Editor. Falls Sie noch Fragen oder Anmerkungen haben lassen Sie es uns wissen. <\/p>\n","protected":false},"excerpt":{"rendered":"<p>AVS Video Editor ist eine proffessionelle L\u00f6sung zur Videobearbeitung von allen Videoformaten. Die L\u00f6sung stammt von AVS4YOU und wenn Sie zufrieden mit Ihr sind k\u00f6nnen Sie sich die neueste Version des AVS Video Editor 7.5 von der offiziellen Website herunterladen. In diesem Artikel geben wir Ihnen kurze Anleitungen, Analysen und detaillierte Methoden zur Anwendung. 1. [&hellip;]<\/p>\n","protected":false},"author":1,"featured_media":0,"parent":0,"menu_order":0,"comment_status":"closed","ping_status":"closed","template":"","meta":{"footnotes":""},"class_list":["post-939","page","type-page","status-publish","hentry"],"_links":{"self":[{"href":"https:\/\/www.tipard.de\/blog\/wp-json\/wp\/v2\/pages\/939","targetHints":{"allow":["GET"]}}],"collection":[{"href":"https:\/\/www.tipard.de\/blog\/wp-json\/wp\/v2\/pages"}],"about":[{"href":"https:\/\/www.tipard.de\/blog\/wp-json\/wp\/v2\/types\/page"}],"author":[{"embeddable":true,"href":"https:\/\/www.tipard.de\/blog\/wp-json\/wp\/v2\/users\/1"}],"replies":[{"embeddable":true,"href":"https:\/\/www.tipard.de\/blog\/wp-json\/wp\/v2\/comments?post=939"}],"version-history":[{"count":1,"href":"https:\/\/www.tipard.de\/blog\/wp-json\/wp\/v2\/pages\/939\/revisions"}],"predecessor-version":[{"id":940,"href":"https:\/\/www.tipard.de\/blog\/wp-json\/wp\/v2\/pages\/939\/revisions\/940"}],"wp:attachment":[{"href":"https:\/\/www.tipard.de\/blog\/wp-json\/wp\/v2\/media?parent=939"}],"curies":[{"name":"wp","href":"https:\/\/api.w.org\/{rel}","templated":true}]}}