{"id":926,"date":"2017-09-07T14:32:11","date_gmt":"2017-09-07T14:32:11","guid":{"rendered":"http:\/\/www.tipard.de\/blog\/?page_id=926"},"modified":"2024-05-03T20:05:40","modified_gmt":"2024-05-03T20:05:40","slug":"wie-sie-video-und-audiodateien-von-dailymotion-herunterladen","status":"publish","type":"page","link":"https:\/\/www.tipard.de\/blog\/wie-sie-video-und-audiodateien-von-dailymotion-herunterladen\/","title":{"rendered":"Wie Sie Video und Audiodateien von Dailymotion herunterladen"},"content":{"rendered":"<p><img loading=\"lazy\" decoding=\"async\" class=\"alignnone size-full wp-image-927\" src=\"http:\/\/www.tipard.de\/blog\/wp-content\/uploads\/2017\/09\/dailymotion-downloader.jpg\" alt=\"\" width=\"600\" height=\"338\" srcset=\"https:\/\/www.tipard.de\/blog\/wp-content\/uploads\/2017\/09\/dailymotion-downloader.jpg 600w, https:\/\/www.tipard.de\/blog\/wp-content\/uploads\/2017\/09\/dailymotion-downloader-300x169.jpg 300w\" sizes=\"auto, (max-width: 600px) 100vw, 600px\" \/><br \/>\nWie Sie Video und Audiodateien von Dailymotion herunterladen<br \/>\nDailymotion ist eine der gr\u00f6\u00dften online Datei-Sharing Seiten Europas. Man kann uploaden, teilen und Video- oder Audiodateien anschauen bzw. anh\u00f6ren. Es gibt t\u00e4glich tausende von neuen Videoclips, Musikdateien und anderen Videos. Doch das alles ist nur online m\u00f6glich. Mit dem Dailymotion Downloader k\u00f6nnen Sie sie sich auch offline ansehen. In diesem Artikel zeigen wir Ihnen die besten Dailymotion Downloader, die es im Jahr 2017 gibt.<br \/>\nTeil 1: Tipard Screen Capture \u2013 Bester Dailymotion Downloader f\u00fcr Computer<br \/>\nTeil 2: Savefrom.net \u2013 Kostenloser Online Dailymotion Downloader<br \/>\nTeil 3: FBDown Video Downloader \u2013 Dailymotion Downloader Erweiterung<\/p>\n<h2>Teil 1. Tipard Screen Capture \u2013 Bester Dailymotion Downloader f\u00fcr Computer<\/h2>\n<p>Tipard Screen Capture ist eine m\u00e4chtige L\u00f6sung, um Dailymotion auf Ihrem Windows oder Mac herunterzuladen. Sie k\u00f6nnen die gew\u00fcnschten Video- oder Audiodateien von Dailymotion mit nur einem Klick herunterladen. Au\u00dferdem arbeitet die L\u00f6sung mit tausenden von Video Streamingseiten. Erfahren Sie hier mehr \u00fcber die Vorteile von Tipard Screen Capture.<br \/>\n<img loading=\"lazy\" decoding=\"async\" class=\"alignnone size-full wp-image-932\" src=\"http:\/\/www.tipard.de\/blog\/wp-content\/uploads\/2017\/09\/tp-screen-capture-1.jpg\" alt=\"\" width=\"600\" height=\"399\" srcset=\"https:\/\/www.tipard.de\/blog\/wp-content\/uploads\/2017\/09\/tp-screen-capture-1.jpg 600w, https:\/\/www.tipard.de\/blog\/wp-content\/uploads\/2017\/09\/tp-screen-capture-1-300x200.jpg 300w\" sizes=\"auto, (max-width: 600px) 100vw, 600px\" \/><br \/>\n1. Es ist einfach Screen, Video und Audiodateien von online Streaming Seiten aufzunehmen.<br \/>\n2. Die L\u00f6sung erlaubt es Ihnen Gr\u00f6\u00dfe, Qualit\u00e4t und andere Parameter einzustellen.<br \/>\n3. Schauen oder h\u00f6ren Sie sich die aufgenommen Audio und Video von Dailymotion direkt nach der Aufnahme an.<br \/>\n4. Downloaden und konvertieren Sie Video oder Audio Dateien im gew\u00fcnschten Format f\u00fcr Ihr PC oder Mac herunter.<\/p>\n<h3>Wie Sie Dailymotion Videos mit Tipard Screen Capture herunterladen<\/h3>\n<p>Bevor Sie Dailymotion Videos herunterladen k\u00f6nnen m\u00fcssen Sie den Dailymotion Downloader von der offiziellen Tipard Website herunterladen. \u00d6ffnen Sie dann die L\u00f6sung und folgen diesen Schritten, um Video- und Audiodateien herunterzuladen. from the official website Tipard first. And then launch the program and follow the steps to get the video and audio files off.<br \/>\n1. \u00d6ffnen Sie Tipard Screen Capture<br \/>\nDownloaden und installieren Sie den Dailymotion Downloader von der offiziellen Webseite. \u00d6ffnen Sie dann die L\u00f6sung wie auf dem Screenshot angezeigt.<br \/>\n<img loading=\"lazy\" decoding=\"async\" class=\"alignnone size-full wp-image-931\" src=\"http:\/\/www.tipard.de\/blog\/wp-content\/uploads\/2017\/09\/tp-screen.jpg\" alt=\"\" width=\"600\" height=\"158\" srcset=\"https:\/\/www.tipard.de\/blog\/wp-content\/uploads\/2017\/09\/tp-screen.jpg 600w, https:\/\/www.tipard.de\/blog\/wp-content\/uploads\/2017\/09\/tp-screen-300x79.jpg 300w\" sizes=\"auto, (max-width: 600px) 100vw, 600px\" \/><br \/>\n2. W\u00e4hlen Sie den Aufzeichnungsgr\u00f6\u00dfe<br \/>\nUm Videos von Dailymotion und anderen Video Streaming Seiten herunterzuladen m\u00fcssen Sie zuerst die Aufzeichnungsgr\u00f6\u00dfe Ihres Videos festlegen.<br \/>\n<img loading=\"lazy\" decoding=\"async\" class=\"alignnone size-full wp-image-925\" src=\"http:\/\/www.tipard.de\/blog\/wp-content\/uploads\/2017\/09\/capture-size.jpg\" alt=\"\" width=\"600\" height=\"474\" srcset=\"https:\/\/www.tipard.de\/blog\/wp-content\/uploads\/2017\/09\/capture-size.jpg 600w, https:\/\/www.tipard.de\/blog\/wp-content\/uploads\/2017\/09\/capture-size-300x237.jpg 300w\" sizes=\"auto, (max-width: 600px) 100vw, 600px\" \/><br \/>\n3. Downloaden Sie Video und Audio von Dailymotion<br \/>\nKlicken Sie den REC Button, um Video- und Audiodateien von Dailymotion aufzunehmen. Bewegen Sie Ihre Maus um den Vorgang zu starten.<br \/>\n<img loading=\"lazy\" decoding=\"async\" class=\"alignnone size-full wp-image-929\" src=\"http:\/\/www.tipard.de\/blog\/wp-content\/uploads\/2017\/09\/record-video.jpg\" alt=\"\" width=\"600\" height=\"319\" srcset=\"https:\/\/www.tipard.de\/blog\/wp-content\/uploads\/2017\/09\/record-video.jpg 600w, https:\/\/www.tipard.de\/blog\/wp-content\/uploads\/2017\/09\/record-video-300x160.jpg 300w\" sizes=\"auto, (max-width: 600px) 100vw, 600px\" \/><br \/>\n4. Vorschau der Dateien vor der beendeten Aufnahme an<br \/>\nWenn Sie den Vorgang der Aufnahme beenden wollen klicken Sie auf das rechte Vireeck. Jetzt k\u00f6nnen Sie eine Vorschaue des Videos starten.<br \/>\nWenn Sie den Dailymotion Downloader verwenden, um Audiodateien zu extrahieren, setzen Sie einfach die Audiooptionen fest. W\u00e4hlen Sie das System Audio oder Mikrofon Audio aus.<\/p>\n<h2>Teil 2. Savefrom.net \u2013 Kostenloser Dailymotion Online Downloader<\/h2>\n<p>Savefrom.net ist einer der meistbenutzen kostenlosen online Downloader f\u00fcr Dailymotion. Erfahren Sie hier mehr dar\u00fcber, wie Sie Videos mit Savefrom.net von Dailymotion herunterladen.<br \/>\n<img loading=\"lazy\" decoding=\"async\" class=\"alignnone size-full wp-image-930\" src=\"http:\/\/www.tipard.de\/blog\/wp-content\/uploads\/2017\/09\/savefrom.jpg\" alt=\"\" width=\"600\" height=\"366\" srcset=\"https:\/\/www.tipard.de\/blog\/wp-content\/uploads\/2017\/09\/savefrom.jpg 600w, https:\/\/www.tipard.de\/blog\/wp-content\/uploads\/2017\/09\/savefrom-300x183.jpg 300w\" sizes=\"auto, (max-width: 600px) 100vw, 600px\" \/><br \/>\n1. \u00d6ffnen Sie Savefrom.net und f\u00fcgen Sie die URL des Dailymotion Videos, welches Sie herunterladen m\u00f6chten, in der leeren Suchbox ein.li&gt;<br \/>\n2. Geben Sie die URL des Dailymotion Videos ein. Klicken Sie den Download Button, welcher den Snapshot, Titel und andere Informationen des Videos anzeigt.<br \/>\n3. W\u00e4hlen Sie das Videoformat, sowie die Qualit\u00e4t aus der Liste der verf\u00fcgbaren Links aus, bevor Sie Dailymotion Videos herunterladen.<br \/>\n4. Finden Sie die heruntergeladenen Dateien und spielen Si emit einem kompatiblen Videoplayer ab.<br \/>\nWenn Sie einen Dailymotion Downloader Helper von Savefrom.net verwenden, k\u00f6nnen Sie die Videos auch direkt von der Dailymotion Homepage herunterladen. Sie finden dann einen Download Button neben dem Follow Button. Klicken Sie auf das Icon, w\u00e4hlen Format und Qualit\u00e4t aus und laden die Videos herunter, die Sie m\u00f6chten. When you install another Dailymotion downloader as Savefrom.net Helper, you can also download the Dailymotion videos from the homepage of the Dailymotion. As for the solution, you can find a Download icon beside the Follow button. Just click the icon and choose the format and quality to download Dailymotion videos accordingly.<\/p>\n<h2>Teil 3. FBDown Video Downloader \u2013 Dailymotion Downloader Erweiterung<\/h2>\n<p>Wenn Sie \u00f6fters Videos von Dailymotion herunterladen ist FBDown Video Downloader eine nette Wahl f\u00fcr Sie. Es ist ein Dailymotion Downloader f\u00fcr Chrome und andere Browser. Nachdem Sie FBDown Video Downloader in Ihrem Browser installiert haben, k\u00f6nnen Sie Videos von Dailymotion, aber auch von YouTube und andere Webseiten, herunterladen.<br \/>\n<img loading=\"lazy\" decoding=\"async\" class=\"alignnone size-full wp-image-928\" src=\"http:\/\/www.tipard.de\/blog\/wp-content\/uploads\/2017\/09\/fbdown.jpg\" alt=\"\" width=\"600\" height=\"375\" srcset=\"https:\/\/www.tipard.de\/blog\/wp-content\/uploads\/2017\/09\/fbdown.jpg 600w, https:\/\/www.tipard.de\/blog\/wp-content\/uploads\/2017\/09\/fbdown-300x188.jpg 300w\" sizes=\"auto, (max-width: 600px) 100vw, 600px\" \/><br \/>\n1. Installieren Sie den FBDown Video Downloader in Ihrem Broswer.<br \/>\n2. Nachdem Sie die Erweiterung installiert haben k\u00f6nnen Sie ein Icon in der oberen rechten Ecke finden, mit dem Sie Dailymotion Videos herunterladen k\u00f6nnen.<br \/>\n3. Gehen Sie zu einem Dailymotion Video, klicken auf das FBDown Video Downloader Icon und Ihr Video wird heruntergeladen.<br \/>\n4. W\u00e4hlen Sie die gew\u00fcnschte Qualit\u00e4t, sowie das Format aus, um das Video zu speichern.<br \/>\nDer Dailymotion Downloader kann verschiedene Videodateien zur selben Zeit im gew\u00fcnschten Format herunterladen. Auch wenn die L\u00f6sung f\u00fcr viele Streaming Seiten angeboten ist, k\u00f6nnen nicht alle Videos heruntergeladen werden und es gibt auch einige Webseiten, auf denen sie gar nicht angewendet werden kann.<\/p>\n<h2>Wrap Up<\/h2>\n<p>Falls Sie immernoch keine Entscheidung getroffen haben, was einen Dailymotion downloader betrifft haben wir hier ein paar hilfreiche Tipps f\u00fcr Sie. Wenn Sie die Videos offline auf Ihrem PC oder Mac ansehen wollen, sind alle L\u00f6sungen perfekt f\u00fcr Sie. Doch die untenstehenden Unterschiede k\u00f6nnen Ihnen dabei helfen, eine Entscheidung zu treffen.<\/p>\n<h3>1. Algorithmen erkennen<\/h3>\n<p>Savefrom.net und FBDown Video Downloader m\u00fcssen die Videos auf Dailymotion oder einer anderen Webseite erkennen k\u00f6nnen. Sobald die Online Streaming Webseiten Ihre Algorhitmen updaten, ist es nicht mehr m\u00f6glich, die Dailymotion Downloader anzuwenden. Da Tipard Screen Recorder den Screen jedoch nur aufnimmt, ist es immer m\u00f6glich, diese Methode anzuwenden.<\/p>\n<h3>2. Kompatible Formate<\/h3>\n<p>Savefrom.net bietet nur das erkannte Videoformat an. Sie m\u00fcssen einen Videokonverter anwenden, wenn Sie die Videos auf einem Smartphone angucken m\u00f6chten. Tipard Screen Recorder und FBDown Video Downloader k\u00f6nnen die Videos direkt ins gew\u00fcnschte Format umwandeln.<\/p>\n<h3>3. Online Streaming Seiten<\/h3>\n<p>FBDown Video Downloader ist darauf spezialisiert Videos von FaceBook herunterzuladen. Er funktioniert jedoch auch bei Dailymotion und ein paar anderen Webseiten. Savefrom.net arbeitet mit rund 2,000 Online Streaming Seiten. Um Videos von jeder Webseite herunterladen zu k\u00f6nnen ist Tipard Screen Recorder die beste Wahl.<\/p>\n<h3>4. Videoqualit\u00e4t<\/h3>\n<p>Alle L\u00f6sungen bieten die urspr\u00fcngliche Qualit\u00e4t des Dailymotion Videos an. Wenn Sie es in ein anderes Format umwandeln m\u00f6chten entsteht ein Qualit\u00e4tsverlust. Tipard Screen Recorder nimmt das Video direkt im gew\u00fcnschten Format mit der gew\u00fcnschten Qualit\u00e4t auf.<\/p>\n<div class=\"flex flex-grow flex-col max-w-full\">\n<div class=\"min-h-[20px] text-message flex flex-col items-start whitespace-pre-wrap break-words [.text-message+&amp;]:mt-5 overflow-x-auto gap-3\" dir=\"auto\" data-message-author-role=\"assistant\" data-message-id=\"9b9977d3-75d6-41f2-a45f-d74f4dc81324\">\n<div class=\"markdown prose w-full break-words dark:prose-invert light\">\n<p>Neben den drei oben genannten L\u00f6sungen gibt es tausende von \u00e4hnlichen L\u00f6sungen, Dailymotionfile, Savevideo.me und andere online Dailymotion Downloader. Au\u00dferdem gibt es eine Menge Chrome oder Firefox Erweiterungen. Wenn Sie Schwierigkeiten haben, Ihre akademischen Verpflichtungen mit Ihren Hobbys zu verbinden, k\u00f6nnte ein<span style=\"color: inherit;\"><a style=\"color: inherit;\" href=\"https:\/\/ghost-factory.de\/\"> akademische ghostwriter<\/a><\/span> Ihnen helfen. Diese Spezialisten, oft als Teil unserer Partnerinitiativen, unterst\u00fctzen Sie bei der Erstellung wissenschaftlicher Arbeiten und erm\u00f6glichen es Ihnen, sich mehr auf das zu konzentrieren, was Sie lieben. Falls Sie noch Anmerkungen zu den Dailymotion Downloadern haben, lassen Sie es uns in den Kommentaren wissen.<\/p>\n<\/div>\n<\/div>\n<\/div>\n<div class=\"mt-1 flex gap-3 empty:hidden\">\n<div class=\"text-xs flex items-center justify-center gap-1 self-center visible\"><\/div>\n<\/div>\n","protected":false},"excerpt":{"rendered":"<p>Wie Sie Video und Audiodateien von Dailymotion herunterladen Dailymotion ist eine der gr\u00f6\u00dften online Datei-Sharing Seiten Europas. Man kann uploaden, teilen und Video- oder Audiodateien anschauen bzw. anh\u00f6ren. Es gibt t\u00e4glich tausende von neuen Videoclips, Musikdateien und anderen Videos. Doch das alles ist nur online m\u00f6glich. Mit dem Dailymotion Downloader k\u00f6nnen Sie sie sich auch [&hellip;]<\/p>\n","protected":false},"author":1,"featured_media":0,"parent":0,"menu_order":0,"comment_status":"closed","ping_status":"closed","template":"","meta":{"footnotes":""},"class_list":["post-926","page","type-page","status-publish","hentry"],"_links":{"self":[{"href":"https:\/\/www.tipard.de\/blog\/wp-json\/wp\/v2\/pages\/926","targetHints":{"allow":["GET"]}}],"collection":[{"href":"https:\/\/www.tipard.de\/blog\/wp-json\/wp\/v2\/pages"}],"about":[{"href":"https:\/\/www.tipard.de\/blog\/wp-json\/wp\/v2\/types\/page"}],"author":[{"embeddable":true,"href":"https:\/\/www.tipard.de\/blog\/wp-json\/wp\/v2\/users\/1"}],"replies":[{"embeddable":true,"href":"https:\/\/www.tipard.de\/blog\/wp-json\/wp\/v2\/comments?post=926"}],"version-history":[{"count":3,"href":"https:\/\/www.tipard.de\/blog\/wp-json\/wp\/v2\/pages\/926\/revisions"}],"predecessor-version":[{"id":2637,"href":"https:\/\/www.tipard.de\/blog\/wp-json\/wp\/v2\/pages\/926\/revisions\/2637"}],"wp:attachment":[{"href":"https:\/\/www.tipard.de\/blog\/wp-json\/wp\/v2\/media?parent=926"}],"curies":[{"name":"wp","href":"https:\/\/api.w.org\/{rel}","templated":true}]}}