{"id":918,"date":"2017-09-07T14:26:26","date_gmt":"2017-09-07T14:26:26","guid":{"rendered":"http:\/\/www.tipard.de\/blog\/?page_id=918"},"modified":"2017-09-07T14:34:17","modified_gmt":"2017-09-07T14:34:17","slug":"3-einfache-methoden-um-musik-von-spotify-herunterzuladen","status":"publish","type":"page","link":"https:\/\/www.tipard.de\/blog\/3-einfache-methoden-um-musik-von-spotify-herunterzuladen\/","title":{"rendered":"3 einfache Methoden um Musik von Spotify herunterzuladen"},"content":{"rendered":"<p><img loading=\"lazy\" decoding=\"async\" src=\"http:\/\/www.tipard.de\/blog\/wp-content\/uploads\/2017\/09\/download-music-from-spotify.jpg\" alt=\"\" width=\"600\" height=\"338\" class=\"alignnone size-full wp-image-919\" srcset=\"https:\/\/www.tipard.de\/blog\/wp-content\/uploads\/2017\/09\/download-music-from-spotify.jpg 600w, https:\/\/www.tipard.de\/blog\/wp-content\/uploads\/2017\/09\/download-music-from-spotify-300x169.jpg 300w\" sizes=\"auto, (max-width: 600px) 100vw, 600px\" \/><\/p>\n<p>Mit Spotify Premium k\u00f6nnen Sie Musik von Spotify im Spotify Klienten herunterladen, sodas Sie sie sich offline anh\u00f6ren k\u00f6nnen. Sie k\u00f6nnen den online Service benutze, um Lieder auf Spotify zu suchen und herunterzuladen. Selbst wenn sie keinen Premium Account haben besteht die M\u00f6glichkeit die Musik online aufzunehmen, sodass Sie sie sich auch offline anh\u00f6ren k\u00f6nnen. In diesem Artikel zeigen wir Ihnen einige zuverl\u00e4ssige Tools, mit denen Sie Musik von Spotify herunterladen k\u00f6nnen.<br \/>\nTeil 1: Musik offline auf Ihrem Handy oder Tablet anh\u00f6ren<br \/>\nTeil 2: Musik von Spotify auf den Computer herunterladen<br \/>\nTeil 3: Musikdateien mit Spotiload von Spotify bekommen <\/p>\n<h2>Teil 1. Musik offline auf Ihrem Handy oder Tablet anh\u00f6ren <\/h2>\n<p>Wenn Sie einen Spotify Premium Account haben k\u00f6nnen Sie Musik von Spotify herunterladen und sie unterwegs anh\u00f6ren. Erfahren Sie hier mehr \u00fcber den Vorgang. Bevor Sie Musikdateien herunterladen k\u00f6nnen, m\u00fcssen Sie die Spotify App aus dem Google Play doer App Store herunterladen.<br \/>\n <img loading=\"lazy\" decoding=\"async\" src=\"http:\/\/www.tipard.de\/blog\/wp-content\/uploads\/2017\/09\/spotify.jpg\" alt=\"\" width=\"600\" height=\"315\" class=\"alignnone size-full wp-image-920\" srcset=\"https:\/\/www.tipard.de\/blog\/wp-content\/uploads\/2017\/09\/spotify.jpg 600w, https:\/\/www.tipard.de\/blog\/wp-content\/uploads\/2017\/09\/spotify-300x158.jpg 300w\" sizes=\"auto, (max-width: 600px) 100vw, 600px\" \/><br \/>\n1. Erstellen Sie einen Spotify Premium Account. Der Offline Service erlaubt es Ihnen Musik herunterzuladen und diese ohne Internetverbindung anzuh\u00f6ren. F\u00fcr den Download empfehlen wir Ihnen eine Verbindung zum WLAN.<br \/>\n2. Gehen Sie auf Einstellungen und erlauben Download mit Datenverbindung. Anschlie\u00dfend k\u00f6nnen Sie eine Playliste erstellen. Gehen Sie zu Bibliothek > Playlists > Bearbeiten, und dr\u00fccken nun das wei\u00dfe Plus Zeichen.<br \/>\n3. F\u00fcgen Sie Lieder zu der Playliste hinzu, indem Sie Zur Playliste hinzuf\u00fcgen dr\u00fccken. Gehen Sie zur Bibliothek Seite und w\u00e4hlen die Playlist oder Lieder aus, die Sie herunterladen m\u00f6chten.<br \/>\n4. Sie k\u00f6nnen den FOLGEN Button der L\u00f6sung dr\u00fccken. Indem Sie der Liste folgen ist sie offline verf\u00fcgbar.<br \/>\n5. Indem Sie den Offline verf\u00fcgbar Button nach rechts ziehen wird Ihre Musik von Spotify heruntergeladen. Genie\u00dfen Sie Ihre Musik offline, wenn Sie unterwegs sind. <\/p>\n<h2>Teil 2. Musik von Spotify auf dem Computer herunterladen <\/h2>\n<p>Wenn Sie keinen Spotify Premium Account haben k\u00f6nnen Sie immer noch den Tipard Audio Recorder als Alternative L\u00f6sung verwenden, um Musik von Spotify herunterzuladen. Erfahren Sie hier mehr \u00fcber den exzellenten Spotify Musik Downloader.<br \/>\n1. Extrahieren Sie Audio und Musikdateien von Spotify, YouTube und anderen Online Audio Streaming Seiten. li><br \/>\n2. Legen Sie eine feste Aufnahmezeit fest, um den Download nicht \u00fcberwachen zu m\u00fcssen.<br \/>\n3. \u00c4ndern Sie kostenlos Musik Einstellungen, L\u00e4nge und andere Parameter der Audiodatei.<br \/>\n4. Starten Sie eine Vorschau direkt nachdem Ihre Videodateien aufgenommen worden sind.<br \/>\n5. Erfahren Sie super schnelle Umwandlungsqualit\u00e4t. <\/p>\n<h3>Wie Sie Musik auf dem einfachsten Weg herunterladen <\/h3>\n<p>Tipard Screen Capture ist mehr als nur ein Spotify Musik Downloader; er erlaubt es Ihnen Webcam Video, Streaming Video, Spiele, sowie andere Video Tutorials herunterzuladen. Hier ist der detaillierte Vorgang, um Musikdateien von Spotify mit Tipard Screen Capture herunterzuladen.<br \/>\n1. Downloaden und installieren Sie Tipard Screen Capture<br \/>\nDownladen und installieren Sie die L\u00f6sung von der offiziellen Webseite, \u00f6ffnen Sie sie anschlie\u00dfend. Die L\u00f6sung ist f\u00fcr Windows und Mac verf\u00fcgbar.<br \/>\n2. Legen Sie die Audioquelle oder Mikrofonstimme fest<br \/>\nW\u00e4hlen Sie das System Audio oder Mikrofon Audio, oder w\u00e4hlen beide aus, je nach Ihren W\u00fcnschen. Sie k\u00f6nnen au\u00dferdem die Gr\u00f6\u00dfe des Screens festlegen.<br \/>\n<img loading=\"lazy\" decoding=\"async\" src=\"http:\/\/www.tipard.de\/blog\/wp-content\/uploads\/2017\/09\/tp-screen-capture.jpg\" alt=\"\" width=\"600\" height=\"160\" class=\"alignnone size-full wp-image-922\" srcset=\"https:\/\/www.tipard.de\/blog\/wp-content\/uploads\/2017\/09\/tp-screen-capture.jpg 600w, https:\/\/www.tipard.de\/blog\/wp-content\/uploads\/2017\/09\/tp-screen-capture-300x80.jpg 300w\" sizes=\"auto, (max-width: 600px) 100vw, 600px\" \/><br \/>\n3. \u00d6ffnen Sie Spotify und w\u00e4hlen Ihre Lieblingsmusik aus Browse aus<br \/>\nWenn Sie einen kostenlosen Account haben k\u00f6nnen Sie in Browse Musik finden. Wenn Sie schon Musik zu Playlists hinzugef\u00fcgt haben, k\u00f6nnen Sie sie auch von dort herunterladen.<br \/>\n4. Starten Sie den Musikdownload von Spotify<br \/>\nWenn Sie sicher gestellt haben, dass alles richtig festgelegt ist k\u00f6nnen Sie den REC Button dr\u00fccken, um Musik von Spotify herunterzuladen.<br \/>\nWenn Sie den Songtext oder MV der Musikdateien brauchen k\u00f6nnen Sie die Aufnahmegr\u00f6\u00dfe auf den Songtext oder MV beschr\u00e4nken. Nat\u00fcrlich k\u00f6nnen Sie Ihren Screen auch in der vollen Gr\u00f6\u00dfe aufnehmen. <\/p>\n<h2>Teil 3. Laden Sie Musik mit Spotiload von Spotify herunter <\/h2>\n<p>Spotiload ist auch bekannt unter Spotify VK Downloader. Es ist ein Such Pop Up f\u00fcr kostenlose Musik. Es benutzt vk.com, um Lieder von Spotify Playlists herunterzuladen. Erfahren Sie hier mehr \u00fcber den Vorgang.<br \/>\n <img loading=\"lazy\" decoding=\"async\" src=\"http:\/\/www.tipard.de\/blog\/wp-content\/uploads\/2017\/09\/spotiload.jpg\" alt=\"\" width=\"600\" height=\"384\" class=\"alignnone size-full wp-image-921\" srcset=\"https:\/\/www.tipard.de\/blog\/wp-content\/uploads\/2017\/09\/spotiload.jpg 600w, https:\/\/www.tipard.de\/blog\/wp-content\/uploads\/2017\/09\/spotiload-300x192.jpg 300w\" sizes=\"auto, (max-width: 600px) 100vw, 600px\" \/><br \/>\n1. Laden Sie Spotiload f\u00fcr Ihr Chrome oder anderen Webbrowser herunter. Sobald Sie die Erweiterung installiert haben, k\u00f6nnen Sie das Spotify Icon in der oberen Rechten Ecke Ihres Browsers finden.<br \/>\n2. Erstellen Sie einen Account auf VK.com.<br \/>\n3. Melden Sie sich in Ihrem Account auf https:\/\/play.spotify.com an, um Ihre gew\u00fcnschte Musik zu finden.<br \/>\n4. Klicken Sie das Spotify Icon in der oberen rechten Ecke. Sie werden sehen, dass die Spotify Musik von der Erweiterung gefunden wurden.<br \/>\n5. Klicken Sie Lieder Suchen &#038; Downloaden, um die Musik von Spotify herunterzuladen.<br \/>\nMit dieser L\u00f6sung kommen einige Einschr\u00e4nkungen. Zum Beispiel m\u00fcssen Sie sich zuerst im VK.com Account anmelden und sicher stellen, dass die Lieder l\u00e4nger als 60 Sekunden sind. Wenn Sie die Keine Lieder gefunden Nachricht erhalten, sollten Sie Ihren Browser aktualisieren, um Lieder von Spotify herunterladen zu k\u00f6nnen. <\/p>\n<h3>Zusammenfassung <\/h3>\n<p>Wenn Sie bereits einen Spotify Premium Account haben k\u00f6nnen Sie direkt in der Spotify L\u00f6sung Lieder herunterladen. Spotiload ist eine nette L\u00f6sung, wenn Sie Lieder von Spotify online herunterladen m\u00f6chten. Wenn Sie einen kostenlosen Spotify Account haben ist Tipard Screen Recorder die perfekte L\u00f6sung, mit der Sie nicht nur Musik von Spotify herunterladen k\u00f6nnen, sondern von jeder Webseite, die Sie finden k\u00f6nnen. Es ist die perfekte L\u00f6sung, um die Musik oder Mv herunterzuladen, die Sie brauchen. Falls Sie noch Fragen oder Anmerkungen haben lassen Sie es uns wissen. <\/p>\n","protected":false},"excerpt":{"rendered":"<p>Mit Spotify Premium k\u00f6nnen Sie Musik von Spotify im Spotify Klienten herunterladen, sodas Sie sie sich offline anh\u00f6ren k\u00f6nnen. Sie k\u00f6nnen den online Service benutze, um Lieder auf Spotify zu suchen und herunterzuladen. Selbst wenn sie keinen Premium Account haben besteht die M\u00f6glichkeit die Musik online aufzunehmen, sodass Sie sie sich auch offline anh\u00f6ren k\u00f6nnen. [&hellip;]<\/p>\n","protected":false},"author":1,"featured_media":0,"parent":0,"menu_order":0,"comment_status":"closed","ping_status":"closed","template":"","meta":{"footnotes":""},"class_list":["post-918","page","type-page","status-publish","hentry"],"_links":{"self":[{"href":"https:\/\/www.tipard.de\/blog\/wp-json\/wp\/v2\/pages\/918","targetHints":{"allow":["GET"]}}],"collection":[{"href":"https:\/\/www.tipard.de\/blog\/wp-json\/wp\/v2\/pages"}],"about":[{"href":"https:\/\/www.tipard.de\/blog\/wp-json\/wp\/v2\/types\/page"}],"author":[{"embeddable":true,"href":"https:\/\/www.tipard.de\/blog\/wp-json\/wp\/v2\/users\/1"}],"replies":[{"embeddable":true,"href":"https:\/\/www.tipard.de\/blog\/wp-json\/wp\/v2\/comments?post=918"}],"version-history":[{"count":2,"href":"https:\/\/www.tipard.de\/blog\/wp-json\/wp\/v2\/pages\/918\/revisions"}],"predecessor-version":[{"id":924,"href":"https:\/\/www.tipard.de\/blog\/wp-json\/wp\/v2\/pages\/918\/revisions\/924"}],"wp:attachment":[{"href":"https:\/\/www.tipard.de\/blog\/wp-json\/wp\/v2\/media?parent=918"}],"curies":[{"name":"wp","href":"https:\/\/api.w.org\/{rel}","templated":true}]}}