{"id":902,"date":"2017-08-31T15:24:27","date_gmt":"2017-08-31T15:24:27","guid":{"rendered":"http:\/\/www.tipard.de\/blog\/?page_id=902"},"modified":"2017-08-31T15:24:27","modified_gmt":"2017-08-31T15:24:27","slug":"tipps-die-sie-kennen-sollten-um-ihre-videos-mit-deshaker-zu-stabilisieren","status":"publish","type":"page","link":"https:\/\/www.tipard.de\/blog\/tipps-die-sie-kennen-sollten-um-ihre-videos-mit-deshaker-zu-stabilisieren\/","title":{"rendered":"Tipps, die Sie kennen sollten, um Ihre Videos mit Deshaker zu stabilisieren"},"content":{"rendered":"<p><img loading=\"lazy\" decoding=\"async\" src=\"http:\/\/www.tipard.de\/blog\/wp-content\/uploads\/2017\/08\/video-deshaker.jpg\" alt=\"\" width=\"600\" height=\"338\" class=\"alignnone size-full wp-image-907\" srcset=\"https:\/\/www.tipard.de\/blog\/wp-content\/uploads\/2017\/08\/video-deshaker.jpg 600w, https:\/\/www.tipard.de\/blog\/wp-content\/uploads\/2017\/08\/video-deshaker-300x169.jpg 300w\" sizes=\"auto, (max-width: 600px) 100vw, 600px\" \/><br \/>\nDie meisten Videoaufnahmen, die mit  mobilen Ger\u00e4ten gefilmt werden, wie zum Beispiel mit Smartphones und Camcordern gefilmt werden, sind h\u00e4ufig verwackelt.<br \/>\nEs ist \u00e4rgerlich sich verwackelte Videoaufnahmen anzusehen, obwohl der Inhalt fantastisch und ansprechend ist. Der erste Gedanke, der einem dann in den Sinn kommt: Sich eine professionelle Action-Kamera zu kaufen, wie zum Beispiel die GoPro Hero 5. Laut Testversuchen k\u00f6nnten diese Action-Kameras zwar einen Teil des Verwacklung seitens der Hardware reduzieren, jedoch nicht alle.<br \/>\nUnd dann stellst sich genau eine Frage: Gibt es irgendeine L\u00f6sung f\u00fcr dieses Problem? Ja! Die Antwort ist Deshaker. Der folgende Artikel informiert Sie \u00fcber alle wichtigen Details \u00fcber die Videostabilisierung mit Deshaker.<\/p>\n<h2>1.\tDie Hauptmerkmale<\/h3>\n<p>Deshaker ist einer der bekanntesten Videostabilisatoren. Es ist ein Filter f\u00fcr das Videobearbeitungsprogramm VirtualDub, welches unerw\u00fcnschte Bewegungen in ihren Videoaufnahmen reduziert. Das Programm ist sowohl in Windows 32 Bits als auch in 64 Bits verf\u00fcgbar. Eigentlich ist es keine unabh\u00e4ngige Anwendung, es ist das Videostabilisator-Plugin f\u00fcr VirtualDub. Deshalb sind alle Features von Deshaker  auf die Video-Stabilisierung bezogen.<br \/>\n<img loading=\"lazy\" decoding=\"async\" src=\"http:\/\/www.tipard.de\/blog\/wp-content\/uploads\/2017\/08\/deshaker.jpg\" alt=\"\" width=\"600\" height=\"394\" class=\"alignnone size-full wp-image-904\" srcset=\"https:\/\/www.tipard.de\/blog\/wp-content\/uploads\/2017\/08\/deshaker.jpg 600w, https:\/\/www.tipard.de\/blog\/wp-content\/uploads\/2017\/08\/deshaker-300x197.jpg 300w\" sizes=\"auto, (max-width: 600px) 100vw, 600px\" \/><br \/>\n1.\tDeshaker kann die horizontalen und vertikalen Videoverwacklungen stabilisieren und entfernt das Zoomen aus dem Video.<br \/>\n2.\tDieser Videostabilisator kann die schwarzen Bereiche mit den vorherigen und folgenden Frames automatisch w\u00e4hrend des Stabilisierungsprozesses  ausf\u00fcllen.<br \/>\n3.\tF\u00fcr Anf\u00e4nger ist Deshaker ein einfach bedienbarer Videostabilisator. Man  braucht nur wenige Schritte um ein Video zu stabilisieren.<br \/>\nF\u00fcr Fortgeschrittene gibt es viele weitere Einstellungen, um Ihre Videos  perfekt zu machen.<\/p>\n<p>4 .   Deshaker kann auch adaptive Zoom, Rolling Shutter sowie Rubber Panning Effekte entfernen.<\/p>\n<p>5.    Es ist m\u00f6glich dabei die volle Kontrolle \u00fcber die einzelnen Frames zu behalten.<br \/>\n6.    Die beiden Prozesse bieten starke Stabilisierung<\/p>\n<h2>2.\tWie installiert man Deshaker in VirtualDub ?<\/h2>\n<p>Wie bereits erw\u00e4hnt, ist Deshaker ein Plugin von VirualDub. Deshalb m\u00fcssen Sie zuerst VirtualDub auf Ihrem Computer installieren. Wenn Sie Videos erfolgreich mit Deshaker stabilisieren wollen, empfehlen wir Ihnen VirtualDub Version 1.9.9 oder h\u00f6her zu installieren.<br \/>\nVirtualDub ist ein Open-Source-Video-Editor, so k\u00f6nnen Sie es von der offiziellen Webseite herunterladen. <\/p>\n<p>1.\tDann m\u00fcssen sie Deshaker herunterladen und in den Plugin-Ordner von VirtualDub installieren. Die aktuelle Version finden Sie auf der offiziellen Website.<br \/>\n2.\tEntpacken Sie die Datei und kopieren Sie die Datei Deshaker vdf. In den VirtualDub-Plugin Ordner.<br \/>\nVirtualDub hat kein Installationsprogramm, Sie m\u00fcssen eventuell nach dem Ordner suchen, wenn es eine Weile her ist, seit dem sie es heruntergeladen haben.<br \/>\n3.\tWenn Sie das erste Mal VirtualDub benutzen, m\u00fcssen Sie ein anderes Input Plugin, FFinputdriver, in den Plugin-Ordner von VirtualDub installieren.<br \/>\nDieses Plugin unterst\u00fctzt MP4-Dateien.<br \/>\n4.\t\u00d6ffnen Sie die Datei, die sie entwackeln m\u00f6chten und klicken Sie mit der rechten Maustaste auf  die Videos, um sowohl die Eingabe, als auch die Ausgabe in den Bildschirm passen zu lassen. Klicken Sie auf Video>Filter und dann auf Hinzuf\u00fcgen. Der Deshaker-Filter sollte in der obersten H\u00e4lfte der Liste sichtbar sein.<\/p>\n<h2>3.\tWie Stabilisiere ich Videos mit Deshaker?<\/h2>\n<p>Wenn Sie ein Anf\u00e4nger sind, k\u00f6nnen mit wenigen Schritten Ihr Video stabilisieren. Au\u00dferdem k\u00f6nnen Sie Deshaker in Verbindung mit Blender mit verschiedenen Stabilisierungsalgorithmen einsetzen. Deshaker arbeitet in zwei Schritten: Analyse und Stabilisierung. W\u00e4hrend des ersten Schrittes wird eine Protokolldatei erstellt, die Korrekturmarken enth\u00e4lt, die f\u00fcr jeden Frame erforderlich sind.<br \/>\n<img loading=\"lazy\" decoding=\"async\" src=\"http:\/\/www.tipard.de\/blog\/wp-content\/uploads\/2017\/08\/use-deshaker.jpg\" alt=\"\" width=\"600\" height=\"338\" class=\"alignnone size-full wp-image-906\" srcset=\"https:\/\/www.tipard.de\/blog\/wp-content\/uploads\/2017\/08\/use-deshaker.jpg 600w, https:\/\/www.tipard.de\/blog\/wp-content\/uploads\/2017\/08\/use-deshaker-300x169.jpg 300w\" sizes=\"auto, (max-width: 600px) 100vw, 600px\" \/><br \/>\n1.\tStarten Sie VirtualDub und \u00f6ffnen Sie  das wacklige Video.<br \/>\n2.\tW\u00e4hlen Sie Video und dann Filter, um das Filterfenster zu \u00f6ffnen. Klicken Sie auf Hinzuf\u00fcgen, um Deshaker-Filter hinzuzuf\u00fcgen. Klicken Sie auf Ok, um fortzufahren.<br \/>\n3.   W\u00e4hlen Sie im Fenster \u201eFilterpass\u201c die Option \u201ePass\u201c.<br \/>\n4.   Kehren Sie zur Schnittstelle von VirtualDub zur\u00fcck und klicken Sie unten auf Play \u201eOutput\u201c.<br \/>\n5.   Nach dem abgespielten Video, klicken Sie auf Video und w\u00e4hlen Sie Filter, um das Filterfenster wieder zu \u00f6ffnen.<br \/>\n6.    Deaktivieren Sie dann den Deshaker \u2013Filter im Filterfenster.<br \/>\n7.    Klicken Sie auf Hinzuf\u00fcgen und mit Doppel-Klick auf Deshaker, um diesen Filter hinzuzuf\u00fcgen. Dann klicken Sie auf das OK, um es zu best\u00e4tigen.<br \/>\n8.    W\u00e4hlen Sie im Fenster \u201eFilterpass\u201c und diesmal die Option \u201e\u00dcbergeben\u201c und verschieben Sie die Randoption in Adaptive. Klicken Sie auf OK um fortzufahren.<br \/>\n9.    Nun m\u00fcssen Sie zur\u00fcck zum Home-Fenster von VirtualDub. Anschlie\u00dfend spulen Sie das Video zur\u00fcck und kliecken Sie auf \u201ePlay Output\u201c.<br \/>\n10. Suchen Sie in Datei und w\u00e4hlen Sie \u201eSpeichern\u201c , um das Ergebnis zu speichern.<\/p>\n<p><H2>4.  Wie stellen Sie Deshaker ein ?<\/h2>\n<p>Wenn Sie schon Erfahrungen haben, k\u00f6nne Sie der Anleitung folgen, um Deshaker einzustellen und so schnell gute Ergebnisse erzielen. Tats\u00e4chlich ist der gr\u00f6\u00dfte Vorteil von Deshaker die M\u00f6glichkeit, die Parameter abh\u00e4ngig von den verschiedenen Situationen zu setzen. So k\u00f6nnen verwackelte Videoaufnahmen sehr genau optimiert werden.<br \/>\n<img loading=\"lazy\" decoding=\"async\" src=\"http:\/\/www.tipard.de\/blog\/wp-content\/uploads\/2017\/08\/set-deshaker.jpg\" alt=\"\" width=\"600\" height=\"436\" class=\"alignnone size-full wp-image-905\" srcset=\"https:\/\/www.tipard.de\/blog\/wp-content\/uploads\/2017\/08\/set-deshaker.jpg 600w, https:\/\/www.tipard.de\/blog\/wp-content\/uploads\/2017\/08\/set-deshaker-300x218.jpg 300w\" sizes=\"auto, (max-width: 600px) 100vw, 600px\" \/><br \/>\n1.\tNach dem Laden des Deshaker-Filters klicken Sie auf \u201ePass One\u201c, um die Parameter einzustellen. W\u00e4hlen Sie quadratische Pixel im Source-Pixel-Aspekt, Progressive Scan im Video Typ und \u00fcberpr\u00fcfen Sie die Box des Camcorders. W\u00e4hlen Sie \u201eFull in Scale\u201c Abschnitt, um die h\u00f6chste Aufl\u00f6sung zu erhalten, obwohl es am langsamsten ist.<br \/>\n2.\tKlicken Sie auf OK, um zum Home-Fenster  zur\u00fcckzukehren.<br \/>\n3.\tKlicken Sie auf Play Output, um den Analyseprozess zu aktivieren. Der Prozess wird einige Zeit in Abh\u00e4ngigkeit von der L\u00e4nge des Videos sein, so dass Sie geduldig sein m\u00fcssen.<br \/>\n4.\tNach der Analyse den Deshaker-Filter erneut  \u201ehinzuf\u00fcgen\u201c.<br \/>\n5.\tTippen Sie auf Pass zwei und konfigurieren Sie  Pass zwei<br \/>\nW\u00e4hlen Sie Adaptive-Zoom in Edge-Kompensation Abschnitt und \u00fcberpr\u00fcfen Sie die Box der vorherigen und zuk\u00fcnftigen Frames, um die Grenzen zu f\u00fcllen und w\u00e4hlen Sie extrapolieren in Farben.<br \/>\n6.\tNach den Einstellungen klicken Sie auf OK, um den Stabilisierungsvorgang zu starten.<br \/>\n7.\tNun k\u00f6nnen Sie das stabilisierte Video auf Ihrem Computer verschl\u00fcsseln und speichern. <\/p>\n<h3>Zusammenfassung<\/h3>\n<p>Basierend auf der Einf\u00fchrung oben, k\u00f6nnen Sie sich selber davon \u00fcberzeugen, dass Deshaker  ein einfacher und komplizierter Videostabilisator ist.<br \/>\nAlles was Sie tun m\u00fcssen, sind mehrere einfache Schritte zu befolgen. Und wenn Sie schon einige Videostabilisatoren ausprobiert haben, werden Sie merken dass die zwei P\u00e4sse Deshaker n\u00fctzlich sind, vor allem f\u00fcr Bewegungs-Aufnahmen. Auf der anderen Seite ist es aber auch ein etwas komplizierter Videostabilisator f\u00fcr die Fortgeschrittenen Nutzer, denn es gibt duzende Parameter zu setzen und die Einstellungen sind grundlegend.<br \/>\nSie k\u00f6nnen viele andere Parameter ausprobieren, wenn Sie Videos mit Deshaker stabilisieren und seine Leistungsstarken Funktionen erkunden.<br \/>\nKurz gesagt: Sie k\u00f6nnen ein zufriedenstellendes Video mit Deshaker produzieren. Egal ob sie Anf\u00e4nger oder Fortgeschritten sind. <\/p>\n","protected":false},"excerpt":{"rendered":"<p>Die meisten Videoaufnahmen, die mit mobilen Ger\u00e4ten gefilmt werden, wie zum Beispiel mit Smartphones und Camcordern gefilmt werden, sind h\u00e4ufig verwackelt. Es ist \u00e4rgerlich sich verwackelte Videoaufnahmen anzusehen, obwohl der Inhalt fantastisch und ansprechend ist. Der erste Gedanke, der einem dann in den Sinn kommt: Sich eine professionelle Action-Kamera zu kaufen, wie zum Beispiel die [&hellip;]<\/p>\n","protected":false},"author":1,"featured_media":0,"parent":0,"menu_order":0,"comment_status":"closed","ping_status":"closed","template":"","meta":{"footnotes":""},"class_list":["post-902","page","type-page","status-publish","hentry"],"_links":{"self":[{"href":"https:\/\/www.tipard.de\/blog\/wp-json\/wp\/v2\/pages\/902","targetHints":{"allow":["GET"]}}],"collection":[{"href":"https:\/\/www.tipard.de\/blog\/wp-json\/wp\/v2\/pages"}],"about":[{"href":"https:\/\/www.tipard.de\/blog\/wp-json\/wp\/v2\/types\/page"}],"author":[{"embeddable":true,"href":"https:\/\/www.tipard.de\/blog\/wp-json\/wp\/v2\/users\/1"}],"replies":[{"embeddable":true,"href":"https:\/\/www.tipard.de\/blog\/wp-json\/wp\/v2\/comments?post=902"}],"version-history":[{"count":3,"href":"https:\/\/www.tipard.de\/blog\/wp-json\/wp\/v2\/pages\/902\/revisions"}],"predecessor-version":[{"id":909,"href":"https:\/\/www.tipard.de\/blog\/wp-json\/wp\/v2\/pages\/902\/revisions\/909"}],"wp:attachment":[{"href":"https:\/\/www.tipard.de\/blog\/wp-json\/wp\/v2\/media?parent=902"}],"curies":[{"name":"wp","href":"https:\/\/api.w.org\/{rel}","templated":true}]}}