{"id":881,"date":"2017-08-24T18:45:26","date_gmt":"2017-08-24T18:45:26","guid":{"rendered":"http:\/\/www.tipard.de\/blog\/?page_id=881"},"modified":"2017-08-24T18:45:26","modified_gmt":"2017-08-24T18:45:26","slug":"konvertierung-von-dvd-vob-zu-ipod-video-mp4movm4v-auf-dem-mac","status":"publish","type":"page","link":"https:\/\/www.tipard.de\/blog\/konvertierung-von-dvd-vob-zu-ipod-video-mp4movm4v-auf-dem-mac\/","title":{"rendered":"Konvertierung von DVD (VOB) zu iPod Video (MP4\/MOV\/M4V) auf dem Mac"},"content":{"rendered":"<h3><img loading=\"lazy\" decoding=\"async\" class=\"alignnone size-full wp-image-885\" style=\"font-size: 16px;\" src=\"http:\/\/www.tipard.de\/blog\/wp-content\/uploads\/2017\/08\/dvd-to-ipod-1.jpg\" alt=\"\" width=\"696\" height=\"338\" srcset=\"https:\/\/www.tipard.de\/blog\/wp-content\/uploads\/2017\/08\/dvd-to-ipod-1.jpg 696w, https:\/\/www.tipard.de\/blog\/wp-content\/uploads\/2017\/08\/dvd-to-ipod-1-300x146.jpg 300w\" sizes=\"auto, (max-width: 696px) 100vw, 696px\" \/><\/h3>\n<p>Wie schauen Sie ihre Lieblings-DVDs, wenn Sie unterwegs sind? Nehmen Sie einen DVD-Player mit? F\u00fcr die meisten ist das eine absurde Idee. Wie sieht es also damit aus, ihre DVDs auf Ihrem iPod abzuspielen? Klingt das nicht gut? Aber wie? Offensichtlich muss die VOB Datei in MP4\/MOV\/M4V umgewandelt werden, sodass das Abspielen ihrer Lieblingsfilme und \u2013serien demn\u00e4chst auch auf dem iPod m\u00f6glich ist \u2013 und das ganz ohne sie noch einmal zu kaufen.<\/p>\n<h2>Warum sollte ich VOB Dateien in MP4\/MOV\/M4V umwandeln?<\/h2>\n<h3>Was ist eine VOB Datei?<\/h3>\n<p>Mit einer DVD verbindet man in der Regel eine Disk mit Videos drauf. DVD, kurz f\u00fcr Digital Video Disc,\u00a0 wird in MPEG2 komprimiert und das Videoformat ist VOB.\u00a0 Wenn man also die DVD in das CD-Laufwerk des Macs einlegt, dann kann man die VOB-Videodatei \u00f6ffnen und direkt abspielen.<\/p>\n<h3>Warum sollte ich mich f\u00fcr MP4\/MOV\/M4V entscheiden?<\/h3>\n<p>iPod touch, iPod Nano, iPod Classic und iPod Video spielen nur eine eingeschr\u00e4nkte Anzahl an Videoformaten ab: MP4, MOV und M4V.\u00a0 Deshalb, falls Sie ihre DVDs auf dem iPod anschauen m\u00f6chten, brauchen Sie einen VOB-Datei Konvertierter. Anschlie\u00dfend k\u00f6nnen Sie ganz einfach die konvertierten Dateien auf Ihren iPod kopieren und sich die Filme und Serien beliebig oft anschauen.<\/p>\n<h2>Wie wandele ich VOB Dateien in MP4\/MOV\/M4V auf dem Mac um?<\/h2>\n<p>F\u00fcr die Umwandlung wird ein VOB Konvertierer ben\u00f6tigt. Tipard VOB to MP4 Converter ist das\u00a0Programm, das Ihnen dabei helfen kann. Zuerst m\u00fcssen Sie das kostenlose Programm herunterladen. Es gibt sowohl eine Windows als auch Mac Version des VOB-Players.\u00a0 In diesem Artikel nehmen wir Mac als Beispiel.<\/p>\n<div class=\"article-steps\"><br \/>\n<div class=\"article-step\"><div class=\"context\"><h3><span class=\"stepShield\">Schritt 1<\/span>Installieren Sie VOB Converter f\u00fcr Mac<\/h3> Nachdem der Download abgeschlossen ist, installieren und starten Sie das Programm auf Ihrem Mac. <\/div><img loading=\"lazy\" decoding=\"async\" width=\"400\" height=\"263\" src=\"https:\/\/www.tipard.de\/blog\/wp-content\/uploads\/2017\/08\/vob-converter-for-mac.jpg\" class=\"preview\" alt=\"Installieren Sie VOB Converter f\u00fcr Mac\" srcset=\"https:\/\/www.tipard.de\/blog\/wp-content\/uploads\/2017\/08\/vob-converter-for-mac.jpg 400w, https:\/\/www.tipard.de\/blog\/wp-content\/uploads\/2017\/08\/vob-converter-for-mac-300x197.jpg 300w\" sizes=\"auto, (max-width: 400px) 100vw, 400px\" \/><\/div><br \/>\n<div class=\"article-step reverse\"><div class=\"context\"><h3><span class=\"stepShield\">Schritt 2<\/span>Laden der DVD-Dateien<\/h3> Legen Sie die DVD in das DVD-Laufwerk des Macs und klicken Sie auf \u201eLoad DVD Disk\u201c um die DVD-Dateien zu importieren.\u00a0 Der Ton Ihres Macs signalisiert das Laden der Dateien.\u00a0 Warten Sie einige Sekunden auf das Laden der Dateien. Wenn Sie m\u00f6chten, k\u00f6nnen Sie die VOB Dateien \u00f6ffnen und im Fenster auf der rechten Seite abspielen. <\/div><img loading=\"lazy\" decoding=\"async\" width=\"400\" height=\"263\" src=\"https:\/\/www.tipard.de\/blog\/wp-content\/uploads\/2017\/08\/load-dvd.jpg\" class=\"preview\" alt=\"Laden der DVD-Dateien\" srcset=\"https:\/\/www.tipard.de\/blog\/wp-content\/uploads\/2017\/08\/load-dvd.jpg 400w, https:\/\/www.tipard.de\/blog\/wp-content\/uploads\/2017\/08\/load-dvd-300x197.jpg 300w\" sizes=\"auto, (max-width: 400px) 100vw, 400px\" \/><\/div><br \/>\n<div class=\"article-step\"><div class=\"context\"><h3><span class=\"stepShield\">Schritt 1<\/span>W\u00e4hlen Sie MP4\/MOV\/M4V Format aus<\/h3> W\u00e4hlen Sie das gew\u00fcnschte MP4\/MOV\/M4V Format aus dem Drop-Down-Men\u00fc \u00fcber \u201eProfile\u201c aus, um die VOB Dateien zu konvertieren. Durch die Suche nach den Begriffen \u201eMP4\u201c, \u201eMOV\u201c, \u201eM4V\u201c oder \u201eApple iPod\u201c finden Sie die gew\u00fcnschten Videoformate. <\/div><img loading=\"lazy\" decoding=\"async\" width=\"400\" height=\"568\" src=\"https:\/\/www.tipard.de\/blog\/wp-content\/uploads\/2017\/08\/ipod-mp4.jpg\" class=\"preview\" alt=\"W\u00e4hlen Sie MP4\/MOV\/M4V Format aus\" srcset=\"https:\/\/www.tipard.de\/blog\/wp-content\/uploads\/2017\/08\/ipod-mp4.jpg 400w, https:\/\/www.tipard.de\/blog\/wp-content\/uploads\/2017\/08\/ipod-mp4-211x300.jpg 211w\" sizes=\"auto, (max-width: 400px) 100vw, 400px\" \/><\/div><br \/>\n<div class=\"article-step reverse\"><div class=\"context\"><h3><span class=\"stepShield\">Schritt 2<\/span>VOB-Dateien konvertieren<\/h3> Nachdem Sie das Ausgabedateiformat ausgew\u00e4hlt haben, w\u00e4hlen Sie \u201eConvert\u201c aus, sodass die VOB-Datei in MP4\/MOV\/M4V umgewandelt wird. <\/div><img loading=\"lazy\" decoding=\"async\" width=\"400\" height=\"263\" src=\"https:\/\/www.tipard.de\/blog\/wp-content\/uploads\/2017\/08\/convert-vob-to-mp4.jpg\" class=\"preview\" alt=\"VOB-Dateien konvertieren\" srcset=\"https:\/\/www.tipard.de\/blog\/wp-content\/uploads\/2017\/08\/convert-vob-to-mp4.jpg 400w, https:\/\/www.tipard.de\/blog\/wp-content\/uploads\/2017\/08\/convert-vob-to-mp4-300x197.jpg 300w\" sizes=\"auto, (max-width: 400px) 100vw, 400px\" \/><\/div><br \/>\n<\/div>\n<h2>Tipps zum Konvertieren<\/h2>\n<p>Beim Verwenden dieser Software sollten Sie auf folgende Dinge achten:<\/p>\n<p>Es besteht neben der Umwandlung in MP4, MOV und M4V auch die M\u00f6glichkeit, die VOB Dateien in WMV, AVI, MKV, MPEG und viele andere Formate zu konvertieren.<br \/>\nDas Programm ist dazu in der Lage das Video auf der DVD als Audiodatei zu exportieren (MP3, AAC, AIFF, etc.)<br \/>\nVor dem Konvertieren der VOB Dateien besteht die M\u00f6glichkeit der Bearbeitung mit Spezialeffekten.<br \/>\nIm Vergleich zu Online Anbietern ist dieses Programm eine sichere Alternative, welches auch ohne Internetverbindung nutzbar ist.<br \/>\nDie qualitative Bearbeitung der Videodateien ist vor der Umwandlung m\u00f6glich: Es ist m\u00f6glich, die Aufl\u00f6sung zu erh\u00f6hen, die Helligkeit und den Kontrast automatisch anpassen, Ger\u00e4usche zu entfernen und verwackelte Aufnahmen zu reduzieren.<br \/>\nHD DVDs k\u00f6nnen in HD MP4 Dateien konvertiert werden.<br \/>\nUm die VOB Dateien in eine Videodatei zu konvertieren, kann \u201eMerge\u201c gew\u00e4hlt werden, nachdem alle VOB Dateien ausgew\u00e4hlt wurden.<br \/>\nAls Konvertierungsprogramm stellt es gleichzeitig einen VOB-Datei Player dar, sodass auch die hinzugef\u00fcgten Effekte vor dem Konvertieren \u00fcberpr\u00fcft werden k\u00f6nnen.<\/p>\n<p>&nbsp;<\/p>\n","protected":false},"excerpt":{"rendered":"<p>Wie schauen Sie ihre Lieblings-DVDs, wenn Sie unterwegs sind? Nehmen Sie einen DVD-Player mit? F\u00fcr die meisten ist das eine absurde Idee. Wie sieht es also damit aus, ihre DVDs auf Ihrem iPod abzuspielen? Klingt das nicht gut? Aber wie? Offensichtlich muss die VOB Datei in MP4\/MOV\/M4V umgewandelt werden, sodass das Abspielen ihrer Lieblingsfilme und [&hellip;]<\/p>\n","protected":false},"author":1,"featured_media":0,"parent":0,"menu_order":0,"comment_status":"closed","ping_status":"closed","template":"","meta":{"footnotes":""},"class_list":["post-881","page","type-page","status-publish","hentry"],"_links":{"self":[{"href":"https:\/\/www.tipard.de\/blog\/wp-json\/wp\/v2\/pages\/881","targetHints":{"allow":["GET"]}}],"collection":[{"href":"https:\/\/www.tipard.de\/blog\/wp-json\/wp\/v2\/pages"}],"about":[{"href":"https:\/\/www.tipard.de\/blog\/wp-json\/wp\/v2\/types\/page"}],"author":[{"embeddable":true,"href":"https:\/\/www.tipard.de\/blog\/wp-json\/wp\/v2\/users\/1"}],"replies":[{"embeddable":true,"href":"https:\/\/www.tipard.de\/blog\/wp-json\/wp\/v2\/comments?post=881"}],"version-history":[{"count":1,"href":"https:\/\/www.tipard.de\/blog\/wp-json\/wp\/v2\/pages\/881\/revisions"}],"predecessor-version":[{"id":887,"href":"https:\/\/www.tipard.de\/blog\/wp-json\/wp\/v2\/pages\/881\/revisions\/887"}],"wp:attachment":[{"href":"https:\/\/www.tipard.de\/blog\/wp-json\/wp\/v2\/media?parent=881"}],"curies":[{"name":"wp","href":"https:\/\/api.w.org\/{rel}","templated":true}]}}