{"id":869,"date":"2017-08-24T18:26:55","date_gmt":"2017-08-24T18:26:55","guid":{"rendered":"http:\/\/www.tipard.de\/blog\/?page_id=869"},"modified":"2025-01-24T00:45:43","modified_gmt":"2025-01-24T00:45:43","slug":"wie-wird-dvd-in-mp4-in-windows-und-mac-in-umgewandelt","status":"publish","type":"page","link":"https:\/\/www.tipard.de\/blog\/wie-wird-dvd-in-mp4-in-windows-und-mac-in-umgewandelt\/","title":{"rendered":"Wie konvertiert man DVDs unter Windows und Mac in MP4?"},"content":{"rendered":"<p><span data-mce-type=\"bookmark\" style=\"display: inline-block; width: 0px; overflow: hidden; line-height: 0;\" class=\"mce_SELRES_start\">\ufeff<\/span><img loading=\"lazy\" decoding=\"async\" class=\"alignnone size-full wp-image-874\" src=\"http:\/\/www.tipard.de\/blog\/wp-content\/uploads\/2017\/08\/what-is-dvd.jpg\" alt=\"\" width=\"600\" height=\"338\" srcset=\"https:\/\/www.tipard.de\/blog\/wp-content\/uploads\/2017\/08\/what-is-dvd.jpg 600w, https:\/\/www.tipard.de\/blog\/wp-content\/uploads\/2017\/08\/what-is-dvd-300x169.jpg 300w\" sizes=\"auto, (max-width: 600px) 100vw, 600px\" \/><span data-mce-type=\"bookmark\" style=\"display: inline-block; width: 0px; overflow: hidden; line-height: 0;\" class=\"mce_SELRES_end\">\ufeff<\/span>Mit dem Fortschritt der Technologie entwickelt sich auch die Einstellung der Menschen weiter. Viele entscheiden sich heute daf\u00fcr, Videos auf ihren PCs und anderen digitalen Ger\u00e4ten zu gucken. Forscher erwarten, dass die DVD und mit ihr der DVD Player bald nicht mehr auf dem Markt zu finden seien. Allerdings ist dies nicht der Fall. Im Gegenteil: Die DVD hat sich weiterentwickelt, zum Beispiel zur Blu-ray DVD und hat dadurch ihren Platz auf dem Markt zur\u00fcckerobert. Au\u00dferdem stellt die DVD immer noch ein wichtiges Medium f\u00fcr qualitative Filme auf gro\u00dfen Bildschirmen dar. Da DVDs viel Speicherplatz haben, werden sie oft in Daten-sensitiven-Industrien genutzt.<br \/>\nF\u00fcr Studierende, die sich mit Themen wie der Entwicklung der DVD oder technologischen Innovationen besch\u00e4ftigen, k\u00f6nnte es hilfreich sein, ihre <a href=\"https:\/\/hausarbeit-ghostwriter.com\/facharbeit-schreiben-lassen\/\">facharbeit kaufen<\/a> zu lassen, um eine professionelle und fundierte Arbeit zu erhalten.<br \/>\nAber was ist eine DVD? Wie viel Speicherplatz hat eine DVD? Und wie hoch ist die Aufl\u00f6sung einer DVD? In diesem Artikel finden Sie all das Wissen \u00fcber die DVD, das Sie schon immer ben\u00f6tigt haben.<\/p>\n<h2>Teil 1: Was ist eine DVD?<\/h2>\n<h3>Die Geschichte der DVD<\/h3>\n<p>DVD steht f\u00fcr \u201eDigital Versatile Disc\u201c oder \u201eDigital\u00a0Video Disc\u201c (Digitale Vielseitige Diskette oder Digitale Video Diskette) und wurde von Philips, Sony, Toshiba und Panasonic in den fr\u00fchen 1990er Jahren entwickelt. Es handelt sich um eine digitalen, optischen Speicherort in Form einer Scheibe, welcher h\u00f6here Aufl\u00f6sung und besseren Ton als VHS bietet. Au\u00dferdem hat die DVD einen gr\u00f6\u00dferen Speicher gegen\u00fcber CDs und kann f\u00fcr die Aufbewahrung vieler verschiedener Dateien genutzt werden (Videos, Audio, Dokumente, Bilder, Programme, etc.). Es gibt verschiedene DVD-Arten, wie z.B. DVD-R\/RW, DVD+R\/RW, DVD-RAM und DVD ROM. Kommerzielle DVD verwenden Verschl\u00fcsselungen um den Inhalt der DVD vor Raubkopien zu sch\u00fctzen. Deshalb ist es ziemlich schwer, DVDs auf den Computer zu \u00fcbertragen.<\/p>\n<h3>DVD Arten<\/h3>\n<p>Es gibt verschiedene DVD Arten, wie z.B. DVD-R\/RW, DVD+R\/RW, DVD-RAM und DVD ROM. Der Buchstabe \u201eR\u201c steht f\u00fcr \u201eRecordable\u201c (engl. f\u00fcr aufnehmbar) und das bedeutet, dass man die DVD nur einmal aufnehmen kann. \u201eRW\u201c bedeutet \u201eRewritable\u201c und \u201eRAM\u201c steht f\u00fcr \u201eRandom Access Memory\u201c. Letztere beiden Arten k\u00f6nnen also mehrere Male aufgenommen und gel\u00f6scht werden. DVD-ROM (\u201eRead Only Memory\u201c) bezieht sich auf die massenproduzierten DVDs der Filmindustrie, welche nur vom DVD-Player abgespielt werden k\u00f6nnen.<\/p>\n<p>Eine weitere h\u00e4ufige DVD-Art ist HD DVD. Es steht f\u00fcr \u201eHigh Defintion<\/p>\n<p>Disc\u201c. Diese DVD kann also HD-Videos aufbewahren und abspielen.<\/p>\n<h3>DVD Fassungsverm\u00f6gen und Aufl\u00f6sung<\/h3>\n<p>Das wichtigste f\u00fcr den Kunden ist die Aufl\u00f6sung einer DVD. Grunds\u00e4tzlich bestimmt das Fassungsverm\u00f6gen der DVD die Aufl\u00f6sung. Je mehr Daten die DVD beinhalten kann, je h\u00f6her ist die Aufl\u00f6sung des Films auf der DVD.<\/p>\n<h2><img loading=\"lazy\" decoding=\"async\" class=\"alignnone size-full wp-image-875\" style=\"font-size: 16px;\" src=\"http:\/\/www.tipard.de\/blog\/wp-content\/uploads\/2017\/08\/Tabelle.jpg\" alt=\"\" width=\"965\" height=\"548\" srcset=\"https:\/\/www.tipard.de\/blog\/wp-content\/uploads\/2017\/08\/Tabelle.jpg 965w, https:\/\/www.tipard.de\/blog\/wp-content\/uploads\/2017\/08\/Tabelle-300x170.jpg 300w, https:\/\/www.tipard.de\/blog\/wp-content\/uploads\/2017\/08\/Tabelle-768x436.jpg 768w\" sizes=\"auto, (max-width: 965px) 100vw, 965px\" \/><\/h2>\n<h2>Teil 2: DVD Spezifikationen<\/h2>\n<h3>DVD-5 vs. DVD-9<\/h3>\n<p>Unter den vorhandenen DVD-Formaten sind DVD-5 und DVD-9 die meistverbreiteten. DVD-5 ist eine einseitige, einlagige 12cm Standard DVD mit einem Fassungsverm\u00f6gen von 4.37 GiB\/ 4.7 GB. DVD-5 ist das am meisten genutzte DVD-Medium. DVD-9 nutzt eine einseitige, zweilagige DVD mit einer Gr\u00f6\u00dfe von 7.95 GiB\/ 8,5 GB.<\/p>\n<h2><img loading=\"lazy\" decoding=\"async\" class=\"alignnone size-full wp-image-871\" style=\"font-size: 16px;\" src=\"http:\/\/www.tipard.de\/blog\/wp-content\/uploads\/2017\/08\/dvd-5-vs-dvd-9.jpg\" alt=\"\" width=\"600\" height=\"350\" srcset=\"https:\/\/www.tipard.de\/blog\/wp-content\/uploads\/2017\/08\/dvd-5-vs-dvd-9.jpg 600w, https:\/\/www.tipard.de\/blog\/wp-content\/uploads\/2017\/08\/dvd-5-vs-dvd-9-300x175.jpg 300w\" sizes=\"auto, (max-width: 600px) 100vw, 600px\" \/><\/h2>\n<h3>DVD-R vs. DVD+R<\/h3>\n<p>DVD-R und DVD+R nutzen verschiedene Schreibweisen. Diese beiden Formate sind fast identisch und werden von den meisten DVD-ROM Playern und DVD-Brennern unterst\u00fctzt. Der einzige Unterschied zwischen den beiden Arten liegt in der Art und Weise, wie der Ort des Laserstrahls auf der Disc bestimmt wird. Die Beziehung zwischen DVD-RW du DVD+RW ist dieselbe.<\/p>\n<h3>Was ist DVD DL?<\/h3>\n<p>Durchschnittliche DVDs nutzen einlagige Aufnahmetechnologien w\u00e4hrend manche auch auf zweilagige Aufnahmen mit h\u00f6herem Fassungsverm\u00f6gen zur\u00fcckgreifen. Man kann einlagige und zweilagige DVDs darin unterscheiden, dass s<\/p>\n<p>ie entweder mit \u201eSL\u201c oder \u201eDL\u201c betitelt sind (Single-Layer und Dual-Layer).<\/p>\n<p>Manche 8cm DVDs werden von Camcordern als Speicherort f\u00fcr AVCHD Videos genutzt. Au\u00dferdem k\u00f6nnen DVDs neben Videos auch andere Daten speichern (Audio, Dokumente, Bilder, etc.).<\/p>\n<h3>Blu-ray vs. DVD<\/h3>\n<p>Blu-ray ist der neueste Erfolg der Standard-DVD. Blu-ray ben\u00f6tigen einen blauvioletten Laser, um die Daten zu lesen und auf die Disc zu schreiben, Standard-DVDs dagegen nutzen einen roten Laser. Der gr\u00f6\u00dfte Unterschied liegt im h\u00f6heren Fassungsverm\u00f6gen\u00a0der Blu-ray, welches mehr als zehnmal so gro\u00df ist als das der DVD.<\/p>\n<h2><img loading=\"lazy\" decoding=\"async\" class=\"alignnone wp-image-870\" style=\"font-size: 16px;\" src=\"http:\/\/www.tipard.de\/blog\/wp-content\/uploads\/2017\/08\/blu-ray-vs-dvd.jpg\" alt=\"\" width=\"600\" height=\"338\" srcset=\"https:\/\/www.tipard.de\/blog\/wp-content\/uploads\/2017\/08\/blu-ray-vs-dvd.jpg 600w, https:\/\/www.tipard.de\/blog\/wp-content\/uploads\/2017\/08\/blu-ray-vs-dvd-300x169.jpg 300w\" sizes=\"auto, (max-width: 600px) 100vw, 600px\" \/><\/h2>\n<h2>Teil 3: Aufbau einer DVD<\/h2>\n<p>Wenn Sie auf ein internes oder externes DVD-Laufwerk zugreifen, finden Sie zwei Dateien: AUDIO_TS und VIDEO_TS.<\/p>\n<p>AUDIO_TS wird f\u00fcr da<\/p>\n<p>s Speichern der DVD-Audio benutzt. Obwohl dieser Ordner immer leer ist, hei\u00dft das nicht, dass im Video kein Ton zu h\u00f6ren ist. Der Ordner enth\u00e4lt nur dann Dateien, wenn es sich um eine DVD Audio Disc handelt.<\/p>\n<p>VIDEO_TS wird f\u00fcr das Speichern aller Daten eines Films benutzt. Es gibt zwei Dateien mehr (.IFO und .BUP) und mindestens eine VOB Datei im Ordner. Die BUP Dateien sind Wiederherstellungsdateien der IFO Dateien, welche Informationen zu den Kapiteln, Untertiteln und Audiodateien beinhalten. VOB Dateien enthalten das Video, den Ton, die Untertitel und die Men\u00fcs des Films. Im Folgenden ein Beispiel einer DVD Struktur:<\/p>\n<h3><img loading=\"lazy\" decoding=\"async\" class=\"alignnone size-full wp-image-873\" style=\"font-size: 16px;\" src=\"http:\/\/www.tipard.de\/blog\/wp-content\/uploads\/2017\/08\/dvd-video-structure.png\" alt=\"\" width=\"440\" height=\"599\" srcset=\"https:\/\/www.tipard.de\/blog\/wp-content\/uploads\/2017\/08\/dvd-video-structure.png 440w, https:\/\/www.tipard.de\/blog\/wp-content\/uploads\/2017\/08\/dvd-video-structure-220x300.png 220w\" sizes=\"auto, (max-width: 440px) 100vw, 440px\" \/><\/h3>\n<h2>Teil 4: Einschr\u00e4nkungen einer DVD<\/h2>\n<h3>DVD Verschl\u00fcsselung<\/h3>\n<p>Kommerziell produzierte DVDs beinhalten einen DRM (\u201eDigital Rights Management) \u2013 Mechanismus und nutzen verschiedene Verschl\u00fcsselungsmethoden zum Schutz vor Raubkopien.<\/p>\n<h3>Das \u201eContent Scramble System\u201c<\/h3>\n<p>Das Content Scramble System (CSS) ist eine Verschl<\/p>\n<p>\u00fcsselung des DVD Videos. Es verhindert die Erstellung von Raubkopien von DVD MPEG Stream Videos. Es stellt sicher, dass nur zertifizierte DVD Player die CSS-verschl\u00fcsselten DVDs abspielen k\u00f6nnen und tr\u00e4gt damit zum Schutz des intellektuellen Eigentums bei.<\/p>\n<h3>Regionale Kodierungen<\/h3>\n<p>DVDs werden getrennt in verschiedenen Regionen ver\u00f6ffentlicht. Regionale Kodierungen stellen sicher, dass die DVDs nur in DVD Playern abgespielt werden k\u00f6nnen, die in den entsprechenden Regionen verkauft werden.<\/p>\n<h3>Regionale Spezifikationen<\/h3>\n<p>Region 1: U.S., U.S. Territorien, Kanada, Bermuda<br \/>\nRegion 2: Japan, Europa, S\u00fcd-Afrika, der mittlere Osten<\/p>\n<p>(inkl. \u00c4gypten)<br \/>\nRegion 3: Ost- und S\u00fcdostasien (inkl. Hong Kong und Macau)<br \/>\nRegion 4: Australien, Neuseeland, Pazifische Inseln, Zentral- und S\u00fcdamerika, Karibik<br \/>\nRegion 5: Osteuropa, baltische Staaten, Russland, Zentral- und S\u00fcdasien, Indischer Subkontinent, Afrika, Nordkorea und Mongolei<br \/>\nRegion 6: China<\/p>\n<h3><img loading=\"lazy\" decoding=\"async\" class=\"alignnone size-full wp-image-872\" style=\"font-size: 16px;\" src=\"http:\/\/www.tipard.de\/blog\/wp-content\/uploads\/2017\/08\/dvd-region-codes.jpg\" alt=\"\" width=\"600\" height=\"346\" srcset=\"https:\/\/www.tipard.de\/blog\/wp-content\/uploads\/2017\/08\/dvd-region-codes.jpg 600w, https:\/\/www.tipard.de\/blog\/wp-content\/uploads\/2017\/08\/dvd-region-codes-300x173.jpg 300w\" sizes=\"auto, (max-width: 600px) 100vw, 600px\" \/><\/h3>\n<h3>Wie \u00fcberspiele ich eine DVD mit Beschr\u00e4nkung?<\/h3>\n<p>Es ist schwer, DVDs trotz Beschr\u00e4nkung zu rippen. F\u00fcr viele stellt dies aber der einzige Weg da, eine Wiederherstellungsdatei der Original-DVD zu haben. Deshalb empfehlen wir <a href=\"http:\/\/www.tipard.de\/blu-ray-copy\/\">Tipard DVD Ripper<\/a>. Dieses beeindruckende Programm erlaubt es Ihnen DVDs trotz Beschr\u00e4nkung zu \u00fcberspielen.<\/p>\n<div class=\"article-steps\"><br \/>\n<div class=\"article-step\"><div class=\"context noPreview\"><h3><span class=\"stepShield\">Schritt 1<\/span>Installieren und Starten<\/h3> \u00d6ffnen Sie DVD Ripper und legen Sie die gew\u00fcnschte DVD ein <\/div><\/div><br \/>\n<div class=\"article-step\"><div class=\"context noPreview\"><h3><span class=\"stepShield\">Schritt 2<\/span>DVD laden<\/h3> Klicken Sie auf \u201eDisc laden\u201c um das Video zu importieren. Der DVD Ripper ist dazu in der Lage, die lesbaren Dateien automatisch zu finden. <\/div><\/div><br \/>\n<div class=\"article-step\"><div class=\"context noPreview\"><h3><span class=\"stepShield\">Schritt 3<\/span>Einstellungen<\/h3> W\u00e4hlen Sie die Einstellungen aus und suchen das entsprechende Format unter \u201eProfil\u201c. <\/div><\/div><br \/>\n<div class=\"article-step\"><div class=\"context noPreview\"><h3><span class=\"stepShield\">Schritt 4<\/span>Konvertieren<\/h3> Nachdem alle Einstellungen getroffen wurden, w\u00e4hlen Sie OK und schlie\u00dfen Sie das Fenster. Sobald Sie auf \u201eKonvertieren\u201c klicken, wird der DVD Ripper beginnen, die DVD zu \u00fcberspielen. Es ist m\u00f6glich die DVD auf eine DVD, einen Ordner oder eine ISO Datei zu brennen. <\/div><\/div><br \/>\n<\/div>\n<h2>Zusammenfassung<\/h2>\n<p>In diesem Artikel haben wir Sie mit dem grundlegenden Wissen \u00fcber DVDs vertraut gemacht. Vielleicht wissen Sie jetzt was eine DVD ist, wie viel Daten sie speichern kann und wie hoch ihre Aufl\u00f6sung ist. Jede M\u00fcnze hat zwei Seiten, so auch die DVD. Um das Copyright zu sch\u00fctzen haben Organisationen und Institutionen Wege gefunden, Menschen vom Kopieren der DVDs abzuhalten. Allerdings kann das auch dazu f\u00fchren, dass wir Probleme haben, das Original dadurch zu sch\u00fctzen, eine Kopie zu erstellen. Deshalb empfehlen wir Ihnen Tipard DVD Ripper um Ihnen zu helfen, die Regionale Kodierung oder den Verschl\u00fcsselungsschutz der DVD zu \u00fcberwinden.<\/p>\n","protected":false},"excerpt":{"rendered":"<p>\ufeff\ufeffMit dem Fortschritt der Technologie entwickelt sich auch die Einstellung der Menschen weiter. Viele entscheiden sich heute daf\u00fcr, Videos auf ihren PCs und anderen digitalen Ger\u00e4ten zu gucken. Forscher erwarten, dass die DVD und mit ihr der DVD Player bald nicht mehr auf dem Markt zu finden seien. Allerdings ist dies nicht der Fall. Im [&hellip;]<\/p>\n","protected":false},"author":1,"featured_media":0,"parent":0,"menu_order":0,"comment_status":"closed","ping_status":"closed","template":"","meta":{"footnotes":""},"class_list":["post-869","page","type-page","status-publish","hentry"],"_links":{"self":[{"href":"https:\/\/www.tipard.de\/blog\/wp-json\/wp\/v2\/pages\/869","targetHints":{"allow":["GET"]}}],"collection":[{"href":"https:\/\/www.tipard.de\/blog\/wp-json\/wp\/v2\/pages"}],"about":[{"href":"https:\/\/www.tipard.de\/blog\/wp-json\/wp\/v2\/types\/page"}],"author":[{"embeddable":true,"href":"https:\/\/www.tipard.de\/blog\/wp-json\/wp\/v2\/users\/1"}],"replies":[{"embeddable":true,"href":"https:\/\/www.tipard.de\/blog\/wp-json\/wp\/v2\/comments?post=869"}],"version-history":[{"count":5,"href":"https:\/\/www.tipard.de\/blog\/wp-json\/wp\/v2\/pages\/869\/revisions"}],"predecessor-version":[{"id":9292,"href":"https:\/\/www.tipard.de\/blog\/wp-json\/wp\/v2\/pages\/869\/revisions\/9292"}],"wp:attachment":[{"href":"https:\/\/www.tipard.de\/blog\/wp-json\/wp\/v2\/media?parent=869"}],"curies":[{"name":"wp","href":"https:\/\/api.w.org\/{rel}","templated":true}]}}