{"id":862,"date":"2017-08-24T18:06:51","date_gmt":"2017-08-24T18:06:51","guid":{"rendered":"http:\/\/www.tipard.de\/blog\/?page_id=862"},"modified":"2025-01-24T01:47:19","modified_gmt":"2025-01-24T01:47:19","slug":"wie-brenne-ich-mit-dvd-burner-imovie-auf-eine-dvd","status":"publish","type":"page","link":"https:\/\/www.tipard.de\/blog\/wie-brenne-ich-mit-dvd-burner-imovie-auf-eine-dvd\/","title":{"rendered":"Wie brenne ich mit DVD Burner iMovie auf eine DVD?"},"content":{"rendered":"<p><img loading=\"lazy\" decoding=\"async\" class=\"alignnone size-full wp-image-864\" src=\"http:\/\/www.tipard.de\/blog\/wp-content\/uploads\/2017\/08\/imovie-to-dvd.jpg\" alt=\"\" width=\"696\" height=\"338\" srcset=\"https:\/\/www.tipard.de\/blog\/wp-content\/uploads\/2017\/08\/imovie-to-dvd.jpg 696w, https:\/\/www.tipard.de\/blog\/wp-content\/uploads\/2017\/08\/imovie-to-dvd-300x146.jpg 300w\" sizes=\"auto, (max-width: 696px) 100vw, 696px\" \/><\/p>\n<p>iMovie ist ein vielgenutztes Videobearbeitungsprogramm, das auf allen neuen Mac-Ger\u00e4ten vorhanden ist. Obwohl das Programm beeindruckende Videobearbeitungsfunktionen mit sich bringt, handelt es sich dabei nicht um das ideale Produkt f\u00fcr das Brennen einer DVD. Mit iMovie \u201911 (oder aber auch \u00e4lteren Versionen) kann der Nutzer iMovie-Projekte als iDVD exportieren und dann auf DVD brennen. Seit 2011 stellt Apple diese Funktion nicht mehr zur Verf\u00fcgung, und neuere Ger\u00e4te unterst\u00fctzen das Programm nicht mehr. Deshalb ist es schwierig f\u00fcr Besitzer einer neueren Version als iMovie 10, eine DVD zu erstellen.<\/p>\n<p>Der folgende Artikel stellt eine detaillierte Anleitung zum Brennen einer iMovie-DVD ohne iDVD dar. Wenn Sie den aufgef\u00fchrten Schritten folgen, werden Sie nicht l\u00e4nger nach L\u00f6sungen suchen m\u00fcssen: So einfach geht das Exportieren, Konvertieren und Brennen von iMovie auf DVD.<\/p>\n<p>Sollten Sie neben der technischen Umsetzung von Projekten auch bei anderen Aufgaben Unterst\u00fctzung ben\u00f6tigen, etwa beim Schreiben von wissenschaftlichen Arbeiten, kann ein <a href=\"https:\/\/ghostwriter-berlin.com\/\">ghostwriter<\/a> Ihnen bei der professionellen Erstellung Ihrer Texte helfen.<\/p>\n<p>&nbsp;<\/p>\n<h2>Wie brenne ich iMovie auf DVD?<\/h2>\n<div class=\"article-steps\"><br \/>\n<div class=\"article-step\"><div class=\"context noPreview\"><h3><span class=\"stepShield\">Schritt 0<\/span>Vorbereitung<\/h3> Laden Sie den iMovie to DVD Burner herunter und installieren Sie das Programm. Diese Software wurde ausgew\u00e4hlt, weil es sich um ein umfangreiches Produkt handelt, welches Filmeffekte individualisieren, pers\u00f6nliche DVD-Men\u00fcs hinzuf\u00fcgen und fast alle Videoformate konvertieren kann (u.a.: iMovie, DVD Ordner, ISO Bilddateien). Es handelt sich um eine wunderbare iDVD Alternative, die einfacher und schneller arbeitet. <\/div><\/div><br \/>\n<div class=\"article-step\"><div class=\"context\"><h3><span class=\"stepShield\">Schritt 1<\/span>Exportieren Sie das iMovie Projekt als Datei<\/h3> Um iMovie auf DVD zu brennen, m\u00fcssen Sie als erstes iMovie Projekte als Videodateien exportieren sobald ihr Projekt abgeschlossen ist. \u00d6ffnen Sie das gew\u00fcnschte Projekt, gehen Sie auf \u201eTeilen\u201c und anschlie\u00dfend auf \u201eDatei\u201c um das iMovie-Projekt als Videodatei f\u00fcr das DVD-Brenne zu speichern.<br \/>\nBei iMovie \u201911 oder \u00e4lteren Versionen finden Sie diese Option unter \u201eTeilen\u201c und \u201eDatei exportieren\u201c. <\/div><img loading=\"lazy\" decoding=\"async\" width=\"400\" height=\"250\" src=\"https:\/\/www.tipard.de\/blog\/wp-content\/uploads\/2017\/08\/imovie-export-imovie.jpg\" class=\"preview\" alt=\"Exportieren Sie das iMovie Projekt als Datei\" srcset=\"https:\/\/www.tipard.de\/blog\/wp-content\/uploads\/2017\/08\/imovie-export-imovie.jpg 500w, https:\/\/www.tipard.de\/blog\/wp-content\/uploads\/2017\/08\/imovie-export-imovie-300x188.jpg 300w\" sizes=\"auto, (max-width: 400px) 100vw, 400px\" \/><\/div><br \/>\n<div class=\"article-step reverse\"><div class=\"context\"><h3><span class=\"stepShield\">Schritt 2<\/span>iMovie Video zum DVD Brenner hinzuf\u00fcgen<\/h3> Starten Sie den Mac DVD Burner und ziehen Sie die iMovie Videos in das Programm. Alternativ k\u00f6nnen Sie die Videos unter \u201eDatei hinzuf\u00fcgen\u201c laden. <\/div><img loading=\"lazy\" decoding=\"async\" width=\"400\" height=\"282\" src=\"https:\/\/www.tipard.de\/blog\/wp-content\/uploads\/2017\/08\/imovie-add-files.png\" class=\"preview\" alt=\"iMovie Video zum DVD Brenner hinzuf\u00fcgen\" srcset=\"https:\/\/www.tipard.de\/blog\/wp-content\/uploads\/2017\/08\/imovie-add-files.png 500w, https:\/\/www.tipard.de\/blog\/wp-content\/uploads\/2017\/08\/imovie-add-files-300x212.png 300w\" sizes=\"auto, (max-width: 400px) 100vw, 400px\" \/><\/div><br \/>\n<div class=\"article-step\"><div class=\"context\"><h3><span class=\"stepShield\">Schritt 3<\/span> DVD Men\u00fc hinzuf\u00fcgen und Video individualisieren (optional)<\/h3> Dieser DVD-Brenner erm\u00f6glicht es Ihnen ein DVD Men\u00fc zu erstellen, um einfacher durch die DVD zu navigieren. Klicken Sie auf \u201eMen\u00fc\u201c auf dem Vorschaufenster und anschlie\u00dfend auf \u201eMen\u00fc bearbeiten\u201c. Im Bearbeitungsfenster k\u00f6nnen Sie das bevorzugte Muster ausw\u00e4hlen und die Men\u00fc Kn\u00f6pfe, Rahmen, Titel sowie Hintergrundmusik,-bilder und \u2013videos anpassen.\u00a0 Au\u00dferdem lassen sich Videoeffekte hinzuf\u00fcgen und der Schnitt Ihres Videos sowie das Einbauen eines Wasserzeichens steht Ihnen vor dem Brennen zur Verf\u00fcgung. <\/div><img loading=\"lazy\" decoding=\"async\" width=\"400\" height=\"303\" src=\"https:\/\/www.tipard.de\/blog\/wp-content\/uploads\/2017\/08\/imovie-menu.jpg\" class=\"preview\" alt=\" DVD Men\u00fc hinzuf\u00fcgen und Video individualisieren (optional)\" srcset=\"https:\/\/www.tipard.de\/blog\/wp-content\/uploads\/2017\/08\/imovie-menu.jpg 500w, https:\/\/www.tipard.de\/blog\/wp-content\/uploads\/2017\/08\/imovie-menu-300x227.jpg 300w\" sizes=\"auto, (max-width: 400px) 100vw, 400px\" \/><\/div><br \/>\n<div class=\"article-step reverse\"><div class=\"context\"><h3><span class=\"stepShield\">Schritt 4<\/span>Starten Sie das Brennen ihres iMovies auf DVD<\/h3> Legen Sie eine leere, beschreibbare DVD in Ihr DVD Laufwerk ein und w\u00e4hlen das passende Laufwerk \u00fcber \u201eZiel\u201c im Programm aus. Nachdem Sie das Ziel ausgew\u00e4hlt haben, kann der Titel der DVD \u00fcber \u201eTitel\u201c bearbeitet werden. Falls Sie das iMovie Projekt nur als DVD Ordner oder ISO Datei speichern m\u00f6chten, m\u00fcssen Sie den Ausgangspfad erst \u00fcber \u201eZiel\u201c definieren.<\/p>\n<p>Nachdem alle Einstellungen get\u00e4tigt wurden, klicken Sie auf \u201eBrennen\u201c. Nun erscheint ein Fortschrittsfenster und der DVD Brenner startet die Umwandlung Ihrer Videodateien. Aus diesen Dateien wird die DVD erstellt. Der Vorgang sollte nach einer kurzen Zeit abgeschlossen sein. <\/div><img loading=\"lazy\" decoding=\"async\" width=\"400\" height=\"431\" src=\"https:\/\/www.tipard.de\/blog\/wp-content\/uploads\/2017\/08\/imovie-choose-output.png\" class=\"preview\" alt=\"Starten Sie das Brennen ihres iMovies auf DVD\" srcset=\"https:\/\/www.tipard.de\/blog\/wp-content\/uploads\/2017\/08\/imovie-choose-output.png 500w, https:\/\/www.tipard.de\/blog\/wp-content\/uploads\/2017\/08\/imovie-choose-output-278x300.png 278w\" sizes=\"auto, (max-width: 400px) 100vw, 400px\" \/><\/div><br \/>\n<\/div>\n","protected":false},"excerpt":{"rendered":"<p>iMovie ist ein vielgenutztes Videobearbeitungsprogramm, das auf allen neuen Mac-Ger\u00e4ten vorhanden ist. Obwohl das Programm beeindruckende Videobearbeitungsfunktionen mit sich bringt, handelt es sich dabei nicht um das ideale Produkt f\u00fcr das Brennen einer DVD. Mit iMovie \u201911 (oder aber auch \u00e4lteren Versionen) kann der Nutzer iMovie-Projekte als iDVD exportieren und dann auf DVD brennen. Seit [&hellip;]<\/p>\n","protected":false},"author":1,"featured_media":0,"parent":0,"menu_order":0,"comment_status":"closed","ping_status":"closed","template":"","meta":{"footnotes":""},"class_list":["post-862","page","type-page","status-publish","hentry"],"_links":{"self":[{"href":"https:\/\/www.tipard.de\/blog\/wp-json\/wp\/v2\/pages\/862","targetHints":{"allow":["GET"]}}],"collection":[{"href":"https:\/\/www.tipard.de\/blog\/wp-json\/wp\/v2\/pages"}],"about":[{"href":"https:\/\/www.tipard.de\/blog\/wp-json\/wp\/v2\/types\/page"}],"author":[{"embeddable":true,"href":"https:\/\/www.tipard.de\/blog\/wp-json\/wp\/v2\/users\/1"}],"replies":[{"embeddable":true,"href":"https:\/\/www.tipard.de\/blog\/wp-json\/wp\/v2\/comments?post=862"}],"version-history":[{"count":3,"href":"https:\/\/www.tipard.de\/blog\/wp-json\/wp\/v2\/pages\/862\/revisions"}],"predecessor-version":[{"id":9301,"href":"https:\/\/www.tipard.de\/blog\/wp-json\/wp\/v2\/pages\/862\/revisions\/9301"}],"wp:attachment":[{"href":"https:\/\/www.tipard.de\/blog\/wp-json\/wp\/v2\/media?parent=862"}],"curies":[{"name":"wp","href":"https:\/\/api.w.org\/{rel}","templated":true}]}}