{"id":846,"date":"2017-08-24T17:55:14","date_gmt":"2017-08-24T17:55:14","guid":{"rendered":"http:\/\/www.tipard.de\/blog\/?page_id=846"},"modified":"2017-08-24T17:55:14","modified_gmt":"2017-08-24T17:55:14","slug":"wie-brennen-sie-eine-dvd-ohne-viel-aufwand","status":"publish","type":"page","link":"https:\/\/www.tipard.de\/blog\/wie-brennen-sie-eine-dvd-ohne-viel-aufwand\/","title":{"rendered":"Wie brennen Sie eine DVD ohne viel Aufwand?"},"content":{"rendered":"<p><img loading=\"lazy\" decoding=\"async\" class=\"size-full wp-image-847 aligncenter\" src=\"http:\/\/www.tipard.de\/blog\/wp-content\/uploads\/2017\/08\/burn-a-dvd.jpg\" alt=\"\" width=\"696\" height=\"338\" srcset=\"https:\/\/www.tipard.de\/blog\/wp-content\/uploads\/2017\/08\/burn-a-dvd.jpg 696w, https:\/\/www.tipard.de\/blog\/wp-content\/uploads\/2017\/08\/burn-a-dvd-300x146.jpg 300w\" sizes=\"auto, (max-width: 696px) 100vw, 696px\" \/><\/p>\n<p>Immer mehr Menschen schauen sich Videos Online \u00fcber ihren PC oder das Smartphone an: Trotzdem erscheint den meisten ein gro\u00dfer Bildschirm noch immer attraktiver, u.a. weil er eine bessere audiovisuelle Erfahrung erlaubt. Sie haben mehrere Filme heruntergeladen und wollen diese gemeinsam mit Ihrer Familie auf dem Fernseher anschauen? Die einfachste L\u00f6sung ist es, eine DVD zu brennen, die die gew\u00fcnschten Filme enth\u00e4lt. Nat\u00fcrlich ist das einfacher gesagt als getan \u2013 f\u00fcr viele stellt ein Vorgang wie dieser noch immer eine Herausforderung dar. Immerhin sind viele Einstellungen mit der Videoqualit\u00e4t verbunden, die dem Ottonormalverbraucher nicht bekannt sind. Deshalb haben wir uns dazu entschieden, einige Methoden zum Brennen einer DVD auf Windows und Mac mit Ihnen zu teilen.<\/p>\n<h2>Teil 1: Der einfachste Weg, eine abspielbare DVD zu brennen<\/h2>\n<p>Bevor Sie eine DVD brennen m\u00fcssen Sie folgende Vorbereitungen treffen: Sie brauchen einen x86\/x64 basierten Windows PC oder Mac, ein internes oder externes DVD-Laufwerk sowie leere DVDs (DVD-R\/RW, DVD+ R\/RW). Als Software empfehlen wir <a href=\"http:\/\/www.tipard.de\/dvd-creator\/\">Tipard DVD Burner<\/a>, ein vielf\u00e4ltiges Programm das sowohl f\u00fcr Windows als auch Mac verf\u00fcgbar ist.<\/p>\n<h3>Wie brenne ich eine DVD mit jedem Videoformat?<\/h3>\n<div class=\"article-steps\"><br \/>\n<div class=\"article-step\"><div class=\"context\"><h3><span class=\"stepShield\">Schritt 1<\/span>Downloaden und Installen Sie DVD Burner<\/h3> <a href=\"http:\/\/www.tipard.de\/downloads\/dvd-creator.exe\">Downloaden<\/a> und folgen Sie den Anweisungen zur Installation des Programms. Anschlie\u00dfend m\u00fcssen Sie eine leere DVD in das DVD Laufwerk einlegen. <\/div><img loading=\"lazy\" decoding=\"async\" width=\"400\" height=\"303\" src=\"https:\/\/www.tipard.de\/blog\/wp-content\/uploads\/2017\/08\/burn-dvd-download.jpg\" class=\"preview\" alt=\"Downloaden und Installen Sie DVD Burner\" srcset=\"https:\/\/www.tipard.de\/blog\/wp-content\/uploads\/2017\/08\/burn-dvd-download.jpg 500w, https:\/\/www.tipard.de\/blog\/wp-content\/uploads\/2017\/08\/burn-dvd-download-300x227.jpg 300w\" sizes=\"auto, (max-width: 400px) 100vw, 400px\" \/><\/div><br \/>\n<div class=\"article-step reverse\"><div class=\"context\"><h3><span class=\"stepShield\">Schritt 2<\/span> F\u00fcgen Sie ihrem DVD Film Videos hinzu<\/h3> Starten sie den DVD Burner, klicken sie auf \u201eDatei hinzuf\u00fcgen\u201c und w\u00e4hlen Sie die Videos aus, die Sie auf die DVD brennen wollen. Alternativ k\u00f6nnen Sie die gew\u00fcnschten Dateien auch per Drag &amp; Drop in das Programm einf\u00fcgen. Sie k\u00f6nnen Dateiformate wie MP4, MKV, AVI, VOB, WMV und andere auf DVD brennen. <\/div><img loading=\"lazy\" decoding=\"async\" width=\"400\" height=\"303\" src=\"https:\/\/www.tipard.de\/blog\/wp-content\/uploads\/2017\/08\/burn-dvd-add-files.jpg\" class=\"preview\" alt=\" F\u00fcgen Sie ihrem DVD Film Videos hinzu\" srcset=\"https:\/\/www.tipard.de\/blog\/wp-content\/uploads\/2017\/08\/burn-dvd-add-files.jpg 500w, https:\/\/www.tipard.de\/blog\/wp-content\/uploads\/2017\/08\/burn-dvd-add-files-300x227.jpg 300w\" sizes=\"auto, (max-width: 400px) 100vw, 400px\" \/><\/div><br \/>\n<div class=\"article-step\"><div class=\"context\"><h3><span class=\"stepShield\">Schritt 3<\/span>Erstellen eines DVD Men\u00fcs<\/h3> W\u00e4hlen Sie \u201eBearbeiten\u201c unter \u201eMen\u00fc\u201c im Vorschaufenster aus. Anschlie\u00dfend k\u00f6nnen Sie sich f\u00fcr das bevorzugte DVD Men\u00fc entscheiden und die einzelnen Titel im Bearbeitungsfenster verwalten. Au\u00dferdem k\u00f6nnen Hintergrundmusik, -grafiken und \u2013videos eingef\u00fcgt werden. <\/div><img loading=\"lazy\" decoding=\"async\" width=\"400\" height=\"330\" src=\"https:\/\/www.tipard.de\/blog\/wp-content\/uploads\/2017\/08\/burn-dvd-create-menu.jpg\" class=\"preview\" alt=\"Erstellen eines DVD Men\u00fcs\" srcset=\"https:\/\/www.tipard.de\/blog\/wp-content\/uploads\/2017\/08\/burn-dvd-create-menu.jpg 500w, https:\/\/www.tipard.de\/blog\/wp-content\/uploads\/2017\/08\/burn-dvd-create-menu-300x248.jpg 300w\" sizes=\"auto, (max-width: 400px) 100vw, 400px\" \/><\/div><br \/>\n<div class=\"article-step reverse\"><div class=\"context\"><h3><span class=\"stepShield\">Schritt 4<\/span>Einstellen des Speicherorts und des Titels<\/h3> Unter \u201eZiel\u201c m\u00fcssen Sie das DVD-Laufwerk ausw\u00e4hlen, in welchem sich die leere DVD befindet. Um die DVD umzubenennen, m\u00fcssen Sie auf \u201eTitel\u201c zugreifen.<br \/>\nTipp: Sie haben die M\u00f6glichkeit das Video in einen DVD-Ordner oder eine ISO-Datei zu brennen. Falls notwendig m\u00fcssen Sie den Ausgabepfad definieren. <\/div><img loading=\"lazy\" decoding=\"async\" width=\"400\" height=\"303\" src=\"https:\/\/www.tipard.de\/blog\/wp-content\/uploads\/2017\/08\/burn-dvd-choose-output.jpg\" class=\"preview\" alt=\"Einstellen des Speicherorts und des Titels\" srcset=\"https:\/\/www.tipard.de\/blog\/wp-content\/uploads\/2017\/08\/burn-dvd-choose-output.jpg 500w, https:\/\/www.tipard.de\/blog\/wp-content\/uploads\/2017\/08\/burn-dvd-choose-output-300x227.jpg 300w\" sizes=\"auto, (max-width: 400px) 100vw, 400px\" \/><\/div><br \/>\n<div class=\"article-step\"><div class=\"context\"><h3><span class=\"stepShield\">Schritt 5<\/span>Brennen der DVD<\/h3> \u00dcberpr\u00fcfen Sie die Einstellungen und klicken Sie danach auf \u201eBrennen\u201c um den Vorgang zu starten. <\/div><img loading=\"lazy\" decoding=\"async\" width=\"400\" height=\"412\" src=\"https:\/\/www.tipard.de\/blog\/wp-content\/uploads\/2017\/08\/burn-dvd-burn.jpg\" class=\"preview\" alt=\"Brennen der DVD\" srcset=\"https:\/\/www.tipard.de\/blog\/wp-content\/uploads\/2017\/08\/burn-dvd-burn.jpg 416w, https:\/\/www.tipard.de\/blog\/wp-content\/uploads\/2017\/08\/burn-dvd-burn-292x300.jpg 292w\" sizes=\"auto, (max-width: 400px) 100vw, 400px\" \/><\/div><br \/>\n<\/div>\n<h2>Teil 2: Eine DVD in Windows erstellen<\/h2>\n<p>Obwohl die eingebauten Funktionen es dem Benutzer erlauben, Daten-DVDs zu erstellen, ist es nicht m\u00f6glich Video-DVDs ohne Dritte-Anbieter-programme zu erstellen. Doch es gibt mehrere kostenlose Anbieter f\u00fcr Windows, wie z.B. DVD Flick.<\/p>\n<h3>Wie erstelle ich in Windows eine DVD?<\/h3>\n<h3><img loading=\"lazy\" decoding=\"async\" class=\"alignnone size-full wp-image-855\" style=\"font-size: 16px;\" src=\"http:\/\/www.tipard.de\/blog\/wp-content\/uploads\/2017\/08\/dvd-flick-1.jpg\" alt=\"\" width=\"400\" height=\"302\" srcset=\"https:\/\/www.tipard.de\/blog\/wp-content\/uploads\/2017\/08\/dvd-flick-1.jpg 400w, https:\/\/www.tipard.de\/blog\/wp-content\/uploads\/2017\/08\/dvd-flick-1-300x227.jpg 300w\" sizes=\"auto, (max-width: 400px) 100vw, 400px\" \/><\/h3>\n<div class=\"article-steps\"><br \/>\n<div class=\"article-step\"><div class=\"context noPreview\"><h3><span class=\"stepShield\">Schritt 1<\/span>Titel hinzuf\u00fcgen<\/h3> \u00d6ffnen Sie DVD Flick und klicken Sie auf \u201eTitel hinzuf\u00fcgen\u201c auf der rechten Seite. Wenn der Windows Explorer sich \u00f6ffnet, w\u00e4hlen Sie alle Videos aus, die Sie auf die DVD brennen wollen. <\/div><\/div><br \/>\n<div class=\"article-step\"><div class=\"context noPreview\"><h3><span class=\"stepShield\">Schritt 2<\/span>Importieren der Videos<\/h3>Sobald Sie auf \u201e\u00d6ffnen\u201c klicken, werden die Videos nach DVD Flick importiert. Nachdem Sie geladen wurden, berechnet das Programm die ben\u00f6tigte Gr\u00f6\u00dfe der DVD. <\/div><\/div><br \/>\n<div class=\"article-step\"><div class=\"context noPreview\"><h3><span class=\"stepShield\">Schritt 3<\/span>Bearbeiten<\/h3> Nun k\u00f6nnen Sie Musik und Untertitel hinzuf\u00fcgen, wenn Sie auf \u201eBearbeiten\u201c klicken. Um ein DVD Men\u00fc hinzuzuf\u00fcgen, klicken Sie auf \u201eMen\u00fc\u201c und w\u00e4hlen Sie eine Schablone aus. W\u00e4hlen Sie \u201eAuto-play\u201c an und klicken Sie auf \u201eAkzeptieren\u201c um fortzufahren.\u00a0<\/div><\/div><br \/>\n<div class=\"article-step\"><div class=\"context noPreview\"><h3><span class=\"stepShield\">Schritt 4<\/span>Einstellungen<\/h3> \u00d6ffnen Sie die Einstellungen.<br \/>\nGehen Sie zu den grundlegenden Einstellungen und w\u00e4hlen Sie einen Namen. Danach k\u00f6nnen Sie die Gr\u00f6\u00dfe Ihrer DVD ausw\u00e4hlen.<br \/>\nIm Video-Fenster k\u00f6nen Sie die Video Verschl\u00fcsselung (z.B. NTSC) und die Qualit\u00e4t w\u00e4hlen.<br \/>\nUnter Audio finden Sie die M\u00f6glichkeit, die Lautst\u00e4rke zu regulieren.<br \/>\nDanach m\u00fcssen Sie nur noch ausw\u00e4hlen, dass Sie das Projekt auf DVD brennen wollen und sich f\u00fcr das DVD-laufwerk entscheiden, in das Sie Ihre DVD eingelegt haben. <\/div><\/div><br \/>\n<div class=\"article-step\"><div class=\"context noPreview\"><h3><span class=\"stepShield\">Schritt 5<\/span>Brennen<\/h3> Klicken Sie auf \u201eakzeptieren\u201c und schlie\u00dfen Sie die Einstellungen. Sie starten den Vorgang mit einem Klick auf \u201eDVD erstellen\u201c. <\/div><\/div><br \/>\n<\/div>\n<h2>Teil 3: Eine DVD in Mac erstellen<\/h2>\n<p>iDVD ist ein iLife Produkt, das Apple f\u00fcr Mac Computer entwickelt hat. Es handelt sich zwar nicht um einen vorinstallierten DVD-Brenner, aber alle Mac-Nutzer k\u00f6nnen iDVD nutzen, um DVDs zu erstellen. Wenn Sie wissen wollen, wie das genau funktioniert, folgen Sie diesen Schritten.<\/p>\n<h3>Wie erstelle ich in Windows eine DVD?<\/h3>\n<h2><img loading=\"lazy\" decoding=\"async\" class=\"alignnone size-full wp-image-856\" style=\"font-size: 16px;\" src=\"http:\/\/www.tipard.de\/blog\/wp-content\/uploads\/2017\/08\/idvd-1.jpg\" alt=\"\" width=\"600\" height=\"300\" srcset=\"https:\/\/www.tipard.de\/blog\/wp-content\/uploads\/2017\/08\/idvd-1.jpg 600w, https:\/\/www.tipard.de\/blog\/wp-content\/uploads\/2017\/08\/idvd-1-300x150.jpg 300w\" sizes=\"auto, (max-width: 600px) 100vw, 600px\" \/><\/h2>\n<div class=\"article-steps\"><br \/>\n<div class=\"article-step\"><div class=\"context noPreview\"><h3><span class=\"stepShield\">Schritt 1<\/span>iDVD installieren<\/h3> Kaufen Sie iLife im Apple Store, machen Sie einen Doppelklick auf die Installationsdatei und folgen Sie den Anweisungen um iDVD zu installieren. Nachdem die Installation abgeschlossen wurde, \u00f6ffnen Sie iDVD. <\/div><\/div><br \/>\n<div class=\"article-step\"><div class=\"context noPreview\"><h3><span class=\"stepShield\">Schritt 2<\/span>Neues Projekt<\/h3>Klicken Sie auf \u201eEin neues Projekt erstellen\u201c um zu beginnen. W\u00e4hlen Sie eine Men\u00fcschablone und individualisieren Sie Ihr Men\u00fc weiter mit iDVD Funktionen. Sie k\u00f6nnen au\u00dferdem Musik aus der iTunes Mediathek hinzuf\u00fcgen. <\/div><\/div><br \/>\n<div class=\"article-step\"><div class=\"context noPreview\"><h3><span class=\"stepShield\">Schritt 3<\/span>Videos hinzuf\u00fcgen<\/h3> Nachdem Sie das DVD Men\u00fc erstellt haben, ziehen Sie die Videos in das Programm. <\/div><\/div><br \/>\n<div class=\"article-step\"><div class=\"context noPreview\"><h3><span class=\"stepShield\">Schritt 4<\/span>DVD einlegen<\/h3> Legen Sie eine DVD in das Laufwerk Ihres Mac ein, die gro\u00df genug ist. <\/div><\/div><br \/>\n<div class=\"article-step\"><div class=\"context noPreview\"><h3><span class=\"stepShield\">Schritt 5<\/span>Brennen<\/h3> \u00dcberpr\u00fcfen Sie alle Einstellungen und klicken Sie auf \u201eBrennen\u201c, um den Vorgang zu starten. <\/div><\/div><br \/>\n<\/div>\n<p>iDVD formatiert das Projekt automatisch. Einige Minuten sp\u00e4ter k\u00f6nnen Sie auch schon den Film auf DVD genie\u00dfen.<\/p>\n<h2>Teil 4: Zusammenfassung<\/h2>\n<p>In diesem Artikel haben wir sie mit verschiedenen Methoden eine DVD zu brennen bekannt gemacht. F\u00fcr Windows Nutzer bietet sich DVD Flick als kostenloses Programm f\u00fcr das Erstellen einer pers\u00f6nlichen DVD an. Dieser DVD Brenner kann die Videoqualit\u00e4t erhalten, da er verhindert, dass die Bitrate unter 2000 kbit\/s fallen. iDVD ist ein Programm von Apple. Der Vorgang dieses Programms ist sehr simpel und erfordert wenig Aufwand. Es stimmt, dass DVD Flick und iDVD besser als andere Programme sind. Dennoch ist DVD Flick zu kompliziert f\u00fcr den durchschnittlichen Benutzer und iDVD bietet nicht sehr viele Optionen beim Erstellen einer DVD. Tipard DVD Burner dagegen k\u00f6nnte Ihre Erwartungen \u00fcbertreffen. Es ist sowohl f\u00fcr Windows als auch Mac verf\u00fcgbar und die simple Handhabung des Programms vereinfacht das Erstellen Ihrer pers\u00f6nlichen DVD.<\/p>\n","protected":false},"excerpt":{"rendered":"<p>Immer mehr Menschen schauen sich Videos Online \u00fcber ihren PC oder das Smartphone an: Trotzdem erscheint den meisten ein gro\u00dfer Bildschirm noch immer attraktiver, u.a. weil er eine bessere audiovisuelle Erfahrung erlaubt. Sie haben mehrere Filme heruntergeladen und wollen diese gemeinsam mit Ihrer Familie auf dem Fernseher anschauen? Die einfachste L\u00f6sung ist es, eine DVD [&hellip;]<\/p>\n","protected":false},"author":1,"featured_media":0,"parent":0,"menu_order":0,"comment_status":"closed","ping_status":"closed","template":"","meta":{"footnotes":""},"class_list":["post-846","page","type-page","status-publish","hentry"],"_links":{"self":[{"href":"https:\/\/www.tipard.de\/blog\/wp-json\/wp\/v2\/pages\/846","targetHints":{"allow":["GET"]}}],"collection":[{"href":"https:\/\/www.tipard.de\/blog\/wp-json\/wp\/v2\/pages"}],"about":[{"href":"https:\/\/www.tipard.de\/blog\/wp-json\/wp\/v2\/types\/page"}],"author":[{"embeddable":true,"href":"https:\/\/www.tipard.de\/blog\/wp-json\/wp\/v2\/users\/1"}],"replies":[{"embeddable":true,"href":"https:\/\/www.tipard.de\/blog\/wp-json\/wp\/v2\/comments?post=846"}],"version-history":[{"count":4,"href":"https:\/\/www.tipard.de\/blog\/wp-json\/wp\/v2\/pages\/846\/revisions"}],"predecessor-version":[{"id":860,"href":"https:\/\/www.tipard.de\/blog\/wp-json\/wp\/v2\/pages\/846\/revisions\/860"}],"wp:attachment":[{"href":"https:\/\/www.tipard.de\/blog\/wp-json\/wp\/v2\/media?parent=846"}],"curies":[{"name":"wp","href":"https:\/\/api.w.org\/{rel}","templated":true}]}}