{"id":824,"date":"2017-08-24T16:16:57","date_gmt":"2017-08-24T16:16:57","guid":{"rendered":"http:\/\/www.tipard.de\/blog\/?page_id=824"},"modified":"2017-08-24T16:16:57","modified_gmt":"2017-08-24T16:16:57","slug":"wie-loesche-ich-videos-von-meinem-ipad-3-moeglichkeiten","status":"publish","type":"page","link":"https:\/\/www.tipard.de\/blog\/wie-loesche-ich-videos-von-meinem-ipad-3-moeglichkeiten\/","title":{"rendered":"Wie l\u00f6sche ich Videos von meinem iPad? \u2013 3 M\u00f6glichkeiten"},"content":{"rendered":"<p>&nbsp;<\/p>\n<p>&nbsp;<\/p>\n<p><img loading=\"lazy\" decoding=\"async\" class=\"alignnone size-full wp-image-829\" src=\"http:\/\/www.tipard.de\/blog\/wp-content\/uploads\/2017\/08\/delete-videos-from-ipad.jpg\" alt=\"\" width=\"600\" height=\"338\" srcset=\"https:\/\/www.tipard.de\/blog\/wp-content\/uploads\/2017\/08\/delete-videos-from-ipad.jpg 600w, https:\/\/www.tipard.de\/blog\/wp-content\/uploads\/2017\/08\/delete-videos-from-ipad-300x169.jpg 300w\" sizes=\"auto, (max-width: 600px) 100vw, 600px\" \/><\/p>\n<blockquote><p>&#8222;Bevor meiner k\u00fcrzlichen Reise habe ich mehrere Videos von iTunes auf mein iPad \u00fcbertragen. Jetzt brauche ich sie aber nicht mehr. Ich habe versucht, das Video anzuklicken oder zu halten, aber nichts ist passiert. Auch durch Schieben konnte ich die Datei nicht l\u00f6schen. Ich brauche dringend mehr Platz auf meinem iPad! Hat jemand eine Idee, wie ich die Videos l\u00f6schen kann?&#8220;<\/p><\/blockquote>\n<p>Das iPad ist so ein praktisches Ger\u00e4t, dass die meisten Nutzer zu viel darauf speichern \u2013 besonders Videos und die neuesten Filme und Serien. Um den Speicher relativ frei zu halten ist es wichtig, regelm\u00e4\u00dfig Videos zu l\u00f6schen. Durch die Synchronisationsfunktionen von iTunes brauchen Sie sich keine Sorgen machen, die Videos und Filme dauerhaft zu verlieren.<\/p>\n<h2>Wie l\u00f6sche ich Videos direkt von meinem iPad?<\/h2>\n<h3>Aufgenommene Videos<\/h3>\n<p>1, \u00d6ffnen Sie die Foto-App<br \/>\n2, W\u00e4hlen Sie Videos aus und tippen Sie dann auf \u201eAuswahl\u201c oben rechts<br \/>\n3, W\u00e4hlen Sie nun alle Videos aus, die Sie l\u00f6schen m\u00f6chten<br \/>\n4, Klicken Sie auf den M\u00fclleimer oben links<br \/>\n5, Best\u00e4tigen Sie durch das Klicken auf \u201eL\u00f6schen\u201c<\/p>\n<h3>Filme und Serien<\/h3>\n<p>1, \u00d6ffnen Sie die Video-App<br \/>\n2, W\u00e4hlen Sie das Film- oder Serienfeld oben in der Mitte<br \/>\n3, Klicken Sie auf \u201eBearbeiten\u201c oben rechts<br \/>\n4, L\u00f6schen Sie durch Anklicken des Kreises mit dem X in der Mitte<\/p>\n<p>Wenn Sie Videos direkt von Ihrem iPad l\u00f6schen, sollten Sie darauf achten, vorher ein Backup gemacht zu haben. Um das Erstellen eines Backups und das anschlie\u00dfende L\u00f6schen zu vereinfachen, k\u00f6nnen Sie <a href=\"http:\/\/www.tipard.de\/iphone-transfer\/\">Tipard iPhone Transfer <\/a>nutzen. Wegen den wenigen Klicks die Sie ausf\u00fchren m\u00fcssen, bedeutet das Programm weniger Aufwand f\u00fcr Sie.<\/p>\n<p><img loading=\"lazy\" decoding=\"async\" class=\"alignnone size-full wp-image-832\" src=\"http:\/\/www.tipard.de\/blog\/wp-content\/uploads\/2017\/08\/iphone-transfer-ultimate.jpg\" alt=\"\" width=\"425\" height=\"365\" srcset=\"https:\/\/www.tipard.de\/blog\/wp-content\/uploads\/2017\/08\/iphone-transfer-ultimate.jpg 425w, https:\/\/www.tipard.de\/blog\/wp-content\/uploads\/2017\/08\/iphone-transfer-ultimate-300x258.jpg 300w\" sizes=\"auto, (max-width: 425px) 100vw, 425px\" \/><\/p>\n<h2>Wie l\u00f6sche ich Videos mit iPhone Transfer?<\/h2>\n<div class=\"article-steps\"><br \/>\n<div class=\"article-step\"><div class=\"context\"><h3><span class=\"stepShield\">Schritt 1<\/span>Laden Sie das Programm herunter und starten Sie es<\/h3> Laden Sie Tipard iPhone Transfer herunter und machen Sie einen Doppelklick auf die .exe Datei, um es auf Ihrem PC zu installieren. Starten Sie das Programm, nachdem Sie Ihr iPad mit dem PC verbunden haben. Alle Dateien Ihres Ger\u00e4tes werden auf der linken Seite zu sehen sein. <\/div><img loading=\"lazy\" decoding=\"async\" width=\"400\" height=\"268\" src=\"https:\/\/www.tipard.de\/blog\/wp-content\/uploads\/2017\/08\/delete-videos-download.jpg\" class=\"preview\" alt=\"Laden Sie das Programm herunter und starten Sie es\" srcset=\"https:\/\/www.tipard.de\/blog\/wp-content\/uploads\/2017\/08\/delete-videos-download.jpg 500w, https:\/\/www.tipard.de\/blog\/wp-content\/uploads\/2017\/08\/delete-videos-download-300x201.jpg 300w\" sizes=\"auto, (max-width: 400px) 100vw, 400px\" \/><\/div><br \/>\n<div class=\"article-step reverse\"><div class=\"context\"><h3><span class=\"stepShield\">Schritt 2<\/span>W\u00e4hlen Sie Videos aus<\/h3> Klicken Sie auf \u201eMedien\u201c auf der linken Seite, um alle Inhalte zu sehen. Rechts oben finden Sie mehrere Auswahlfelder. Wenn Sie alle Videos aufrufen m\u00f6chten, klicken Sie auf das Videofeld. <\/div><img loading=\"lazy\" decoding=\"async\" width=\"400\" height=\"268\" src=\"https:\/\/www.tipard.de\/blog\/wp-content\/uploads\/2017\/08\/delete-videos-choose-videos.jpg\" class=\"preview\" alt=\"W\u00e4hlen Sie Videos aus\" srcset=\"https:\/\/www.tipard.de\/blog\/wp-content\/uploads\/2017\/08\/delete-videos-choose-videos.jpg 500w, https:\/\/www.tipard.de\/blog\/wp-content\/uploads\/2017\/08\/delete-videos-choose-videos-300x201.jpg 300w\" sizes=\"auto, (max-width: 400px) 100vw, 400px\" \/><\/div><br \/>\n<div class=\"article-step\"><div class=\"context\"><h3><span class=\"stepShield\">Schritt 3<\/span>\u00dcbertragung auf den Computer<\/h3> W\u00e4hlen Sie alle Dateien aus, die Sie \u00fcbertragen wollen und klicken Sie dann auf \u201eExportieren nach &gt; Exportieren nach PC\u201c. Jetzt k\u00f6nnen Sie sich f\u00fcr einen Speicherort auf dem Computer entscheiden. Nach der Best\u00e4tigung mit OK beginnt die \u00dcbertragung und sollte nach wenigen Sekunden abgeschlossen sein. Wenn der Vorgang abgeschlossen ist, erscheint ein Fenster. <\/div><img loading=\"lazy\" decoding=\"async\" width=\"400\" height=\"268\" src=\"https:\/\/www.tipard.de\/blog\/wp-content\/uploads\/2017\/08\/delete-videos-transfer-to-computer.jpg\" class=\"preview\" alt=\"\u00dcbertragung auf den Computer\" srcset=\"https:\/\/www.tipard.de\/blog\/wp-content\/uploads\/2017\/08\/delete-videos-transfer-to-computer.jpg 500w, https:\/\/www.tipard.de\/blog\/wp-content\/uploads\/2017\/08\/delete-videos-transfer-to-computer-300x201.jpg 300w\" sizes=\"auto, (max-width: 400px) 100vw, 400px\" \/><\/div><br \/>\n<div class=\"article-step reverse\"><div class=\"context\"><h3><span class=\"stepShield\">Schritt 4<\/span>Videos l\u00f6schen<\/h3> W\u00e4hlen Sie alle zu l\u00f6schenden Videos aus und klicken Sie auf den M\u00fclleimer oben in der Mitte. Sie m\u00fcssen das L\u00f6schen jetzt nur noch mit \u201eOK\u201c best\u00e4tigen und die Dateien werden von\u00a0 Ihrem iPad entfernt. <\/div><img loading=\"lazy\" decoding=\"async\" width=\"400\" height=\"268\" src=\"https:\/\/www.tipard.de\/blog\/wp-content\/uploads\/2017\/08\/delete-videos-del.jpg\" class=\"preview\" alt=\"Videos l\u00f6schen\" srcset=\"https:\/\/www.tipard.de\/blog\/wp-content\/uploads\/2017\/08\/delete-videos-del.jpg 500w, https:\/\/www.tipard.de\/blog\/wp-content\/uploads\/2017\/08\/delete-videos-del-300x201.jpg 300w\" sizes=\"auto, (max-width: 400px) 100vw, 400px\" \/><\/div><br \/>\n<\/div>\n<p>Auch wenn diese Methode schnell und einfach ist, hei\u00dft das nicht, dass Ihre Dateien endg\u00fcltig gel\u00f6scht wurden. Durch das Verwenden von Tipard iPhone Transfer haben Sie die Videos auf Ihrem PC abgesichert. Deshalb gibt es Tipard iPhone Eraser.<\/p>\n<p>&nbsp;<\/p>\n<h2>Wie l\u00f6sche ich Videos mit iPhone Eraser?<\/h2>\n<div class=\"article-steps\"><br \/>\n<div class=\"article-step\"><div class=\"context\"><h3><span class=\"stepShield\">Schritt 1<\/span>Laden Sie das Programm herunter und installieren Sie es.<\/h3> Laden Sie Tipard iPhone Eraser herunter und machen Sie einen Doppelklick auf die .exe Datei, um es auf Ihrem PC zu installieren. Starten Sie das Programm, nachdem Sie Ihr iPad mit dem PC verbunden haben. Das Programm erkennt Ihr Ger\u00e4t automatisch. <\/div><img loading=\"lazy\" decoding=\"async\" width=\"400\" height=\"254\" src=\"https:\/\/www.tipard.de\/blog\/wp-content\/uploads\/2017\/08\/interface.jpg\" class=\"preview\" alt=\"Laden Sie das Programm herunter und installieren Sie es.\" srcset=\"https:\/\/www.tipard.de\/blog\/wp-content\/uploads\/2017\/08\/interface.jpg 500w, https:\/\/www.tipard.de\/blog\/wp-content\/uploads\/2017\/08\/interface-300x191.jpg 300w\" sizes=\"auto, (max-width: 400px) 100vw, 400px\" \/><\/div><br \/>\n<div class=\"article-step reverse\"><div class=\"context\"><h3><span class=\"stepShield\">Schritt 2<\/span>W\u00e4hlen Sie den Grad aus<\/h3> W\u00e4hlen Sie den L\u00f6sch-Grad aus, indem Sie die passende Option im erscheinenden Fenster anklicken und mit OK best\u00e4tigen. <\/div><img loading=\"lazy\" decoding=\"async\" width=\"400\" height=\"339\" src=\"https:\/\/www.tipard.de\/blog\/wp-content\/uploads\/2017\/08\/choices.jpg\" class=\"preview\" alt=\"W\u00e4hlen Sie den Grad aus\" srcset=\"https:\/\/www.tipard.de\/blog\/wp-content\/uploads\/2017\/08\/choices.jpg 500w, https:\/\/www.tipard.de\/blog\/wp-content\/uploads\/2017\/08\/choices-300x254.jpg 300w\" sizes=\"auto, (max-width: 400px) 100vw, 400px\" \/><\/div><br \/>\n<div class=\"article-step\"><div class=\"context\"><h3><span class=\"stepShield\">Schritt 3<\/span>Videos l\u00f6schen<\/h3> Klicken Sie auf \u201eStart\u201c um die Daten zu l\u00f6schen, die dem ausgew\u00e4hlten Grad entsprechen. <\/div><img loading=\"lazy\" decoding=\"async\" width=\"400\" height=\"254\" src=\"https:\/\/www.tipard.de\/blog\/wp-content\/uploads\/2017\/08\/erase.jpg\" class=\"preview\" alt=\"Videos l\u00f6schen\" srcset=\"https:\/\/www.tipard.de\/blog\/wp-content\/uploads\/2017\/08\/erase.jpg 500w, https:\/\/www.tipard.de\/blog\/wp-content\/uploads\/2017\/08\/erase-300x191.jpg 300w\" sizes=\"auto, (max-width: 400px) 100vw, 400px\" \/><\/div><br \/>\n<\/div>\n<p>Mit Tipard iPhone Transfer k\u00f6nnen Sie einfach Videos von Ihrem iPad l\u00f6schen. Mit Tipard iPhone Eraser k\u00f6nnen Sie diese Dateien f\u00fcr immer l\u00f6schen.<\/p>\n","protected":false},"excerpt":{"rendered":"<p>&nbsp; &nbsp; &#8222;Bevor meiner k\u00fcrzlichen Reise habe ich mehrere Videos von iTunes auf mein iPad \u00fcbertragen. Jetzt brauche ich sie aber nicht mehr. Ich habe versucht, das Video anzuklicken oder zu halten, aber nichts ist passiert. Auch durch Schieben konnte ich die Datei nicht l\u00f6schen. Ich brauche dringend mehr Platz auf meinem iPad! Hat jemand [&hellip;]<\/p>\n","protected":false},"author":1,"featured_media":0,"parent":0,"menu_order":0,"comment_status":"closed","ping_status":"closed","template":"","meta":{"footnotes":""},"class_list":["post-824","page","type-page","status-publish","hentry"],"_links":{"self":[{"href":"https:\/\/www.tipard.de\/blog\/wp-json\/wp\/v2\/pages\/824","targetHints":{"allow":["GET"]}}],"collection":[{"href":"https:\/\/www.tipard.de\/blog\/wp-json\/wp\/v2\/pages"}],"about":[{"href":"https:\/\/www.tipard.de\/blog\/wp-json\/wp\/v2\/types\/page"}],"author":[{"embeddable":true,"href":"https:\/\/www.tipard.de\/blog\/wp-json\/wp\/v2\/users\/1"}],"replies":[{"embeddable":true,"href":"https:\/\/www.tipard.de\/blog\/wp-json\/wp\/v2\/comments?post=824"}],"version-history":[{"count":1,"href":"https:\/\/www.tipard.de\/blog\/wp-json\/wp\/v2\/pages\/824\/revisions"}],"predecessor-version":[{"id":834,"href":"https:\/\/www.tipard.de\/blog\/wp-json\/wp\/v2\/pages\/824\/revisions\/834"}],"wp:attachment":[{"href":"https:\/\/www.tipard.de\/blog\/wp-json\/wp\/v2\/media?parent=824"}],"curies":[{"name":"wp","href":"https:\/\/api.w.org\/{rel}","templated":true}]}}