{"id":818,"date":"2017-08-24T14:57:07","date_gmt":"2017-08-24T14:57:07","guid":{"rendered":"http:\/\/www.tipard.de\/blog\/?page_id=818"},"modified":"2017-08-24T14:57:07","modified_gmt":"2017-08-24T14:57:07","slug":"wie-uebertrage-ich-mit-nur-wenigen-klicks-musik-von-meinem-ipod-nach-itunes","status":"publish","type":"page","link":"https:\/\/www.tipard.de\/blog\/wie-uebertrage-ich-mit-nur-wenigen-klicks-musik-von-meinem-ipod-nach-itunes\/","title":{"rendered":"Wie \u00fcbertrage ich mit nur wenigen Klicks Musik von meinem iPod nach iTunes?"},"content":{"rendered":"<p><img loading=\"lazy\" decoding=\"async\" class=\"alignnone size-full wp-image-822\" src=\"http:\/\/www.tipard.de\/blog\/wp-content\/uploads\/2017\/08\/transfer-music-from-ipod-to-itunes.jpg\" alt=\"\" width=\"600\" height=\"338\" srcset=\"https:\/\/www.tipard.de\/blog\/wp-content\/uploads\/2017\/08\/transfer-music-from-ipod-to-itunes.jpg 600w, https:\/\/www.tipard.de\/blog\/wp-content\/uploads\/2017\/08\/transfer-music-from-ipod-to-itunes-300x169.jpg 300w\" sizes=\"auto, (max-width: 600px) 100vw, 600px\" \/><\/p>\n<blockquote><p>\u201eIch m\u00f6chte meine Musik von meinem iPod zu iTunes hinzuf\u00fcgen und verstehe nicht, warum Apple das so kompliziert macht. Kennt jemand einen einfachen Weg, um meine iPod Musik schnell zu iTunes hinzuzuf\u00fcgen?\u201c \u2013 Diese Frage wurde in den Apple Support Communities von einem iPod Nutzer gestellt.<\/p><\/blockquote>\n<p>iTunes verwaltet Ihre Musik an einem Ort und bewahrt diese f\u00fcr immer sicher auf. Doch dann, eines Tages, st\u00fcrzt Ihr PC ab und alle Daten sind verloren gegangen \u2013 auch die Musik in Ihrer iTunes Mediathek. Was nun? Wenn Sie einen iPod haben, k\u00f6nnte dieser Ihnen das Leben retten.<\/p>\n<p>Dieser Artikel erkl\u00e4rt Ihnen, wie man Musik einfach von einem iPod nach iTunes \u00fcbertr\u00e4gt. Die erste Methode an die Sie dabei denken, ist nat\u00fcrlich die Synchronisation mit iTunes selbst.<\/p>\n<h2>Wie \u00fcbertrage ich gekaufte Musik von meinem iPod nach iTunes mit iTunes?<\/h2>\n<p>1, Starten Sie iTunes und gehen Sie zu \u201eBearbeiten &gt; Priorit\u00e4ten &gt; Ger\u00e4te\u201c und w\u00e4hlen Sie \u201eiPod, iPhone und iPad nicht automatisch synchronisieren.\u201c<\/p>\n<p>2, Nun k\u00f6nnen Sie Ihren iPod mit dem Computer verbinden und iTunes starten. iTunes erkennt Ihren iPod automatisch.<\/p>\n<p>3, Klicken Sie auf \u201eDatei &gt; Ger\u00e4te &gt; Eink\u00e4ufe \u00fcbertragen\u201c in der linken, oberen Ecke. Dadurch \u00fcbertr\u00e4gt iTunes Ihre gekauften Artikel in die iTunes Mediathek.<\/p>\n<p>Dadurch k\u00f6nnen Sie allerdings keine nicht in iTunes gekauften Artikel \u00fcbertragen. Im Folgenden erkl\u00e4ren wir Ihnen den einfachsten Weg, auch kostenlose Musik zu \u00fcbertragen.<\/p>\n<p>&nbsp;<\/p>\n<h2>Wie \u00fcbertrage ich Musik von meinem iPod nach iTunes mit \u201eiPod Music Transfer\u201c<\/h2>\n<p><a href=\"http:\/\/www.tipard.de\/iphone-transfer\/\">Tipards \u201eiPod Music Transfer\u201c<\/a> wurde f\u00fcr die \u00dcbertragung von Dateien zwischen iOS Ger\u00e4ten entwickelt und stellt somit eine iTunes Alternative dar. Mit diesem Programm ist die Daten\u00fcbertragung ohne Verluste zwischen Ger\u00e4t, Computer und iTunes m\u00f6glich.<\/p>\n<div class=\"article-steps\"><br \/>\n<div class=\"article-step\"><div class=\"context noPreview\"><h3><span class=\"stepShield\">Schritt 1<\/span>Installieren und starten Sie \u201eiPod Music Transfer\u201c<\/h3> Starten Sie die Software und verbinden Sie Ihren iPod via USB Kabel mit dem PC. Das Programm erkennt Ihr Ger\u00e4t automatisch und zeigt Ihnen die Bibliotheken auf der linken Seite an. <\/div><\/div><br \/>\n<div class=\"article-step\"><div class=\"context noPreview\"><h3><span class=\"stepShield\">Schritt 2<\/span>W\u00e4hlen Sie Musikdaten in Ihrer iPod Bibliothek aus<\/h3> Klicken Sie auf \u201eMusik\u201c und w\u00e4hlen Sie die Lieder rechts aus, die Sie \u00fcbertragen wollen. <\/div><\/div><br \/>\n<div class=\"article-step\"><div class=\"context noPreview\"><h3><span class=\"stepShield\">Schritt 3<\/span>\u00dcbertragen Sie die iPod Musik nach iTunes<\/h3> Nachdem Sie bestimmt haben, welche Titel \u00fcbertragen werden sollen, klicken sie auf \u201eExportieren nach\u201c und w\u00e4hlen sie zwischen \u201eExportieren nach PC\u201c und \u201eExportieren nach iTunes Mediathek\u201c aus. Um Ihre Musik nach iTunes zu \u00fcbertragen, w\u00e4hlen Sie letztere Option. Nun sollte die \u00dcbertragung nach iTunes innerhalb von Sekunden abgeschlossen sein. <\/div><\/div><br \/>\n<\/div>\n<p><img loading=\"lazy\" decoding=\"async\" class=\"alignnone size-full wp-image-820\" src=\"http:\/\/www.tipard.de\/blog\/wp-content\/uploads\/2017\/08\/install.jpg\" alt=\"\" width=\"400\" height=\"268\" srcset=\"https:\/\/www.tipard.de\/blog\/wp-content\/uploads\/2017\/08\/install.jpg 400w, https:\/\/www.tipard.de\/blog\/wp-content\/uploads\/2017\/08\/install-300x201.jpg 300w\" sizes=\"auto, (max-width: 400px) 100vw, 400px\" \/><img loading=\"lazy\" decoding=\"async\" class=\"alignnone size-full wp-image-821\" src=\"http:\/\/www.tipard.de\/blog\/wp-content\/uploads\/2017\/08\/select.jpg\" alt=\"\" width=\"400\" height=\"268\" srcset=\"https:\/\/www.tipard.de\/blog\/wp-content\/uploads\/2017\/08\/select.jpg 400w, https:\/\/www.tipard.de\/blog\/wp-content\/uploads\/2017\/08\/select-300x201.jpg 300w\" sizes=\"auto, (max-width: 400px) 100vw, 400px\" \/><img loading=\"lazy\" decoding=\"async\" class=\"alignnone size-full wp-image-819\" src=\"http:\/\/www.tipard.de\/blog\/wp-content\/uploads\/2017\/08\/transfer-to-itunes.jpg\" alt=\"\" width=\"400\" height=\"268\" srcset=\"https:\/\/www.tipard.de\/blog\/wp-content\/uploads\/2017\/08\/transfer-to-itunes.jpg 400w, https:\/\/www.tipard.de\/blog\/wp-content\/uploads\/2017\/08\/transfer-to-itunes-300x201.jpg 300w\" sizes=\"auto, (max-width: 400px) 100vw, 400px\" \/><\/p>\n<p>\u201eiPod Music Transfer\u201c erlaubt es Ihnen nicht nur iPod Musikdateien, sondern auch iPhone und iPad Musikdateien nach iTunes zu \u00fcbertragen. Nat\u00fcrlich kann man auch Musik zwischen iPod und Computer \u00fcbertragen. Die Wahl liegt ganz bei Ihnen.<\/p>\n<p>&nbsp;<\/p>\n","protected":false},"excerpt":{"rendered":"<p>\u201eIch m\u00f6chte meine Musik von meinem iPod zu iTunes hinzuf\u00fcgen und verstehe nicht, warum Apple das so kompliziert macht. Kennt jemand einen einfachen Weg, um meine iPod Musik schnell zu iTunes hinzuzuf\u00fcgen?\u201c \u2013 Diese Frage wurde in den Apple Support Communities von einem iPod Nutzer gestellt. iTunes verwaltet Ihre Musik an einem Ort und bewahrt [&hellip;]<\/p>\n","protected":false},"author":1,"featured_media":0,"parent":0,"menu_order":0,"comment_status":"closed","ping_status":"closed","template":"","meta":{"footnotes":""},"class_list":["post-818","page","type-page","status-publish","hentry"],"_links":{"self":[{"href":"https:\/\/www.tipard.de\/blog\/wp-json\/wp\/v2\/pages\/818","targetHints":{"allow":["GET"]}}],"collection":[{"href":"https:\/\/www.tipard.de\/blog\/wp-json\/wp\/v2\/pages"}],"about":[{"href":"https:\/\/www.tipard.de\/blog\/wp-json\/wp\/v2\/types\/page"}],"author":[{"embeddable":true,"href":"https:\/\/www.tipard.de\/blog\/wp-json\/wp\/v2\/users\/1"}],"replies":[{"embeddable":true,"href":"https:\/\/www.tipard.de\/blog\/wp-json\/wp\/v2\/comments?post=818"}],"version-history":[{"count":1,"href":"https:\/\/www.tipard.de\/blog\/wp-json\/wp\/v2\/pages\/818\/revisions"}],"predecessor-version":[{"id":823,"href":"https:\/\/www.tipard.de\/blog\/wp-json\/wp\/v2\/pages\/818\/revisions\/823"}],"wp:attachment":[{"href":"https:\/\/www.tipard.de\/blog\/wp-json\/wp\/v2\/media?parent=818"}],"curies":[{"name":"wp","href":"https:\/\/api.w.org\/{rel}","templated":true}]}}