{"id":810,"date":"2017-08-24T14:26:00","date_gmt":"2017-08-24T14:26:00","guid":{"rendered":"http:\/\/www.tipard.de\/blog\/?page_id=810"},"modified":"2017-08-24T14:27:24","modified_gmt":"2017-08-24T14:27:24","slug":"wie-uebertrage-ich-musik-von-einen-ipod-auf-den-anderen","status":"publish","type":"page","link":"https:\/\/www.tipard.de\/blog\/wie-uebertrage-ich-musik-von-einen-ipod-auf-den-anderen\/","title":{"rendered":"Wie \u00fcbertrage ich Musik von einen iPod auf den anderen?"},"content":{"rendered":"<p><img loading=\"lazy\" decoding=\"async\" class=\"alignnone size-full wp-image-814\" src=\"http:\/\/www.tipard.de\/blog\/wp-content\/uploads\/2017\/08\/transfer-music-from-ipod-to-ipod.jpg\" alt=\"\" width=\"600\" height=\"338\" srcset=\"https:\/\/www.tipard.de\/blog\/wp-content\/uploads\/2017\/08\/transfer-music-from-ipod-to-ipod.jpg 600w, https:\/\/www.tipard.de\/blog\/wp-content\/uploads\/2017\/08\/transfer-music-from-ipod-to-ipod-300x169.jpg 300w\" sizes=\"auto, (max-width: 600px) 100vw, 600px\" \/><\/p>\n<p>Ich habe letztes Jahr meinen verloren geglaubten iPod wiedergefunden. Dieser iPod Nano enth\u00e4lt mehrere tausend Titel. Doch mittlerweile habe ich mir einen neuen iPod Touch gekauft, um den iPod Nano zu ersetzen. Trotzdem m\u00f6chte ich die Lieder auf dem alten iPod nicht verlieren. Gibt es eine einfache L\u00f6sung Musik direkt von einem iPod auf den anderen zu \u00fcbertragen? \u2013 Diese Frage kommt von einem iPod-Nutzer.<\/p>\n<p>Haben Sie eine \u00e4hnliche Frage? Wahrscheinlich \u00fcberlegen Sie, die Musik via iTunes zu \u00fcbertragen oder alle Titel noch einmal vom iTunes Store herunterzuladen.<\/p>\n<p>&nbsp;<\/p>\n<h2>Wie \u00fcbertrage ich gekaufte Musik von einem iPod\u00a0auf den anderen mit iTunes?<\/h2>\n<p>Wenn Sie Musik von Backups Ihres alten iPods in iTunes haben, k\u00f6nnen Sie diese einfach mit dem neuen iPod synchronisieren. Wenn Sie keine Backups haben, k\u00f6nnen Sie gekaufte Titel mit \u201eEink\u00e4ufe \u00fcbertragen\u201c von Ihrem iPod nach iTunes kopieren.<\/p>\n<p><img loading=\"lazy\" decoding=\"async\" class=\"alignnone size-full wp-image-813\" src=\"http:\/\/www.tipard.de\/blog\/wp-content\/uploads\/2017\/08\/tranfer-purchasemusic-itunes.jpg\" alt=\"\" width=\"600\" height=\"396\" srcset=\"https:\/\/www.tipard.de\/blog\/wp-content\/uploads\/2017\/08\/tranfer-purchasemusic-itunes.jpg 600w, https:\/\/www.tipard.de\/blog\/wp-content\/uploads\/2017\/08\/tranfer-purchasemusic-itunes-300x198.jpg 300w\" sizes=\"auto, (max-width: 600px) 100vw, 600px\" \/><\/p>\n<p>1, Starten Sie iTunes und verbinden Sie den iPod, den Sie \u00fcbertragen wollen, per USB-Kabel mit dem PC.<br \/>\n2, Klicken Sie auf \u201eDatei\u201c und w\u00e4hlen Sie \u201eGer\u00e4t\u201c und anschlie\u00dfend \u201eEink\u00e4ufe vom iPod \u00fcbertragen\u201c aus. iTunes wird Ihre Musik in der iTunes Mediathek automatisch synchronisieren.<br \/>\n3, Verbinden Sie den zweiten iPod mit dem Computer und importieren Sie die Lieder aus iTunes.<\/p>\n<p>Sie m\u00f6gen vielleicht denken, dass es sich um den einfach Weg handelt, um Musik von einem alten iPod auf den neuen zu \u00fcbertragen. Allerdings k\u00f6nnen Sie die Musik nicht vom iPod auf einen anderen oder auf den PC \u00fcbertragen, wenn die Musik nicht \u00fcber iTunes gekauft wurde.<br \/>\nNat\u00fcrlich fragen Sie sich immer noch, wie Sie Musik vom alten iPod auf den neuen kopieren k\u00f6nnen. Daf\u00fcr empfehlen wir Ihnen den leichtverst\u00e4ndlichen \u201eiPod Music Transfer\u201c. Mit diesem Programm k\u00f6nnen Sie Lieder direkt von einem Ger\u00e4t auf das andere kopieren. Das verk\u00fcrzt die \u00dcbertragungsdauer erheblich.<\/p>\n<p>Die folgende Anleitung wird Ihnen erkl\u00e4ren, wie man <a href=\"http:\/\/www.tipard.de\/iphone-transfer\/\">\u201eiPod\u00a0Music Transfer\u201c<\/a> f\u00fcr das \u00dcbertragen von Musik zwischen zwei iPods nutzt.<\/p>\n<p>&nbsp;<\/p>\n<h2>Wie \u00fcbertrage ich Musik von einem iPod auf den anderen ohne iTunes daf\u00fcr zu verwenden?<\/h2>\n<div class=\"article-steps\"><br \/>\n<div class=\"article-step\"><div class=\"context noPreview\"><h3><span class=\"stepShield\">Schritt 1<\/span>Starten Sie \u201eiPod Music Transfer\u201c und verbinden Sie die iPods<\/h3> Starten Sie das Programm nach der Installation auf Ihrem PC. Dann m\u00fcssen Sie nur noch Ihre beiden Ger\u00e4te per USB-Kabel verbinden. Das Programm erkennt die iPods automatisch und zeigt Ihnen die Bibliothek beider Ger\u00e4te an. <\/div><\/div><br \/>\n<div class=\"article-step\"><div class=\"context noPreview\"><h3><span class=\"stepShield\">Schritt 2<\/span>\u00dcbertragen Sie Musik zwischen den iPods<\/h3> Klicken Sie auf \u201eMusik\u201c bei dem iPod, dessen Inhalt sie \u00fcbertragen wollen. Alle Lieder werden auf der rechten Seite zu sehen sein. W\u00e4hlen Sie die zu \u00fcbertragenden Lieder aus und klicken Sie auf \u201eHinzuf\u00fcgen zu\u201c. Hier sehen Sie den Namen des anderen iPods, den sie nun ausw\u00e4hlen. Die \u00dcbertragung startet jetzt. Nachdem diese abgeschlossen ist, k\u00f6nnen Sie alle Ihre neuen, aber auch Ihre alten Titel auf einem\u00a0iPod genie\u00dfen. <\/div><\/div><br \/>\n<\/div>\n<p><img loading=\"lazy\" decoding=\"async\" class=\"alignnone size-full wp-image-811\" src=\"http:\/\/www.tipard.de\/blog\/wp-content\/uploads\/2017\/08\/two-ipods.jpg\" alt=\"\" width=\"400\" height=\"268\" srcset=\"https:\/\/www.tipard.de\/blog\/wp-content\/uploads\/2017\/08\/two-ipods.jpg 400w, https:\/\/www.tipard.de\/blog\/wp-content\/uploads\/2017\/08\/two-ipods-300x201.jpg 300w\" sizes=\"auto, (max-width: 400px) 100vw, 400px\" \/> <img loading=\"lazy\" decoding=\"async\" class=\"alignnone size-full wp-image-812\" src=\"http:\/\/www.tipard.de\/blog\/wp-content\/uploads\/2017\/08\/addmusic-ipod.jpg\" alt=\"\" width=\"400\" height=\"268\" srcset=\"https:\/\/www.tipard.de\/blog\/wp-content\/uploads\/2017\/08\/addmusic-ipod.jpg 400w, https:\/\/www.tipard.de\/blog\/wp-content\/uploads\/2017\/08\/addmusic-ipod-300x201.jpg 300w\" sizes=\"auto, (max-width: 400px) 100vw, 400px\" \/><\/p>\n","protected":false},"excerpt":{"rendered":"<p>Ich habe letztes Jahr meinen verloren geglaubten iPod wiedergefunden. Dieser iPod Nano enth\u00e4lt mehrere tausend Titel. Doch mittlerweile habe ich mir einen neuen iPod Touch gekauft, um den iPod Nano zu ersetzen. Trotzdem m\u00f6chte ich die Lieder auf dem alten iPod nicht verlieren. Gibt es eine einfache L\u00f6sung Musik direkt von einem iPod auf den [&hellip;]<\/p>\n","protected":false},"author":1,"featured_media":0,"parent":0,"menu_order":0,"comment_status":"closed","ping_status":"closed","template":"","meta":{"footnotes":""},"class_list":["post-810","page","type-page","status-publish","hentry"],"_links":{"self":[{"href":"https:\/\/www.tipard.de\/blog\/wp-json\/wp\/v2\/pages\/810","targetHints":{"allow":["GET"]}}],"collection":[{"href":"https:\/\/www.tipard.de\/blog\/wp-json\/wp\/v2\/pages"}],"about":[{"href":"https:\/\/www.tipard.de\/blog\/wp-json\/wp\/v2\/types\/page"}],"author":[{"embeddable":true,"href":"https:\/\/www.tipard.de\/blog\/wp-json\/wp\/v2\/users\/1"}],"replies":[{"embeddable":true,"href":"https:\/\/www.tipard.de\/blog\/wp-json\/wp\/v2\/comments?post=810"}],"version-history":[{"count":3,"href":"https:\/\/www.tipard.de\/blog\/wp-json\/wp\/v2\/pages\/810\/revisions"}],"predecessor-version":[{"id":817,"href":"https:\/\/www.tipard.de\/blog\/wp-json\/wp\/v2\/pages\/810\/revisions\/817"}],"wp:attachment":[{"href":"https:\/\/www.tipard.de\/blog\/wp-json\/wp\/v2\/media?parent=810"}],"curies":[{"name":"wp","href":"https:\/\/api.w.org\/{rel}","templated":true}]}}