{"id":81,"date":"2017-05-23T15:48:31","date_gmt":"2017-05-23T15:48:31","guid":{"rendered":"http:\/\/www.tipard.de\/blog\/?page_id=81"},"modified":"2017-08-17T11:16:31","modified_gmt":"2017-08-17T11:16:31","slug":"sync-contacts-from-iphone-to-mac-2","status":"publish","type":"page","link":"https:\/\/www.tipard.de\/blog\/sync-contacts-from-iphone-to-mac-2\/","title":{"rendered":"Wie synchronisiere ich einfach und problemlos Kontakte vom iPhone auf Mac"},"content":{"rendered":"<p><img loading=\"lazy\" decoding=\"async\" class=\"alignnone size-full wp-image-87\" src=\"http:\/\/www.tipard.de\/blog\/wp-content\/uploads\/2017\/05\/sync-contacts-from-iphone-to-mac.jpg\" alt=\"\" width=\"600\" height=\"338\" srcset=\"https:\/\/www.tipard.de\/blog\/wp-content\/uploads\/2017\/05\/sync-contacts-from-iphone-to-mac.jpg 600w, https:\/\/www.tipard.de\/blog\/wp-content\/uploads\/2017\/05\/sync-contacts-from-iphone-to-mac-300x169.jpg 300w\" sizes=\"auto, (max-width: 600px) 100vw, 600px\" \/><br \/>\nSind Sie am verzweifeln mit den Methoden der Synchronisierung von Kontakten von iPhone auf Mac mit iTunes oder iCloud? Die einfachsten Wege f\u00fcr die Synchronisierung der Kontakte von iPhone auf Mac bietet Ihnen Tipard Mac iPhone Transfer Ultimate. Die erste Wahl f\u00fcr viele unserer Kunden!<\/p>\n<h2>Teil 1: Importieren Sie Kontakte von iPhone auf Mac mit iTunes<\/h2>\n<p>In der Regel sichert iTunes Ihre iPhone Kontakte und weitere von Ihnen ausgew\u00e4hlte Dateien automatisch, au\u00dfer Sie haben diese Funktion deaktiviert. Folgen Sie einfach den Schritten um sicher zu stellen, dass alles richtig eingestellt ist.<br \/>\n1. Verbinden Sie das iPhone mit Ihrem Computer und starten Sie iTunes.<br \/>\n2. W\u00e4hlen Sie das iPhone vom &#8222;Info&#8220;-Tab.<br \/>\n3. Pr\u00fcfen Sie die &#8222;Kontakte synchronisieren&#8220; Option.<br \/>\n4. Passen Sie die Einstellung nach Ihren Vorstellungen an.<br \/>\n5. W\u00e4hlen Sie die &#8222;Back Up&#8220; Option aus.<\/p>\n<p>Jedoch k\u00f6nnte die abgeschlossene \u00dcbertragung der Kontakte von iPhone auf Mac mit iTunes nur der Anfang einer Menge Probleme sein.<\/p>\n<p>A. Laden Sie die gesichterten iPhone Kontakte auf Mac runter.<br \/>\nB. Importieren Sie die Kontakte vom iPhone auf mehr als einen Mac.<br \/>\nC. \u00dcbertragen Sie neue iPhone Kontakte auf Mac.<br \/>\nD. Warnungsnachricht f\u00fcr das Ersetzen der Kontakte.<\/p>\n<h2>Teil 2: Importieren der iPhone Kontakte auf Mac mit iCloud<\/h2>\n<p>Lernen Sie einen anderen Weg Ihr\u00a0iPhone auf dem Computer zu sichern kennen, der Ihnen die Synchronisierung der iPhone Kontakte automatisch ohne USB Kabel erm\u00f6glicht.<br \/>\n1. Starten Sie die &#8222;Einstellungen&#8220;-Anwendung.<br \/>\n2. Dr\u00fccken Sie die &#8222;iCloud&#8220; Option.<br \/>\n3. Geben Sie E-Mail und Passwort ein.<br \/>\n4. Schalten Sie das Ger\u00e4t f\u00fcr die Synchronisierung der iPhone Kontakt auf Mac an.<br \/>\n\u00c4hnlich wie bei der \u00dcbertragung der Kontakte vom iPhone auf Mac mit iTunes, stellt sich heraus, dass es einige Einschr\u00e4nkungen gibt.<\/p>\n<p>A. Probleme beim \u00a0iCloud backup Download<br \/>\nB. Keine Vorschau der Kontakte<br \/>\nC. Begrenzter Speicherplatz<br \/>\nD. M\u00f6glicherweise gehen einige iPhone Kontakte verloren.<\/p>\n<h2>Teil 3: Der beste Weg iPhone Kontakte auf Mac zu \u00fcbertragen<\/h2>\n<p>Bei den vorherigen Methoden um Kontakte vom iPhone auf Mac zu synchronisieren, ergeben sich Schwierigkeiten, z.B. durch begrenzten Speicherplatz.<br \/>\n<a href=\"http:\/\/www.tipard.de\/mac-iphone-transfer\/\">Tipard Mac iPhone Transfer Ultimate <\/a>ist die Software, die iPhone Kontakte mit nur wenigen Klicks auf Mac imporiert. Sehen Sie sich die \u00fcbertragen iPhone Kontakte vorher an und laden Sie diese ohne Begrenzungen runter.<\/p>\n<h2>Teil 4: Wie synchronisiere ich Kontakte vom iPhone einfach und bequem auf Mac<\/h2>\n<div class=\"article-steps\"><br \/>\n<div class=\"article-step\"><div class=\"context\"><h3><span class=\"stepShield\">Schritt 1<\/span>Verbinden Sie Ihr iPhone mit Tipard Mac iPhone Transfer Ultimate<\/h3>Stellen Sie sicher, dass Sie die Mac Version von der \u00a0offiziellen Tipard Webseite runterladen. Verbinden Sie Ihr iPhone wie auf dem Screenshot mit der Software. <\/div><img loading=\"lazy\" decoding=\"async\" width=\"400\" height=\"279\" src=\"https:\/\/www.tipard.de\/blog\/wp-content\/uploads\/2017\/05\/connect-iphone5s.jpg\" class=\"preview\" alt=\"Verbinden Sie Ihr iPhone mit Tipard Mac iPhone Transfer Ultimate\" srcset=\"https:\/\/www.tipard.de\/blog\/wp-content\/uploads\/2017\/05\/connect-iphone5s.jpg 400w, https:\/\/www.tipard.de\/blog\/wp-content\/uploads\/2017\/05\/connect-iphone5s-300x209.jpg 300w\" sizes=\"auto, (max-width: 400px) 100vw, 400px\" \/><\/div><br \/>\n<div class=\"article-step reverse\"><div class=\"context\"><h3><span class=\"stepShield\">Schritt 2<\/span>\u00dcbertragen Sie die Kontakte vom iPhone auf Mac<\/h3>A. Klicken Sie die &#8222;zum Ordner&#8220; Option, damit die Kontakte und andere Dateien vom iPhone auf Mac in den Zielordner \u00fcbertragen werden.<\/div><img loading=\"lazy\" decoding=\"async\" width=\"400\" height=\"443\" src=\"https:\/\/www.tipard.de\/blog\/wp-content\/uploads\/2017\/05\/copy-idevice-to-folder.jpg\" class=\"preview\" alt=\"\u00dcbertragen Sie die Kontakte vom iPhone auf Mac\" srcset=\"https:\/\/www.tipard.de\/blog\/wp-content\/uploads\/2017\/05\/copy-idevice-to-folder.jpg 400w, https:\/\/www.tipard.de\/blog\/wp-content\/uploads\/2017\/05\/copy-idevice-to-folder-271x300.jpg 271w\" sizes=\"auto, (max-width: 400px) 100vw, 400px\" \/><\/div><br \/>\n<div class=\"article-step reverse\"><div class=\"context\">B. Wenn Sie die iPhone Kontakte auf Mac oder Kontaktgruppen nur mit der Vorschauoption \u00fcbertragen wollen, k\u00f6nnen Sie die &#8222;Kontakt&#8220; Option nutzen, damit die Kontakte mit beliebiger Methode exportiert werden.<\/div><img loading=\"lazy\" decoding=\"async\" width=\"400\" height=\"284\" src=\"https:\/\/www.tipard.de\/blog\/wp-content\/uploads\/2017\/05\/export-contacts.jpg\" class=\"preview\" alt=\"\" srcset=\"https:\/\/www.tipard.de\/blog\/wp-content\/uploads\/2017\/05\/export-contacts.jpg 400w, https:\/\/www.tipard.de\/blog\/wp-content\/uploads\/2017\/05\/export-contacts-300x213.jpg 300w\" sizes=\"auto, (max-width: 400px) 100vw, 400px\" \/><\/div><br \/>\n<\/div>\n","protected":false},"excerpt":{"rendered":"<p>Sind Sie am verzweifeln mit den Methoden der Synchronisierung von Kontakten von iPhone auf Mac mit iTunes oder iCloud? Die einfachsten Wege f\u00fcr die Synchronisierung der Kontakte von iPhone auf Mac bietet Ihnen Tipard Mac iPhone Transfer Ultimate. Die erste Wahl f\u00fcr viele unserer Kunden! Teil 1: Importieren Sie Kontakte von iPhone auf Mac mit [&hellip;]<\/p>\n","protected":false},"author":1,"featured_media":0,"parent":0,"menu_order":0,"comment_status":"closed","ping_status":"closed","template":"","meta":{"footnotes":""},"class_list":["post-81","page","type-page","status-publish","hentry"],"_links":{"self":[{"href":"https:\/\/www.tipard.de\/blog\/wp-json\/wp\/v2\/pages\/81","targetHints":{"allow":["GET"]}}],"collection":[{"href":"https:\/\/www.tipard.de\/blog\/wp-json\/wp\/v2\/pages"}],"about":[{"href":"https:\/\/www.tipard.de\/blog\/wp-json\/wp\/v2\/types\/page"}],"author":[{"embeddable":true,"href":"https:\/\/www.tipard.de\/blog\/wp-json\/wp\/v2\/users\/1"}],"replies":[{"embeddable":true,"href":"https:\/\/www.tipard.de\/blog\/wp-json\/wp\/v2\/comments?post=81"}],"version-history":[{"count":10,"href":"https:\/\/www.tipard.de\/blog\/wp-json\/wp\/v2\/pages\/81\/revisions"}],"predecessor-version":[{"id":697,"href":"https:\/\/www.tipard.de\/blog\/wp-json\/wp\/v2\/pages\/81\/revisions\/697"}],"wp:attachment":[{"href":"https:\/\/www.tipard.de\/blog\/wp-json\/wp\/v2\/media?parent=81"}],"curies":[{"name":"wp","href":"https:\/\/api.w.org\/{rel}","templated":true}]}}