{"id":803,"date":"2017-08-24T13:44:40","date_gmt":"2017-08-24T13:44:40","guid":{"rendered":"http:\/\/www.tipard.de\/blog\/?page_id=803"},"modified":"2017-08-24T13:44:40","modified_gmt":"2017-08-24T13:44:40","slug":"wie-uebertrage-ich-ohne-itunes-musik-von-meinem-ipod-auf-den-computer","status":"publish","type":"page","link":"https:\/\/www.tipard.de\/blog\/wie-uebertrage-ich-ohne-itunes-musik-von-meinem-ipod-auf-den-computer\/","title":{"rendered":"Wie \u00fcbertrage ich ohne iTunes Musik von meinem iPod auf den Computer?"},"content":{"rendered":"<p><img loading=\"lazy\" decoding=\"async\" class=\"alignnone size-full wp-image-807\" src=\"http:\/\/www.tipard.de\/blog\/wp-content\/uploads\/2017\/08\/transfer-music-from-ipod-to-computer.jpg\" alt=\"\" width=\"600\" height=\"338\" srcset=\"https:\/\/www.tipard.de\/blog\/wp-content\/uploads\/2017\/08\/transfer-music-from-ipod-to-computer.jpg 600w, https:\/\/www.tipard.de\/blog\/wp-content\/uploads\/2017\/08\/transfer-music-from-ipod-to-computer-300x169.jpg 300w\" sizes=\"auto, (max-width: 600px) 100vw, 600px\" \/><\/p>\n<p>Wenn Sie Pech haben, k\u00f6nnen Ihrem Computer schreckliche Dinge zusto\u00dfen: Er k\u00f6nnte durch langj\u00e4hrige Nutzung kaputtgehen oder einen pl\u00f6tzlichen Schaden davontragen. Gl\u00fccklicherweise haben Sie Ihre Musik vorher mit iTunes synchronisiert und wollen Sie nun auf Ihren neuen PC \u00fcbertragen. Wenn Sie iTunes daf\u00fcr nutzen, Musik auf Ihren iPod zu \u00fcbertragen, wird alte Musik beim Synchronisieren \u00fcberschrieben. Deshalb ben\u00f6tigen Sie Methoden, welche es Ihnen erlauben, Musik auf den iPod zu \u00fcbertragen, ohne alte Inhalte zu entfernen. Denn diese finden Sie auf Ihrem PC, nachdem er kaputtgegangen ist, nicht mehr wieder.<\/p>\n<p>Lesen Sie diesen Artikel und finden Sie mehr \u00fcber einfache und kostenfreie Methoden heraus, Ihre Musik vom Computer auf den iPod oder vom iPod auf den Computer zu kopieren.<\/p>\n<h2>Wie \u00fcbertrage ich Musik von meinem iPod auf den Computer?<\/h2>\n<p>Um Musik sicher und einfach von Ihrem iPod auf den Computer zu \u00fcbertragen, empfehlen wir Ihnen das leicht verst\u00e4ndliche Programm \u201eTipard Music Transfer\u201c, welches als iTunes Alternative funktioniert und zus\u00e4tzlich \u00fcber vielf\u00e4ltigere Funktionen verf\u00fcgt.<\/p>\n<p>&nbsp;<\/p>\n<p>Achtung: Sie k\u00f6nnen das Programm f\u00fcr das \u00dcbertragen von Musik Ihres iPods auf den Computer nutzen, aber auch f\u00fcr den Transfer von Musik zwischen Ios-Ger\u00e4ten.<\/p>\n<div class=\"article-steps\"><br \/>\n<div class=\"article-step\"><div class=\"context noPreview\"><h3><span class=\"stepShield\">Schritt 1<\/span>Installieren Sie das Programm und verbinden Sie Ihren iPod mit dem Computer<\/h3> Zuerst m\u00fcssen Sie das Programm installieren und starten. Wenn Sie Ihren iPod per USB-Kabel mit dem PC verbinden, entdeckt das Programm Ihr Ger\u00e4t automatisch. <\/div><\/div><br \/>\n<div class=\"article-step\"><div class=\"context noPreview\"><h3><span class=\"stepShield\">Schritt 2<\/span>\u00dcbertragen Sie schnell und einfach Musik von Ihrem iPod auf den Computer<\/h3> Um Musik und Playlists von Ihrem iPod auf den Computer zu \u00fcbertragen, klicken Sie auf \u201eMedien\u201c und w\u00e4hlen Sie die Musik aus, die Sie gerne auf Ihrem PC haben wollen. Dann m\u00fcssen Sie auf \u201eExportieren nach\u201c klicken und im Drop-Down-Men\u00fc \u201eExportieren nach PC\u201c ausw\u00e4hlen. Im auftauchenden Dateifenster liegt es nun an Ihnen, sich f\u00fcr einen Speicherort auf dem PC zu entscheiden. <\/div><\/div><br \/>\n<\/div>\n<p>&nbsp;<\/p>\n<p><img loading=\"lazy\" decoding=\"async\" class=\"size-full wp-image-804 alignleft\" src=\"http:\/\/www.tipard.de\/blog\/wp-content\/uploads\/2017\/08\/connect-ipod.jpg\" alt=\"\" width=\"400\" height=\"268\" srcset=\"https:\/\/www.tipard.de\/blog\/wp-content\/uploads\/2017\/08\/connect-ipod.jpg 400w, https:\/\/www.tipard.de\/blog\/wp-content\/uploads\/2017\/08\/connect-ipod-300x201.jpg 300w\" sizes=\"auto, (max-width: 400px) 100vw, 400px\" \/><\/p>\n<p><img loading=\"lazy\" decoding=\"async\" class=\"alignnone size-full wp-image-805\" src=\"http:\/\/www.tipard.de\/blog\/wp-content\/uploads\/2017\/08\/export-pc.jpg\" alt=\"\" width=\"400\" height=\"268\" srcset=\"https:\/\/www.tipard.de\/blog\/wp-content\/uploads\/2017\/08\/export-pc.jpg 400w, https:\/\/www.tipard.de\/blog\/wp-content\/uploads\/2017\/08\/export-pc-300x201.jpg 300w\" sizes=\"auto, (max-width: 400px) 100vw, 400px\" \/><\/p>\n<h2>Wie\u00a0\u00fcbertrage ich Musik von meinem PC auf den iPod?<\/h2>\n<p>Mehr als 300 Millionen iPods wurden weltweit verkauft und in\u00a0der USA dominiert der iPod auf dem Markt f\u00fcr MP3-Player. Mit ihm k\u00f6nnen Sie \u00fcberall und jederzeit die Musik h\u00f6ren, auf die sie gerade Lust haben. Doch bevor das m\u00f6glich ist, m\u00fcssen Sie die gew\u00fcnschten Titel erst auf den iPod \u00fcbertragen. Wie das mit \u201eTipard Music Transfer\u201c funktioniert, finden Sie im Folgenden heraus.<\/p>\n<div class=\"article-steps\"><br \/>\n<div class=\"article-step\"><div class=\"context noPreview\"><h3><span class=\"stepShield\">Schritt 1<\/span>Installieren und starten Sie das Programm.<\/h3> Zuerst m\u00fcssen Sie das Programm installieren und starten. Wenn Sie Ihren iPod per USB-Kabel mit dem PC verbinden, entdeckt das Programm Ihr Ger\u00e4t automatisch. <\/div><\/div><br \/>\n<div class=\"article-step\"><div class=\"context noPreview\"><h3><span class=\"stepShield\">Schritt 2<\/span>\u00dcbertragen Sie Musik vom Computer auf den iPod<\/h3> W\u00e4hlen Sie, nach dem Klicken auf \u201eMedien\u201c, die Musik aus, die Sie \u00fcbertragen m\u00f6chten. Klicken Sie auf \u201eHinzuf\u00fcgen\u201c, w\u00e4hlen Sie die Datei oder den Ordner aus und schon k\u00f6nnen Sie die Musik auch auf Ihrem iPod finden. <\/div><\/div><br \/>\n<\/div>\n<p>&nbsp;<\/p>\n<p><img loading=\"lazy\" decoding=\"async\" class=\"alignnone size-full wp-image-808\" src=\"http:\/\/www.tipard.de\/blog\/wp-content\/uploads\/2017\/08\/transfer-step-interface.jpg\" alt=\"\" width=\"400\" height=\"268\" srcset=\"https:\/\/www.tipard.de\/blog\/wp-content\/uploads\/2017\/08\/transfer-step-interface.jpg 400w, https:\/\/www.tipard.de\/blog\/wp-content\/uploads\/2017\/08\/transfer-step-interface-300x201.jpg 300w\" sizes=\"auto, (max-width: 400px) 100vw, 400px\" \/>\u00a0<img loading=\"lazy\" decoding=\"async\" class=\"alignnone wp-image-806\" src=\"http:\/\/www.tipard.de\/blog\/wp-content\/uploads\/2017\/08\/music-from-computer-ipod.jpg\" alt=\"\" width=\"409\" height=\"274\" srcset=\"https:\/\/www.tipard.de\/blog\/wp-content\/uploads\/2017\/08\/music-from-computer-ipod.jpg 500w, https:\/\/www.tipard.de\/blog\/wp-content\/uploads\/2017\/08\/music-from-computer-ipod-300x201.jpg 300w\" sizes=\"auto, (max-width: 409px) 100vw, 409px\" \/><\/p>\n","protected":false},"excerpt":{"rendered":"<p>Wenn Sie Pech haben, k\u00f6nnen Ihrem Computer schreckliche Dinge zusto\u00dfen: Er k\u00f6nnte durch langj\u00e4hrige Nutzung kaputtgehen oder einen pl\u00f6tzlichen Schaden davontragen. Gl\u00fccklicherweise haben Sie Ihre Musik vorher mit iTunes synchronisiert und wollen Sie nun auf Ihren neuen PC \u00fcbertragen. Wenn Sie iTunes daf\u00fcr nutzen, Musik auf Ihren iPod zu \u00fcbertragen, wird alte Musik beim Synchronisieren [&hellip;]<\/p>\n","protected":false},"author":1,"featured_media":0,"parent":0,"menu_order":0,"comment_status":"closed","ping_status":"closed","template":"","meta":{"footnotes":""},"class_list":["post-803","page","type-page","status-publish","hentry"],"_links":{"self":[{"href":"https:\/\/www.tipard.de\/blog\/wp-json\/wp\/v2\/pages\/803","targetHints":{"allow":["GET"]}}],"collection":[{"href":"https:\/\/www.tipard.de\/blog\/wp-json\/wp\/v2\/pages"}],"about":[{"href":"https:\/\/www.tipard.de\/blog\/wp-json\/wp\/v2\/types\/page"}],"author":[{"embeddable":true,"href":"https:\/\/www.tipard.de\/blog\/wp-json\/wp\/v2\/users\/1"}],"replies":[{"embeddable":true,"href":"https:\/\/www.tipard.de\/blog\/wp-json\/wp\/v2\/comments?post=803"}],"version-history":[{"count":1,"href":"https:\/\/www.tipard.de\/blog\/wp-json\/wp\/v2\/pages\/803\/revisions"}],"predecessor-version":[{"id":809,"href":"https:\/\/www.tipard.de\/blog\/wp-json\/wp\/v2\/pages\/803\/revisions\/809"}],"wp:attachment":[{"href":"https:\/\/www.tipard.de\/blog\/wp-json\/wp\/v2\/media?parent=803"}],"curies":[{"name":"wp","href":"https:\/\/api.w.org\/{rel}","templated":true}]}}