{"id":787,"date":"2017-08-24T12:47:28","date_gmt":"2017-08-24T12:47:28","guid":{"rendered":"http:\/\/www.tipard.de\/blog\/?page_id=787"},"modified":"2017-08-24T12:48:45","modified_gmt":"2017-08-24T12:48:45","slug":"wie-fuege-ich-meinem-ipod-ohne-itunes-musik-hinzu","status":"publish","type":"page","link":"https:\/\/www.tipard.de\/blog\/wie-fuege-ich-meinem-ipod-ohne-itunes-musik-hinzu\/","title":{"rendered":"Wie f\u00fcge ich meinem iPod ohne iTunes Musik hinzu?"},"content":{"rendered":"<p><img loading=\"lazy\" decoding=\"async\" class=\"alignnone size-full wp-image-788\" src=\"http:\/\/www.tipard.de\/blog\/wp-content\/uploads\/2017\/08\/65.1.jpg\" alt=\"\" width=\"600\" height=\"338\" srcset=\"https:\/\/www.tipard.de\/blog\/wp-content\/uploads\/2017\/08\/65.1.jpg 600w, https:\/\/www.tipard.de\/blog\/wp-content\/uploads\/2017\/08\/65.1-300x169.jpg 300w\" sizes=\"auto, (max-width: 600px) 100vw, 600px\" \/><\/p>\n<p>Der iPod\u00a0ist ein beliebter Musik-Player, der trotz seiner geringen Gr\u00f6\u00dfe \u00fcber 500 Lieder speichern kann. Wenn Sie Musik hinzuf\u00fcgen wollen, k\u00f6nnen Sie nat\u00fcrlich iTunes mit Ihrem iPod synchronisieren. Leider gehen so \u00e4ltere Songs auf Ihrem iPod verloren. Deshalb fragen Sie sich wahrscheinlich, wie Sie Ihrem Ger\u00e4t Musik ohne iTunes hinzuf\u00fcgen und damit alte Titel beibehalten k\u00f6nnen.<\/p>\n<p>Wenn iTunes Synchronisationsfunktion seine Aufgabe nicht erf\u00fcllt, wie sollen Sie dann Musik zu Ihrem iPod hinzuf\u00fcgen? Keine Sorge, wir stellen Ihnen einfache und kostenlose Wege vor, Musik auf Ihr Ger\u00e4t zu \u00fcbertragen, ohne auf iTunes zur\u00fcckgreifen zu m\u00fcssen.<\/p>\n<p>&nbsp;<\/p>\n<h2> Wie \u00fcbertrage ich Musik (\u00fcber Windows und Mac) ohne iTunes auf meinen iPod? <\/h2>\n<p>Um Musik ohne iTunes sicher und einfach zu \u00fcbertragen, k\u00f6nnen Sie \u201eiPod Music Transfer\u201c nutzen. Es handelt sich um ein Programm, das es Ihnen erlaubt, ihre Musik ohne iTunes zu verwalten. Es handelt sich um eine optimale iTunes Alternative und ist zus\u00e4tzlich viel leistungsf\u00e4higer. Es kann au\u00dferdem daf\u00fcr genutzt werden, Daten zwischen iPhone\/iPod\/iPad und Ihrem Computer zu verschieben oder um Musik Ihres iPods auf iTunes zu \u00fcbertragen. Der Vorteil: Die Musik Ihres iPods wird nach der Synchronisation mit dieser Software nicht gel\u00f6scht! Nur durch ein paar Klicks erlangen Sie viel Kontrolle \u00fcber Ihre Musik und k\u00f6nne diese beliebig \u00fcbertragen.<\/p>\n<p>&nbsp;<\/p>\n<h2> Schritt-f\u00fcr-Schritt Anleitung: Wie importiere ich Musik ohne iTunes? <\/h2>\n<div class=\"article-steps\"><br \/>\n<div class=\"article-step\"><div class=\"context noPreview\"><h3><span class=\"stepShield\">Schritt 1<\/span>Starten Sie die Alternativanwendung und verbinden Sie ihren iPod mit dem Computer<\/h3> Starten Sie das Programm und nutzen Sie ein USB-Kabel, um Ihren iPod mit dem Computer zu verbinden. Wenn Sie Musik ohne iTunes \u00fcbertragen wollen, m\u00fcssen Sie nur iDevice verbinden. Nach der Verbindung beginnt das Programm den Scan Ihres iPods und zeigt Ihnen Informationen zum Ger\u00e4t auf. <\/div><\/div><br \/>\n<div class=\"article-step\"><div class=\"context noPreview\"><h3><span class=\"stepShield\">Schritt 2<\/span>Wie synchronisiere ich Musik ohne iTunes?<\/h3> Wenn Sie Ihren iPod mit der Software verbinden, zeigt es Ihnen Medien, Playlists, Fotos und andere Daten Ihres Ger\u00e4tes an. Klicken Sie auf \u201eMusik\u201c, sodass Ihnen alle Musik auf dem iPod angezeigt wird. W\u00e4hlen Sie \u201eHinzuf\u00fcgen\u201c aus um Titel auszuw\u00e4hlen, die Se auf den iPod \u00fcbertragen wollen.<br \/>\nWenn Sie alle Schritte erledigt haben, wurden die Lieder ihrem iPod hinzugef\u00fcgt. Mit der Hilfe von \u201eiPod Music Transfer\u201c k\u00f6nnen Sie kostenlose Musik ohne iTunes und andere beschwerliche Methoden hinzuf\u00fcgen.<br \/>\nDas Hinzuf\u00fcgen von Musik ohne iTunes ist nur eines der Funktionen von <a href=\"http:\/\/www.tipard.de\/iphone-transfer\/\">\u201eiPod Music Transfer\u201c<\/a>. Mit diesem Verwaltungsprogramm k\u00f6nnen Sie den iPod mit iTunes synchronisieren, Musik von Ihrem iTunes auf den Computer \u00fcbertragen und vieles mehr. <\/div><\/div><br \/>\n<\/div>\n<p>&nbsp;<\/p>\n<p>&nbsp;<\/p>\n<p><img loading=\"lazy\" decoding=\"async\" class=\"size-full wp-image-789 alignleft\" src=\"http:\/\/www.tipard.de\/blog\/wp-content\/uploads\/2017\/08\/65.2.jpg\" alt=\"\" width=\"400\" height=\"268\" srcset=\"https:\/\/www.tipard.de\/blog\/wp-content\/uploads\/2017\/08\/65.2.jpg 400w, https:\/\/www.tipard.de\/blog\/wp-content\/uploads\/2017\/08\/65.2-300x201.jpg 300w\" sizes=\"auto, (max-width: 400px) 100vw, 400px\" \/>\u00a0 \u00a0\u00a0<img loading=\"lazy\" decoding=\"async\" class=\"alignnone size-full wp-image-790\" src=\"http:\/\/www.tipard.de\/blog\/wp-content\/uploads\/2017\/08\/65.3.jpg\" alt=\"\" width=\"400\" height=\"268\" srcset=\"https:\/\/www.tipard.de\/blog\/wp-content\/uploads\/2017\/08\/65.3.jpg 400w, https:\/\/www.tipard.de\/blog\/wp-content\/uploads\/2017\/08\/65.3-300x201.jpg 300w\" sizes=\"auto, (max-width: 400px) 100vw, 400px\" \/><\/p>\n","protected":false},"excerpt":{"rendered":"<p>Der iPod\u00a0ist ein beliebter Musik-Player, der trotz seiner geringen Gr\u00f6\u00dfe \u00fcber 500 Lieder speichern kann. Wenn Sie Musik hinzuf\u00fcgen wollen, k\u00f6nnen Sie nat\u00fcrlich iTunes mit Ihrem iPod synchronisieren. Leider gehen so \u00e4ltere Songs auf Ihrem iPod verloren. Deshalb fragen Sie sich wahrscheinlich, wie Sie Ihrem Ger\u00e4t Musik ohne iTunes hinzuf\u00fcgen und damit alte Titel beibehalten [&hellip;]<\/p>\n","protected":false},"author":1,"featured_media":0,"parent":0,"menu_order":0,"comment_status":"closed","ping_status":"closed","template":"","meta":{"footnotes":""},"class_list":["post-787","page","type-page","status-publish","hentry"],"_links":{"self":[{"href":"https:\/\/www.tipard.de\/blog\/wp-json\/wp\/v2\/pages\/787","targetHints":{"allow":["GET"]}}],"collection":[{"href":"https:\/\/www.tipard.de\/blog\/wp-json\/wp\/v2\/pages"}],"about":[{"href":"https:\/\/www.tipard.de\/blog\/wp-json\/wp\/v2\/types\/page"}],"author":[{"embeddable":true,"href":"https:\/\/www.tipard.de\/blog\/wp-json\/wp\/v2\/users\/1"}],"replies":[{"embeddable":true,"href":"https:\/\/www.tipard.de\/blog\/wp-json\/wp\/v2\/comments?post=787"}],"version-history":[{"count":2,"href":"https:\/\/www.tipard.de\/blog\/wp-json\/wp\/v2\/pages\/787\/revisions"}],"predecessor-version":[{"id":792,"href":"https:\/\/www.tipard.de\/blog\/wp-json\/wp\/v2\/pages\/787\/revisions\/792"}],"wp:attachment":[{"href":"https:\/\/www.tipard.de\/blog\/wp-json\/wp\/v2\/media?parent=787"}],"curies":[{"name":"wp","href":"https:\/\/api.w.org\/{rel}","templated":true}]}}