{"id":743,"date":"2017-08-23T22:50:32","date_gmt":"2017-08-23T22:50:32","guid":{"rendered":"http:\/\/www.tipard.de\/blog\/?page_id=743"},"modified":"2017-08-24T11:57:03","modified_gmt":"2017-08-24T11:57:03","slug":"wie-sie-text-nachrichten-vom-alten-iphone-auf-ein-neues-iphone-7-uebertragen","status":"publish","type":"page","link":"https:\/\/www.tipard.de\/blog\/wie-sie-text-nachrichten-vom-alten-iphone-auf-ein-neues-iphone-7-uebertragen\/","title":{"rendered":"Wie Sie Textnachrichten vom alten iPhone auf ein neues iPhone 7 \u00fcbertragen"},"content":{"rendered":"<p><img loading=\"lazy\" decoding=\"async\" class=\"alignnone size-full wp-image-754\" src=\"http:\/\/www.tipard.de\/blog\/wp-content\/uploads\/2017\/08\/transfer-text-messages.jpg\" alt=\"\" width=\"600\" height=\"338\" srcset=\"https:\/\/www.tipard.de\/blog\/wp-content\/uploads\/2017\/08\/transfer-text-messages.jpg 600w, https:\/\/www.tipard.de\/blog\/wp-content\/uploads\/2017\/08\/transfer-text-messages-300x169.jpg 300w\" sizes=\"auto, (max-width: 600px) 100vw, 600px\" \/><br \/>\nViele Apple Benutzer kaufen die neuste iPhone Version, um die tollen Features und Funktionen auszuprobieren. Jedoch gehen bei dem Wechsel oft wichtige Textnachrichten, iMessages oder SMS, die auf dem alten iPhone gespeichert sind, verloren. Wie man Textnachrichten vom iPhone zum iPhone 7 \u00fcbertragt wird f\u00fcr viele Benutzer ein herausstechendes Problem. In diesem Artikel zeigen wir Ihnen, wie Sie genau diese Nachrichten in nur wenigen Schritten von einem iPhone auf ein anderes \u00fcbertragen.<br \/>\nTeil 1. iCloud \u2013 synchronisieren Sie SMS von iPhone zu iPhone<br \/>\nTeil 2. iTunes \u2013 \u00fcbertragen Sie Text Nachrichten von einem iPhone auf das andere<br \/>\nTeil 3. Tipard iPhone Transfer \u2013 kopieren Sie Nachrichten von iPhone zu iPhone<\/p>\n<h2>Part 1. iCloud \u2013 synchronisieren Sie SMS von iPhone zu iPhone<\/h2>\n<p>iCloud ist die beste M\u00f6glichkeit, um Backups von iPhone Dateien zu erstellen. Text Nachrichten sind in diesem Backup erhalten, sodass Sie iCloud daf\u00fcr benutzen k\u00f6nnen Text Nachrichten von einem iPhone auf das andere zu synchronisieren. Mit der folgenden Methode stellen Sie die Nachrichten dann auf dem neuen iPhone wieder her.<br \/>\n<img loading=\"lazy\" decoding=\"async\" class=\"alignnone size-full wp-image-749\" src=\"http:\/\/www.tipard.de\/blog\/wp-content\/uploads\/2017\/08\/icloud-back-up.jpg\" alt=\"\" width=\"600\" height=\"374\" srcset=\"https:\/\/www.tipard.de\/blog\/wp-content\/uploads\/2017\/08\/icloud-back-up.jpg 600w, https:\/\/www.tipard.de\/blog\/wp-content\/uploads\/2017\/08\/icloud-back-up-300x187.jpg 300w\" sizes=\"auto, (max-width: 600px) 100vw, 600px\" \/><br \/>\n1. Loggen Sie sich in der iCloud mit Ihrer Apple ID auf dem alten iPhone an, gehen Sie zur iCloud und dann zu Einstellungen.<br \/>\n2. Klicken sie auf die Backup Option und dr\u00fccken Jetzt Backup erstellen, um die Daten des iPhones in der iCloud zu speichern.<br \/>\n3. Nach dem Backup k\u00f6nnen Sie sich an Ihrem neuen iPhone in der iCloud mit derselben Apple ID anmelden.<br \/>\n4. W\u00e4hlen Sie die Option Aus dem iCloud Backup wiederherstellen aus, um die Daten aus der iCloud herunterzuladen.<br \/>\nWenn der Vorgang beendet ist zeigt Ihr neues iPhone all die Nachrichten Ihres alten an, sowie auch Apps, Fotos, Emails und andere App Daten.<\/p>\n<h2>Teil 2. iTunes \u2013 Text Nachrichten von einem iPhone aufs andere \u00fcbertragen<\/h2>\n<p>iTunes ist eine weitere L\u00f6sung, um Text Nachrichten zwischen zwei iPhones zu \u00fcbertragen. Wenn Sie zwei iPhones per USB mit iTunes verbinden, k\u00f6nnen Sie Nachrichten, iMessages oder SMS vom alten iPhone auf das neue \u00fcbertragen. Folgen Sie einfach diesen Schritten, um Ihre gew\u00fcnschten Nachrichten zu erhalten.<br \/>\n<img loading=\"lazy\" decoding=\"async\" class=\"alignnone size-full wp-image-750\" src=\"http:\/\/www.tipard.de\/blog\/wp-content\/uploads\/2017\/08\/recover-from-itunes.jpg\" alt=\"\" width=\"600\" height=\"381\" srcset=\"https:\/\/www.tipard.de\/blog\/wp-content\/uploads\/2017\/08\/recover-from-itunes.jpg 600w, https:\/\/www.tipard.de\/blog\/wp-content\/uploads\/2017\/08\/recover-from-itunes-300x191.jpg 300w\" sizes=\"auto, (max-width: 600px) 100vw, 600px\" \/><br \/>\n1. Bevor Sie Textnachrichten von einem iPhone aufs andere \u00fcbertragen, stellen Sie sicher ein Backup der Nachrichten bei iTunes gemacht zu haben.<br \/>\n2. Verbinden Sie Ihr neues iPhone via USB Kabel mit dem Computer und entsperren es.<br \/>\n3. Wenn iTunes das neue iPhone erkennt klicken Sie Von iTunes Backup wiederherstellen, um die Backup Nachrichten zu \u00fcbertragen.<br \/>\n4. Loggen Sie sich mit Ihrer Apple ID und Passwort ein und w\u00e4hlen die Backup Dateien aus, um das Exportieren der Textnachrichten zu starten.<br \/>\n5. Nachdem der Vorgang beendet ist startet das iPhone neu. Anschlie\u00dfend sehen Sie alle Nachrichten auf Ihrem neuen iPhone.<br \/>\nWenn Sie Text Nachrichten von einem iPhone auf das andere \u00fcbertragen k\u00f6nnen Sie sich die gew\u00fcnschten Dateien nicht vorher ansehen. Sie m\u00fcssen alle Dateien \u00fcbertragen, selbst solche, die f\u00fcr Sie vielleicht nicht notwendig sind.<\/p>\n<h2>Teil 3. Tipard iPhone Transfer \u2013 kopieren Sie Nachrichten von einem iPhone auf das Andere<\/h2>\n<p>Wie Sie sehen ben\u00f6tigt es eine gewisse Zeit, um die Daten via iCloud oder iTunes herunterzuladen, besonders da Sie vorher ein Backup erstellen m\u00fcssen. Au\u00dferdem werden nicht nur Text Nachrichten sondern auch alle anderen Daten \u00fcbertragen werden. Wenn Sie nur Text Nachrichten \u00fcbertragen m\u00f6chten ist <a href=\"http:\/\/www.tipard.de\/iphone-transfer\/\">Tipard iPhone Transfer<\/a> eine excellente L\u00f6sung. Erfahren Sie hier mehr \u00fcber dieses brilliante Tool.<br \/>\n<img loading=\"lazy\" decoding=\"async\" class=\"alignnone size-full wp-image-751\" src=\"http:\/\/www.tipard.de\/blog\/wp-content\/uploads\/2017\/08\/tp-iphone-transfer.jpg\" alt=\"\" width=\"600\" height=\"402\" srcset=\"https:\/\/www.tipard.de\/blog\/wp-content\/uploads\/2017\/08\/tp-iphone-transfer.jpg 600w, https:\/\/www.tipard.de\/blog\/wp-content\/uploads\/2017\/08\/tp-iphone-transfer-300x201.jpg 300w\" sizes=\"auto, (max-width: 600px) 100vw, 600px\" \/><br \/>\n1. Tipard iPhone Transfer ist einer der besten iPhone Daten \u00dcbertrager, mit dem Sie Text Nachrichten von iPhone zu iPhone, Windows oder Mac mit nur einem Klick \u00fcbertragen k\u00f6nnen.<br \/>\n2. Die L\u00f6sung unterst\u00fctzt nicht nur Text Nachrichten, iMessage, SMS, Videodateien, Fotos, sondern auch PDF Dateien und fast alle anderen Dateien des iPhone.<br \/>\n3. Die Applikation erlaubt es Ihnen iOS Dateien schnell und einfach am PC zu verwalten. Sie k\u00f6nnen zum Beispiel Fotos und Lieder in Alben einordnen oder neue Playlisten erstellen.<br \/>\n4. Au\u00dferem k\u00f6nnen Sie von Dateien vom iPhone oder anderen iGer\u00e4t auf dem Computer spielend leicht ein Backup erstellen. Die originalen Dateien werden dabei nicht von Ihrem iGer\u00e4t gel\u00f6scht.<br \/>\n5. Die L\u00f6sung hilft Usern au\u00dferdem dabei Daten wiederherzustellen, die Sie auf Ihr Ger\u00e4t \u00fcbertragen haben.<br \/>\n6. Die L\u00f6sung unterst\u00fctzt sowohl Mac als auch Windows. Sie k\u00f6nnen Sie benutzen, um jegliche iGer\u00e4te mit iOS 6.0 oder h\u00f6her zu \u00fcbertragen.<\/p>\n<h3>Wie Sie Text Nachrichten von iPhone zu iPhone \u00fcbertragen<\/h3>\n<p>Bevor Sie Text Nachrichten von iPhone zu iPhone \u00fcbertragen sollten Sie Tipard iPhone Transfer auf Ihrem Computer installieren. Die L\u00f6sung unterst\u00fctzt Windows und Mac, also installieren Sie die Version, die auf Ihr Betriebssystem passt.<br \/>\n1. Sobald Sie Tipard iPhone Transfer installiert haben \u00f6ffnen Sie es und verbinden zwei iPhones mit dem Computer. Stellen Sie sicher, dass der Computer beide Ger\u00e4te erkennen kann.<br \/>\n<img loading=\"lazy\" decoding=\"async\" class=\"alignnone size-full wp-image-748\" src=\"http:\/\/www.tipard.de\/blog\/wp-content\/uploads\/2017\/08\/connect-iphone.jpg\" alt=\"\" width=\"600\" height=\"402\" srcset=\"https:\/\/www.tipard.de\/blog\/wp-content\/uploads\/2017\/08\/connect-iphone.jpg 600w, https:\/\/www.tipard.de\/blog\/wp-content\/uploads\/2017\/08\/connect-iphone-300x201.jpg 300w\" sizes=\"auto, (max-width: 600px) 100vw, 600px\" \/><br \/>\n2. Die L\u00f6sung erkennt Ihre beiden iPhones automatisch und zeigt Sie anschlie\u00dfend im Men\u00fc an.<br \/>\n3. Anschlie\u00dfend k\u00f6nnen Sie SMS aus dem linken Men\u00fc von Tipard iPhone Transfer ausw\u00e4hlen. W\u00e4hlen Sie alle Nachrichten oder nur den Teil aus, den Sie auf Ihr neues Ger\u00e4t \u00fcbertragen m\u00f6chten.<br \/>\n<img loading=\"lazy\" decoding=\"async\" class=\"alignnone size-full wp-image-752\" src=\"http:\/\/www.tipard.de\/blog\/wp-content\/uploads\/2017\/08\/transfer-sms.jpg\" alt=\"\" width=\"600\" height=\"402\" srcset=\"https:\/\/www.tipard.de\/blog\/wp-content\/uploads\/2017\/08\/transfer-sms.jpg 600w, https:\/\/www.tipard.de\/blog\/wp-content\/uploads\/2017\/08\/transfer-sms-300x201.jpg 300w\" sizes=\"auto, (max-width: 600px) 100vw, 600px\" \/><br \/>\n4. Gehen Sie zur oberen Men\u00fcleiste und Klicken Exportieren nach und w\u00e4hlen den Namen Ihres Ger\u00e4tes aus, auf welches Sie die Dateien \u00fcbertragen wollen. Die \u00dcbertragung startet automatisch.<br \/>\n5. Sie k\u00f6nnen die Text Nachrichten nach einigen Sekunden lesen. Der Vorgang dauert eine gewisse Zeit, je nach Menge der Daten, aber Sie sollten w\u00e4hrend der \u00dcbertragung keines der beiden iPhones vom Computer trennen.<br \/>\nWenn es das erste Mal ist, dass Sie Ihr iPhone mit dem Computer verbinden, warden Sie gefragt ob Sie der Verbindung vertrauen k\u00f6nnen. Klicken Sie auf Ja, um fortzufahren. Tipard iPhone Transfer ist nicht nur ein n\u00fctzlicher\u00dcbertrager f\u00fcr Text Nachrichten, sondern hat noch viele weitere Funktionen. Sie k\u00f6nnen zum Besipiel unbegrenzt Dateien von iPhone zu iPhone \u00fcbertragen, darunter Email, Musik, Videos, Fotos, Kontakte und andere Dateien.<\/p>\n<h3>Zusammenfassung<\/h3>\n<p>Wie Sie sehen, k\u00f6nnen die L\u00f6sungen die Apple f\u00fcr iPhone Benutzer zur Verf\u00fcgung stellen dabei helfen Text Nachrichten zusammen mit anderen Daten zwischen zwei iPhones zu \u00fcbertragen. Benutzer k\u00f6nnen jedoch nicht entscheiden welche Dateien Sie \u00fcbertragen m\u00f6chten. Tipard iPhone Transfer bietet Ihnen neben Apple weitere tolle Funktionen an: Sie k\u00f6nnen zum Beispiel Text Nachrichten \u00fcbertragen und Ihr iPhone komplett verwalten. W\u00e4hlen Sie einfach die Methode aus, die f\u00fcr Sie am passendsten ist. Falls Sie noch Fragen haben k\u00f6nnen Sie sich gerne bei uns melden.<\/p>\n","protected":false},"excerpt":{"rendered":"<p>Viele Apple Benutzer kaufen die neuste iPhone Version, um die tollen Features und Funktionen auszuprobieren. Jedoch gehen bei dem Wechsel oft wichtige Textnachrichten, iMessages oder SMS, die auf dem alten iPhone gespeichert sind, verloren. Wie man Textnachrichten vom iPhone zum iPhone 7 \u00fcbertragt wird f\u00fcr viele Benutzer ein herausstechendes Problem. In diesem Artikel zeigen wir [&hellip;]<\/p>\n","protected":false},"author":1,"featured_media":0,"parent":0,"menu_order":0,"comment_status":"closed","ping_status":"closed","template":"","meta":{"footnotes":""},"class_list":["post-743","page","type-page","status-publish","hentry"],"_links":{"self":[{"href":"https:\/\/www.tipard.de\/blog\/wp-json\/wp\/v2\/pages\/743","targetHints":{"allow":["GET"]}}],"collection":[{"href":"https:\/\/www.tipard.de\/blog\/wp-json\/wp\/v2\/pages"}],"about":[{"href":"https:\/\/www.tipard.de\/blog\/wp-json\/wp\/v2\/types\/page"}],"author":[{"embeddable":true,"href":"https:\/\/www.tipard.de\/blog\/wp-json\/wp\/v2\/users\/1"}],"replies":[{"embeddable":true,"href":"https:\/\/www.tipard.de\/blog\/wp-json\/wp\/v2\/comments?post=743"}],"version-history":[{"count":11,"href":"https:\/\/www.tipard.de\/blog\/wp-json\/wp\/v2\/pages\/743\/revisions"}],"predecessor-version":[{"id":774,"href":"https:\/\/www.tipard.de\/blog\/wp-json\/wp\/v2\/pages\/743\/revisions\/774"}],"wp:attachment":[{"href":"https:\/\/www.tipard.de\/blog\/wp-json\/wp\/v2\/media?parent=743"}],"curies":[{"name":"wp","href":"https:\/\/api.w.org\/{rel}","templated":true}]}}