{"id":739,"date":"2017-08-21T13:48:43","date_gmt":"2017-08-21T13:48:43","guid":{"rendered":"http:\/\/www.tipard.de\/blog\/?page_id=739"},"modified":"2017-08-24T12:02:12","modified_gmt":"2017-08-24T12:02:12","slug":"wie-uebertrage-ich-am-einfachsten-musik-von-meinem-iphone-auf-den-mac","status":"publish","type":"page","link":"https:\/\/www.tipard.de\/blog\/wie-uebertrage-ich-am-einfachsten-musik-von-meinem-iphone-auf-den-mac\/","title":{"rendered":"Wie \u00fcbertrage ich am einfachsten Musik von meinem iPhone auf den Mac?"},"content":{"rendered":"<p><img loading=\"lazy\" decoding=\"async\" class=\"alignnone size-full wp-image-740\" src=\"http:\/\/www.tipard.de\/blog\/wp-content\/uploads\/2017\/08\/63.1.jpg\" alt=\"\" width=\"696\" height=\"338\" srcset=\"https:\/\/www.tipard.de\/blog\/wp-content\/uploads\/2017\/08\/63.1.jpg 696w, https:\/\/www.tipard.de\/blog\/wp-content\/uploads\/2017\/08\/63.1-300x146.jpg 300w\" sizes=\"auto, (max-width: 696px) 100vw, 696px\" \/><\/p>\n<p>\u201eIch habe einen neuen Mac gekauft und m\u00f6chte nun meine gesamte Musik meines iPhone 6 auf das MacBook Pro \u00fcbertragen. Wie erledige ich das am einfachsten?\u201c \u2013 Diese Frage ist von Apple Communities.<\/p>\n<p>\u201eIch habe Angst, Dateien zu verlieren. Deshalb m\u00f6chte ich ein Backup meines iPhones machen. Mein Ansatz w\u00e4re es, die Musik auf meinem iPhone auf den Mac zu \u00fcbertragen. So behalte ich die Lieder sowohl auf meinem Computer als auch meinem Handy. Falls die Daten auf einem von beidem verloren gehen, bleibt mir trotzdem ein Backup. Jetzt brauche ich den schnellsten Weg, Musik von meinem iPhone auf den Mac zu \u00fcbertragen.\u201c<\/p>\n<h3>Tipps:<\/h3>\n<p>Wenn Sie einen Windows Computer besitzen oder wenn Sie Musik von Ihrem Mac auf das iPhone \u00fcbertragen wollen, sollten Sie die Anleitung dazu lesen, wie man Musik auf ein iPhone \u00fcbertragt. Au\u00dferdem k\u00f6nnten Sie Interesse daran haben, wie man Musik zwischen iPod und Computer verschiebt.<\/p>\n<p>Wie wir alle wissen blockt iTunes die \u00dcbertragung von Musik von Ihrem iPhone auf den Mac. Deshalb kann man sich nicht auf iTunes verlassen, wenn es darum geht, nicht-gekaufte \u2013 gerippte CDs eingeschlossen \u2013 und durch eine App oder Website heruntergeladene Titel auf den Mac zu \u00fcbertragen. Wenn Sie nun nach einem kostenlosen Weg suchen, Ihre nicht-gekaufte Musik von Ihrem iPhone auf den Mac zu \u00fcbertragen, sollten Sie die unten aufgef\u00fchrten Programme ausprobieren.<\/p>\n<h3>Die einfachste L\u00f6sung \u2013 \u00dcbertragung von iPhone auf Mac<\/h3>\n<p>\u00d6ffnen Sie iTunes auf Ihrem iPod (z.B. mit dem iPod Nano) und w\u00e4hlen Sie Musik am unteren Bildschirmrand. Jetzt k\u00f6nnen Sie ganz leicht die Seite herunterscrollen, bis Sie zu \u201eSingle der Woche\u201c kommen. Klicken Sie auf diesen Button, damit sie zur kostenlosen Single der Woche weitergeleitet werden. Wenn Sie \u201ekostenlos\u201c ausw\u00e4hlen wird der Download gestartet und Sie k\u00f6nnen kurze Zeit sp\u00e4ter die heruntergeladene Musik genie\u00dfen.<\/p>\n<p>Allerdings w\u00fcrden Sie sicher gerne mehr kostenlose Musik auf ihren iPod herunterladen. Deshalb bieten wir Ihnen im Folgenden noch mehr M\u00f6glichkeiten.<\/p>\n<h3>Download kostenloser Musik \u00fcber Apps f\u00fcr den iPod \u2013 Freelegal<\/h3>\n<p>Im folgenden f\u00fchren wir die Schritte auf, wie man Musik von ihrem iPhone mit \u201eiPhone to Mac Music Transfer\u201c mit dem Mac synchronisieren k\u00f6nnen. Probieren Sie es aus, um zu sehen, wie es funktioniert! Sie brauchen sich keine Sorgen \u00fcber die direkte \u00dcbertragung Ihrer Musik von iPhone auf Mac zu machen.<br \/>\n<div class=\"article-steps\"><br \/>\n<div class=\"article-step\"><div class=\"context noPreview\"><h3><span class=\"stepShield\">Schritt 1<\/span>Laden Sie 'iPhone to Mac Music Transfer' auf Ihren Mac herunter und starten Sie das Programm<\/h3> <\/div><\/div><br \/>\n<div class=\"article-step\"><div class=\"context noPreview\"><h3><span class=\"stepShield\">Schritt 2<\/span>Verbinden Sie Ihr iPhone mit dem Mac um Musik zu \u00fcbertragen<\/h3> Verbinden Sie Ihr iPhone via USB-Kabel mit dem Mac. Das Programm erkennt Ihr Ger\u00e4t automatisch. Klicken Sie auf \u201eMusik\u201c. Nun werden Ihnen alle Titel auf dem iPhone angezeigt. W\u00e4hlen Sie nun die Musik aus, die Sie \u00fcbertragen wollen. <\/div><\/div><br \/>\n<div class=\"article-step\"><div class=\"context noPreview\"><h3><span class=\"stepShield\">Schritt 3<\/span>\u00dcbertragen Sie Musik Ihres iPhones auf den Mac<\/h3> Nachdem Sie die Titel ausgew\u00e4hlt haben, klicken Sie auf \u201eAuf Mac exportieren\u201c. Es erscheint ein kleines Fenster, in welchem Sie den Zielordner ausw\u00e4hlen m\u00fcssen. Wenn alle Schritte erledigt wurden, bedeutet dies, dass Sie erfolgreich Ihre Musik auf den Mac \u00fcbertragen haben. <\/div><\/div><br \/>\n<\/div><\/p>\n","protected":false},"excerpt":{"rendered":"<p>\u201eIch habe einen neuen Mac gekauft und m\u00f6chte nun meine gesamte Musik meines iPhone 6 auf das MacBook Pro \u00fcbertragen. Wie erledige ich das am einfachsten?\u201c \u2013 Diese Frage ist von Apple Communities. \u201eIch habe Angst, Dateien zu verlieren. Deshalb m\u00f6chte ich ein Backup meines iPhones machen. Mein Ansatz w\u00e4re es, die Musik auf meinem [&hellip;]<\/p>\n","protected":false},"author":1,"featured_media":0,"parent":0,"menu_order":0,"comment_status":"closed","ping_status":"closed","template":"","meta":{"footnotes":""},"class_list":["post-739","page","type-page","status-publish","hentry"],"_links":{"self":[{"href":"https:\/\/www.tipard.de\/blog\/wp-json\/wp\/v2\/pages\/739","targetHints":{"allow":["GET"]}}],"collection":[{"href":"https:\/\/www.tipard.de\/blog\/wp-json\/wp\/v2\/pages"}],"about":[{"href":"https:\/\/www.tipard.de\/blog\/wp-json\/wp\/v2\/types\/page"}],"author":[{"embeddable":true,"href":"https:\/\/www.tipard.de\/blog\/wp-json\/wp\/v2\/users\/1"}],"replies":[{"embeddable":true,"href":"https:\/\/www.tipard.de\/blog\/wp-json\/wp\/v2\/comments?post=739"}],"version-history":[{"count":4,"href":"https:\/\/www.tipard.de\/blog\/wp-json\/wp\/v2\/pages\/739\/revisions"}],"predecessor-version":[{"id":779,"href":"https:\/\/www.tipard.de\/blog\/wp-json\/wp\/v2\/pages\/739\/revisions\/779"}],"wp:attachment":[{"href":"https:\/\/www.tipard.de\/blog\/wp-json\/wp\/v2\/media?parent=739"}],"curies":[{"name":"wp","href":"https:\/\/api.w.org\/{rel}","templated":true}]}}