{"id":710,"date":"2017-08-21T12:49:03","date_gmt":"2017-08-21T12:49:03","guid":{"rendered":"http:\/\/www.tipard.de\/blog\/?page_id=710"},"modified":"2017-08-24T12:18:35","modified_gmt":"2017-08-24T12:18:35","slug":"3-methoden-die-ihnen-helfen-kostenlose-musik-auf-ihren-ipod-herunterzuladen","status":"publish","type":"page","link":"https:\/\/www.tipard.de\/blog\/ipadipod\/3-methoden-die-ihnen-helfen-kostenlose-musik-auf-ihren-ipod-herunterzuladen\/","title":{"rendered":"3 Methoden, die Ihnen helfen, kostenlose Musik auf Ihren iPod herunterzuladen"},"content":{"rendered":"<p><img loading=\"lazy\" decoding=\"async\" class=\"alignnone size-full wp-image-711\" src=\"http:\/\/www.tipard.de\/blog\/wp-content\/uploads\/2017\/08\/61-Bild-1.jpg\" alt=\"\" width=\"600\" height=\"338\" srcset=\"https:\/\/www.tipard.de\/blog\/wp-content\/uploads\/2017\/08\/61-Bild-1.jpg 600w, https:\/\/www.tipard.de\/blog\/wp-content\/uploads\/2017\/08\/61-Bild-1-300x169.jpg 300w\" sizes=\"auto, (max-width: 600px) 100vw, 600px\" \/><\/p>\n<p>Es gibt jedes Jahr mehr als 30 Millionen neue iPod-Nutzer, die vor allem Musik genie\u00dfen wollen. Deshalb ist eine der meist gestellten Fragen, wie man kostenlose Musik auf den iPod herunterladen kann.<\/p>\n<p>Keine Sorge. Dieser Artikel bietet verschiedene Methoden, kostenlose Musik f\u00fcr den iPod herunterzuladen. Vergleichen Sie diese Methoden und w\u00e4hlen Sie ihren Favoriten aus.<\/p>\n<h2>Laden Sie kostenlose Musik mit iTunes herunter<\/h2>\n<p>\u00d6ffnen Sie iTunes auf Ihrem iPod (z.B. mit dem iPod Nano) und w\u00e4hlen Sie Musik am unteren Bildschirmrand. Jetzt k\u00f6nnen Sie ganz leicht die Seite herunterscrollen, bis Sie zu \u201eSingle der Woche\u201c kommen. Klicken Sie auf diesen Button, damit sie zur kostenlosen Single der Woche weitergeleitet werden. Wenn Sie \u201ekostenlos\u201c ausw\u00e4hlen wird der Download gestartet und Sie k\u00f6nnen kurze Zeit sp\u00e4ter die heruntergeladene Musik genie\u00dfen.<br \/>\nAllerdings w\u00fcrden Sie sicher gerne mehr kostenlose Musik auf ihren iPod herunterladen. Deshalb bieten wir Ihnen im Folgenden noch mehr M\u00f6glichkeiten.<\/p>\n<h2>Download kostenloser Musik \u00fcber Apps f\u00fcr den iPod \u2013 Freelegal<\/h2>\n<p>Freelegal Music App ist eine kostenlose App, welche Ihnen mehr als 7 Millionen verschiedene MP3-Titel zum Download verspricht.<br \/>\n\u2022 Laden Sie die App aus iTunes oder dem App Store herunter und installieren Sie sie<br \/>\n\u2022 Durchsuchen Sie die Bibliothek nach Musik, die Ihnen gef\u00e4llt und laden Sie die Titel herunter<br \/>\n\u2022 Nachdem Sie das getan haben, ist es ganz einfach Ihre Musik zu h\u00f6ren<\/p>\n<p><strong>Vorteil:<\/strong> Einfache Handhabung und eine gro\u00dfe Auswahl an Liedern f\u00fcr Ihren iPod Nano\/ Touch\/ Shuffle<br \/>\n<strong>Nachteil:<\/strong> Manche iPod-Nutzer haben schlechte Erfahrungen mit dem Download kostenloser Lieder gemacht. Au\u00dferdem verlieren die Songs manchmal an Audioqualit\u00e4t.<\/p>\n<h2>Laden Sie kostenlose Lieder f\u00fcr Ihren iPod mit einem Programm herunter<\/h2>\n<p><a href=\"http:\/\/www.tipard.de\/iphone-transfer\/\">iPod Free Music Trans <\/a>ist ein Programm f\u00fcr den Download kostenloser Musik auf den iPod \u00fcber den PC ohne iTunes zu verwenden.<\/p>\n<div class=\"article-steps\"><br \/>\n<div class=\"article-step\"><div class=\"context\"><h3><span class=\"stepShield\">Schritt 1<\/span>Installieren und Starten Sie iPod Free Music Trans<\/h3><br \/>\nVerbinden Sie Ihren iPod mit einem Kabel mit PC, sodass iPod Free Music Trans das Ger\u00e4t erkennen kann. Klicken Sie auf &#8222;Musik&#8220;. Nun werden Ihnen alle Titel angezeigt, die sich bereits auf dem iPod befinden.<\/div><\/div><\/p>\n<p><div class=\"article-step reverse\"><div class=\"context\"><h3><span class=\"stepShield\">Schritt 2<\/span>Laden Sie kostenlose Musik herunter<\/h3> W\u00e4hlen Sie \u201eHinzuf\u00fcgen\u201c aus. iPod Free Music Trans \u00f6ffnet ein Fenster, von dem aus Sie auf Ihre Bibliothek zugreifen und die heruntergeladene Musik \u00fcbertragen k\u00f6nnen. Die ausgew\u00e4hlte Musik kann nun von Ihrem iPod abgespielt werden. <\/div><\/div><br \/>\n<\/div>\n<p><img loading=\"lazy\" decoding=\"async\" class=\"alignnone size-full wp-image-712\" src=\"http:\/\/www.tipard.de\/blog\/wp-content\/uploads\/2017\/08\/61-Bild-2.jpg\" alt=\"\" width=\"400\" height=\"268\" srcset=\"https:\/\/www.tipard.de\/blog\/wp-content\/uploads\/2017\/08\/61-Bild-2.jpg 400w, https:\/\/www.tipard.de\/blog\/wp-content\/uploads\/2017\/08\/61-Bild-2-300x201.jpg 300w\" sizes=\"auto, (max-width: 400px) 100vw, 400px\" \/><\/p>\n","protected":false},"excerpt":{"rendered":"<p>Es gibt jedes Jahr mehr als 30 Millionen neue iPod-Nutzer, die vor allem Musik genie\u00dfen wollen. Deshalb ist eine der meist gestellten Fragen, wie man kostenlose Musik auf den iPod herunterladen kann. Keine Sorge. Dieser Artikel bietet verschiedene Methoden, kostenlose Musik f\u00fcr den iPod herunterzuladen. Vergleichen Sie diese Methoden und w\u00e4hlen Sie ihren Favoriten aus. [&hellip;]<\/p>\n","protected":false},"author":1,"featured_media":0,"parent":603,"menu_order":0,"comment_status":"closed","ping_status":"closed","template":"","meta":{"footnotes":""},"class_list":["post-710","page","type-page","status-publish","hentry"],"_links":{"self":[{"href":"https:\/\/www.tipard.de\/blog\/wp-json\/wp\/v2\/pages\/710","targetHints":{"allow":["GET"]}}],"collection":[{"href":"https:\/\/www.tipard.de\/blog\/wp-json\/wp\/v2\/pages"}],"about":[{"href":"https:\/\/www.tipard.de\/blog\/wp-json\/wp\/v2\/types\/page"}],"author":[{"embeddable":true,"href":"https:\/\/www.tipard.de\/blog\/wp-json\/wp\/v2\/users\/1"}],"replies":[{"embeddable":true,"href":"https:\/\/www.tipard.de\/blog\/wp-json\/wp\/v2\/comments?post=710"}],"version-history":[{"count":9,"href":"https:\/\/www.tipard.de\/blog\/wp-json\/wp\/v2\/pages\/710\/revisions"}],"predecessor-version":[{"id":772,"href":"https:\/\/www.tipard.de\/blog\/wp-json\/wp\/v2\/pages\/710\/revisions\/772"}],"up":[{"embeddable":true,"href":"https:\/\/www.tipard.de\/blog\/wp-json\/wp\/v2\/pages\/603"}],"wp:attachment":[{"href":"https:\/\/www.tipard.de\/blog\/wp-json\/wp\/v2\/media?parent=710"}],"curies":[{"name":"wp","href":"https:\/\/api.w.org\/{rel}","templated":true}]}}