{"id":607,"date":"2017-07-15T20:35:12","date_gmt":"2017-07-15T20:35:12","guid":{"rendered":"http:\/\/www.tipard.de\/blog\/?page_id=607"},"modified":"2025-03-02T03:50:43","modified_gmt":"2025-03-02T03:50:43","slug":"android","status":"publish","type":"page","link":"https:\/\/www.tipard.de\/blog\/android\/","title":{"rendered":"Android"},"content":{"rendered":"<p><div class=\"fullManualPost\"><div class=\"mImg\"><a href=\"https:\/\/www.tipard.de\/blog\/30-beste-apps-musik-herunterladen\/\" title=\"Die 30 besten Apps um Musik auf allen Ger\u00e4ten herunterzuladen\"><img decoding=\"async\" src=\"http:\/\/www.tipard.de\/blog\/wp-content\/uploads\/2019\/12\/1.-Google-Play-Musik.jpg\" alt=\"Die 30 besten Apps um Musik auf allen Ger\u00e4ten herunterzuladen\"\/><\/a><\/div><div class=\"context\"><a href=\"https:\/\/www.tipard.de\/blog\/30-beste-apps-musik-herunterladen\/\" title=\"Die 30 besten Apps um Musik auf allen Ger\u00e4ten herunterzuladen\"><h2>Die 30 besten Apps um Musik auf allen Ger\u00e4ten herunter...<\/h2><\/a><p>Wenn Sie immer noch nach der besten M\u00f6glichkeit suchen, Ihre Lieblingssongs herunterzuladen und unterwegs zu h\u00f6ren, dann sollten Sie sich diese Liste durchlesen. Wir stellen Ihnen die 30 besten Apps f\u00fcr das Herunterladen von Musik auf Android, Apple, Windows PC sowie Mac vor.<\/p><\/div><\/div><div class=\"fullManualPost\"><div class=\"mImg\"><a href=\"https:\/\/www.tipard.de\/blog\/die-top-5-kostenlosen-android-screencast-apps\/\" title=\"Die Top 5 kostenlosen Android Screencast Apps\"><img decoding=\"async\" src=\"http:\/\/www.tipard.de\/blog\/wp-content\/uploads\/2019\/02\/tipard.jpg\" alt=\"Die Top 5 kostenlosen Android Screencast Apps\"\/><\/a><\/div><div class=\"context\"><a href=\"https:\/\/www.tipard.de\/blog\/die-top-5-kostenlosen-android-screencast-apps\/\" title=\"Die Top 5 kostenlosen Android Screencast Apps\"><h2>Die Top 5 kostenlosen Android Screencast Apps<\/h2><\/a><p>Sie suchen nach einem guten Android Screencast Programm? Wir stellen Ihnen in diesem Artikel die besten f\u00fcnf kostenlosen Android Screencast Programme vor.<\/p><\/div><\/div><div class=\"fullManualPost\"><div class=\"mImg\"><a href=\"https:\/\/www.tipard.de\/blog\/wie-sie-ihr-android-geraet-auf-einfachste-weise-rooten\/\" title=\"Wie Sie ihr Android Ger\u00e4t auf einfachste Weise rooten\"><img decoding=\"async\" src=\"http:\/\/www.tipard.de\/blog\/wp-content\/uploads\/2017\/11\/root-android.jpg\" alt=\"Wie Sie ihr Android Ger\u00e4t auf einfachste Weise rooten\"\/><\/a><\/div><div class=\"context\"><a href=\"https:\/\/www.tipard.de\/blog\/wie-sie-ihr-android-geraet-auf-einfachste-weise-rooten\/\" title=\"Wie Sie ihr Android Ger\u00e4t auf einfachste Weise rooten\"><h2>Wie Sie ihr Android Ger\u00e4t auf einfachste Weise rooten<\/h2><\/a><p>Android Rooting und iPhone Root Accessing ist etwas Erstaunliches. Hier finden Sie eine Anleitung, wie Android-Ger\u00e4te effektiv und detailliert gerootet werden k\u00f6nnen.<\/p><\/div><\/div><div class=\"fullManualPost\"><div class=\"mImg\"><a href=\"https:\/\/www.tipard.de\/blog\/geloeschte-android-textnachrichten-wiederherstellen-tipard-android-message-recovery-macht-es-moeglich\/\" title=\"Gel\u00f6schte Android-Textnachrichten wiederherstellen? Tipard Android Message Recovery macht es m\u00f6glich!\"><img decoding=\"async\" src=\"\" alt=\"Gel\u00f6schte Android-Textnachrichten wiederherstellen? Tipard Android Message Recovery macht es m\u00f6glich!\"\/><\/a><\/div><div class=\"context\"><a href=\"https:\/\/www.tipard.de\/blog\/geloeschte-android-textnachrichten-wiederherstellen-tipard-android-message-recovery-macht-es-moeglich\/\" title=\"Gel\u00f6schte Android-Textnachrichten wiederherstellen? Tipard Android Message Recovery macht es m\u00f6glich!\"><h2>Gel\u00f6schte Android-Textnachrichten wiederherstellen? Ti...<\/h2><\/a><p>Wenn Sie Android-Textnachrichten versehentlich gel\u00f6scht haben, m\u00fcssen Sie m\u00f6glicherweise die gel\u00f6schten Android-Textnachrichten wiederherstellen. Erfahren Sie mehr \u00fcber Details aus dem Artikel.<\/p><\/div><\/div><div class=\"fullManualPost\"><div class=\"mImg\"><a href=\"https:\/\/www.tipard.de\/blog\/wie-sie-von-ihrem-android-geloeschte-fotos-wiederherstellen\/\" title=\"Wie Sie von Ihrem Android gel\u00f6schte Fotos wiederherstellen\"><img decoding=\"async\" src=\"http:\/\/www.tipard.de\/blog\/wp-content\/uploads\/2017\/11\/recover-deleted-photos-android.jpg\" alt=\"Wie Sie von Ihrem Android gel\u00f6schte Fotos wiederherstellen\"\/><\/a><\/div><div class=\"context\"><a href=\"https:\/\/www.tipard.de\/blog\/wie-sie-von-ihrem-android-geloeschte-fotos-wiederherstellen\/\" title=\"Wie Sie von Ihrem Android gel\u00f6schte Fotos wiederherstellen\"><h2>Wie Sie von Ihrem Android gel\u00f6schte Fotos wiederherste...<\/h2><\/a><p>Wenn Ihre Android-Fotos versehentlich entfernt werden, k\u00f6nnen Sie die beste L\u00f6sung zum Wiederherstellen gel\u00f6schter Fotos von Android aus dem Artikel haben. Ergreift Ma\u00dfnahmen jetzt.<\/p><\/div><\/div><div class=\"fullManualPost\"><div class=\"mImg\"><a href=\"https:\/\/www.tipard.de\/blog\/sie-tun-koennen-wenn-es-nicht-geklappt-hat-das-android-desire-hd-zu-rooten\/\" title=\"Sie tun k\u00f6nnen, wenn es nicht geklappt hat das Android Desire HD zu rooten\"><img decoding=\"async\" src=\"http:\/\/www.tipard.de\/blog\/wp-content\/uploads\/2017\/10\/htc-desire.jpg\" alt=\"Sie tun k\u00f6nnen, wenn es nicht geklappt hat das Android Desire HD zu rooten\"\/><\/a><\/div><div class=\"context\"><a href=\"https:\/\/www.tipard.de\/blog\/sie-tun-koennen-wenn-es-nicht-geklappt-hat-das-android-desire-hd-zu-rooten\/\" title=\"Sie tun k\u00f6nnen, wenn es nicht geklappt hat das Android Desire HD zu rooten\"><h2>Sie tun k\u00f6nnen, wenn es nicht geklappt hat das Android...<\/h2><\/a><p>Wenn Sie nicht zu verwurzeln Android-Wunsch hd, k\u00f6nnten Sie eifrig zu wissen, die Art und Weise, um die Daten von Android nach dem Artikel wiederherzustellen.<\/p><\/div><\/div><div class=\"fullManualPost\"><div class=\"mImg\"><a href=\"https:\/\/www.tipard.de\/blog\/wie-sie-den-android-system-wiederherstellungs-fehler-beheben-koennen\/\" title=\"Wie Sie den Android System-Wiederherstellungs-Fehler beheben k\u00f6nnen\"><img decoding=\"async\" src=\"http:\/\/www.tipard.de\/blog\/wp-content\/uploads\/2017\/10\/android-system-recovery.jpg\" alt=\"Wie Sie den Android System-Wiederherstellungs-Fehler beheben k\u00f6nnen\"\/><\/a><\/div><div class=\"context\"><a href=\"https:\/\/www.tipard.de\/blog\/wie-sie-den-android-system-wiederherstellungs-fehler-beheben-koennen\/\" title=\"Wie Sie den Android System-Wiederherstellungs-Fehler beheben k\u00f6nnen\"><h2>Wie Sie den Android System-Wiederherstellungs-Fehler be...<\/h2><\/a><p>Wenn du das Android-Handy einschaltst, kannst du auf die Android-Systemwiederherstellung stecken. Der Artikel erkl\u00e4rt den besten Weg, um mit dem Android-System Wiederherstellungsfehler umzugehen.<\/p><\/div><\/div><div class=\"fullManualPost\"><div class=\"mImg\"><a href=\"https:\/\/www.tipard.de\/blog\/wie-man-geloeschte-fotos-auf-einem-android-handy-wiederherstellt\/\" title=\"Wie man gel\u00f6schte Fotos auf einem Android Handy wiederherstellt\"><img decoding=\"async\" src=\"http:\/\/www.tipard.de\/blog\/wp-content\/uploads\/2017\/10\/delete-photos-on-android.jpg\" alt=\"Wie man gel\u00f6schte Fotos auf einem Android Handy wiederherstellt\"\/><\/a><\/div><div class=\"context\"><a href=\"https:\/\/www.tipard.de\/blog\/wie-man-geloeschte-fotos-auf-einem-android-handy-wiederherstellt\/\" title=\"Wie man gel\u00f6schte Fotos auf einem Android Handy wiederherstellt\"><h2>Wie man gel\u00f6schte Fotos auf einem Android Handy wieder...<\/h2><\/a><p>Wenn Sie Fotos von Android durch Unfall entfernen, k\u00f6nnen Sie lernen, die effektive und einfache M\u00f6glichkeit, gel\u00f6schte Fotos aus Android-Handy aus dem Artikel abzurufen.<\/p><\/div><\/div><div class=\"fullManualPost\"><div class=\"mImg\"><a href=\"https:\/\/www.tipard.de\/blog\/wie-sie-kontakte-von-android-auf-den-pc-uebertragen\/\" title=\"Wie Sie Kontakte von Android auf den PC \u00fcbertragen\"><img decoding=\"async\" src=\"http:\/\/www.tipard.de\/blog\/wp-content\/uploads\/2017\/09\/transfer-contacts.jpg\" alt=\"Wie Sie Kontakte von Android auf den PC \u00fcbertragen\"\/><\/a><\/div><div class=\"context\"><a href=\"https:\/\/www.tipard.de\/blog\/wie-sie-kontakte-von-android-auf-den-pc-uebertragen\/\" title=\"Wie Sie Kontakte von Android auf den PC \u00fcbertragen\"><h2>Wie Sie Kontakte von Android auf den PC \u00fcbertragen<\/h2><\/a><p>Die \u00dcbertragung von Kontakten von Android auf PC ist eine Herausforderung f\u00fcr viele Benutzer, w\u00e4hrend Sie mehrere Methoden zum Sichern von Kontakten von Android-Telefon auf PC lernen k\u00f6nnen.<\/p><\/div><\/div><div class=\"fullManualPost\"><div class=\"mImg\"><a href=\"https:\/\/www.tipard.de\/blog\/wie-sie-ein-backup-ihrer-android-daten-erstellen\/\" title=\"Wie Sie ein Backup Ihrer Android Daten erstellen\"><img decoding=\"async\" src=\"http:\/\/www.tipard.de\/blog\/wp-content\/uploads\/2017\/07\/backup-android.jpg\" alt=\"Wie Sie ein Backup Ihrer Android Daten erstellen\"\/><\/a><\/div><div class=\"context\"><a href=\"https:\/\/www.tipard.de\/blog\/wie-sie-ein-backup-ihrer-android-daten-erstellen\/\" title=\"Wie Sie ein Backup Ihrer Android Daten erstellen\"><h2>Wie Sie ein Backup Ihrer Android Daten erstellen<\/h2><\/a><p>Wie erstellen Sie ein Backup f\u00fcr Ihr Android Ger\u00e4t? Erfahren Sie es in diesem Artikel \u00fcber den besten Weg, ein Backup Ihres Android Ger\u00e4tes zu erstellen.<\/p><\/div><\/div><div class=\"pagination\"><span aria-current=\"page\" class=\"page-numbers current\">1<\/span>\n<a class=\"page-numbers\" href=\"https:\/\/www.tipard.de\/blog\/wp-json\/wp\/v2\/pages\/607\/page\/2\/\">2<\/a>\n<a class=\"next page-numbers\" href=\"https:\/\/www.tipard.de\/blog\/wp-json\/wp\/v2\/pages\/607\/page\/2\/\">Weiter &raquo;<\/a><\/div><br \/>\n<!--noyarpp--><\/p>\n","protected":false},"excerpt":{"rendered":"","protected":false},"author":1,"featured_media":0,"parent":0,"menu_order":0,"comment_status":"closed","ping_status":"closed","template":"","meta":{"footnotes":""},"class_list":["post-607","page","type-page","status-publish","hentry"],"_links":{"self":[{"href":"https:\/\/www.tipard.de\/blog\/wp-json\/wp\/v2\/pages\/607","targetHints":{"allow":["GET"]}}],"collection":[{"href":"https:\/\/www.tipard.de\/blog\/wp-json\/wp\/v2\/pages"}],"about":[{"href":"https:\/\/www.tipard.de\/blog\/wp-json\/wp\/v2\/types\/page"}],"author":[{"embeddable":true,"href":"https:\/\/www.tipard.de\/blog\/wp-json\/wp\/v2\/users\/1"}],"replies":[{"embeddable":true,"href":"https:\/\/www.tipard.de\/blog\/wp-json\/wp\/v2\/comments?post=607"}],"version-history":[{"count":8,"href":"https:\/\/www.tipard.de\/blog\/wp-json\/wp\/v2\/pages\/607\/revisions"}],"predecessor-version":[{"id":10376,"href":"https:\/\/www.tipard.de\/blog\/wp-json\/wp\/v2\/pages\/607\/revisions\/10376"}],"wp:attachment":[{"href":"https:\/\/www.tipard.de\/blog\/wp-json\/wp\/v2\/media?parent=607"}],"curies":[{"name":"wp","href":"https:\/\/api.w.org\/{rel}","templated":true}]}}