{"id":605,"date":"2017-07-15T20:34:58","date_gmt":"2017-07-15T20:34:58","guid":{"rendered":"http:\/\/www.tipard.de\/blog\/?page_id=605"},"modified":"2025-03-02T03:55:10","modified_gmt":"2025-03-02T03:55:10","slug":"itunes","status":"publish","type":"page","link":"https:\/\/www.tipard.de\/blog\/itunes\/","title":{"rendered":"iTunes"},"content":{"rendered":"<p><div class=\"fullManualPost\"><div class=\"mImg\"><a href=\"https:\/\/www.tipard.de\/blog\/so-stellen-sie-die-itunes-mediathek-wieder-her\/\" title=\"So stellen Sie die iTunes-Mediathek wieder her\"><img decoding=\"async\" src=\"http:\/\/www.tipard.de\/blog\/wp-content\/uploads\/2020\/03\/restore-itunes-library.jpg\" alt=\"So stellen Sie die iTunes-Mediathek wieder her\"\/><\/a><\/div><div class=\"context\"><a href=\"https:\/\/www.tipard.de\/blog\/so-stellen-sie-die-itunes-mediathek-wieder-her\/\" title=\"So stellen Sie die iTunes-Mediathek wieder her\"><h2>So stellen Sie die iTunes-Mediathek wieder her<\/h2><\/a><p>Wenn Sie Ihre iTunes Mediathek wiederherstellen wollen, sollten Sie sich unseren Artikel durchlesen. Hier lernen Sie einfache Methoden, Ihre Mediathek in wenigen Schritten wiederherzustellen.<\/p><\/div><\/div><div class=\"fullManualPost\"><div class=\"mImg\"><a href=\"https:\/\/www.tipard.de\/blog\/kontakte-direkt-aus-icloud-erhalten\/\" title=\"So erhalten Sie Kontakte direkt aus der iCloud\"><img decoding=\"async\" src=\"http:\/\/www.tipard.de\/blog\/wp-content\/uploads\/2020\/02\/get-icloud-contacts.jpg\" alt=\"So erhalten Sie Kontakte direkt aus der iCloud\"\/><\/a><\/div><div class=\"context\"><a href=\"https:\/\/www.tipard.de\/blog\/kontakte-direkt-aus-icloud-erhalten\/\" title=\"So erhalten Sie Kontakte direkt aus der iCloud\"><h2>So erhalten Sie Kontakte direkt aus der iCloud<\/h2><\/a><p>Sie wollen Kontakte aus Ihrer iCloud wiederherstellen? Hier erkl\u00e4ren wir Ihnen wie das am einfachsten funktioniert.<\/p><\/div><\/div><div class=\"fullManualPost\"><div class=\"mImg\"><a href=\"https:\/\/www.tipard.de\/blog\/wie-greife-ich-auf-meine-icloud-zu\/\" title=\"Wie greife ich auf meine iCloud zu?\"><img decoding=\"async\" src=\"http:\/\/www.tipard.de\/blog\/wp-content\/uploads\/2020\/02\/access-my-icloud.jpg\" alt=\"Wie greife ich auf meine iCloud zu?\"\/><\/a><\/div><div class=\"context\"><a href=\"https:\/\/www.tipard.de\/blog\/wie-greife-ich-auf-meine-icloud-zu\/\" title=\"Wie greife ich auf meine iCloud zu?\"><h2>Wie greife ich auf meine iCloud zu?<\/h2><\/a><p>Falls Sie Probleme haben auf Ihre iCloud zuzugreifen, dann sollten Sie sich unbedingt diesen Artikel durchlesen. Wir erkl\u00e4ren Ihnen wie man in wenigen Schritten auf die iCloud zugreifen kann.<\/p><\/div><\/div><div class=\"fullManualPost\"><div class=\"mImg\"><a href=\"https:\/\/www.tipard.de\/blog\/synchronisieren-von-outlook-kalendern-mit-dem-iphone\/\" title=\"Synchronisieren von Outlook Kalendern mit dem iPhone\"><img decoding=\"async\" src=\"http:\/\/www.tipard.de\/blog\/wp-content\/uploads\/2019\/02\/method-1.jpg\" alt=\"Synchronisieren von Outlook Kalendern mit dem iPhone\"\/><\/a><\/div><div class=\"context\"><a href=\"https:\/\/www.tipard.de\/blog\/synchronisieren-von-outlook-kalendern-mit-dem-iphone\/\" title=\"Synchronisieren von Outlook Kalendern mit dem iPhone\"><h2>Synchronisieren von Outlook Kalendern mit dem iPhone<\/h2><\/a><p>Wenn Sie die besten Wege erfahren wollen, Ihren Outlook Kalender mit dem iPhone zu verbinden, sollten Sie sich diese Anleitung durchlesen.<\/p><\/div><\/div><div class=\"fullManualPost\"><div class=\"mImg\"><a href=\"https:\/\/www.tipard.de\/blog\/wie-sie-videos-aufs-iphone-uebertragen\/\" title=\"Wie Sie Videos aufs iPhone \u00fcbertragen\"><img decoding=\"async\" src=\"http:\/\/www.tipard.de\/blog\/wp-content\/uploads\/2018\/10\/put-video-on-iphone.jpg\" alt=\"Wie Sie Videos aufs iPhone \u00fcbertragen\"\/><\/a><\/div><div class=\"context\"><a href=\"https:\/\/www.tipard.de\/blog\/wie-sie-videos-aufs-iphone-uebertragen\/\" title=\"Wie Sie Videos aufs iPhone \u00fcbertragen\"><h2>Wie Sie Videos aufs iPhone \u00fcbertragen<\/h2><\/a><p>Sie haben Probleme, Ihre Videos vom oder auf das iPhone zu \u00fcbertragen? Wir erkl\u00e4ren Ihnen, wie Sie dieses Problem mit Tipard iPhone Transfer am besten umgehen k\u00f6nnen.<\/p><\/div><\/div><div class=\"fullManualPost\"><div class=\"mImg\"><a href=\"https:\/\/www.tipard.de\/blog\/mit-icloud-backups-umgehen\/\" title=\"Mit iCloud Backups umgehen\"><img decoding=\"async\" src=\"\" alt=\"Mit iCloud Backups umgehen\"\/><\/a><\/div><div class=\"context\"><a href=\"https:\/\/www.tipard.de\/blog\/mit-icloud-backups-umgehen\/\" title=\"Mit iCloud Backups umgehen\"><h2>Mit iCloud Backups umgehen<\/h2><\/a><p>Ihnen f\u00e4llt die Verwaltung Ihrer iCloud Backups schwer? Dann lesen Sie sich unseren Artikel \u00fcber die einfachste Art der Organisation mit Tipard iPhone Data Recovery durch.<\/p><\/div><\/div><div class=\"fullManualPost\"><div class=\"mImg\"><a href=\"https:\/\/www.tipard.de\/blog\/wie-sie-ihre-itunes-bibliothek-auf-einen-anderen-computer-uebertragen\/\" title=\"Wie Sie Ihre iTunes Bibliothek auf einen anderen Computer \u00fcbertragen\"><img decoding=\"async\" src=\"\" alt=\"Wie Sie Ihre iTunes Bibliothek auf einen anderen Computer \u00fcbertragen\"\/><\/a><\/div><div class=\"context\"><a href=\"https:\/\/www.tipard.de\/blog\/wie-sie-ihre-itunes-bibliothek-auf-einen-anderen-computer-uebertragen\/\" title=\"Wie Sie Ihre iTunes Bibliothek auf einen anderen Computer \u00fcbertragen\"><h2>Wie Sie Ihre iTunes Bibliothek auf einen anderen Comput...<\/h2><\/a><p>Sie m\u00f6chten Ihre iTunes Bibliothek auf einen anderen Computer \u00fcbertragen ohne Daten zu verlieren? In diesem Artikel zeigen wir Ihnen, wie Sie Ihre iTunes Bibliothek mit Tipard iPhone Data Recovery \u00fcbertragen k\u00f6nnen.<\/p><\/div><\/div><div class=\"fullManualPost\"><div class=\"mImg\"><a href=\"https:\/\/www.tipard.de\/blog\/wie-sie-dateien-in-itunes-zusammenfuegen\/\" title=\"Wie Sie Dateien in iTunes zusammenf\u00fcgen\"><img decoding=\"async\" src=\"\" alt=\"Wie Sie Dateien in iTunes zusammenf\u00fcgen\"\/><\/a><\/div><div class=\"context\"><a href=\"https:\/\/www.tipard.de\/blog\/wie-sie-dateien-in-itunes-zusammenfuegen\/\" title=\"Wie Sie Dateien in iTunes zusammenf\u00fcgen\"><h2>Wie Sie Dateien in iTunes zusammenf\u00fcgen<\/h2><\/a><p>Sie wissen nicht, wie man Dateien bei iTunes zusammenf\u00fcgt? Wir erkl\u00e4ren Ihnen diesen Vorgang Schritt f\u00fcr Schritt.<\/p><\/div><\/div><div class=\"fullManualPost\"><div class=\"mImg\"><a href=\"https:\/\/www.tipard.de\/blog\/was-sie-tun-koennen-wenn-itunes-home-sharing-nicht-mehr-funktioniert-problem-geloest\/\" title=\"Was sie tun k\u00f6nnen, wenn iTunes Home Sharing nicht mehr funktioniert (Problem gel\u00f6st)\"><img decoding=\"async\" src=\"http:\/\/www.tipard.de\/blog\/wp-content\/uploads\/2017\/11\/itunes-not-working.jpg\" alt=\"Was sie tun k\u00f6nnen, wenn iTunes Home Sharing nicht mehr funktioniert (Problem gel\u00f6st)\"\/><\/a><\/div><div class=\"context\"><a href=\"https:\/\/www.tipard.de\/blog\/was-sie-tun-koennen-wenn-itunes-home-sharing-nicht-mehr-funktioniert-problem-geloest\/\" title=\"Was sie tun k\u00f6nnen, wenn iTunes Home Sharing nicht mehr funktioniert (Problem gel\u00f6st)\"><h2>Was sie tun k\u00f6nnen, wenn iTunes Home Sharing nicht meh...<\/h2><\/a><p>Wenn das iTunes nicht mehr funktioniert, was k\u00f6nnen Sie tun, um das Problem zu l\u00f6sen? Sie k\u00f6nnen eine perfekte L\u00f6sung finden, um jedes Problem zu l\u00f6sen, wenn iTunes nicht funktioniert.<\/p><\/div><\/div><div class=\"fullManualPost\"><div class=\"mImg\"><a href=\"https:\/\/www.tipard.de\/blog\/wie-sie-die-itunes-bibliothek-wiederherstellen-koennen-fuer-ihr-iphone\/\" title=\"Wie Sie die iTunes Bibliothek wiederherstellen k\u00f6nnen f\u00fcr Ihr iPhone\"><img decoding=\"async\" src=\"http:\/\/www.tipard.de\/blog\/wp-content\/uploads\/2017\/11\/rebuild-itunes-library.jpg\" alt=\"Wie Sie die iTunes Bibliothek wiederherstellen k\u00f6nnen f\u00fcr Ihr iPhone\"\/><\/a><\/div><div class=\"context\"><a href=\"https:\/\/www.tipard.de\/blog\/wie-sie-die-itunes-bibliothek-wiederherstellen-koennen-fuer-ihr-iphone\/\" title=\"Wie Sie die iTunes Bibliothek wiederherstellen k\u00f6nnen f\u00fcr Ihr iPhone\"><h2>Wie Sie die iTunes Bibliothek wiederherstellen k\u00f6nnen ...<\/h2><\/a><p>Wenn Sie den \u00dcberblick \u00fcber iTunes verlieren oder die iTunes-Bibliothek bereinigen, m\u00fcssen Sie die iTunes-Bibliothek f\u00fcr Ihr iPhone neu erstellen. Lernen Sie die Detailprozedur aus dem Artikel.<\/p><\/div><\/div><div class=\"pagination\"><span aria-current=\"page\" class=\"page-numbers current\">1<\/span>\n<a class=\"page-numbers\" href=\"https:\/\/www.tipard.de\/blog\/wp-json\/wp\/v2\/pages\/605\/page\/2\/\">2<\/a>\n<a class=\"page-numbers\" href=\"https:\/\/www.tipard.de\/blog\/wp-json\/wp\/v2\/pages\/605\/page\/3\/\">3<\/a>\n<a class=\"next page-numbers\" href=\"https:\/\/www.tipard.de\/blog\/wp-json\/wp\/v2\/pages\/605\/page\/2\/\">Weiter &raquo;<\/a><\/div><br \/>\n<!--noyarpp--><\/p>\n","protected":false},"excerpt":{"rendered":"","protected":false},"author":1,"featured_media":0,"parent":0,"menu_order":0,"comment_status":"closed","ping_status":"closed","template":"","meta":{"footnotes":""},"class_list":["post-605","page","type-page","status-publish","hentry"],"_links":{"self":[{"href":"https:\/\/www.tipard.de\/blog\/wp-json\/wp\/v2\/pages\/605","targetHints":{"allow":["GET"]}}],"collection":[{"href":"https:\/\/www.tipard.de\/blog\/wp-json\/wp\/v2\/pages"}],"about":[{"href":"https:\/\/www.tipard.de\/blog\/wp-json\/wp\/v2\/types\/page"}],"author":[{"embeddable":true,"href":"https:\/\/www.tipard.de\/blog\/wp-json\/wp\/v2\/users\/1"}],"replies":[{"embeddable":true,"href":"https:\/\/www.tipard.de\/blog\/wp-json\/wp\/v2\/comments?post=605"}],"version-history":[{"count":5,"href":"https:\/\/www.tipard.de\/blog\/wp-json\/wp\/v2\/pages\/605\/revisions"}],"predecessor-version":[{"id":10381,"href":"https:\/\/www.tipard.de\/blog\/wp-json\/wp\/v2\/pages\/605\/revisions\/10381"}],"wp:attachment":[{"href":"https:\/\/www.tipard.de\/blog\/wp-json\/wp\/v2\/media?parent=605"}],"curies":[{"name":"wp","href":"https:\/\/api.w.org\/{rel}","templated":true}]}}