{"id":603,"date":"2017-07-15T20:34:36","date_gmt":"2017-07-15T20:34:36","guid":{"rendered":"http:\/\/www.tipard.de\/blog\/?page_id=603"},"modified":"2025-03-02T04:35:36","modified_gmt":"2025-03-02T04:35:36","slug":"ipadipod","status":"publish","type":"page","link":"https:\/\/www.tipard.de\/blog\/ipadipod\/","title":{"rendered":"iPad\/iPod"},"content":{"rendered":"<p><div class=\"fullManualPost\"><div class=\"mImg\"><a href=\"https:\/\/www.tipard.de\/blog\/kontakte-direkt-aus-icloud-erhalten\/\" title=\"So erhalten Sie Kontakte direkt aus der iCloud\"><img decoding=\"async\" src=\"http:\/\/www.tipard.de\/blog\/wp-content\/uploads\/2020\/02\/get-icloud-contacts.jpg\" alt=\"So erhalten Sie Kontakte direkt aus der iCloud\"\/><\/a><\/div><div class=\"context\"><a href=\"https:\/\/www.tipard.de\/blog\/kontakte-direkt-aus-icloud-erhalten\/\" title=\"So erhalten Sie Kontakte direkt aus der iCloud\"><h2>So erhalten Sie Kontakte direkt aus der iCloud<\/h2><\/a><p>Sie wollen Kontakte aus Ihrer iCloud wiederherstellen? Hier erkl\u00e4ren wir Ihnen wie das am einfachsten funktioniert.<\/p><\/div><\/div><div class=\"fullManualPost\"><div class=\"mImg\"><a href=\"https:\/\/www.tipard.de\/blog\/wie-greife-ich-auf-meine-icloud-zu\/\" title=\"Wie greife ich auf meine iCloud zu?\"><img decoding=\"async\" src=\"http:\/\/www.tipard.de\/blog\/wp-content\/uploads\/2020\/02\/access-my-icloud.jpg\" alt=\"Wie greife ich auf meine iCloud zu?\"\/><\/a><\/div><div class=\"context\"><a href=\"https:\/\/www.tipard.de\/blog\/wie-greife-ich-auf-meine-icloud-zu\/\" title=\"Wie greife ich auf meine iCloud zu?\"><h2>Wie greife ich auf meine iCloud zu?<\/h2><\/a><p>Falls Sie Probleme haben auf Ihre iCloud zuzugreifen, dann sollten Sie sich unbedingt diesen Artikel durchlesen. Wir erkl\u00e4ren Ihnen wie man in wenigen Schritten auf die iCloud zugreifen kann.<\/p><\/div><\/div><div class=\"fullManualPost\"><div class=\"mImg\"><a href=\"https:\/\/www.tipard.de\/blog\/30-beste-apps-musik-herunterladen\/\" title=\"Die 30 besten Apps um Musik auf allen Ger\u00e4ten herunterzuladen\"><img decoding=\"async\" src=\"http:\/\/www.tipard.de\/blog\/wp-content\/uploads\/2019\/12\/1.-Google-Play-Musik.jpg\" alt=\"Die 30 besten Apps um Musik auf allen Ger\u00e4ten herunterzuladen\"\/><\/a><\/div><div class=\"context\"><a href=\"https:\/\/www.tipard.de\/blog\/30-beste-apps-musik-herunterladen\/\" title=\"Die 30 besten Apps um Musik auf allen Ger\u00e4ten herunterzuladen\"><h2>Die 30 besten Apps um Musik auf allen Ger\u00e4ten herunter...<\/h2><\/a><p>Wenn Sie immer noch nach der besten M\u00f6glichkeit suchen, Ihre Lieblingssongs herunterzuladen und unterwegs zu h\u00f6ren, dann sollten Sie sich diese Liste durchlesen. Wir stellen Ihnen die 30 besten Apps f\u00fcr das Herunterladen von Musik auf Android, Apple, Windows PC sowie Mac vor.<\/p><\/div><\/div><div class=\"fullManualPost\"><div class=\"mImg\"><a href=\"https:\/\/www.tipard.de\/blog\/whatsapp-auf-dem-ipad\/\" title=\"Wie installiert man WhatsApp auf dem iPad\"><img decoding=\"async\" src=\"http:\/\/www.tipard.de\/blog\/wp-content\/uploads\/2019\/12\/Whatsapp-auf-dem-iPad.jpg\" alt=\"Wie installiert man WhatsApp auf dem iPad\"\/><\/a><\/div><div class=\"context\"><a href=\"https:\/\/www.tipard.de\/blog\/whatsapp-auf-dem-ipad\/\" title=\"Wie installiert man WhatsApp auf dem iPad\"><h2>Wie installiert man WhatsApp auf dem iPad<\/h2><\/a><p>Wenn Sie gerne lernen wollen, wie man WhatsApp auf dem iPad benutzen kann, dann sollten Sie sich diesen Artikel durchlesen. Wir erkl\u00e4ren Ihnen Schritt f\u00fcr Schritt, wie Sie WhatsApp auf dem iPad nutzen k\u00f6nnen.<\/p><\/div><\/div><div class=\"fullManualPost\"><div class=\"mImg\"><a href=\"https:\/\/www.tipard.de\/blog\/ipod-zuruecksetzen-mit-und-ohne-itunes\/\" title=\"iPod zur\u00fccksetzen mit und ohne iTunes\"><img decoding=\"async\" src=\"\" alt=\"iPod zur\u00fccksetzen mit und ohne iTunes\"\/><\/a><\/div><div class=\"context\"><a href=\"https:\/\/www.tipard.de\/blog\/ipod-zuruecksetzen-mit-und-ohne-itunes\/\" title=\"iPod zur\u00fccksetzen mit und ohne iTunes\"><h2>iPod zur\u00fccksetzen mit und ohne iTunes<\/h2><\/a><p>Sie wollen Ihren iPod ohne iTunes zur\u00fccksetzen? Dann folgen Sie ganz einfach dieser praktischen Anleitung zum Zur\u00fccksetzen Ihres iPods.<\/p><\/div><\/div><div class=\"fullManualPost\"><div class=\"mImg\"><a href=\"https:\/\/www.tipard.de\/blog\/daten-zwischen-ipad-und-pc-uebertragen\/\" title=\"Daten zwischen iPad und PC \u00fcbertragen\"><img decoding=\"async\" src=\"\" alt=\"Daten zwischen iPad und PC \u00fcbertragen\"\/><\/a><\/div><div class=\"context\"><a href=\"https:\/\/www.tipard.de\/blog\/daten-zwischen-ipad-und-pc-uebertragen\/\" title=\"Daten zwischen iPad und PC \u00fcbertragen\"><h2>Daten zwischen iPad und PC \u00fcbertragen<\/h2><\/a><p>Wenn Sie Dateien von Ihrem iPad auf einen PC \u00fcbertragen wollen, sollten Sie sich diese Anleitung durchlesen, die Ihnen den Vorgang Schritt f\u00fcr Schritt erkl\u00e4rt.<\/p><\/div><\/div><div class=\"fullManualPost\"><div class=\"mImg\"><a href=\"https:\/\/www.tipard.de\/blog\/wie-synchronisieren-sie-iphones-und-ipads\/\" title=\"Wie synchronisieren Sie iPhones und iPads?\"><img decoding=\"async\" src=\"\" alt=\"Wie synchronisieren Sie iPhones und iPads?\"\/><\/a><\/div><div class=\"context\"><a href=\"https:\/\/www.tipard.de\/blog\/wie-synchronisieren-sie-iphones-und-ipads\/\" title=\"Wie synchronisieren Sie iPhones und iPads?\"><h2>Wie synchronisieren Sie iPhones und iPads?<\/h2><\/a><p>Das Synchronisieren von iPhone und iPad mit den herk\u00f6mmlichen Methoden f\u00e4llt Ihnen schwer? Dann sehen Sie sich diese Anleitung f\u00fcr m\u00f6gliche Alternativen an.<\/p><\/div><\/div><div class=\"fullManualPost\"><div class=\"mImg\"><a href=\"https:\/\/www.tipard.de\/blog\/was-sie-tun-koennen-wenn-ihr-iphone-dauerhaft-das-apple-logo-zeigt\/\" title=\"Was Sie tun k\u00f6nnen, wenn Ihr iPhone dauerhaft das Apple-Logo zeigt\"><img decoding=\"async\" src=\"\" alt=\"Was Sie tun k\u00f6nnen, wenn Ihr iPhone dauerhaft das Apple-Logo zeigt\"\/><\/a><\/div><div class=\"context\"><a href=\"https:\/\/www.tipard.de\/blog\/was-sie-tun-koennen-wenn-ihr-iphone-dauerhaft-das-apple-logo-zeigt\/\" title=\"Was Sie tun k\u00f6nnen, wenn Ihr iPhone dauerhaft das Apple-Logo zeigt\"><h2>Was Sie tun k\u00f6nnen, wenn Ihr iPhone dauerhaft das Appl...<\/h2><\/a><p>Ihr iOS-Ger\u00e4t zeigt st\u00e4ndig nur das Apple-Logo an? Lesen Sie diesen Artikel um eine L\u00f6sung f\u00fcr Ihr Problem zu finden.<\/p><\/div><\/div><div class=\"fullManualPost\"><div class=\"mImg\"><a href=\"https:\/\/www.tipard.de\/blog\/wie-sie-icloud-fotos-online-ansehen\/\" title=\"Wie Sie iCloud Fotos online ansehen\"><img decoding=\"async\" src=\"\" alt=\"Wie Sie iCloud Fotos online ansehen\"\/><\/a><\/div><div class=\"context\"><a href=\"https:\/\/www.tipard.de\/blog\/wie-sie-icloud-fotos-online-ansehen\/\" title=\"Wie Sie iCloud Fotos online ansehen\"><h2>Wie Sie iCloud Fotos online ansehen<\/h2><\/a><p>Sie wissen nicht, wie Sie sich iCloud Fotos online ansehen k\u00f6nnen? Dann folgen Sie unserer einfachen Anleitung.<\/p><\/div><\/div><div class=\"fullManualPost\"><div class=\"mImg\"><a href=\"https:\/\/www.tipard.de\/blog\/wie-sie-iphone-daten-von-ihrem-icloud-backup-wiederherstellen\/\" title=\"Wie Sie iPhone Daten von Ihrem iCloud Backup wiederherstellen\"><img decoding=\"async\" src=\"http:\/\/www.tipard.de\/blog\/wp-content\/uploads\/2017\/11\/restore-icloud.jpg\" alt=\"Wie Sie iPhone Daten von Ihrem iCloud Backup wiederherstellen\"\/><\/a><\/div><div class=\"context\"><a href=\"https:\/\/www.tipard.de\/blog\/wie-sie-iphone-daten-von-ihrem-icloud-backup-wiederherstellen\/\" title=\"Wie Sie iPhone Daten von Ihrem iCloud Backup wiederherstellen\"><h2>Wie Sie iPhone Daten von Ihrem iCloud Backup wiederhers...<\/h2><\/a><p>Sie k\u00f6nnen iPhone-Daten aus der iCloud-Sicherung wiederherstellen, wenn Sie ein neues iPhone einrichten. Finden Sie einfach den besten Weg, um von iCloud Backup mit allen Informationen wiederherzustellen.<\/p><\/div><\/div><div class=\"pagination\"><span aria-current=\"page\" class=\"page-numbers current\">1<\/span>\n<a class=\"page-numbers\" href=\"https:\/\/www.tipard.de\/blog\/wp-json\/wp\/v2\/pages\/603\/page\/2\/\">2<\/a>\n<a class=\"page-numbers\" href=\"https:\/\/www.tipard.de\/blog\/wp-json\/wp\/v2\/pages\/603\/page\/3\/\">3<\/a>\n<a class=\"page-numbers\" href=\"https:\/\/www.tipard.de\/blog\/wp-json\/wp\/v2\/pages\/603\/page\/4\/\">4<\/a>\n<a class=\"next page-numbers\" href=\"https:\/\/www.tipard.de\/blog\/wp-json\/wp\/v2\/pages\/603\/page\/2\/\">Weiter &raquo;<\/a><\/div><br \/>\n<!--noyarpp--><\/p>\n","protected":false},"excerpt":{"rendered":"","protected":false},"author":1,"featured_media":0,"parent":0,"menu_order":0,"comment_status":"closed","ping_status":"closed","template":"","meta":{"footnotes":""},"class_list":["post-603","page","type-page","status-publish","hentry"],"_links":{"self":[{"href":"https:\/\/www.tipard.de\/blog\/wp-json\/wp\/v2\/pages\/603","targetHints":{"allow":["GET"]}}],"collection":[{"href":"https:\/\/www.tipard.de\/blog\/wp-json\/wp\/v2\/pages"}],"about":[{"href":"https:\/\/www.tipard.de\/blog\/wp-json\/wp\/v2\/types\/page"}],"author":[{"embeddable":true,"href":"https:\/\/www.tipard.de\/blog\/wp-json\/wp\/v2\/users\/1"}],"replies":[{"embeddable":true,"href":"https:\/\/www.tipard.de\/blog\/wp-json\/wp\/v2\/comments?post=603"}],"version-history":[{"count":6,"href":"https:\/\/www.tipard.de\/blog\/wp-json\/wp\/v2\/pages\/603\/revisions"}],"predecessor-version":[{"id":10386,"href":"https:\/\/www.tipard.de\/blog\/wp-json\/wp\/v2\/pages\/603\/revisions\/10386"}],"wp:attachment":[{"href":"https:\/\/www.tipard.de\/blog\/wp-json\/wp\/v2\/media?parent=603"}],"curies":[{"name":"wp","href":"https:\/\/api.w.org\/{rel}","templated":true}]}}