{"id":599,"date":"2017-07-15T20:34:01","date_gmt":"2017-07-15T20:34:01","guid":{"rendered":"http:\/\/www.tipard.de\/blog\/?page_id=599"},"modified":"2025-03-02T03:54:44","modified_gmt":"2025-03-02T03:54:44","slug":"dvd","status":"publish","type":"page","link":"https:\/\/www.tipard.de\/blog\/dvd\/","title":{"rendered":"DVD"},"content":{"rendered":"<p><div class=\"fullManualPost\"><div class=\"mImg\"><a href=\"https:\/\/www.tipard.de\/blog\/die-beste-handbrake-alternative-dvds-und-videos-schnell-und-einfach-konvertieren\/\" title=\"Die beste Handbrake Alternative \u2013 DVDs und Videos schnell und einfach konvertieren\"><img decoding=\"async\" src=\"http:\/\/www.tipard.de\/blog\/wp-content\/uploads\/2017\/10\/handbrake-alternative.jpg\" alt=\"Die beste Handbrake Alternative \u2013 DVDs und Videos schnell und einfach konvertieren\"\/><\/a><\/div><div class=\"context\"><a href=\"https:\/\/www.tipard.de\/blog\/die-beste-handbrake-alternative-dvds-und-videos-schnell-und-einfach-konvertieren\/\" title=\"Die beste Handbrake Alternative \u2013 DVDs und Videos schnell und einfach konvertieren\"><h2>Die beste Handbrake Alternative \u2013 DVDs und Videos sch...<\/h2><\/a><p>Handbrake ist eines der meist genutzten Videokonvertierungsprogramme auf dem Markt, doch es handelt sich um eine beschr\u00e4nkte Software. Wir stellen Ihnen deshalb eine umfassende Alternative f\u00fcr die Videokonvertierung vor.<\/p><\/div><\/div><div class=\"fullManualPost\"><div class=\"mImg\"><a href=\"https:\/\/www.tipard.de\/blog\/dvdshrink-fuer-mac-kopieren-und-komprimieren-sie-dvds-auf-dem-mac\/\" title=\"DVDShrink f\u00fcr Mac \u2013 Kopieren und Komprimieren Sie DVDs auf dem Mac\"><img decoding=\"async\" src=\"http:\/\/www.tipard.de\/blog\/wp-content\/uploads\/2017\/10\/1-dvdshrink-for-mac.jpg\" alt=\"DVDShrink f\u00fcr Mac \u2013 Kopieren und Komprimieren Sie DVDs auf dem Mac\"\/><\/a><\/div><div class=\"context\"><a href=\"https:\/\/www.tipard.de\/blog\/dvdshrink-fuer-mac-kopieren-und-komprimieren-sie-dvds-auf-dem-mac\/\" title=\"DVDShrink f\u00fcr Mac \u2013 Kopieren und Komprimieren Sie DVDs auf dem Mac\"><h2>DVDShrink f\u00fcr Mac \u2013 Kopieren und Komprimieren Sie DV...<\/h2><\/a><p>Sie wollen Ihre DVD \u00fcber den Mac sichern und kopieren? Wir zeigen Ihnen, mit welchem Programm das am besten funktioniert!<\/p><\/div><\/div><div class=\"fullManualPost\"><div class=\"mImg\"><a href=\"https:\/\/www.tipard.de\/blog\/wie-man-ein-video-auf-dvd-brennt-mit-einem-dvd-brenner-auf-dem-pc\/\" title=\"Wie man ein Video auf DVD brennt mit einem DVD Brenner auf dem PC\"><img decoding=\"async\" src=\"http:\/\/www.tipard.de\/blog\/wp-content\/uploads\/2017\/09\/burn-video.jpg\" alt=\"Wie man ein Video auf DVD brennt mit einem DVD Brenner auf dem PC\"\/><\/a><\/div><div class=\"context\"><a href=\"https:\/\/www.tipard.de\/blog\/wie-man-ein-video-auf-dvd-brennt-mit-einem-dvd-brenner-auf-dem-pc\/\" title=\"Wie man ein Video auf DVD brennt mit einem DVD Brenner auf dem PC\"><h2>Wie man ein Video auf DVD brennt mit einem DVD Brenner ...<\/h2><\/a><p>Wollen Ihre Lieblingsaufnahmen auf DVD brennen? Dann lesen Sie jetzt unseren Artikel \u00fcber die besten Methoden und Programme, wie man Videos auf DVD brennt.<\/p><\/div><\/div><div class=\"fullManualPost\"><div class=\"mImg\"><a href=\"https:\/\/www.tipard.de\/blog\/konvertierung-von-dvd-vob-zu-ipod-video-mp4movm4v-auf-dem-mac\/\" title=\"Konvertierung von DVD (VOB) zu iPod Video (MP4\/MOV\/M4V) auf dem Mac\"><img decoding=\"async\" src=\"http:\/\/www.tipard.de\/blog\/wp-content\/uploads\/2017\/08\/dvd-to-ipod-1.jpg\" alt=\"Konvertierung von DVD (VOB) zu iPod Video (MP4\/MOV\/M4V) auf dem Mac\"\/><\/a><\/div><div class=\"context\"><a href=\"https:\/\/www.tipard.de\/blog\/konvertierung-von-dvd-vob-zu-ipod-video-mp4movm4v-auf-dem-mac\/\" title=\"Konvertierung von DVD (VOB) zu iPod Video (MP4\/MOV\/M4V) auf dem Mac\"><h2>Konvertierung von DVD (VOB) zu iPod Video (MP4\/MOV\/M4V)...<\/h2><\/a><p>Wenn Sie gerne Ihre DVDs zu Dateien formatieren wollen, die Sie mit Ihrem iOS Ger\u00e4t abspielen k\u00f6nnen, sollten Sie diesen Artikel lesen.<\/p><\/div><\/div><div class=\"fullManualPost\"><div class=\"mImg\"><a href=\"https:\/\/www.tipard.de\/blog\/jede-dvd-auf-den-ipod-uebertragen\/\" title=\"Jede DVD auf den iPod \u00fcbertragen\"><img decoding=\"async\" src=\"http:\/\/www.tipard.de\/blog\/wp-content\/uploads\/2017\/08\/dvd-to-ipod.jpg\" alt=\"Jede DVD auf den iPod \u00fcbertragen\"\/><\/a><\/div><div class=\"context\"><a href=\"https:\/\/www.tipard.de\/blog\/jede-dvd-auf-den-ipod-uebertragen\/\" title=\"Jede DVD auf den iPod \u00fcbertragen\"><h2>Jede DVD auf den iPod \u00fcbertragen<\/h2><\/a><p>Sie wollen Ihre DVDs auch unterwegs vom iPod aus schauen? Dann lesen Sie diesen Artikel, der Ihnen detailliert erkl\u00e4rt wie das m\u00f6glich ist.<\/p><\/div><\/div><div class=\"fullManualPost\"><div class=\"mImg\"><a href=\"https:\/\/www.tipard.de\/blog\/wie-wird-dvd-in-mp4-in-windows-und-mac-in-umgewandelt\/\" title=\"Wie konvertiert man DVDs unter Windows und Mac in MP4?\"><img decoding=\"async\" src=\"http:\/\/www.tipard.de\/blog\/wp-content\/uploads\/2017\/08\/what-is-dvd.jpg\" alt=\"Wie konvertiert man DVDs unter Windows und Mac in MP4?\"\/><\/a><\/div><div class=\"context\"><a href=\"https:\/\/www.tipard.de\/blog\/wie-wird-dvd-in-mp4-in-windows-und-mac-in-umgewandelt\/\" title=\"Wie konvertiert man DVDs unter Windows und Mac in MP4?\"><h2>Wie konvertiert man DVDs unter Windows und Mac in MP4?<\/h2><\/a><p><\/p><\/div><\/div><div class=\"fullManualPost\"><div class=\"mImg\"><a href=\"https:\/\/www.tipard.de\/blog\/wie-brenne-ich-mit-dvd-burner-imovie-auf-eine-dvd\/\" title=\"Wie brenne ich mit DVD Burner iMovie auf eine DVD?\"><img decoding=\"async\" src=\"http:\/\/www.tipard.de\/blog\/wp-content\/uploads\/2017\/08\/imovie-to-dvd.jpg\" alt=\"Wie brenne ich mit DVD Burner iMovie auf eine DVD?\"\/><\/a><\/div><div class=\"context\"><a href=\"https:\/\/www.tipard.de\/blog\/wie-brenne-ich-mit-dvd-burner-imovie-auf-eine-dvd\/\" title=\"Wie brenne ich mit DVD Burner iMovie auf eine DVD?\"><h2>Wie brenne ich mit DVD Burner iMovie auf eine DVD?<\/h2><\/a><p>Sie wollen eine DVD auf Ihrem Mac erstellen und wissen nicht wie? Dann lesen Sie diesen Artikel, der Ihnen ausf\u00fchrlich erkl\u00e4rt welches Programm f\u00fcr Mac geeignet ist und wie man es am besten nutzt.<\/p><\/div><\/div><div class=\"fullManualPost\"><div class=\"mImg\"><a href=\"https:\/\/www.tipard.de\/blog\/wie-brennen-sie-eine-dvd-ohne-viel-aufwand\/\" title=\"Wie brennen Sie eine DVD ohne viel Aufwand?\"><img decoding=\"async\" src=\"http:\/\/www.tipard.de\/blog\/wp-content\/uploads\/2017\/08\/burn-a-dvd.jpg\" alt=\"Wie brennen Sie eine DVD ohne viel Aufwand?\"\/><\/a><\/div><div class=\"context\"><a href=\"https:\/\/www.tipard.de\/blog\/wie-brennen-sie-eine-dvd-ohne-viel-aufwand\/\" title=\"Wie brennen Sie eine DVD ohne viel Aufwand?\"><h2>Wie brennen Sie eine DVD ohne viel Aufwand?<\/h2><\/a><p>Sie wollen eine DVD erstellen und fragen sich, welche Programme Ihnen die n\u00f6tigen Funktionen daf\u00fcr bieten? In diesem Artikel vergleichen wir verschiedene Windows und Mac Programme zum Brennen einer DVD.<\/p><\/div><\/div><div class=\"fullManualPost\"><div class=\"mImg\"><a href=\"https:\/\/www.tipard.de\/blog\/wie-brenne-ich-auf-dem-computer-mit-dvd-burner-videos-auf-eine-dvd\/\" title=\"Wie brenne ich auf dem Computer mit DVD Burner Videos auf eine DVD?\"><img decoding=\"async\" src=\"http:\/\/www.tipard.de\/blog\/wp-content\/uploads\/2017\/08\/burn-video.jpg\" alt=\"Wie brenne ich auf dem Computer mit DVD Burner Videos auf eine DVD?\"\/><\/a><\/div><div class=\"context\"><a href=\"https:\/\/www.tipard.de\/blog\/wie-brenne-ich-auf-dem-computer-mit-dvd-burner-videos-auf-eine-dvd\/\" title=\"Wie brenne ich auf dem Computer mit DVD Burner Videos auf eine DVD?\"><h2>Wie brenne ich auf dem Computer mit DVD Burner Videos a...<\/h2><\/a><p>Wenn Sie Ihre Video- und Filmsammlung auf eine DVD brennen wollen, erkl\u00e4rt Ihnen dieser Artikel, mit welchem Programm man das am schnellsten erledigen kann.<\/p><\/div><\/div><div class=\"pagination\"><\/div><br \/>\n<!--noyarpp--><\/p>\n","protected":false},"excerpt":{"rendered":"","protected":false},"author":1,"featured_media":0,"parent":0,"menu_order":0,"comment_status":"closed","ping_status":"closed","template":"","meta":{"footnotes":""},"class_list":["post-599","page","type-page","status-publish","hentry"],"_links":{"self":[{"href":"https:\/\/www.tipard.de\/blog\/wp-json\/wp\/v2\/pages\/599","targetHints":{"allow":["GET"]}}],"collection":[{"href":"https:\/\/www.tipard.de\/blog\/wp-json\/wp\/v2\/pages"}],"about":[{"href":"https:\/\/www.tipard.de\/blog\/wp-json\/wp\/v2\/types\/page"}],"author":[{"embeddable":true,"href":"https:\/\/www.tipard.de\/blog\/wp-json\/wp\/v2\/users\/1"}],"replies":[{"embeddable":true,"href":"https:\/\/www.tipard.de\/blog\/wp-json\/wp\/v2\/comments?post=599"}],"version-history":[{"count":5,"href":"https:\/\/www.tipard.de\/blog\/wp-json\/wp\/v2\/pages\/599\/revisions"}],"predecessor-version":[{"id":10379,"href":"https:\/\/www.tipard.de\/blog\/wp-json\/wp\/v2\/pages\/599\/revisions\/10379"}],"wp:attachment":[{"href":"https:\/\/www.tipard.de\/blog\/wp-json\/wp\/v2\/media?parent=599"}],"curies":[{"name":"wp","href":"https:\/\/api.w.org\/{rel}","templated":true}]}}