{"id":528,"date":"2017-07-14T20:02:49","date_gmt":"2017-07-14T20:02:49","guid":{"rendered":"http:\/\/www.tipard.de\/blog\/?page_id=528"},"modified":"2017-08-07T01:14:44","modified_gmt":"2017-08-07T01:14:44","slug":"die-top-4-methoden-zum-ubertragen-von-musik-vom-computer-auf-android-phone","status":"publish","type":"page","link":"https:\/\/www.tipard.de\/blog\/die-top-4-methoden-zum-ubertragen-von-musik-vom-computer-auf-android-phone\/","title":{"rendered":"Die Top 4 Methoden zum \u00dcbertragen von Musik vom Computer auf Android Phone"},"content":{"rendered":"<p><img loading=\"lazy\" decoding=\"async\" src=\"http:\/\/www.tipard.de\/blog\/wp-content\/uploads\/2017\/07\/transfer-music-to-android.jpg\" alt=\"\" width=\"600\" height=\"338\" class=\"alignnone size-full wp-image-526\" srcset=\"https:\/\/www.tipard.de\/blog\/wp-content\/uploads\/2017\/07\/transfer-music-to-android.jpg 600w, https:\/\/www.tipard.de\/blog\/wp-content\/uploads\/2017\/07\/transfer-music-to-android-300x169.jpg 300w\" sizes=\"auto, (max-width: 600px) 100vw, 600px\" \/><br \/>\nMusikh\u00f6ren ist eines der wichtigsten Dinge, die wir mit unserem Smartphone machen. Beyonce hat einen Rekord aufgestellt, denn ihr Album Lemonade wurde \u00fcber 115 Millionen mal in der ersten Woche gestreamt. Eine Woche sp\u00e4ter konnte Drake diesen Rekord brechen, denn sein Album Views wurde glatt 245 Millionen mal gestreamt. Die meisten Songs werden heutzutage mit Smartphones gestreamt. Manchmal ist es jedoch gar nicht so einfach, Musik vom Computer auf ein Android Phone zu \u00fcbertragen, wenn es keinen Cloud Service, wie iCloud, hat. Wenn Sie es dennoch probieren m\u00f6chten, Ihre Musik vom Computer auf Android zu laden, wird dieser Artikel Ihnen ein paar n\u00fctzliche Tipps geben.<\/p>\n<p>Teil 1: Musik von PC auf Android via Google Play Music laden<br \/>\nTeil 2: Musik zwischen Computer und Android mit AirMore synchronisieren<br \/>\nTeil 3: Computer Musik auf Android via USB Kabel exportieren<br \/>\nTeil 4: Musik von Computer auf Android via Wi-Fi Netzwerk \u00fcbertragen<\/p>\n<h2>Teil 1: Musik von PC auf Android via Google Play Music laden<\/h2>\n<p>Google Play Music ist ein Musik-Streamingservice, der 2011 von Google herausgegeben wurde. Dort k\u00f6nnen Nutzer ihre Musik von Ihrem Computer in Google Play Music hochladen und mit ihren Android Phones abspielen. Obwohl es nicht n\u00f6tig ist, Google Play Music auf Ihrem Computer zu installieren, m\u00fcssen Sie zumindest ein Google Play Music Plugin f\u00fcr Chrome installieren, damit die Musik hochgeladen werden kann.<br \/>\n<img loading=\"lazy\" decoding=\"async\" src=\"http:\/\/www.tipard.de\/blog\/wp-content\/uploads\/2017\/07\/google-play-music.jpg\" alt=\"\" width=\"600\" height=\"314\" class=\"alignnone size-full wp-image-525\" srcset=\"https:\/\/www.tipard.de\/blog\/wp-content\/uploads\/2017\/07\/google-play-music.jpg 600w, https:\/\/www.tipard.de\/blog\/wp-content\/uploads\/2017\/07\/google-play-music-300x157.jpg 300w\" sizes=\"auto, (max-width: 600px) 100vw, 600px\" \/><\/p>\n<p>1.\tEin Account bei Google Play Music ist erforderlich, wenn Sie Musik von Ihrem Computer auf Android \u00fcbertragen m\u00f6chten. Wenn Sie schon einen haben, dann geben Sie einfach Google Play Music in Ihre Suchmaschine ein und \u00f6ffnen die erste Ergebnisseite, oder geben Sie einfach direkt music.google.com in die Adressleiste ein. So gelangen Sie zu Google Play Music.<br \/>\n2.\tKlicken Sie auf die <strong>Men\u00fc<\/strong> Navigation links im Bild, also auf ein Icon mit drei Linien. Dann erscheint das Hauptmen\u00fc von Google Play Music.<br \/>\n3.\tNavigieren Sie ganz unten zur Seite und Sie finden die Option <strong>Musik hochladen<\/strong>. Darauf klicken Sie, um zur n\u00e4chsten Seite zu gelangen.<br \/>\n4.\tNun k\u00f6nnen Sie Songs von Ihrem Computer auf Google Play Music hochladen, indem Sie die Musikdateien anklicken und in das Fenster ziehen, oder direkt von Ihrem Computer ausw\u00e4hlen.<br \/>\n5.\tHaben Sie alle Songs, die Sie von PC auf Android \u00fcbertragen wollen, hochgeladen, \u00f6ffnen Sie den Play Store auf Ihrem Android Phone und installieren Sie Google Play Music auf Ihrem Smartphone.<br \/>\n6.\tNach der Installation starten Sie die Anwendung und loggen sich mit dem gleichen Account ein, mit dem Sie auch die Songs hochgeladen haben. Nun k\u00f6nnen Sie alle hochgeladenen Songs auf Ihrem Android Phone erleben.<br \/>\nWie Sie sehen, wurden die Songs eigentlich in einen Account in Google Play Music geladen und Sie h\u00f6ren die Musik jetzt mit diesem Account. Das hei\u00dft, dass alle Nutzer nun die \u00fcbertragene Musik von PC auf ihrem Android und vielen anderen Ger\u00e4ten, die Google Play Music unterst\u00fctzen, h\u00f6ren k\u00f6nnen. W\u00e4hrend des gesamten Prozesses brauchen Sie kein USB Kabel, um Ihre Musik von Computer auf Android zu \u00fcbertragen.<\/p>\n<h2>Teil 2: Musik zwischen Computer und Android mit AirMore synchronisieren<\/h2>\n<p>Wenn Sie Google Play Music nutzen, werden Sie sicher mal bemerken, dass die Artworks nicht automatisch mit geladen werden und die hochgeladenen Songs Ihre ID3 Tags verlieren. Au\u00dferdem ist der Prozess manchmal etwas kompliziert und man wird oft von der Programmoberfl\u00e4che verwirrt, wenn man die Musik von Computer auf Android \u00fcbertragen will. Nat\u00fcrlich brauchen Sie stets eine aktive Internetverbindung, um den Prozess abzuschlie\u00dfen. Deshalb gibt es ein paar einfachere Alternativen, wie AirMore.<br \/>\n<img loading=\"lazy\" decoding=\"async\" src=\"http:\/\/www.tipard.de\/blog\/wp-content\/uploads\/2017\/07\/airmore.jpg\" alt=\"\" width=\"600\" height=\"338\" class=\"alignnone size-full wp-image-523\" srcset=\"https:\/\/www.tipard.de\/blog\/wp-content\/uploads\/2017\/07\/airmore.jpg 600w, https:\/\/www.tipard.de\/blog\/wp-content\/uploads\/2017\/07\/airmore-300x169.jpg 300w\" sizes=\"auto, (max-width: 600px) 100vw, 600px\" \/><\/p>\n<p>1.\tZun\u00e4chst installieren Sie AirMore aus dem Google Play Store kostenlos auf Ihrem Android Phone.<br \/>\n2.\tGeben Sie airmore.com in die Adressleiste Ihres Computerbrowsers ein und es wird ein QR Code angezeigt. \u00d6ffnen Sie die AirMore App auf Ihrem Smartphone und klicken Sie auf <strong>Scan zum Verbinden<\/strong>. Scannen Sie den QR Code, um Ihren Computer mit Ihrem Android Phone zu verbinden.<br \/>\n3.\tW\u00e4hlen Sie das Musikfeld aus und es wird die gesamte Musik auf Ihrem Smartphone angezeigt.<br \/>\n4.\tKlicken Sie auf Importieren, um die Musik vom Computer auf das Android zu \u00fcbertragen.<br \/>\nAirMore ist ein professionelles Datenmanagement-Tool. Android Nutzer k\u00f6nnen Ihre Musik zwischen Computer und Android kabellos \u00fcbertragen. AirMore bietet au\u00dferdem tolles Backup-Funktionen. So k\u00f6nnen Sie Musik, die von Ihrem Computer auf Ihr Android \u00fcbertragen wurde, genau so gut sichern.<\/p>\n<h2>Teil 3: Computer Musik auf Android via USB Kabel exportieren<\/h2>\n<p>Eigentlich ist der Windows Media Player immer eine gute Wahl zum Synchronisieren von Musik vom Computer mit dem Android Phone. Anders als Google Play Music, ist der Windows Media Player schon auf dem Windows PC vorinstalliert. Damit kann man seine Audiodateien problemlos auf dem Computer verwalten.<br \/>\n<img loading=\"lazy\" decoding=\"async\" src=\"http:\/\/www.tipard.de\/blog\/wp-content\/uploads\/2017\/07\/android-usb-cable.jpg\" alt=\"\" width=\"600\" height=\"461\" class=\"alignnone size-full wp-image-524\" srcset=\"https:\/\/www.tipard.de\/blog\/wp-content\/uploads\/2017\/07\/android-usb-cable.jpg 600w, https:\/\/www.tipard.de\/blog\/wp-content\/uploads\/2017\/07\/android-usb-cable-300x231.jpg 300w\" sizes=\"auto, (max-width: 600px) 100vw, 600px\" \/><\/p>\n<p>1.\tVerbinden Sie Ihr Android Phone \u00fcber ein USB Kabel mit dem Computer. Erm\u00f6glichen Sie auf Ihrem Smartphone die USB-Verbindung.<br \/>\n2.\tWurde die Verbindung erfolgreich hergestellt, \u00f6ffnet sich automatisch ein AutoPlay Fenster.<br \/>\n3.\t\u00d6ffnen Sie den Windows Media Player auf Ihrem Computer und klicken Sie auf das Synchronisieren-Feld, sodass Ihr Android Phone in der Liste angezeigt wird.<br \/>\n4.\tZiehen Sie beliebige Songs in die Synchronisieren-Liste.<br \/>\n5.\tAnschlie\u00dfend klicken Sie auf den Button <strong>Synchronisierung starten<\/strong>, damit die Musik vom Computer auf Ihr Android Phone \u00fcbertragen wird. Dieser Button ist normalerweise ganz oben oder ganz unten im Windows Media Player, je nachdem welche Version Sie davon haben.<br \/>\n6.\tDer Export-Prozess kann ein paar Sekunden dauern. In dieser Zeit muss die USB-Verbindung aufrecht erhalten werden.<br \/>\nEs ist ganz einfach, seine Musik \u00fcber ein USB Kabel vom Computer auf Android Phone zu bringen. So speichern Sie die Musik aber wirklich auf Ihrem Smartphone, sodass weniger Speicherplatz verf\u00fcgbar ist. Au\u00dferdem ist das Copyright ein weiteres Problem. Manchmal k\u00f6nnen die Songs, die vom Computer auf Android Phone \u00fcbertragen wurden, dort nicht mehr abgespielt werden. Das kommt daher, dass manche Android Phones es nur erlauben, online gekaufte Musik abzuspielen.<\/p>\n<h2>Teil 4: Musik von Computer auf Android via Wi-Fi Netzwerk \u00fcbertragen<\/h2>\n<p>Wenn Sie Ihre Musik von einem Computer auf Android \u00fcbertragen m\u00f6chten, ist das \u00fcber ein Wi-Fi Netzwerk kinderleicht. Das Netzwerk kann Android und Computer zwar nicht direkt verbinden, Sie k\u00f6nnen aber eine App installieren, mit der Sie Musik via Wi-Fi zwischen Ger\u00e4ten teilen k\u00f6nnen.<br \/>\n<img loading=\"lazy\" decoding=\"async\" src=\"http:\/\/www.tipard.de\/blog\/wp-content\/uploads\/2017\/07\/wifi-transfer.jpg\" alt=\"\" width=\"600\" height=\"304\" class=\"alignnone size-full wp-image-527\" srcset=\"https:\/\/www.tipard.de\/blog\/wp-content\/uploads\/2017\/07\/wifi-transfer.jpg 600w, https:\/\/www.tipard.de\/blog\/wp-content\/uploads\/2017\/07\/wifi-transfer-300x152.jpg 300w\" sizes=\"auto, (max-width: 600px) 100vw, 600px\" \/><\/p>\n<p>1.\tInstallieren Sie FileDrop auf Ihrem Android Phone und Computer. Das Programm ist f\u00fcr verschiedene Betriebssysteme erh\u00e4ltlich.<br \/>\n2.\tKlicken Sie auf den Scan-Button, nachdem Sie das Programm gestartet haben. Der Computer fragt Sie, welche Art von Ger\u00e4ten, Sie verbinden m\u00f6chten.<br \/>\n3.\tW\u00e4hlen Sie Ihr Android Ger\u00e4t aus der Liste und Sie werden einen <strong>Ger\u00e4te-Code eingeben<\/strong> m\u00fcssen.<br \/>\n4.\tDen Code finden Sie, wenn Sie auf das Optionen-Icon in der Anwendung auf Ihrem Ger\u00e4t klicken. Um den Computer mit dem Android Phone zu verbinden, m\u00fcssen Sie den Code eingeben.<br \/>\n5.\tUm die Musikdateien zu \u00fcbertragen, ziehen Sie sie einfach von Ihrem Computer auf das Android Ger\u00e4t.<br \/>\n6.\tInnerhalb weniger Sekunden wird der Prozess abgeschlossen sein.<br \/>\nUm Musikdateien zwischen verschiedenen Ger\u00e4ten zu \u00fcbertragen, ist Wi-Fi die effizienteste Methode. Es gibt nat\u00fcrlich auch andere Anwendungen, die Sie zum \u00dcbertragen von Songs, Videos und anderen Dateien zwischen verschiedenen Ger\u00e4ten nutzen k\u00f6nnen. Noch andere Anwendungen k\u00f6nnen Musik auch automatisch vom Computer auf Android \u00fcbertragen.<\/p>\n<p>Zusammenfassung<br \/>\nWenn Sie Schwierigkeiten beim \u00dcbertragen von Musik vom Computer auf Android haben, sollten Sie ein professionelles Tool, wie Tipard Phone Transfer nutzen, um alles von Ihrem Computer auf Ihr Android Ger\u00e4t \u00fcbertragen zu k\u00f6nnen. Nat\u00fcrlich k\u00f6nnen Sie auch Google Play Music mit Ihrem Browser verwenden, die Musik via QR Code von AirMore verf\u00fcgbar machen, oder Computer und Android via USB-Verbindung direkt miteinander synchronisieren. Wenn Sie weitere Fragen oder Probleme haben, was das \u00dcbertragen von Musik vom Computer auf Android betrifft, stehe ich Ihnen gerne zur Verf\u00fcgung.<\/p>\n","protected":false},"excerpt":{"rendered":"<p>Musikh\u00f6ren ist eines der wichtigsten Dinge, die wir mit unserem Smartphone machen. Beyonce hat einen Rekord aufgestellt, denn ihr Album Lemonade wurde \u00fcber 115 Millionen mal in der ersten Woche gestreamt. Eine Woche sp\u00e4ter konnte Drake diesen Rekord brechen, denn sein Album Views wurde glatt 245 Millionen mal gestreamt. Die meisten Songs werden heutzutage mit [&hellip;]<\/p>\n","protected":false},"author":1,"featured_media":0,"parent":0,"menu_order":0,"comment_status":"closed","ping_status":"closed","template":"","meta":{"footnotes":""},"class_list":["post-528","page","type-page","status-publish","hentry"],"_links":{"self":[{"href":"https:\/\/www.tipard.de\/blog\/wp-json\/wp\/v2\/pages\/528","targetHints":{"allow":["GET"]}}],"collection":[{"href":"https:\/\/www.tipard.de\/blog\/wp-json\/wp\/v2\/pages"}],"about":[{"href":"https:\/\/www.tipard.de\/blog\/wp-json\/wp\/v2\/types\/page"}],"author":[{"embeddable":true,"href":"https:\/\/www.tipard.de\/blog\/wp-json\/wp\/v2\/users\/1"}],"replies":[{"embeddable":true,"href":"https:\/\/www.tipard.de\/blog\/wp-json\/wp\/v2\/comments?post=528"}],"version-history":[{"count":1,"href":"https:\/\/www.tipard.de\/blog\/wp-json\/wp\/v2\/pages\/528\/revisions"}],"predecessor-version":[{"id":529,"href":"https:\/\/www.tipard.de\/blog\/wp-json\/wp\/v2\/pages\/528\/revisions\/529"}],"wp:attachment":[{"href":"https:\/\/www.tipard.de\/blog\/wp-json\/wp\/v2\/media?parent=528"}],"curies":[{"name":"wp","href":"https:\/\/api.w.org\/{rel}","templated":true}]}}