{"id":512,"date":"2017-07-14T19:59:34","date_gmt":"2017-07-14T19:59:34","guid":{"rendered":"http:\/\/www.tipard.de\/blog\/?page_id=512"},"modified":"2017-08-15T14:36:15","modified_gmt":"2017-08-15T14:36:15","slug":"die-besten-methoden-zum-loschen-einer-app-auf-dem-iphone-iphone-7","status":"publish","type":"page","link":"https:\/\/www.tipard.de\/blog\/die-besten-methoden-zum-loschen-einer-app-auf-dem-iphone-iphone-7\/","title":{"rendered":"Die besten Methoden zum L\u00f6schen einer App auf dem iPhone (iPhone 7)"},"content":{"rendered":"<p><img loading=\"lazy\" decoding=\"async\" class=\"alignnone size-full wp-image-514\" src=\"http:\/\/www.tipard.de\/blog\/wp-content\/uploads\/2017\/07\/delete-app-on-iphone.jpg\" alt=\"\" width=\"600\" height=\"338\" srcset=\"https:\/\/www.tipard.de\/blog\/wp-content\/uploads\/2017\/07\/delete-app-on-iphone.jpg 600w, https:\/\/www.tipard.de\/blog\/wp-content\/uploads\/2017\/07\/delete-app-on-iphone-300x169.jpg 300w\" sizes=\"auto, (max-width: 600px) 100vw, 600px\" \/><br \/>\nNormalerweise k\u00f6nnen Sie auf das Icon oder die App klicken und die App dann l\u00f6schen. Wenn Sie Ihr iPhone jedoch auf iOS 10 aktualisiert haben, k\u00f6nnte es schwierig werden, eine App von Ihrem iPhone 7 zu l\u00f6schen. Wie kann man eine App ohne das \u201eX\u201c vom iPhone l\u00f6schen? Dieser Artikel erkl\u00e4rt Ihnen verschiedene Methoden, Ihr iPhone 7 einfach aufzur\u00e4umen.<\/p>\n<p>Teil 1: Der effizienteste Weg, eine App vom iPhone 7 zu l\u00f6schen<br \/>\nTeil 2: Apps vom iPhone 7 mit \u201eX\u201c l\u00f6schen<br \/>\nTeil 3: Eine App in den Einstellungen des iPhone 7 loswerden<br \/>\nTeil 4: Apps aus iTunes entfernen<br \/>\nTeil 5: Eine App vom iPhone 7 ohne \u201eX\u201c l\u00f6schen<\/p>\n<h2>Teil 1: Der effizienteste Weg, eine App vom iPhone 7 zu l\u00f6schen<\/h2>\n<p>Wenn Sie Apps auf dem iPhone wirklich effizient l\u00f6schen wollen, ist der Tipard iPhone Eraser wirklich die beste L\u00f6sung f\u00fcr Sie. Wenn Sie Ihr iPhone 7 schon eine Weile benutzen, arbeitet es vielleicht nicht mehr so zufriedenstellend. Dann l\u00f6schen Sie vielleicht manche Apps, aber es st\u00fcrzt immer noch ab. Was kann man tun, um das iPhone wirklich aufzur\u00e4umen? Hier lernen Sie mehr dar\u00fcber, wie man die exzellenten Funktionen des Tipard iPhone Eraser einsetzt.<\/p>\n<h3><a href=\"http:\/\/www.tipard.de\/downloads\/iphone-eraser.exe\">Kostenloser Download Tipard iPhone Eraser<\/a><\/h3>\n<p>Windows Version<\/p>\n<p>1. L\u00f6schen Sie permanent alles aus den Apps auf Ihrem iPhone, einschlie\u00dflich Daten und Einstellungen.<br \/>\n2. Sch\u00fctzen Sie Ihre privaten Informationen vor Diebstahl und Ver\u00f6ffentlichung.<br \/>\n3. R\u00e4umen Sie den Cache Ihres iPhones auf, damit es wie neu arbeitet.<br \/>\n4. L\u00f6schen Sie alle iPhone Daten, einschlie\u00dflich Fotos, Musik, Videos, Kontakte, SMS, iMessages, Anruflisten, Kalenderdaten, Notizen.<br \/>\n5. Sie k\u00f6nnen die Apps oder deren Daten von mehr als zwei iOS Ger\u00e4ten gleichzeitig l\u00f6schen.<br \/>\nWenn Sie Ihr iPhone zur\u00fccksetzen m\u00f6chten, dass es wie neu ist, sollten Sie zuerst ein Backup erstellen. Dann k\u00f6nnen Sie die Apps und andere Daten von Ihrem iPhone l\u00f6schen. Nun w\u00fcrde Ihr iPhone 7 nach langer Zeit wieder wie neu arbeiten. Wenn Sie ein neues iPhone 7 mit mehr Speicherplatz haben m\u00f6chten, kann das Programm auch Ihre Kontakte von Ihrem iPhone l\u00f6schen, ohne dass man sie wiederherstellen kann.<\/p>\n<h3>Wie man Apps auf dem iPhone mit <a href=\"http:\/\/www.tipard.de\/iphone-data-eraser\/\">Tipard iPhone Eraser<\/a> l\u00f6scht<\/h3>\n<p>Der <a href=\"http:\/\/www.tipard.de\/iphone-data-eraser\/\">Tipard iPhone Eraser<\/a> arbeitet auf allen Windows Betriebssystemen, sodass Sie ihn mit Windows XP und neuer, einschlie\u00dflich dem neuesten Windows 10, verwenden k\u00f6nnen. Um iPhone Apps l\u00f6schen zu k\u00f6nnen, k\u00f6nnen Sie die neueste Version des Tipard iPhone Eraser von der offiziellen Webseite herunterladen. Dann entfernen Sie die Apps von Ihrem iPhone wie hier aufgezeigt wird.<\/p>\n<p>1. Installieren Sie das Programm, verbinden Sie Ihr iPhone \u00fcber ein USB Kabel mit dem Computer. Vergewissern Sie sich, dass Ihr Computer das iPhone erkannt hat.<br \/>\n<img loading=\"lazy\" decoding=\"async\" class=\"alignnone size-full wp-image-511\" src=\"http:\/\/www.tipard.de\/blog\/wp-content\/uploads\/2017\/07\/connect-iphone-1.jpg\" alt=\"\" width=\"600\" height=\"381\" srcset=\"https:\/\/www.tipard.de\/blog\/wp-content\/uploads\/2017\/07\/connect-iphone-1.jpg 600w, https:\/\/www.tipard.de\/blog\/wp-content\/uploads\/2017\/07\/connect-iphone-1-300x191.jpg 300w\" sizes=\"auto, (max-width: 600px) 100vw, 600px\" \/><\/p>\n<p>2. Stellen Sie das L\u00f6sch-Level auf niedrig ein. Das h\u00f6chste Level wird die Daten \u00fcberschreiben. Wenn Sie das Level auf niedrig einstellen, k\u00f6nnen Sie die Apps und Cache problemlos l\u00f6schen.<br \/>\n<img loading=\"lazy\" decoding=\"async\" class=\"alignnone size-full wp-image-517\" src=\"http:\/\/www.tipard.de\/blog\/wp-content\/uploads\/2017\/07\/select-level.jpg\" alt=\"\" width=\"600\" height=\"381\" srcset=\"https:\/\/www.tipard.de\/blog\/wp-content\/uploads\/2017\/07\/select-level.jpg 600w, https:\/\/www.tipard.de\/blog\/wp-content\/uploads\/2017\/07\/select-level-300x191.jpg 300w\" sizes=\"auto, (max-width: 600px) 100vw, 600px\" \/><\/p>\n<p>3. Dann klicken Sie auf den Start-Button, um die Apps von Ihrem iPhone zu l\u00f6schen. Es wird ein paar Sekunden dauern, bis das iPhone wieder wie neu l\u00e4uft.<br \/>\n<img loading=\"lazy\" decoding=\"async\" class=\"alignnone size-full wp-image-516\" src=\"http:\/\/www.tipard.de\/blog\/wp-content\/uploads\/2017\/07\/erase-iphone-1.jpg\" alt=\"\" width=\"600\" height=\"381\" srcset=\"https:\/\/www.tipard.de\/blog\/wp-content\/uploads\/2017\/07\/erase-iphone-1.jpg 600w, https:\/\/www.tipard.de\/blog\/wp-content\/uploads\/2017\/07\/erase-iphone-1-300x191.jpg 300w\" sizes=\"auto, (max-width: 600px) 100vw, 600px\" \/><\/p>\n<p>Nat\u00fcrlich sollten Sie das L\u00f6sch-Level auf hoch einstellen, wenn Sie das iPhone durch ein besseres ersetzen, oder es auf Amazon oder auf einem anderen Markt, verkaufen m\u00f6chten. Das hohe Level wird die Daten und Einstellungen drei mal \u00fcberschreiben und dann k\u00f6nnen Sie die Apps oder Informationen nie wieder herstellen.<\/p>\n<h2>Teil 2: Apps vom iPhone 7 mit \u201eX\u201c l\u00f6schen<\/h2>\n<p>Wenn Sie die App anklicken und gedr\u00fcckt halten, wird sie sich bewegen und es wird ein X in der rechten Ecke angezeigt, bzw. iOS 10 zeigt ein 3D Touch-Men\u00fc an. Um die Apps mit dem \u201eX\u201c vom iPhone zu l\u00f6schen, klicken Sie einfach leicht auf das Icon. Das ist die einfachste Methode, Apps vom iPhone 7 zu l\u00f6schen. Folgen Sie einfach den Anweisungen, wenn Sie noch Probleme damit haben.<br \/>\n<img loading=\"lazy\" decoding=\"async\" class=\"alignnone size-full wp-image-513\" src=\"http:\/\/www.tipard.de\/blog\/wp-content\/uploads\/2017\/07\/delete-an-app-with-x.jpg\" alt=\"\" width=\"600\" height=\"338\" srcset=\"https:\/\/www.tipard.de\/blog\/wp-content\/uploads\/2017\/07\/delete-an-app-with-x.jpg 600w, https:\/\/www.tipard.de\/blog\/wp-content\/uploads\/2017\/07\/delete-an-app-with-x-300x169.jpg 300w\" sizes=\"auto, (max-width: 600px) 100vw, 600px\" \/><\/p>\n<p>1. Dr\u00fccken und halten Sie das Icon, bis es sich bewegt.<br \/>\n2. Klicken Sie auf das kleine \u201eX\u201c, was in der Ecke der App erscheint.<br \/>\n3. Dann l\u00f6schen Sie die App und die dazugeh\u00f6rigen Daten von Ihrem iPhone.<br \/>\nWenn die Anwendung in Ihren iTunes Anwendungen gelistet ist, m\u00fcssen Sie die App auch aus iTunes entfernen. Oder die App wird automatisch wieder installiert, wenn Sie die Daten synchronisieren.<\/p>\n<h2>Teil 3: Eine App in den Einstellungen des iPhone 7 loswerden<\/h2>\n<p>Eine App \u00fcber die Einstellungen zu l\u00f6schen, ist auch eine einfache Methode, wenn man nicht genug Speicherplatz hat. iOS 10 macht es m\u00f6glich, eine App auf dem iPhone zu l\u00f6schen, um mehr Speicherplatz freizugeben. Hier finden Sie den genauen Prozess, wie man eine Anwendung mit den Einstellungen auf dem iPhone entfernt.<br \/>\n<img loading=\"lazy\" decoding=\"async\" class=\"alignnone size-full wp-image-518\" src=\"http:\/\/www.tipard.de\/blog\/wp-content\/uploads\/2017\/07\/settings.jpg\" alt=\"\" width=\"600\" height=\"337\" srcset=\"https:\/\/www.tipard.de\/blog\/wp-content\/uploads\/2017\/07\/settings.jpg 600w, https:\/\/www.tipard.de\/blog\/wp-content\/uploads\/2017\/07\/settings-300x169.jpg 300w\" sizes=\"auto, (max-width: 600px) 100vw, 600px\" \/><\/p>\n<p>1. Finden Sie die App in den <strong>Einstellungen<\/strong> Ihres iPhone 7.<br \/>\n2. W\u00e4hlen Sie aus der Liste <strong>Allgemein<\/strong>.<br \/>\n3. Klicken Sie auf die <strong>Speicher &amp; iCloud Speicher<\/strong> Option.<br \/>\n4. Dann k\u00f6nnen Sie die App aus der Liste l\u00f6schen.<br \/>\nHaben Sie die App aus den Einstellungen gel\u00f6scht, ist das Programm nicht mehr l\u00e4nger verf\u00fcgbar. Wie Sie sehen, ist das Entfernen einer App aus den Einstellungen des iPhones auch m\u00f6glich und so k\u00f6nnen auch mehrere Apps gleichzeitig gel\u00f6scht werden.<\/p>\n<h2>Teil 4: Apps aus iTunes entfernen<\/h2>\n<p><img loading=\"lazy\" decoding=\"async\" class=\"alignnone size-full wp-image-510\" src=\"http:\/\/www.tipard.de\/blog\/wp-content\/uploads\/2017\/07\/clean-up-itunes.jpg\" alt=\"\" width=\"600\" height=\"359\" srcset=\"https:\/\/www.tipard.de\/blog\/wp-content\/uploads\/2017\/07\/clean-up-itunes.jpg 600w, https:\/\/www.tipard.de\/blog\/wp-content\/uploads\/2017\/07\/clean-up-itunes-300x180.jpg 300w\" sizes=\"auto, (max-width: 600px) 100vw, 600px\" \/><br \/>\nWie schon erw\u00e4hnt, reicht es nicht, wenn Sie die App nur von Ihrem iPhone l\u00f6schen, denn dann wird sie wieder damit synchronisiert, wenn Sie Ihr iPhone mit iTunes verbinden. Wenn Sie Ihr iPhone 7 wirklich komplett aufr\u00e4umen wollen, m\u00fcssen Sie die Apps ebenfalls aus iTunes l\u00f6schen.<\/p>\n<p>1. Loggen Sie sich in iTunes ein, wenn Sie Ihr iPhone mit dem Computer verbinden.<br \/>\n2. W\u00e4hlen Sie die App Mediathek aus.<br \/>\n3. Klicken Sie auf eine App, die Sie ausw\u00e4hlen m\u00f6chten.<br \/>\n4. Klicken Sie auf den entsprechenden Button, um die App aus iTunes zu l\u00f6schen.<br \/>\nNun wird die App nicht mehr verf\u00fcgbar sein, wenn Sie Ihr iPhone mit iTunes synchronisieren. Dies ist die beste Methode, um eine App ohne gro\u00dfe Umst\u00e4nde aus iTunes zu entfernen.<\/p>\n<h2>Teil 5: Eine App vom iPhone 7 ohne \u201eX\u201c l\u00f6schen<\/h2>\n<p>Mit iOS 10 auf dem iPhone 7 k\u00f6nnen Sie Apps nat\u00fcrlich auch entfernen. Es gibt jedoch ein paar Apps, die auf dem iPhone vorinstalliert sind und die Sie daher nicht l\u00f6schen k\u00f6nnen. Wenn Sie eine App auf dem iPhone ohne das \u201eX\u201c l\u00f6schen m\u00f6chten, folgen Sie diesen Schritten.<br \/>\n<img loading=\"lazy\" decoding=\"async\" class=\"alignnone size-full wp-image-515\" src=\"http:\/\/www.tipard.de\/blog\/wp-content\/uploads\/2017\/07\/delete-iphone-app.jpg\" alt=\"\" width=\"400\" height=\"350\" srcset=\"https:\/\/www.tipard.de\/blog\/wp-content\/uploads\/2017\/07\/delete-iphone-app.jpg 400w, https:\/\/www.tipard.de\/blog\/wp-content\/uploads\/2017\/07\/delete-iphone-app-300x263.jpg 300w\" sizes=\"auto, (max-width: 400px) 100vw, 400px\" \/><\/p>\n<p>1. Gehen Sie auf die Einstellungen auf Ihrem Homescreen.<br \/>\n2. W\u00e4hlen Sie Allgemein aus den Einstellungen.<br \/>\n3. Klicken Sie auf die <strong>Einschr\u00e4nkungen<\/strong> Option. Dann geben Sie den Sicherheitscode ein.<br \/>\n4. Danach k\u00f6nnen Sie die App ausschalten, oder von Ihrem iPhone l\u00f6schen.<br \/>\nWenn Sie zum Homescreen zur\u00fcckkehren, sehen Sie, dass die App verschwunden ist. So k\u00f6nnen Sie auch vorinstallierte Apps von Ihrem iPhone l\u00f6schen.<\/p>\n<h3>Zusammenfassung<\/h3>\n<p>Um eine App von Ihrem iPhone zu entfernen, k\u00f6nnen Sie sie mit dem \u201eX\u201c l\u00f6schen. Alternativ k\u00f6nnen Sie sie \u00fcber die Einstellungen entfernen, um mehr Speicherplatz freizumachen. Wenn Sie eine App von Ihrem iPhone l\u00f6schen m\u00f6chten, sollten Sie sie auch aus iTunes entfernen. Mit der Hilfe von iOS 10 k\u00f6nnen Sie auch mehrere Apps entfernen, die auf dem iPhone vorinstalliert sind. Wenn Sie Probleme beim L\u00f6schen von Apps auf dem iPhone haben, ist der Tipard iPhone Eraser das beste Programm, um Ihnen dabei zu helfen.<\/p>\n","protected":false},"excerpt":{"rendered":"<p>Normalerweise k\u00f6nnen Sie auf das Icon oder die App klicken und die App dann l\u00f6schen. Wenn Sie Ihr iPhone jedoch auf iOS 10 aktualisiert haben, k\u00f6nnte es schwierig werden, eine App von Ihrem iPhone 7 zu l\u00f6schen. Wie kann man eine App ohne das \u201eX\u201c vom iPhone l\u00f6schen? Dieser Artikel erkl\u00e4rt Ihnen verschiedene Methoden, Ihr [&hellip;]<\/p>\n","protected":false},"author":1,"featured_media":0,"parent":0,"menu_order":0,"comment_status":"closed","ping_status":"closed","template":"","meta":{"footnotes":""},"class_list":["post-512","page","type-page","status-publish","hentry"],"_links":{"self":[{"href":"https:\/\/www.tipard.de\/blog\/wp-json\/wp\/v2\/pages\/512","targetHints":{"allow":["GET"]}}],"collection":[{"href":"https:\/\/www.tipard.de\/blog\/wp-json\/wp\/v2\/pages"}],"about":[{"href":"https:\/\/www.tipard.de\/blog\/wp-json\/wp\/v2\/types\/page"}],"author":[{"embeddable":true,"href":"https:\/\/www.tipard.de\/blog\/wp-json\/wp\/v2\/users\/1"}],"replies":[{"embeddable":true,"href":"https:\/\/www.tipard.de\/blog\/wp-json\/wp\/v2\/comments?post=512"}],"version-history":[{"count":5,"href":"https:\/\/www.tipard.de\/blog\/wp-json\/wp\/v2\/pages\/512\/revisions"}],"predecessor-version":[{"id":656,"href":"https:\/\/www.tipard.de\/blog\/wp-json\/wp\/v2\/pages\/512\/revisions\/656"}],"wp:attachment":[{"href":"https:\/\/www.tipard.de\/blog\/wp-json\/wp\/v2\/media?parent=512"}],"curies":[{"name":"wp","href":"https:\/\/api.w.org\/{rel}","templated":true}]}}