{"id":490,"date":"2017-07-14T19:44:36","date_gmt":"2017-07-14T19:44:36","guid":{"rendered":"http:\/\/www.tipard.de\/blog\/?page_id=490"},"modified":"2017-07-16T13:15:05","modified_gmt":"2017-07-16T13:15:05","slug":"problem-gelost-msi-treiberfehler-bei-der-installation-von-iphone-treibersoftware","status":"publish","type":"page","link":"https:\/\/www.tipard.de\/blog\/problem-gelost-msi-treiberfehler-bei-der-installation-von-iphone-treibersoftware\/","title":{"rendered":"Problem gel\u00f6st \u2013 MSI Treiberfehler bei der Installation von iPhone Treibersoftware"},"content":{"rendered":"<p><img loading=\"lazy\" decoding=\"async\" src=\"http:\/\/www.tipard.de\/blog\/wp-content\/uploads\/2017\/07\/msi-drivers.jpg\" alt=\"\" width=\"600\" height=\"338\" class=\"alignnone size-full wp-image-486\" srcset=\"https:\/\/www.tipard.de\/blog\/wp-content\/uploads\/2017\/07\/msi-drivers.jpg 600w, https:\/\/www.tipard.de\/blog\/wp-content\/uploads\/2017\/07\/msi-drivers-300x169.jpg 300w\" sizes=\"auto, (max-width: 600px) 100vw, 600px\" \/><br \/>\nWenn Sie iTunes auf dem PC installieren m\u00fcssen, dann kann es vorkommen, dass dies misslingt und Sie folgende Fehlermeldung erhalten: &#8222;Error:-1603 fatal error during installation consult windows installer help&#8220;. Und es kann auch vorkommen, dass Sie eine dieser Fehlermeldung erhalten: &#8222;The MSI service encountered a fatal error&#8220; oder &#8222;The Windows Installer service could not be accessed&#8220;. Wenn Sie diese Erfahrung machen, wenn Sie Treiber f\u00fcr Tipard iPhone Transfer installieren, dann sollten Sie diesen Artikel lesen. Wir erkl\u00e4ren Ihnen wie Sie Probleme, die mit den MSI Treibern zusammenh\u00e4ngen, l\u00f6sen k\u00f6nnen.<\/p>\n<h2>Was sind MSI Treiber<\/h2>\n<p>MSI ist ein Installer Package-Dateiformat, dass von Windows genutzt wird. Der Name MSI kommt vom Originaltitel Microsoft Installer und wurde sp\u00e4ter ge\u00e4ndert in Windows Installer. MSI Treiber sind Teile der Software, die es dem Computer selbst erlaubt mit dem Hardware Ger\u00e4t zu interagieren. Wenn MSI Treiber oder andere nicht verf\u00fcgbar sind, dann kann die Hardware, die Sie mit Ihrem Computer verbinden, nicht korrekt arbeiten.<br \/>\nWenn Sie Probleme mit den MSI Treibern haben, dann wird empfohlen, dass Sie zun\u00e4chst die MSI Treiber updaten. Probleme, die mit Fehlern des Windows Installer zusammenh\u00e4ngen, k\u00f6nnen Sie direkt auf der offiziellen Website l\u00f6sen. <\/p>\n<h2>MSI Treiberfehler bei der Installation von iPhone Treibern<\/h2>\n<p>Um iPhone, iPad oder iPod Touch zu erkennen, k\u00f6nnen Sie iTunes, das mit den iOS Treibern kommt, installieren. Wenn Sie iOS Ger\u00e4te ohne die Installation von iTunes erkennen m\u00fcssen, dann sind MSI Treiber eine Ihrer Optionen. Wenn es eine Fehlermeldung f\u00fcr MSI Treiber gibt, dann k\u00f6nnen Sie mehr zur Probleml\u00f6sung lesen.<br \/>\nIhren Computer neustarten<br \/>\n<img loading=\"lazy\" decoding=\"async\" src=\"http:\/\/www.tipard.de\/blog\/wp-content\/uploads\/2017\/07\/restart.jpg\" alt=\"\" width=\"600\" height=\"317\" class=\"alignnone size-full wp-image-488\" srcset=\"https:\/\/www.tipard.de\/blog\/wp-content\/uploads\/2017\/07\/restart.jpg 600w, https:\/\/www.tipard.de\/blog\/wp-content\/uploads\/2017\/07\/restart-300x159.jpg 300w\" sizes=\"auto, (max-width: 600px) 100vw, 600px\" \/><br \/>\n1. Wenn Sie Probleme mit MSI Treibern haben, dann sollten Sie als erstes Ihren Computer neustarten. Stellen Sie sicher, dass das iPhone oder ein anderes iOS Ger\u00e4t nicht mehr mit Ihrem Computer verbunden ist.<br \/>\n2. Sie sollten auch das Ger\u00e4t nach dem Neustart mit dem Computer neu verbinden. Wenn das Problem dann immer noch besteht folgen Sie diesen Schritten, um das Problem zu l\u00f6sen.<br \/>\nNeustart des Windows Installer Service<br \/>\n <img loading=\"lazy\" decoding=\"async\" src=\"http:\/\/www.tipard.de\/blog\/wp-content\/uploads\/2017\/07\/restart-the-windows-installer-service.jpg\" alt=\"\" width=\"600\" height=\"446\" class=\"alignnone size-full wp-image-489\" srcset=\"https:\/\/www.tipard.de\/blog\/wp-content\/uploads\/2017\/07\/restart-the-windows-installer-service.jpg 600w, https:\/\/www.tipard.de\/blog\/wp-content\/uploads\/2017\/07\/restart-the-windows-installer-service-300x223.jpg 300w\" sizes=\"auto, (max-width: 600px) 100vw, 600px\" \/><br \/>\n1. Klicken Sie auf das Windows Start Men\u00fc am PC. Geben Sie in die Suchleiste &#8222;services.msc&#8220; ein und dr\u00fccken Sie auf die Enter Taste.<br \/>\n2. Suchen Sie nach dem Windows Installer Service im Servicefenster. Machen Sie einen Rechtsklick darauf und w\u00e4hlen Sie Eigenschaften.<br \/>\n3. Stellen Sie sicher, dass der Service gestartet wurde. Wenn der Service gestoppt wurde, dann klicken Sie auf den Start Knopf und dann auf OK, um den Service zu starten.<br \/>\n4. Stellen Sie sicher, dass der Starttyp als automatisch aktiviert ist und klicken Sie dann auf den Anwenden-Knopf. Nachdem Sie den Servicetyp auf automatisch gestellt haben wird der PC sicherstellen, dass es funktioniert, wenn Sie Ihren Computer neu starten.<\/p>\n<h2>Automatisch besch\u00e4digte Windows System Komponenten reparieren<\/h2>\n<p>Wenn das Problem nach wie vor existiert, dann wird es vermutlich mit einem oder mehreren besch\u00e4digten Windows Systemdateien zusammenh\u00e4ngen. Um das Problem zu beheben k\u00f6nnen Sie diesen Schritten folgen:<br \/>\n1. Updaten Sie auf die neuste Version.<br \/>\n2. Melden Sie sich im Windowskonto mit Administrationsrechten an und \u00f6ffnen Sie eine Instanz der Eingabeaufforderung. Um die Eingabeaufforderung zu \u00f6ffnen, klicken Sie auf das Windows Startmen\u00fc und geben in die Suchleiste cmd.exe ein.<br \/>\n3. Klicken Sie mit der rechten Maustaste auf das Eingabeergebnis und w\u00e4hlen Sie die Option als Administrator ausf\u00fchren.<br \/>\n4. Es erscheint ein Eingabeaufforderungsfenster in das Sie sfc \/scannow eingeben. Denken Sie an die Leerstelle nach sfc. Dr\u00fccken Sie die Enter Taste.<br \/>\n5. Windows wird automatisch die besch\u00e4digten Windows Systemdateien finden und, wenn m\u00f6glich, das Problem beheben. Wenn ihr Computer die besch\u00e4digten Dateien gefunden und repariert hat, dann k\u00f6nnen Sie erneut versuchen die iOS Treiber zu installieren. <\/p>\n<h2>Automatisch MSI Treiber updaten<\/h2>\n<p>Um die Kompatibilit\u00e4t mit mehr Hardware zu gew\u00e4hrleisten, m\u00fcssen die Operationssysteme regelm\u00e4\u00dfig aktualisiert werden. Denn wie Sie sehen ist der Prozess der Fehlerbehebung bei Treibern nicht einfach. Aber nicht jeder hat die M\u00f6glichkeit regelm\u00e4\u00dfig Updates von MSI Treibern herunterzuladen.<br \/>\n <img loading=\"lazy\" decoding=\"async\" src=\"http:\/\/www.tipard.de\/blog\/wp-content\/uploads\/2017\/07\/msi-drivers-update-utility.jpg\" alt=\"\" width=\"600\" height=\"444\" class=\"alignnone size-full wp-image-487\" srcset=\"https:\/\/www.tipard.de\/blog\/wp-content\/uploads\/2017\/07\/msi-drivers-update-utility.jpg 600w, https:\/\/www.tipard.de\/blog\/wp-content\/uploads\/2017\/07\/msi-drivers-update-utility-300x222.jpg 300w\" sizes=\"auto, (max-width: 600px) 100vw, 600px\" \/><br \/>\nMit der Hilfe eines MSI Treiber Auto-Update Programms k\u00f6nnen Sie verschiedenen Fehlern vorbeugen und die Treiber sind auf dem neusten Stand. MSI Drivers Download Utility ist eins dieser Programme, welches die Treiber automatisch f\u00fcr Sie aktualisiert. Es ist eine multifunktionale Software, die nicht nur MSI Treiber Updates herunterladen und installieren kann, sondern auch f\u00fcr andere bekannte Marken, wie Dell, HP, Lenovo, Samsung, Toshiba, ASUS, Nvidia, Intel, Realtek, Brother, EPSON, Compaq, Gateway und andere.<\/p>\n<h2>Ergebis<\/h2>\n<p>Wenn iTunes Ihr iPhone nicht erkennt oder ein anderes iOS Ger\u00e4t, dann sollten Sie MSI Treiber daf\u00fcr nutzen. Sie k\u00f6nnen MSI Treiber auch f\u00fcr andere Hardware verwenden. Falls Fehlermeldungen auftauchen k\u00f6nnen Sie diese mit den hier vorgestellten Methoden beheben. Wenn Sie eine Methode vermissen oder Hilfe bei Ihren MSI Treiberfehlern ben\u00f6tigen, dann lassen Sie uns das in den Kommentaren wissen. <\/p>\n","protected":false},"excerpt":{"rendered":"<p>Wenn Sie iTunes auf dem PC installieren m\u00fcssen, dann kann es vorkommen, dass dies misslingt und Sie folgende Fehlermeldung erhalten: &#8222;Error:-1603 fatal error during installation consult windows installer help&#8220;. Und es kann auch vorkommen, dass Sie eine dieser Fehlermeldung erhalten: &#8222;The MSI service encountered a fatal error&#8220; oder &#8222;The Windows Installer service could not be [&hellip;]<\/p>\n","protected":false},"author":1,"featured_media":0,"parent":0,"menu_order":0,"comment_status":"closed","ping_status":"closed","template":"","meta":{"footnotes":""},"class_list":["post-490","page","type-page","status-publish","hentry"],"_links":{"self":[{"href":"https:\/\/www.tipard.de\/blog\/wp-json\/wp\/v2\/pages\/490","targetHints":{"allow":["GET"]}}],"collection":[{"href":"https:\/\/www.tipard.de\/blog\/wp-json\/wp\/v2\/pages"}],"about":[{"href":"https:\/\/www.tipard.de\/blog\/wp-json\/wp\/v2\/types\/page"}],"author":[{"embeddable":true,"href":"https:\/\/www.tipard.de\/blog\/wp-json\/wp\/v2\/users\/1"}],"replies":[{"embeddable":true,"href":"https:\/\/www.tipard.de\/blog\/wp-json\/wp\/v2\/comments?post=490"}],"version-history":[{"count":1,"href":"https:\/\/www.tipard.de\/blog\/wp-json\/wp\/v2\/pages\/490\/revisions"}],"predecessor-version":[{"id":491,"href":"https:\/\/www.tipard.de\/blog\/wp-json\/wp\/v2\/pages\/490\/revisions\/491"}],"wp:attachment":[{"href":"https:\/\/www.tipard.de\/blog\/wp-json\/wp\/v2\/media?parent=490"}],"curies":[{"name":"wp","href":"https:\/\/api.w.org\/{rel}","templated":true}]}}