{"id":483,"date":"2017-07-14T19:40:52","date_gmt":"2017-07-14T19:40:52","guid":{"rendered":"http:\/\/www.tipard.de\/blog\/?page_id=483"},"modified":"2017-08-15T15:30:43","modified_gmt":"2017-08-15T15:30:43","slug":"wie-man-lesezeichen-im-safari-browser-vom-iphone-auf-einen-macpc-exportiert","status":"publish","type":"page","link":"https:\/\/www.tipard.de\/blog\/wie-man-lesezeichen-im-safari-browser-vom-iphone-auf-einen-macpc-exportiert\/","title":{"rendered":"Wie man Lesezeichen im Safari Browser vom iPhone auf einen Mac\/PC exportiert"},"content":{"rendered":"<p><img loading=\"lazy\" decoding=\"async\" class=\"alignnone size-full wp-image-476\" src=\"http:\/\/www.tipard.de\/blog\/wp-content\/uploads\/2017\/07\/export-safari-bookmarks.jpg\" alt=\"\" width=\"600\" height=\"338\" srcset=\"https:\/\/www.tipard.de\/blog\/wp-content\/uploads\/2017\/07\/export-safari-bookmarks.jpg 600w, https:\/\/www.tipard.de\/blog\/wp-content\/uploads\/2017\/07\/export-safari-bookmarks-300x169.jpg 300w\" sizes=\"auto, (max-width: 600px) 100vw, 600px\" \/><br \/>\nSafari ist eine vorinstallierte App auf dem iPhone und wird von vielen iPhone Nutzern verwendet. Der Browser bietet eine gute M\u00f6glichkeit, um im Internet zu surfen. Auch die Lesezeichenfunktion ist sehr n\u00fctzlich. Sie k\u00f6nnen die Adressen abspeichern, die Sie regelm\u00e4\u00dfig besuchen und beim n\u00e4chsten Mal \u00fcber die Lesezeichen \u00f6ffnen. Manchmal m\u00fcssen wir diese Lesezeichen in Safari vom iPhone exportieren, um sie auf dem PC\/Mac zu speichern oder von dort darauf zuzugreifen. Dieser Artikel wird Ihnen einfache Wege vorstellen, um diese Aufgabe zu erledigen.<br \/>\n\u2022 Teil 1: Safari Lesezeichen via iCloud exportieren<br \/>\n\u2022 Teil 2: Gel\u00f6schte Safari Lesezeichen wiederherstellen<\/p>\n<h2>Wie man Safari Lesezeichen via iCloud exportiert<\/h2>\n<p>iCloud ist ein leistungsstarker Service von Apple f\u00fcr iPhone Nutzer, um den Speicherplatz zu erweitern. Es ist au\u00dferdem ein n\u00fctzliches Werkzeug, um Safari Lesezeichen zu exportieren. Um Safari Lesezeichen vom iPhone zu exportieren m\u00fcssen Sie es zun\u00e4chst mit iClous synchronisieren. Hier stellen wir Ihnen den Prozess vor wie Sie Lesezeichen im Safari Browser auf iCloud exportieren.<br \/>\n1. Entsperren Sie Ihr iPhone und gehen Sie zu den Einstellungen.<br \/>\n<img loading=\"lazy\" decoding=\"async\" class=\"alignnone size-full wp-image-482\" src=\"http:\/\/www.tipard.de\/blog\/wp-content\/uploads\/2017\/07\/settings-safari-bookmarks.jpg\" alt=\"\" width=\"600\" height=\"535\" srcset=\"https:\/\/www.tipard.de\/blog\/wp-content\/uploads\/2017\/07\/settings-safari-bookmarks.jpg 600w, https:\/\/www.tipard.de\/blog\/wp-content\/uploads\/2017\/07\/settings-safari-bookmarks-300x268.jpg 300w\" sizes=\"auto, (max-width: 600px) 100vw, 600px\" \/><br \/>\n2. Suchen Sie das iCloud Men\u00fc und aktivieren Sie die Safari Option.<br \/>\n3. Sobald Ihr iPhone mit dem WLAN verbunden ist, werden die Safari Lesezeichen automatisch in iCloud gesichert.<\/p>\n<h3>Safari Lesezeichen auf dem Mac speichern<\/h3>\n<p>Sobald die Safari Lesezeichen in iCloud gespeichert wurden, m\u00fcssen Sie sich in Ihren iCloud Account einloggen, um die Lesezeichen auf Ihren Mac zu kopieren. Auf demselben Weg k\u00f6nnen Sie auch Sprachnotizen von Ihrem iPhone exportieren. Hier zeigen wir Ihnen wie Sie Safari Lesezeichen von iCloud auf Mac exportieren k\u00f6nnen.<br \/>\n1. \u00d6ffnen Sie auf Ihrem Mac Computer die Systempr\u00e4ferenzen. Suchen Sie das iCloud Symbol und loggen Sie sich in Ihren Apple Account ein.<br \/>\n<img loading=\"lazy\" decoding=\"async\" class=\"alignnone size-full wp-image-481\" src=\"http:\/\/www.tipard.de\/blog\/wp-content\/uploads\/2017\/07\/icloud-icon.jpg\" alt=\"\" width=\"600\" height=\"537\" srcset=\"https:\/\/www.tipard.de\/blog\/wp-content\/uploads\/2017\/07\/icloud-icon.jpg 600w, https:\/\/www.tipard.de\/blog\/wp-content\/uploads\/2017\/07\/icloud-icon-300x269.jpg 300w\" sizes=\"auto, (max-width: 600px) 100vw, 600px\" \/><br \/>\n2. W\u00e4hlen Sie dann die Checkbox von Safari. Wenn Ihr Mac Computer bereits mit dem Internet verbunden ist, werden die Safari Lesezeichen in nur wenigen Sekunden auf Ihren Mac importiert.<br \/>\n3. \u00d6ffnen Sie Safari auf Ihrem Mac und gehen Sie im oberen Men\u00fc auf Datei ausw\u00e4hlen&gt;Lesezeichen exportieren. Jetzt werden Sie die Lesezeichen von Ihrem iPhone auch in Ihrem Mac finden.<br \/>\n<img loading=\"lazy\" decoding=\"async\" class=\"alignnone size-full wp-image-475\" src=\"http:\/\/www.tipard.de\/blog\/wp-content\/uploads\/2017\/07\/export-bookmarks.jpg\" alt=\"\" width=\"600\" height=\"407\" srcset=\"https:\/\/www.tipard.de\/blog\/wp-content\/uploads\/2017\/07\/export-bookmarks.jpg 600w, https:\/\/www.tipard.de\/blog\/wp-content\/uploads\/2017\/07\/export-bookmarks-300x204.jpg 300w\" sizes=\"auto, (max-width: 600px) 100vw, 600px\" \/><br \/>\n4. Geben Sie, wenn Sie m\u00f6chten, neue Dateinamen ein und w\u00e4hlen Sie einen Ort, um diese zu speichern. Danach k\u00f6nnen Sie auf den Speichern Knopf klicken, um die Safari Lesezeichen von Ihrem iPhone auf dem Mac zu sichern.<br \/>\n5. Alle Safari Lesezeichen werden als HTML Dateien exportiert. Sie k\u00f6nnen diese jederzeit importieren.<br \/>\nDie Safari Lesezeichen k\u00f6nnen nicht nur in Safari genutzt werden, sondern auch in anderen Browsern, wie Chrome oder Firefox. Sie k\u00f6nnen denselben Prozess nutzen, um Lesezeichen aus Firefox oder Chrome auf Ihren Mac zu exportieren.<\/p>\n<h3>Safari Lesezeichen in Windows speichern<\/h3>\n<p>Wenn Sie die Lesezeichen auf einem Windows Computer speichern wollen, dann m\u00fcssen Sie etwas anders vorgehen, da es sich um zwei verschiedene Operationssysteme handelt von zwei verschiedenen Unternehmen.<br \/>\n<img loading=\"lazy\" decoding=\"async\" class=\"alignnone size-full wp-image-480\" src=\"http:\/\/www.tipard.de\/blog\/wp-content\/uploads\/2017\/07\/icloud-bookmark.jpg\" alt=\"\" width=\"600\" height=\"412\" srcset=\"https:\/\/www.tipard.de\/blog\/wp-content\/uploads\/2017\/07\/icloud-bookmark.jpg 600w, https:\/\/www.tipard.de\/blog\/wp-content\/uploads\/2017\/07\/icloud-bookmark-300x206.jpg 300w\" sizes=\"auto, (max-width: 600px) 100vw, 600px\" \/><br \/>\n1. Laden Sie iCloud f\u00fcr Windows von der Apple Website auf Ihren PC herunter und installieren Sie es.<br \/>\n2. \u00d6ffnen Sie iCloud auf Ihrem PC und w\u00e4hlen Sie in der Checkbox Lesezeichen aus.<br \/>\n3. Die Optionen erlauben es Nutzern die Safari Lesezeichen in Chrome oder Firefox zu synchronisieren.<br \/>\n4. Nach dem anpassen der Einstellungen klicken Sie auf hinzuf\u00fcgen, um die Safari Lesezeichen zu importieren.<br \/>\n5. Dann werden alle Safari Lesezeichen exportiert und als HTML Datei in dem Browser in Windows gespeichert.<br \/>\nSobald Sie die Safari Lesezeichen vom iPhone auf Ihren Mac oder PC exportiert haben, k\u00f6nnen Sie diese mit anderen Ger\u00e4ten synchronisieren.<\/p>\n<h2>Safari Lesezeichen wiederherstellen via <a href=\"http:\/\/www.tipard.de\/iphone-data-recovery\/\">Tipard iOS Datenwiederherstellung<\/a><\/h2>\n<p>Was sollten Sie tun, wenn die importierten Safari Lesezeichen in iTunes nicht l\u00e4nger verf\u00fcgbar sind? Wenn Sie die Lesezeichen versehentlich gel\u00f6scht haben? Dann k\u00f6nnen Sie die Safari Lesezeichen mit der <a href=\"http:\/\/www.tipard.de\/iphone-data-recovery\/\">Tipard iOS Data Recovery <\/a>wiederherstellen. Viel wichtiger: Sie k\u00f6nnen auch einige Safari Lesezeichen ausw\u00e4hlen und exportieren. Das Programm erlaubt es Nutzern auch die Safari Browser-Chronik durchzusehen. Hier erfahren Sie mehr Details zu den Funktionen der <a href=\"http:\/\/www.tipard.de\/iphone-data-recovery\/\">iOS Datenwiederherstellung mit Tipard.<\/a><br \/>\n1. Abrufen und exportieren von Safari Lesezeichen und anderen iOS Daten vom iPhone auf den Computer.<br \/>\n2. Safari Lesezeichen wiederherstellen und kopieren vom iCloud Backup auf einem PC oder Mac.<br \/>\n3. Vorschau der zur\u00fcckzuholenden Safari Lesezeichen und anderen Daten vor der Wiederherstellung.<br \/>\n4. Backup Dateien aus iTunes in andere Formate extrahieren, die Sie \u00f6ffnen k\u00f6nnen.<br \/>\n5. Wichtige Daten, wie Kontakte, Nachrichten, WhatsApp, Anruferlisten, Kalender, Notizen, Erinnerungen und Safari Lesezeichen.<\/p>\n<h3>Wie man Safari Lesezeichen vom iPhone wiederherstellt<\/h3>\n<p>Wenn Sie Safari Lesezeichen wiederherstellen und exportieren wollen, dann m\u00fcssen Sie das Programm <a href=\"http:\/\/www.tipard.de\/iphone-data-recovery\/\">Tipard iOS Data Recovery <\/a>auf Ihrem Computer ehrunterladen und installieren.<br \/>\n<img loading=\"lazy\" decoding=\"async\" class=\"alignnone size-full wp-image-477\" src=\"http:\/\/www.tipard.de\/blog\/wp-content\/uploads\/2017\/07\/guide-connect-iphone.jpg\" alt=\"\" width=\"600\" height=\"388\" srcset=\"https:\/\/www.tipard.de\/blog\/wp-content\/uploads\/2017\/07\/guide-connect-iphone.jpg 600w, https:\/\/www.tipard.de\/blog\/wp-content\/uploads\/2017\/07\/guide-connect-iphone-300x194.jpg 300w\" sizes=\"auto, (max-width: 600px) 100vw, 600px\" \/><br \/>\n1. \u00d6ffnen Sie die Software auf Ihrem Computer und verbinden Sie Ihr iPhone via USB Kabel mit Ihrem Computer. Bitte stellen Sie sicher, dass das Programm Ihr iPhone erkennt.<br \/>\n2. Sobald Ihr iPhone erfolgreich verbunden wurde, klicken Sie auf den Scan starten Knopf, um den Scan-Prozess zu aktivieren. Warten Sie einige Sekunden und die Daten auf dem iPhone werden angezeigt werden.<br \/>\n3. Sie werden die Safari Lesezeichen unter dem Punkt \u201cErinnerungen &amp; Andere\u201d im Men\u00fc links. Klicken Sie darauf und Ihre Lesezeichen werden rechts angezeigt werden.<br \/>\n<img loading=\"lazy\" decoding=\"async\" class=\"alignnone size-full wp-image-478\" src=\"http:\/\/www.tipard.de\/blog\/wp-content\/uploads\/2017\/07\/guide-iphone-photos.jpg\" alt=\"\" width=\"600\" height=\"387\" srcset=\"https:\/\/www.tipard.de\/blog\/wp-content\/uploads\/2017\/07\/guide-iphone-photos.jpg 600w, https:\/\/www.tipard.de\/blog\/wp-content\/uploads\/2017\/07\/guide-iphone-photos-300x194.jpg 300w\" sizes=\"auto, (max-width: 600px) 100vw, 600px\" \/><br \/>\n4. W\u00e4hlen Sie die Safari Lesezeichen und klicken Sie auf den Wiederherstellen-Knopf in der unteren rechten Ecke. Dann werden die Lesezeichen in einem lokalen Ordner gespeichert.<\/p>\n<h3>Wie kann man Safari Lesezeichen durch iCloud wiederherstellen<\/h3>\n<p>Wenn Sie jemals Dateien in iCloud gesichert haben, dann k\u00f6nnen Sie diese von dort wiederherstellen. Mit dieser Methode k\u00f6nnen Sie Safari Lesezeichen vom iPhone auf den Computer wiederherstellen.<br \/>\n<img loading=\"lazy\" decoding=\"async\" class=\"alignnone size-full wp-image-479\" src=\"http:\/\/www.tipard.de\/blog\/wp-content\/uploads\/2017\/07\/guide-recover-icloud.jpg\" alt=\"\" width=\"600\" height=\"388\" srcset=\"https:\/\/www.tipard.de\/blog\/wp-content\/uploads\/2017\/07\/guide-recover-icloud.jpg 600w, https:\/\/www.tipard.de\/blog\/wp-content\/uploads\/2017\/07\/guide-recover-icloud-300x194.jpg 300w\" sizes=\"auto, (max-width: 600px) 100vw, 600px\" \/><br \/>\n1. \u00d6ffnen Sie die<a href=\"http:\/\/www.tipard.de\/iphone-data-recovery\/\"> Tipard iOS Data Recovery Software<\/a> und w\u00e4hlen Sie die Option Wiederherstellung von der iCloud Sicherungskopie.<br \/>\n2. Loggen Sie sich in Ihren iCloud Account ein, um die Lesezeichen von iCloud auf Ihrem Computer wiederherzustellen.<br \/>\n3. \u00d6ffnen Sie die Safari Lesezeichen einfach \u00fcber den Weg auf dem Sie diese gespeichert haben und nutzen Sie diese, um in Ihrem Browser die Webseiten zu \u00f6ffnen.<br \/>\nBei diesem Prozess ben\u00f6tigen Sie Ihr iPhone nicht. Das hei\u00dft, dass Sie Ihre Safari Lesezeichen wiederherstellen k\u00f6nnen selbst wenn Ihr iPhone kaputt oder verloren gegangen ist. Durch die einfache Verwendung ist <a href=\"http:\/\/www.tipard.de\/iphone-data-recovery\/\">Tipard iOS Data Recovery<\/a> eine gute Alternative zu iTunes und iCloud, um Safari Daten zu exportieren. <a href=\"http:\/\/www.tipard.de\/iphone-data-recovery\/\">Tipard iOS Data Recovery<\/a> Software unterst\u00fctzt Windows und Mac, also k\u00f6nnen Sie es je nach Betriebssystem installieren und nutzen. Wenn Sie weitere Funktionen kennenlernen wollen, m\u00fcssen Sie die zu bezahlende Version nutzen.<\/p>\n<h3>Ergebnis<\/h3>\n<p>Wie Sie in diesem Artikel gelesen haben, ist es nicht schwierig Safari Lesezeichen zu exportieren. Auch wenn iCloud alle Lesezeichen sichern kann, k\u00f6nnen Sie keine Nutzeroptionen w\u00e4hlen. <a href=\"http:\/\/www.tipard.de\/iphone-data-recovery\/\">Tipard iOS Data Recovery Software <\/a>hingegen erlaubt es Ihnen Safari Lesezeichen und andere Datein einzeln oder gesamt wiederherzustellen. Wenn Sie Ihr iPhone nicht bei sich haben, dann k\u00f6nnen Sie mit <a href=\"http:\/\/www.tipard.de\/iphone-data-recovery\/\">Tipard iOS Data Recovery <\/a>die Lesezeichen trotzdem wiederherstellen.<\/p>\n","protected":false},"excerpt":{"rendered":"<p>Safari ist eine vorinstallierte App auf dem iPhone und wird von vielen iPhone Nutzern verwendet. Der Browser bietet eine gute M\u00f6glichkeit, um im Internet zu surfen. Auch die Lesezeichenfunktion ist sehr n\u00fctzlich. Sie k\u00f6nnen die Adressen abspeichern, die Sie regelm\u00e4\u00dfig besuchen und beim n\u00e4chsten Mal \u00fcber die Lesezeichen \u00f6ffnen. Manchmal m\u00fcssen wir diese Lesezeichen in [&hellip;]<\/p>\n","protected":false},"author":1,"featured_media":0,"parent":0,"menu_order":0,"comment_status":"closed","ping_status":"closed","template":"","meta":{"footnotes":""},"class_list":["post-483","page","type-page","status-publish","hentry"],"_links":{"self":[{"href":"https:\/\/www.tipard.de\/blog\/wp-json\/wp\/v2\/pages\/483","targetHints":{"allow":["GET"]}}],"collection":[{"href":"https:\/\/www.tipard.de\/blog\/wp-json\/wp\/v2\/pages"}],"about":[{"href":"https:\/\/www.tipard.de\/blog\/wp-json\/wp\/v2\/types\/page"}],"author":[{"embeddable":true,"href":"https:\/\/www.tipard.de\/blog\/wp-json\/wp\/v2\/users\/1"}],"replies":[{"embeddable":true,"href":"https:\/\/www.tipard.de\/blog\/wp-json\/wp\/v2\/comments?post=483"}],"version-history":[{"count":4,"href":"https:\/\/www.tipard.de\/blog\/wp-json\/wp\/v2\/pages\/483\/revisions"}],"predecessor-version":[{"id":671,"href":"https:\/\/www.tipard.de\/blog\/wp-json\/wp\/v2\/pages\/483\/revisions\/671"}],"wp:attachment":[{"href":"https:\/\/www.tipard.de\/blog\/wp-json\/wp\/v2\/media?parent=483"}],"curies":[{"name":"wp","href":"https:\/\/api.w.org\/{rel}","templated":true}]}}