{"id":472,"date":"2017-07-14T19:34:53","date_gmt":"2017-07-14T19:34:53","guid":{"rendered":"http:\/\/www.tipard.de\/blog\/?page_id=472"},"modified":"2017-07-16T13:15:46","modified_gmt":"2017-07-16T13:15:46","slug":"tipps-zum-internationalen-format-von-telefonnummern-die-sie-nicht-verpassen-sollten","status":"publish","type":"page","link":"https:\/\/www.tipard.de\/blog\/tipps-zum-internationalen-format-von-telefonnummern-die-sie-nicht-verpassen-sollten\/","title":{"rendered":"Tipps zum internationalen Format von Telefonnummern, die Sie nicht verpassen sollten"},"content":{"rendered":"<p><img loading=\"lazy\" decoding=\"async\" src=\"http:\/\/www.tipard.de\/blog\/wp-content\/uploads\/2017\/07\/international-phone-number-format.jpg\" alt=\"\" width=\"600\" height=\"338\" class=\"alignnone size-full wp-image-470\" srcset=\"https:\/\/www.tipard.de\/blog\/wp-content\/uploads\/2017\/07\/international-phone-number-format.jpg 600w, https:\/\/www.tipard.de\/blog\/wp-content\/uploads\/2017\/07\/international-phone-number-format-300x169.jpg 300w\" sizes=\"auto, (max-width: 600px) 100vw, 600px\" \/><br \/>\nStellen Sie sich vor Sie senden eine SMS Textnachricht mit Web Messanger an Freunde in einem anderen Land. Oder Sie haben ein internationales Unternehmen, dann sollten die Telefonnummern Ihrer Kunden sehr wichtig f\u00fcr Sie sein. Selbst wenn Sie ein Grundlagenwissen zu dem internationalen Telefonnumernformat haben, kann es kompliziert sein die Nummern korrekt abzuspeichern. Dieser Artikel wird im Detail erkl\u00e4ren welche wichtigen Tipps zum internationalen Format von Telefonnummern Sie kennen sollten. <\/p>\n<h2>E. 164 Internationales Format von Telefonnummern<\/h2>\n<p><img loading=\"lazy\" decoding=\"async\" src=\"http:\/\/www.tipard.de\/blog\/wp-content\/uploads\/2017\/07\/e164.jpg\" alt=\"\" width=\"600\" height=\"424\" class=\"alignnone size-full wp-image-469\" srcset=\"https:\/\/www.tipard.de\/blog\/wp-content\/uploads\/2017\/07\/e164.jpg 600w, https:\/\/www.tipard.de\/blog\/wp-content\/uploads\/2017\/07\/e164-300x212.jpg 300w\" sizes=\"auto, (max-width: 600px) 100vw, 600px\" \/><br \/>\nE.164 Standard ist der am h\u00e4ufigsten genannte Standard f\u00fcr international Telefonnummer. E.164 ist eine ITU-T Empfehlung mit dem Titel \u201cThe International Public Telecommunication numbering plan\u201d. E.164 Standard war der Nummerierungsplan der ISDN \u00c4ra. Hier sind mehr Details wie der E.164 Nummerierungsplan funktioniert.<br \/>\n1. Die normgerechten Nummern sind limitiert auf ein Maximum von 15 Zahlen, ausgeschlossen sind die Vorwahlcodes.<br \/>\n2. Der erste Teil ist der L\u00e4ndervorwahl, auch bekannt als CC, der aus 1-3 Zahlen besteht.<br \/>\n3. Der zweite Teil ist der nationale Zielcode, mit der Kurzform NDC. Der letzte Teil ist die individuelle Nummer oder SN.<br \/>\n4. NDC und SN werden gemeinsam nationale Bezeichnungsnummer genannt.<br \/>\nWenn wir als Beispiel einen Freund im Staat Queenland in Australien nehmen mit der Nummer XXXX XXXX. Wenn Sie das internationale Telefonnummernformat nutzen, dann erhalten Sie diese Nummer: +61 7 XXXX XXXX.<br \/>\n\u2022 L\u00e4ndervorwahl: +61<br \/>\n\u2022 Nationaler Zielcode: 7<br \/>\n\u2022 Nutzernummer: XXXX XXXX<br \/>\n\u2022 Ergebnis: +61 7 XXXX XXXX<br \/>\nNeben dem E.164 internationalen Format von Telefonnummern, gibt es auch das Format E.123 internationale Notation und den E.164 Standard f\u00fcr Handys. Wenn Sie die mobile Nummer Ihrer Freunde anrufen wollen, k\u00f6nnen Sie die Basisinformationen dem Bild unten entnehmen.<br \/>\nTats\u00e4chlich gibt es verschiedene Versionen des E.164 Standard. Die aktuellste Version ist E.164.3. Diese Empfehlung beschreibt die Grunds\u00e4tze, Kriterien und Verfahren f\u00fcr die Zuordnung in E.164 in Codes f\u00fcr Gruppen und L\u00e4nder. Diese geteilten L\u00e4ndercodes werden koexistieren mit allen anderen E.164-basierten L\u00e4ndercodes zugeordnet von ITU. <\/p>\n<h2>L\u00e4ndervorwahl<\/h2>\n<p><img loading=\"lazy\" decoding=\"async\" src=\"http:\/\/www.tipard.de\/blog\/wp-content\/uploads\/2017\/07\/country-code.jpg\" alt=\"\" width=\"600\" height=\"331\" class=\"alignnone size-full wp-image-468\" srcset=\"https:\/\/www.tipard.de\/blog\/wp-content\/uploads\/2017\/07\/country-code.jpg 600w, https:\/\/www.tipard.de\/blog\/wp-content\/uploads\/2017\/07\/country-code-300x166.jpg 300w\" sizes=\"auto, (max-width: 600px) 100vw, 600px\" \/><br \/>\nDie L\u00e4ndervprwahlen sind eine Komponente des internationalen Telefonnummernformats. Der L\u00e4ndercode des internationalen Formats f\u00fcr Telefonnummern wird unterteilt in 9 Zonen. Hier ist die Liste mit Details zu den Zonen der L\u00e4ndervorwahlen.<br \/>\n<strong>Zone 1: Nordamerikanisches Gebiet. <\/strong><br \/>\n<strong>Zone 2: Gro\u00dfteils Afrika.<\/strong> aber auch Aruba, F\u00e4r\u00f6er Inseln, G\u00f6nland und britisches Territorium im indischen Ozean.<br \/>\n<strong>Zone 3 &#038; Zone 4: Europ\u00e4ische L\u00e4nder.<\/strong> Urspr\u00fcnglich erhielten gr\u00f6\u00dfere L\u00e4nder, wie Spanien, Vereinigtes K\u00f6nigreich oder Frankreich, zweistellige Codes, um die gew\u00f6hnlich l\u00e4ngeren Vorwahlen zu kompensieren. Kleinere L\u00e4nder, wie Island, erhielten dreistellige Codes.<br \/>\n<strong>Zone 5: Zentralamerika und S\u00fcdamerika. <\/strong><br \/>\n<strong>Zone 6: S\u00fcdostasien und Ozeanien.<\/strong><br \/>\n<strong>Zone 7: Teile der ehemaligen Sowjetunion.<\/strong><br \/>\n<strong>Zone 8: Ostasien und spezielle Dienste.<\/strong> +881 wird genutzt f\u00fcr globale mobile Satellitensysteme, +882 und +883 werden genutzt f\u00fcr internationale Netzwerke.<br \/>\n<strong>Zone 9: Asien. <\/strong><br \/>\nAuch wenn es bei den L\u00e4ndervorwahlen ein System gibt, ist es schwer sich alle zu merken. Es gibt einige sehr gut Websites, die ein intelligentes internationales Telefonnumernformat anbieten, wie CountryCode.org oder TollFreeForwarding.com. Sie k\u00f6nnen Ihre eigene Nummer aus mehr als 70 L\u00e4ndern w\u00e4hlen. Die Websiten bieten Ihnen nicht nur das beste verf\u00fcgbare internationale Format f\u00fcr Telefonnummern, sondern auch ein Adressbuch mit internationalen Telefonnummern, vielen Optionen und L\u00e4ndercode Optionen f\u00fcr internationale Telefonnummern. Wenn Sie ein internationales Unternehmen f\u00fchren, dann ist das sehr hilfreich. <\/p>\n<h2>Dial-Out Vorwahl<\/h2>\n<p>Wenn Sie die international Telefonnummer mit einem iPhone w\u00e4hlen, dann ist die Situation anders. Dann m\u00fcssen Sie zun\u00e4chst einen Exit-Code w\u00e4hlen, um einen Anruf in ein anderes Land t\u00e4tigen zu k\u00f6nnen. Das ist auch bekannt als \u201eInternational Call Prefixes\u201d, kurz \u201eIDD Prefix\u201c oder internationale Direktwahl. Ein Land hat typischerweise ein \u201eNDD Prefix\u201d oder nationale Direktwahl.<br \/>\n<img loading=\"lazy\" decoding=\"async\" src=\"http:\/\/www.tipard.de\/blog\/wp-content\/uploads\/2017\/07\/international-phone-number-format-1.jpg\" alt=\"\" width=\"600\" height=\"400\" class=\"alignnone size-full wp-image-471\" srcset=\"https:\/\/www.tipard.de\/blog\/wp-content\/uploads\/2017\/07\/international-phone-number-format-1.jpg 600w, https:\/\/www.tipard.de\/blog\/wp-content\/uploads\/2017\/07\/international-phone-number-format-1-300x200.jpg 300w\" sizes=\"auto, (max-width: 600px) 100vw, 600px\" \/><br \/>\nITU empfhielt die Abfolge 00 als Standard f\u00fcr international Anrufer-Prefix. Viele L\u00e4nder haben diesen Standard implementiert, aber nicht alle. Hier ein Beispiel: Kanada und die Vereinigten Staaten von Amerika nutzen beiden den \u201cExit Code\u201d 011. Wenn Sie die Nummer eines Freundes aus einem anderen Land nur mit einer speziellen Dial-Out Vorwahl abspeichern, dann wird diese zun\u00e4chst als gel\u00f6schte iPhone Kontakte vorgeschlagen. Dann geben Sie stattdessen die Vorwahl f\u00fcr das internationale Format von Telefonnummern ein. Hier ein Beispiel was ist, wenn Sie in verschiedenen L\u00e4ndern sind und die Telefonnummer eines gemeinsamen Freundes in Australien abspeichern wollen. Diese sind dann unterschiedlich. Wenn Sie im Vereinigten K\u00f6nigreich sind, dann m\u00fcssen Sie 00 61 7 XXXX XXXX w\u00e4hlen, wenn Sie aber in den U.S.A. sind, m\u00fcsen Sie 011 61 7 XXXX XXXX w\u00e4hlen. <\/p>\n<h3>Trunk-Vorwahl<\/h3>\n<p>Manchmal kann man eine Telefonnummer auch wegen des sogenannten Trunk-Codes, Amtskennzahlen, nicht anrufen. Es handelt sich dabei um eine Ziffernfolge, die vor der internationalen Telefonnummer gew\u00e4hlt werden soll, um einen geeigneten Telekommunikationskreis zu w\u00e4hlen durch den der Anruf weitergeleitet werden soll. Das Pluszeichen wird verwendet, um anzuzeigen, dass eine internationaler Trunk-Vorwahl gew\u00e4hlt wird und daher ein L\u00e4ndercode folgt.<br \/>\nDie Trunk-Vorwahl ist ein einzelner oder doppelstelliger Code, der genutzt wird, um ein bestimmtes Land anzurufen. Tats\u00e4chlich nutzen nicht alle L\u00e4nder diese Vorwahlen. Es ist aber \u00fcblich geworden die Nummer mit der nationalen Trunk-Vorwahl in Klammern zu schrieben. Nehmen wir das gleiche Beispiel mit dem Freund in Australien. Die Nummer speichern Sie in diesem Format +61 (0) 7 XXXX XXXX.<\/p>\n<h3>Abschlussworte<\/h3>\n<p>Um sicherzustellen, dass die Telefonnummer im internationalen Format abgespeichert wurde, wird die Nummer mit etwas Platz zwischen zwei verschiedenen Vorwahlen angezeigt. Wenn Sie die Nummer anrufen oder eine Nachricht senden wird diese keine Leerstelle enthalten. Wenn Sie eine Nachricht an einen Freund in einem andern Land senden, dann starten Sie mit der L\u00e4ndervorwahl des jeweiligen Landes. Wenn Sie weitere Fragen zu dem internationalen Format f\u00fcr Telefonnummern haben, dann lassen Sie uns diese durch einen Kommentar wissen. Wir werden versuchen so schnell wie m\u00f6glich eine Antwort zu finden. <\/p>\n","protected":false},"excerpt":{"rendered":"<p>Stellen Sie sich vor Sie senden eine SMS Textnachricht mit Web Messanger an Freunde in einem anderen Land. Oder Sie haben ein internationales Unternehmen, dann sollten die Telefonnummern Ihrer Kunden sehr wichtig f\u00fcr Sie sein. Selbst wenn Sie ein Grundlagenwissen zu dem internationalen Telefonnumernformat haben, kann es kompliziert sein die Nummern korrekt abzuspeichern. Dieser Artikel [&hellip;]<\/p>\n","protected":false},"author":1,"featured_media":0,"parent":0,"menu_order":0,"comment_status":"closed","ping_status":"closed","template":"","meta":{"footnotes":""},"class_list":["post-472","page","type-page","status-publish","hentry"],"_links":{"self":[{"href":"https:\/\/www.tipard.de\/blog\/wp-json\/wp\/v2\/pages\/472","targetHints":{"allow":["GET"]}}],"collection":[{"href":"https:\/\/www.tipard.de\/blog\/wp-json\/wp\/v2\/pages"}],"about":[{"href":"https:\/\/www.tipard.de\/blog\/wp-json\/wp\/v2\/types\/page"}],"author":[{"embeddable":true,"href":"https:\/\/www.tipard.de\/blog\/wp-json\/wp\/v2\/users\/1"}],"replies":[{"embeddable":true,"href":"https:\/\/www.tipard.de\/blog\/wp-json\/wp\/v2\/comments?post=472"}],"version-history":[{"count":3,"href":"https:\/\/www.tipard.de\/blog\/wp-json\/wp\/v2\/pages\/472\/revisions"}],"predecessor-version":[{"id":613,"href":"https:\/\/www.tipard.de\/blog\/wp-json\/wp\/v2\/pages\/472\/revisions\/613"}],"wp:attachment":[{"href":"https:\/\/www.tipard.de\/blog\/wp-json\/wp\/v2\/media?parent=472"}],"curies":[{"name":"wp","href":"https:\/\/api.w.org\/{rel}","templated":true}]}}