{"id":459,"date":"2017-07-14T19:30:49","date_gmt":"2017-07-14T19:30:49","guid":{"rendered":"http:\/\/www.tipard.de\/blog\/?page_id=459"},"modified":"2017-08-17T11:12:36","modified_gmt":"2017-08-17T11:12:36","slug":"wie-sie-mehrere-oder-vervielfaltigte-kontakte-auf-ihrem-iphone-loschen","status":"publish","type":"page","link":"https:\/\/www.tipard.de\/blog\/wie-sie-mehrere-oder-vervielfaltigte-kontakte-auf-ihrem-iphone-loschen\/","title":{"rendered":"Wie Sie mehrere oder vervielf\u00e4ltigte Kontakte auf Ihrem iPhone l\u00f6schen"},"content":{"rendered":"<p><img loading=\"lazy\" decoding=\"async\" class=\"alignnone size-full wp-image-458\" src=\"http:\/\/www.tipard.de\/blog\/wp-content\/uploads\/2017\/07\/delete-contacts-on-iphone.jpg\" alt=\"\" width=\"600\" height=\"338\" srcset=\"https:\/\/www.tipard.de\/blog\/wp-content\/uploads\/2017\/07\/delete-contacts-on-iphone.jpg 600w, https:\/\/www.tipard.de\/blog\/wp-content\/uploads\/2017\/07\/delete-contacts-on-iphone-300x169.jpg 300w\" sizes=\"auto, (max-width: 600px) 100vw, 600px\" \/><br \/>\nWenn Sie sich ein neues iPhone 7 kaufen, k\u00f6nnen Sie Kontakte von Ihrem alten iPhone \u00fcbertragen, Fotos aus der iCloud downloaden und selbst Textnachrichten von iPhone zu iPhone \u00fcbertragen. Es gibt jedoch ein gro\u00dfes Problem mit den importierten Kontakten. Sie finden wahrscheinlich zahlreiche duplizierte oder unn\u00f6tige Kontakte auf Ihrem iPhone. Ein weiteres zerm\u00fcrbendes Problem ist es die Kontakte zu verwalten. Was ist die beste Methode, um einfach Kontakte von Ihrem iPhone zu l\u00f6schen? Lesen Sie einfach weiter und erfahren Sie, wie Sie am besten mehrere, duplizierte und sogar alle Kontakte Ihres iPhones l\u00f6schen.<\/p>\n<h2>Beste L\u00f6sung, um Kontakte auf dem iPhone zu l\u00f6schen<\/h2>\n<p>1. L\u00f6schen Sie alle Kontakte auf Ihrem iPhone, um es verkaufen zu k\u00f6nnen, ohne dabei Angst haben zu m\u00fcssen, dass Sie Informationen freigeben.<br \/>\n2. Neben dem L\u00f6schen von Kontakten k\u00f6nnen Sie mit der L\u00f6sung auch Apps von Ihrem iPhone, Musik, Fotos, Nachrichten und weiteres l\u00f6schen und verwalten.<br \/>\n3. Des Weiteren l\u00e4sst iPhone Eraser Ihr altes iPhone wie ein neues laufen, sodas Sie es mit einem guten Preis verkaufen k\u00f6nnen.<br \/>\n4. Sie k\u00f6nnen die fantastischen L\u00f6schfunktionen nicht nur auf dem iPhone, sondern auch auf dem iPod Touch, iPad und weiteren Ger\u00e4ten gleichzeitig anwenden.<br \/>\n5. Alle iOS Ger\u00e4te werden unterst\u00fctzt, darunter iPhone, iPad und iPod Touch mit iOS 9.3 oder h\u00f6her.<\/p>\n<h2>Wie Sie Kontakte mit dem <a href=\"http:\/\/www.tipard.de\/iphone-data-eraser\/\">Tipard iPhone Eraser<\/a> l\u00f6schen<\/h2>\n<p><a href=\"http:\/\/www.tipard.de\/iphone-data-eraser\/\">Tipard iPhone Eraser <\/a>k\u00f6nnen Sie mit Windows XP oder h\u00f6her benutzen. Nat\u00fcrlich ist auch die neueste Windows 10 Version kompatibel. Installieren Sie das Programm einfach auf Ihrem PC, um Kontakte von Ihrem iPhone mit Leichtigkeit zu l\u00f6schen.<br \/>\n1. Verbinden Sie Ihr iPhone via USB Kabel mit dem PC. Stellen Sie sicher, dass Ihr PC Ihr iPhone finden kann.<br \/>\n<img loading=\"lazy\" decoding=\"async\" class=\"alignnone size-full wp-image-456\" src=\"http:\/\/www.tipard.de\/blog\/wp-content\/uploads\/2017\/07\/connect-iphone.jpg\" alt=\"\" width=\"600\" height=\"381\" srcset=\"https:\/\/www.tipard.de\/blog\/wp-content\/uploads\/2017\/07\/connect-iphone.jpg 600w, https:\/\/www.tipard.de\/blog\/wp-content\/uploads\/2017\/07\/connect-iphone-300x191.jpg 300w\" sizes=\"auto, (max-width: 600px) 100vw, 600px\" \/><br \/>\n2. Stellen sie das L\u00f6schlevel als sehr hoch ein. Somit werden alle Daten dreimal \u00fcberschrieben, sodass Wiederherstellungsprogramme die Daten in keinem Fall wiederherstellen k\u00f6nnen.<br \/>\n<img loading=\"lazy\" decoding=\"async\" class=\"alignnone size-full wp-image-462\" src=\"http:\/\/www.tipard.de\/blog\/wp-content\/uploads\/2017\/07\/erasing-level.jpg\" alt=\"\" width=\"600\" height=\"452\" srcset=\"https:\/\/www.tipard.de\/blog\/wp-content\/uploads\/2017\/07\/erasing-level.jpg 600w, https:\/\/www.tipard.de\/blog\/wp-content\/uploads\/2017\/07\/erasing-level-300x226.jpg 300w\" sizes=\"auto, (max-width: 600px) 100vw, 600px\" \/><br \/>\n3. Jetzt k\u00f6nnen Sie den Start Button klicken, um Kontakte Ihres iPhones zu l\u00f6schen. Sobald Sie den Button geklickt haben werden nur wenige Sekunden ben\u00f6tigt, um alle Inhalte und Einstellungen von Ihrem Ger\u00e4t zu l\u00f6schen.<br \/>\n<img loading=\"lazy\" decoding=\"async\" class=\"alignnone size-full wp-image-456\" src=\"http:\/\/www.tipard.de\/blog\/wp-content\/uploads\/2017\/07\/connect-iphone.jpg\" alt=\"\" width=\"600\" height=\"381\" srcset=\"https:\/\/www.tipard.de\/blog\/wp-content\/uploads\/2017\/07\/connect-iphone.jpg 600w, https:\/\/www.tipard.de\/blog\/wp-content\/uploads\/2017\/07\/connect-iphone-300x191.jpg 300w\" sizes=\"auto, (max-width: 600px) 100vw, 600px\" \/><br \/>\nWenn Sie die Daten Ihres iPhones l\u00f6schen wollen, um es Ihren Kindern zu schenken, k\u00f6nnen Sie das L\u00f6schlevel als mittel oder niedrig angeben. Nat\u00fcrlich sollten Sie nicht vergessen vorher ein Backup Ihrer Daten zu machen.<\/p>\n<h2>Wie Sie mehrere oder alle Kontakte von Ihrem iPhone l\u00f6schen<\/h2>\n<p>Um mehrere Kontakte von Ihrem iPhone zu l\u00f6schen k\u00f6nnen Sie iCloud verwenden. Melden Sie sich einfach an Ihrem PC in der iCloud an und l\u00f6schen Kontakte von Ihrem iOS Ger\u00e4t mit den folgenden Schritten.<br \/>\n1. Klicken Sie das Kontakte Icon und dr\u00fccken dann mit dem Zugang zu iCloud &gt; Kontakte mit Informationen zu allen Kontakten.<br \/>\n<img loading=\"lazy\" decoding=\"async\" class=\"alignnone size-full wp-image-457\" src=\"http:\/\/www.tipard.de\/blog\/wp-content\/uploads\/2017\/07\/contact-icloud.jpg\" alt=\"\" width=\"600\" height=\"309\" srcset=\"https:\/\/www.tipard.de\/blog\/wp-content\/uploads\/2017\/07\/contact-icloud.jpg 600w, https:\/\/www.tipard.de\/blog\/wp-content\/uploads\/2017\/07\/contact-icloud-300x155.jpg 300w\" sizes=\"auto, (max-width: 600px) 100vw, 600px\" \/><br \/>\n2. Anschlie\u00dfend k\u00f6nnen Sie den Kommando Button dr\u00fccken und die Kontakte ausw\u00e4hlen, die Sie von Ihrem iPhone l\u00f6schen wollen.<br \/>\nDr\u00fccken Sie den Teilen Button und w\u00e4hlen Email aus. Geben Sie Ihre Emailadresse ein und schicken die Kontakte an ein beliebiges Ger\u00e4t.<br \/>\n<img loading=\"lazy\" decoding=\"async\" class=\"alignnone size-full wp-image-464\" src=\"http:\/\/www.tipard.de\/blog\/wp-content\/uploads\/2017\/07\/icloud-contacts.jpg\" alt=\"\" width=\"600\" height=\"313\" srcset=\"https:\/\/www.tipard.de\/blog\/wp-content\/uploads\/2017\/07\/icloud-contacts.jpg 600w, https:\/\/www.tipard.de\/blog\/wp-content\/uploads\/2017\/07\/icloud-contacts-300x157.jpg 300w\" sizes=\"auto, (max-width: 600px) 100vw, 600px\" \/><br \/>\n3. Dr\u00fccken Sie die L\u00f6schtaste auf Ihrem PC und best\u00e4tigen Sie, dass Sie die Kontakte l\u00f6schen m\u00f6chten.<br \/>\n<img loading=\"lazy\" decoding=\"async\" class=\"alignnone size-full wp-image-460\" src=\"http:\/\/www.tipard.de\/blog\/wp-content\/uploads\/2017\/07\/delete-from-icloud.jpg\" alt=\"\" width=\"600\" height=\"367\" srcset=\"https:\/\/www.tipard.de\/blog\/wp-content\/uploads\/2017\/07\/delete-from-icloud.jpg 600w, https:\/\/www.tipard.de\/blog\/wp-content\/uploads\/2017\/07\/delete-from-icloud-300x184.jpg 300w\" sizes=\"auto, (max-width: 600px) 100vw, 600px\" \/><br \/>\nWenn Sie ein Mac Nutzer sind k\u00f6nnen Sie Ihr iPhone mit Mac verbinden und dann Kontakte mithilfe der Kontakte App l\u00f6schen. Vorher sollten Sie sicher stellen, dass sich die Kontakte in der selben iCloud wie der Mac und das iPhone befinden.<br \/>\n1. \u00d6ffnen Sie die Einstellungen und w\u00e4hlen die iCloud Option aus.<br \/>\n<img loading=\"lazy\" decoding=\"async\" class=\"alignnone size-full wp-image-463\" src=\"http:\/\/www.tipard.de\/blog\/wp-content\/uploads\/2017\/07\/icloud.jpg\" alt=\"\" width=\"600\" height=\"312\" srcset=\"https:\/\/www.tipard.de\/blog\/wp-content\/uploads\/2017\/07\/icloud.jpg 600w, https:\/\/www.tipard.de\/blog\/wp-content\/uploads\/2017\/07\/icloud-300x156.jpg 300w\" sizes=\"auto, (max-width: 600px) 100vw, 600px\" \/><br \/>\n2. Melden Sie sich in der iCloud an und stellen sicher, dass die Kontakte auch synchronisiert werden, indem Sie die Box f\u00fcr Kontakte anklicken.<br \/>\n3. \u00d6ffnen Sie nun die Kontakte App auf dem Mac.<br \/>\n4. Halten Sie die Befehlstaste gedr\u00fcckt und w\u00e4hlen alle Kontakte aus, die Sie l\u00f6schen m\u00f6chten.<br \/>\n5. Dr\u00fccken Sie den L\u00f6schbutton, um die Kontakte zu l\u00f6schen und mit allen Ger\u00e4ten der iCloud zu synchronisieren.<br \/>\nWenn Sie alle Kontakte Ihres Handys l\u00f6schen wollen m\u00fcssen Sie die gleiche Methode anwenden, mit dem einzigen Unterschied, dass Sie alle anstatt nur mehrere Kontakte ausw\u00e4hlen.<\/p>\n<h2>Wie Sie duplizierte Kontakte von Ihrem iPhone l\u00f6schen<\/h2>\n<p>Wie w\u00e4re es all die vervielfachten Kontakte Ihres Handys zu l\u00f6schen? Wenn Sie Kontakte von Ihrem Google Account, altem iPhone oder sogar Computer importieren kann e simmer sein, dass einige Kontakte sich vervielf\u00e4ltigen. Duplizierte Kontakte mit der iCloud zu l\u00f6schen ist kein einfacher Vorgang.<br \/>\n1. Stellen Sie iCloud Kontakte Sync auf Ihrem iPhone ein. Gehen Sie zu den Einstellungen und dann zu der iCloud Option. Dann sollten Sie Kontakte anfangen sich mit der iCloud zu synchronisieren.<br \/>\n2. W\u00e4hlen Sie Kontakte in der iCloud aus. Anschlie\u00dfend k\u00f6nnen Sie sich in der iCloud anmelden und pr\u00fcfen, ob die Kontakte synchronisiert wurden.<br \/>\n3. Stellen Sie iCloud auf dem iPhone aus. Gehen Sie daf\u00fcr auf Einstellungen &gt; iCloud und stellen die Kontakte Option wieder aus. Stellen Sie sicher, dass die Kontakte auf keinen Fall mit der iCloud synchronisiert werden.<br \/>\n4. Loggen Sie sich mit Ihrem Apple Account wieder auf http:\/\/icloud.com ein und exportieren Ihre Kontakte als VCF, welches Sie sp\u00e4ter als Backup benutzen k\u00f6nnen.<br \/>\n5. L\u00f6schen Sie jetzt manuell alle vervielf\u00e4ltigten Kontakte. Dies geht besonders einfach, wenn Sie die Kontakte in alphabetischer Reihenfolge sortiert haben.<br \/>\n6. Anschlie\u00dfend k\u00f6nnen Sie iCloud Kontakte Sync auf Ihrem iPhone wieder einschalten. Die Kontakte der iCloud werden jetzt auf Ihr iPhone synchonisiert und alle duplizierten sind gel\u00f6scht.<br \/>\nWenn Sie alle duplizierten Kontakte Ihres iPhones l\u00f6schen k\u00f6nnen Sie nat\u00fcrlich auch weitere Anwendungen benutzen, um alles richtig zu machen. Au\u00dferdem k\u00f6nnen Sie die Kontakte auch via VCF oder CVS verwalten, was einfacher ist, als sie in Excel zu bearbeiten. Duplizierte Kontakte werden mit Leichtigkeit gel\u00f6scht.<\/p>\n<h2>Zusammenfassung<\/h2>\n<p>Wenn Sie mehrere Kontakte auf Ihrem iPhone l\u00f6schen m\u00f6chten, k\u00f6nnen Sie sie direkt von Ihrem iPhone l\u00f6schen. Wenn Sie jedoch eine gro\u00dfe Anzahl an Kontakten haben, kann iCloud Ihnen dabei helfen, Ihre Kontakte zu verwalten. Um sicherzustellen, dass keinerlei Informationen gestohlen werden brauchen Sie <a href=\"http:\/\/www.tipard.de\/iphone-data-eraser\/\">Tipard iPhone Eraser<\/a>. <a href=\"http:\/\/www.tipard.de\/iphone-transfer\/\">Tipard iPhone Transfer<\/a> sorgt daf\u00fcr, dass Ihr altes iPhone so gut wie ein neues l\u00e4uft. Wenn Sie etwas zum l\u00f6schen von Kontakten auf dem iPhone mit uns teilen m\u00f6chten lassen Sie es uns gerne in den Kommentaren wissen.<\/p>\n","protected":false},"excerpt":{"rendered":"<p>Wenn Sie sich ein neues iPhone 7 kaufen, k\u00f6nnen Sie Kontakte von Ihrem alten iPhone \u00fcbertragen, Fotos aus der iCloud downloaden und selbst Textnachrichten von iPhone zu iPhone \u00fcbertragen. Es gibt jedoch ein gro\u00dfes Problem mit den importierten Kontakten. Sie finden wahrscheinlich zahlreiche duplizierte oder unn\u00f6tige Kontakte auf Ihrem iPhone. Ein weiteres zerm\u00fcrbendes Problem ist [&hellip;]<\/p>\n","protected":false},"author":1,"featured_media":0,"parent":0,"menu_order":0,"comment_status":"closed","ping_status":"closed","template":"","meta":{"footnotes":""},"class_list":["post-459","page","type-page","status-publish","hentry"],"_links":{"self":[{"href":"https:\/\/www.tipard.de\/blog\/wp-json\/wp\/v2\/pages\/459","targetHints":{"allow":["GET"]}}],"collection":[{"href":"https:\/\/www.tipard.de\/blog\/wp-json\/wp\/v2\/pages"}],"about":[{"href":"https:\/\/www.tipard.de\/blog\/wp-json\/wp\/v2\/types\/page"}],"author":[{"embeddable":true,"href":"https:\/\/www.tipard.de\/blog\/wp-json\/wp\/v2\/users\/1"}],"replies":[{"embeddable":true,"href":"https:\/\/www.tipard.de\/blog\/wp-json\/wp\/v2\/comments?post=459"}],"version-history":[{"count":4,"href":"https:\/\/www.tipard.de\/blog\/wp-json\/wp\/v2\/pages\/459\/revisions"}],"predecessor-version":[{"id":693,"href":"https:\/\/www.tipard.de\/blog\/wp-json\/wp\/v2\/pages\/459\/revisions\/693"}],"wp:attachment":[{"href":"https:\/\/www.tipard.de\/blog\/wp-json\/wp\/v2\/media?parent=459"}],"curies":[{"name":"wp","href":"https:\/\/api.w.org\/{rel}","templated":true}]}}