{"id":449,"date":"2017-08-17T11:01:29","date_gmt":"2017-08-17T11:01:29","guid":{"rendered":"http:\/\/www.tipard.de\/blog\/?page_id=449"},"modified":"2017-08-17T11:01:29","modified_gmt":"2017-08-17T11:01:29","slug":"wie-sie-ein-android-handy-mit-einem-mac-computer-verbinden-2","status":"publish","type":"page","link":"https:\/\/www.tipard.de\/blog\/wie-sie-ein-android-handy-mit-einem-mac-computer-verbinden-2\/","title":{"rendered":"Wie Sie ein Android Handy mit einem Mac Computer verbinden"},"content":{"rendered":"<p>Wie wir alle wissen geh\u00f6ren Android und Mac zwei unterschiedlichen Systemen an. Android ist von Google entwickelt und ist das beliebteste Handysystem. Mac geh\u00f6rt zu Apple und iOS ist das Handysystem. Benutzer versuchen einfach Ihr Android Ger\u00e4t mit dem Mac zu verbinden doch finden schnell heraus, dass dies nicht klappt. Mac ben\u00f6tigt f\u00fcr das Lesen eines Android Ger\u00e4ts Programme, die nicht vorinstalliert sind.<br \/>\nGibt es eine Methode, um ein Android Backup zu erstellen oder Musik zwischen dem Android und Mac zu \u00fcbertragen? Wo es Nachfrage gibt, gibt es auch ein Angebot. Es gibt einige Andoid zu Mac Verbindungsl\u00f6sungen mit verschiedenen Funktionen. Wenn Sie Schwierigkeiten damit haben die richtige L\u00f6sung f\u00fcr Sie zu finden sollten Sie weiterlesen, denn wir zeigen Ihnen hier drei unterschiedliche Methoden f\u00fcr den Austausch zwischen Android und Mac.<br \/>\n\u2022 Teil 1: Android und Mac via Android File Transfer verbinden<br \/>\n\u2022 Teil 2: Android Handy und Mac via Airdroid vereinigen<br \/>\n\u2022 Teil 3: Android und Mac via Google Fotos verkn\u00fcpfen<br \/>\nAndroid und Mac via Android File Transfer verbinden<br \/>\nEs gibt eine Google Anwendung um Ihr Android mit dem Mac zu verbinden und zwar Android File Transfer. Die L\u00f6sung erlaubt es den Nutzern Android Ger\u00e4te mit dem Mac zu verbinden und Dateien zwischen der iTunes Galerie und Android Handys zu synchronisieren. Downloaden sie die L\u00f6sung einfach von der Webseite und verbinden Android mit dem Mac wie unten gezeigt.<\/p>\n<p>\u2022 1. Verbinden Sie Ihr Android Handy via USB Kabel mit dem Mac und entspeeren Ihr Android.<br \/>\n\u2022 2. \u00d6ffnen Sie das Android Benachrichtigung-Panel und w\u00e4hlen die USB Option aus.<br \/>\n\u2022 3. W\u00e4hlen Sie Medienger\u00e4t oder MTP aus und aktivieren es.<br \/>\n\u2022 4. An Ihrem Mac Computer m\u00fcssen Sie nun das Go Men\u00fc in der oberen Men\u00fcleiste \u00f6ffnen.<br \/>\n\u2022 5. W\u00e4hlen Sie die Applikationen Option.<br \/>\n\u2022 6. Doppelklicken Sie Android File Transfer, falls es nicht schon automatisch ge\u00f6ffnet wurde.<br \/>\n\u2022 7. Ihr Android Speicher wird nun angezeigt und Sie k\u00f6nnen Dateien je nach Belieben \u00fcbertragen.<br \/>\nAndroid File Transfer ist von Google entwickelt und kann kostenlos auf der Webseite heruntergeladen werden. Diese Methode ist also der sicherste Weg, um Android und Mac zu verbinden. Die Ger\u00e4te werden mit dem USB Kabel verbunden, also wird keine Internetverbindung ben\u00f6tigt, was ein gro\u00dfer Vorteil ist. Andererseits brauchen Sie eben dieses USB Kabel, was sich, je nach Standort, als schwierig erweisen kann.<br \/>\nAndroid Handy und Mac via Airdroid vereinigen<br \/>\nAirdroid ist eine bessere Alternative zu Android File Transfer, weil es drahtlose Verbindung unterst\u00fctzt. Die L\u00f6sung ist kompatibel mit fast allen Android Ger\u00e4ten, wie Samsung, LG, HTC, Sony, Huawei, ZTE und andere Android Handys. Es ist der perfekte Weg um kompletten Zugang auf Ihr Handy mithilfe Ihres PCs oder Mac zu haben. Folgen Sie einfach den folgenden Schritten, wenn Sie Ihr Android mit Mac verbunden haben.<\/p>\n<p>\u2022 1. Laden Sie zuerst Airdroid auf Ihrem Computer sowie Android Handy herunter.<br \/>\n\u2022 2. \u00d6ffnen Sie Airdroid auf Ihrem Android Ger\u00e4t und folgen den Anweisungen der App. Gehen Sie anschlie\u00dfend auf den Verbindung Tab in der Airdroid App.<br \/>\n\u2022 3. Die IP und URL werden eine Verbindung aufbauen, mit der Android und Mac miteinander verbunden werden.<br \/>\n\u2022 4. Wechseln Sie auf den Mac Computer und \u00f6ffnen die URL in Ihrem Browser. Folgen Sie den Anweisungen und klicken Akzeptieren, um die Verbindung aufzubauen.<br \/>\n\u2022 5. Gehen Sie auf den Dateien Tab im Men\u00fc, um den Dateien Browser zu \u00f6ffnen.<br \/>\n\u2022 6. Anschlie\u00dfend ist die Android-Mac-Verbindung verf\u00fcgbar.<br \/>\nAirdroid ist ein beliebtes Tool, um Android mit einem Mac Computer zu verbinden. Es wird keine physische Verbindung ben\u00f6tigt, das hei\u00dft Sie m\u00fcssen kein USB Kabel griffbereit haben. Eine schnelle Internetverbindung ist jedoch ein muss. Mit einem Upgrade zur Premium Funktion k\u00f6nnen Sie sogar Anrufe direkt von Ihrem Laptop erledigen.<br \/>\nAndroid und Mac via Google Fotos verkn\u00fcpfen<br \/>\nGoogle Fotos ist eine weitere effektive Methode, um Android und Mac miteinander zu verbinden. Wenn Sie Fotos oder Videos mit einem Android Ger\u00e4t schie\u00dfen k\u00f6nnen Sie sie via Google Fotos automatisch mit einem Mac synchronisieren. Google Photos is another efficient method to connect Android to Mac. Diese Methode wird von den Usern am h\u00e4ufigsten verwendet und ben\u00f6tigt keine Verbindung via USB Kabel.<\/p>\n<p>\u2022 1. Laden Sie Google Fotos auf Ihrem Android Handy oder Ger\u00e4t herunter.<br \/>\n\u2022 2. \u00d6ffnen Sie Google Fotos auf dem Android Ger\u00e4t und folgen den Anweisungen der App.<br \/>\n\u2022 3. \u00d6ffnen Sie die Ger\u00e4teeinstellungen.<br \/>\n\u2022 4. Stellen Sie automatisches Backup aus oder ein, genauso wie die dazugeh\u00f6rigen Einstellungen.<br \/>\n\u2022 5. Es gibt einige gro\u00dfartige Bearbeitungs- und Teilfunktionen, die Sie unbedingt ausprobieren sollten.<br \/>\n\u2022 6. Sie k\u00f6nnen anschlie\u00dfend das Google Fotos Portal auf Ihrem Mac \u00f6ffnen oder sich direkt auf https:\/\/photos.google.com einloggen, um auf die Dateien Ihres Android Ger\u00e4tes zuzugreifen.<br \/>\nGoogle Fotos ist die beste L\u00f6sung, um Ihr Android Ger\u00e4t mit einem Mac Computer zu verbinden. Es gibt nicht nur die automatische Synchronisierungsfunktion, sondern auch unbegrenzten Speicherplatz, den Sie genie\u00dfen k\u00f6nnen. Wenn Sie iCloud oder AmazonCloud benutzen k\u00f6nnen Sie nur begrenzt Dateien speichern.<br \/>\nZusammenfassung<br \/>\nObwohl Android und Mac mit komplett verschiedenen Betriebssystemen arbeiten, gibt es einige Wege sie zu verbinden, ob mit einer physischen Verbindung oder Internetverbindung. Wir haben Ihnen hier noch einmal alle Vor- und Nachteile der drei verschiedenen Methoden zusammengefasst. So k\u00f6nnen Sie einfacher herausfinden, welche L\u00f6sung die richtige f\u00fcr Sie ist.<br \/>\n\u2022 1. Wenn Sie die M\u00f6glichkeit haben ein USB Kabel zu benutzen ist Android File Transfer eine gute Option, um Ihr Android Handy mit dem Mac zu verbinden. Dateien werden effizient zwischen dem Mac und Android \u00fcbertragen, ohne dabei eine Internetverbindung zu ben\u00f6tigen. Bevor Sie eine Verbindung herstellen k\u00f6nnen m\u00fcssen Sie Android File Transfer herunterladen.<br \/>\n\u2022 2. Wenn Sie keine extra L\u00f6sungen herunterladen m\u00f6chten ist Airdroid eine gute M\u00f6glichkeit. Mit Airdroid verbinden Sie Android und Mac \u00fcber eine Internetverbindung. Die Dateien k\u00f6nnen via einer speziellen URL heruntergeladen werden. F\u00fcr diese Methode ist eine gute Internetverbindung jedoch essentiell, denn wenn diese nicht gut genug ist, kann eine \u00dcbertragung nicht funktionieren.<br \/>\n\u2022 3. Google Fotos ist die meistbenutze Methode, um Android und Mac zu verbinden. Sie k\u00f6nnen unbegrenzt Fotos und Videos mit der automatischen Synchronisierung \u00fcbertragen. Google Fotos funktioniert jedoch nur mit Fotos und Videodateien, um andere Dateien teilen zu k\u00f6nnen ben\u00f6tigen Sie Google Drive, der nur einen begrenzten Speicherplatz anbietet.<br \/>\nNat\u00fcrlich k\u00f6nnen Sie neben den oben genannten Methoden auch Fotos, Dropbox und andere L\u00f6sungen verwenden, um Android mit dem Mac zu verbinden. Egal welche Methode Sie sich aussuchen, sie funktionieren alle auf eine \u00e4hnliche Art und Weise. Sie k\u00f6nnen ein USB Kabel verwenden, Android Dateien mit einer URL herunterladen oder einen Cloud Service benutzen. Falls Sie immer noch Probleme mit Android und Mac haben, lassen Sie es uns wissen.<\/p>\n","protected":false},"excerpt":{"rendered":"<p>Wie wir alle wissen geh\u00f6ren Android und Mac zwei unterschiedlichen Systemen an. Android ist von Google entwickelt und ist das beliebteste Handysystem. Mac geh\u00f6rt zu Apple und iOS ist das Handysystem. Benutzer versuchen einfach Ihr Android Ger\u00e4t mit dem Mac zu verbinden doch finden schnell heraus, dass dies nicht klappt. Mac ben\u00f6tigt f\u00fcr das Lesen [&hellip;]<\/p>\n","protected":false},"author":1,"featured_media":0,"parent":0,"menu_order":0,"comment_status":"closed","ping_status":"closed","template":"","meta":{"footnotes":""},"class_list":["post-449","page","type-page","status-publish","hentry"],"_links":{"self":[{"href":"https:\/\/www.tipard.de\/blog\/wp-json\/wp\/v2\/pages\/449","targetHints":{"allow":["GET"]}}],"collection":[{"href":"https:\/\/www.tipard.de\/blog\/wp-json\/wp\/v2\/pages"}],"about":[{"href":"https:\/\/www.tipard.de\/blog\/wp-json\/wp\/v2\/types\/page"}],"author":[{"embeddable":true,"href":"https:\/\/www.tipard.de\/blog\/wp-json\/wp\/v2\/users\/1"}],"replies":[{"embeddable":true,"href":"https:\/\/www.tipard.de\/blog\/wp-json\/wp\/v2\/comments?post=449"}],"version-history":[{"count":2,"href":"https:\/\/www.tipard.de\/blog\/wp-json\/wp\/v2\/pages\/449\/revisions"}],"predecessor-version":[{"id":686,"href":"https:\/\/www.tipard.de\/blog\/wp-json\/wp\/v2\/pages\/449\/revisions\/686"}],"wp:attachment":[{"href":"https:\/\/www.tipard.de\/blog\/wp-json\/wp\/v2\/media?parent=449"}],"curies":[{"name":"wp","href":"https:\/\/api.w.org\/{rel}","templated":true}]}}