{"id":403,"date":"2017-07-14T18:49:15","date_gmt":"2017-07-14T18:49:15","guid":{"rendered":"http:\/\/www.tipard.de\/blog\/?page_id=403"},"modified":"2017-08-17T11:07:06","modified_gmt":"2017-08-17T11:07:06","slug":"wie-sie-ihr-iphone-ohne-ios-upgrade-wiederherstellen","status":"publish","type":"page","link":"https:\/\/www.tipard.de\/blog\/wie-sie-ihr-iphone-ohne-ios-upgrade-wiederherstellen\/","title":{"rendered":"Wie Sie Ihr iPhone ohne iOS Upgrade wiederherstellen"},"content":{"rendered":"<p><img loading=\"lazy\" decoding=\"async\" class=\"alignnone size-full wp-image-402\" src=\"http:\/\/www.tipard.de\/blog\/wp-content\/uploads\/2017\/07\/restore-iphone-without-updating.jpg\" alt=\"\" width=\"600\" height=\"300\" srcset=\"https:\/\/www.tipard.de\/blog\/wp-content\/uploads\/2017\/07\/restore-iphone-without-updating.jpg 600w, https:\/\/www.tipard.de\/blog\/wp-content\/uploads\/2017\/07\/restore-iphone-without-updating-300x150.jpg 300w\" sizes=\"auto, (max-width: 600px) 100vw, 600px\" \/><br \/>\nSie m\u00f6chten Ihr iPhone 7\/SE\/6\/5\/4 wiederherstellen, ohne dabei auf das neueste iOS 10.1.1 oder iOS 9\/8 upzugraden?<br \/>\nMit dem t\u00e4glichen Gebrauch von iPhone oder iPad werden immer mehr Daten auf Ihrem iOS Ger\u00e4t gesammelt. Sie werden an dem ein oder anderen Punkt wahrscheinlich \u201eiPhone wiederherstellen\u201c dr\u00fccken, wenn Ihr Speicher so gut wie voll ist. Die neuesten iOS Upgrades haben je nachdem jedoch einige Nachteile, weswegen Sie kein Upgrade durchf\u00fchren wollen. Wir zeigen Ihnen in diesem Artikel, wie Sie Ihr iPhone\/iPad ohne iOS Upgrade wiederherstellen.<\/p>\n<h2>Back Up der Daten vor der iPhone Wiederherstellung<\/h2>\n<p>Bevor Sie Ihr iPhone wiederherstellen sollten Sie ein Back Up der wichtigsten Dateien erstellen. Wir zeigen Ihnen hier zwei Wege, um erfolgreich ein Backup der iPhone Daten zu erstellen. Sie k\u00f6nnen die f\u00fcr Sie passendere Methode ausw\u00e4hlen.<\/p>\n<h3>Benutzen Sie iTunes um ein Backup der iPhone Daten zu erstellen<\/h3>\n<p>1. \u00d6ffnen Sie die neueste Version von iTunes auf Ihrem Computer und verbinden Sie Ihr iPhone mithilfe eines USB Kabels.<br \/>\n<img loading=\"lazy\" decoding=\"async\" class=\"alignnone size-full wp-image-397\" src=\"http:\/\/www.tipard.de\/blog\/wp-content\/uploads\/2017\/07\/back-up-iphone-data.jpg\" alt=\"\" width=\"720\" height=\"465\" srcset=\"https:\/\/www.tipard.de\/blog\/wp-content\/uploads\/2017\/07\/back-up-iphone-data.jpg 720w, https:\/\/www.tipard.de\/blog\/wp-content\/uploads\/2017\/07\/back-up-iphone-data-300x194.jpg 300w\" sizes=\"auto, (max-width: 720px) 100vw, 720px\" \/><br \/>\n2. Klicken Sie auf das iPhone Icon und clicken \u201cJetzt Bakup erstellen\u201d.<br \/>\niTunes erstellt nun ein Backup Ihrer iPhone Daten auf dem Computer.<\/p>\n<h3>Backup der iPhone Dateien mit <a href=\"http:\/\/www.tipard.de\/iphone-data-recovery\/\">iOS Daten Wiederherstellung<\/a><\/h3>\n<p>Mit der ersten Methode k\u00f6nnen sie leicht wichtige Daten mit iTunes speichern. Sie haben jedoch keinen direkten Zugriff auf diese Dateien und wenn Sie die Daten wiederherstellen m\u00f6chten, m\u00fcssen Sie alles wiederherstellen und haben keine Auswahlm\u00f6glichkeit. Hier zeigen wir Ihnen die proffessionelle iOS Data Recovery um Ihre gew\u00fcnschten Daten seperat wiederherzustellen.<br \/>\n1. Downloaden, installieren und \u00f6ffnen Sie die iPhone Daten Backup L\u00f6sung auf Ihrem PC\/Mac.<br \/>\n2. Verbinden Sie Ihr iPhone mit der L\u00f6sung und w\u00e4hlen \u201cWiederherstellen vom iOS Ger\u00e4t\u201d.<br \/>\n<img loading=\"lazy\" decoding=\"async\" class=\"alignnone size-full wp-image-400\" src=\"http:\/\/www.tipard.de\/blog\/wp-content\/uploads\/2017\/07\/recover-from-ios-device.jpg\" alt=\"\" width=\"720\" height=\"465\" srcset=\"https:\/\/www.tipard.de\/blog\/wp-content\/uploads\/2017\/07\/recover-from-ios-device.jpg 720w, https:\/\/www.tipard.de\/blog\/wp-content\/uploads\/2017\/07\/recover-from-ios-device-300x194.jpg 300w\" sizes=\"auto, (max-width: 720px) 100vw, 720px\" \/><br \/>\n3. Klicken Sie \u201cScan starten\u201d, um die Daten Ihres iPhones zu durchsuchen. Nach dem Scan sehen Sie alle Dateien in der L\u00f6sung aufgelistet.<br \/>\n<img loading=\"lazy\" decoding=\"async\" class=\"alignnone size-full wp-image-398\" src=\"http:\/\/www.tipard.de\/blog\/wp-content\/uploads\/2017\/07\/iphone-6.jpg\" alt=\"\" width=\"720\" height=\"457\" srcset=\"https:\/\/www.tipard.de\/blog\/wp-content\/uploads\/2017\/07\/iphone-6.jpg 720w, https:\/\/www.tipard.de\/blog\/wp-content\/uploads\/2017\/07\/iphone-6-300x190.jpg 300w\" sizes=\"auto, (max-width: 720px) 100vw, 720px\" \/><br \/>\n4. Das Programm erlaubt es Ihnen die Daten auszuw\u00e4hlen, die Ihnen wichtig sind und von ihnen ein Backup auf Ihrem Computer zu erstellen. Daf\u00fcr m\u00fcssen Sie nur den \u201eWiederherstellen\u201c-Button dr\u00fccken.<br \/>\nMit dieser Methode k\u00f6nnen Sie alle wichtige Daten auf Ihrem PC\/Mac speichern. Wenn Sie gel\u00f6schte Dateien wiederherstellen m\u00f6chten brauchen Sie jedoch die Premium Version.<\/p>\n<h2>iPhone ohne Upgrade wiederherstellen<\/h2>\n<p>Nachem Sie ein Backup der iPhone Daten erstellt haben k\u00f6nnen Sie den folgenden Schritten folgen, um Ihr iPhone ohne ein Upgrade auf iOS 10\/9 durchf\u00fchren zu m\u00fcssen.<br \/>\n<div class=\"article-steps\"><\/p>\n<p><div class=\"article-step\"><div class=\"context\"><h3><span class=\"stepShield\">Schritt 1<\/span>iPhone resetten<\/h3><br \/>\nTrennen Sie Ihr iPhone vom Computer und entsperren es.<br \/>\nDr\u00fccken Sie \u201ceinstellungen\u201d &gt; \u201cAllgemeines\u201d &gt; \u201cReset\u201d &gt; \u201cAlle Inhalte und Einstellungen zur\u00fccksetzen\u201d. Geben Sie Ihren Passcode ein, um Ihr iPhone zu l\u00f6schen.<br \/>\n<\/div><img loading=\"lazy\" decoding=\"async\" width=\"400\" height=\"230\" src=\"https:\/\/www.tipard.de\/blog\/wp-content\/uploads\/2017\/07\/reset-iphone.jpg\" class=\"preview\" alt=\"iPhone resetten\" srcset=\"https:\/\/www.tipard.de\/blog\/wp-content\/uploads\/2017\/07\/reset-iphone.jpg 720w, https:\/\/www.tipard.de\/blog\/wp-content\/uploads\/2017\/07\/reset-iphone-300x173.jpg 300w\" sizes=\"auto, (max-width: 400px) 100vw, 400px\" \/><\/div><br \/>\n<div class=\"article-step reverse\"><div class=\"context\"><h3><span class=\"stepShield\">Schritt 2<\/span>iPhone ohne Upgrade resetten<\/h3><br \/>\nNachdem Sie Ihr iPhone zur\u00fcckgesetzt haben und es entsperrt haben k\u00f6nnen Sie iTunes \u00f6ffnen. Klicken Sie \u201eDownload und Update\u201c.<br \/>\nAnschlie\u00dfend werden Sie dazu aufgefordert Ihr iPhone wiederherzustellen. W\u00e4hlen Sie das passende Backup aus, um ie Wiederherstellung durchzuf\u00fchren. Stellen Sie sicher, dass Sie \u201eAbbrechen\u201c klicken, wenn Sie dazu aufgefordert werden, auf die neueste Version upzugraden.<\/p>\n<p>In diesem Artikel haben wir Ihnen gezeigt, wie Sie Ihr Iphone ohne ein iOS Upgrade wiederherstellen. Wir zeigen Ihnen au\u00dferdem effektive Wege um ein Backup Ihrer IPhone Daten zu erstellen, ohne dabei wichtige daten zu verlieren.<br \/>\n<\/div><img loading=\"lazy\" decoding=\"async\" width=\"400\" height=\"131\" src=\"https:\/\/www.tipard.de\/blog\/wp-content\/uploads\/2017\/07\/new-ios-version.jpg\" class=\"preview\" alt=\"iPhone ohne Upgrade resetten\" srcset=\"https:\/\/www.tipard.de\/blog\/wp-content\/uploads\/2017\/07\/new-ios-version.jpg 720w, https:\/\/www.tipard.de\/blog\/wp-content\/uploads\/2017\/07\/new-ios-version-300x98.jpg 300w\" sizes=\"auto, (max-width: 400px) 100vw, 400px\" \/><\/div><br \/>\n<\/div><\/p>\n","protected":false},"excerpt":{"rendered":"<p>Sie m\u00f6chten Ihr iPhone 7\/SE\/6\/5\/4 wiederherstellen, ohne dabei auf das neueste iOS 10.1.1 oder iOS 9\/8 upzugraden? Mit dem t\u00e4glichen Gebrauch von iPhone oder iPad werden immer mehr Daten auf Ihrem iOS Ger\u00e4t gesammelt. Sie werden an dem ein oder anderen Punkt wahrscheinlich \u201eiPhone wiederherstellen\u201c dr\u00fccken, wenn Ihr Speicher so gut wie voll ist. Die [&hellip;]<\/p>\n","protected":false},"author":1,"featured_media":0,"parent":0,"menu_order":0,"comment_status":"closed","ping_status":"closed","template":"","meta":{"footnotes":""},"class_list":["post-403","page","type-page","status-publish","hentry"],"_links":{"self":[{"href":"https:\/\/www.tipard.de\/blog\/wp-json\/wp\/v2\/pages\/403","targetHints":{"allow":["GET"]}}],"collection":[{"href":"https:\/\/www.tipard.de\/blog\/wp-json\/wp\/v2\/pages"}],"about":[{"href":"https:\/\/www.tipard.de\/blog\/wp-json\/wp\/v2\/types\/page"}],"author":[{"embeddable":true,"href":"https:\/\/www.tipard.de\/blog\/wp-json\/wp\/v2\/users\/1"}],"replies":[{"embeddable":true,"href":"https:\/\/www.tipard.de\/blog\/wp-json\/wp\/v2\/comments?post=403"}],"version-history":[{"count":4,"href":"https:\/\/www.tipard.de\/blog\/wp-json\/wp\/v2\/pages\/403\/revisions"}],"predecessor-version":[{"id":690,"href":"https:\/\/www.tipard.de\/blog\/wp-json\/wp\/v2\/pages\/403\/revisions\/690"}],"wp:attachment":[{"href":"https:\/\/www.tipard.de\/blog\/wp-json\/wp\/v2\/media?parent=403"}],"curies":[{"name":"wp","href":"https:\/\/api.w.org\/{rel}","templated":true}]}}