{"id":391,"date":"2017-07-14T18:46:40","date_gmt":"2017-07-14T18:46:40","guid":{"rendered":"http:\/\/www.tipard.de\/blog\/?page_id=391"},"modified":"2017-08-17T10:59:58","modified_gmt":"2017-08-17T10:59:58","slug":"wie-sie-die-beste-youtube-video-grose-erstellen","status":"publish","type":"page","link":"https:\/\/www.tipard.de\/blog\/wie-sie-die-beste-youtube-video-grose-erstellen\/","title":{"rendered":"Wie Sie die beste YouTube Video Gr\u00f6\u00dfe erstellen"},"content":{"rendered":"<p><img loading=\"lazy\" decoding=\"async\" class=\"alignnone size-full wp-image-390\" src=\"http:\/\/www.tipard.de\/blog\/wp-content\/uploads\/2017\/07\/best-youtube-video-size.jpg\" alt=\"\" width=\"600\" height=\"300\" srcset=\"https:\/\/www.tipard.de\/blog\/wp-content\/uploads\/2017\/07\/best-youtube-video-size.jpg 600w, https:\/\/www.tipard.de\/blog\/wp-content\/uploads\/2017\/07\/best-youtube-video-size-300x150.jpg 300w\" sizes=\"auto, (max-width: 600px) 100vw, 600px\" \/><br \/>\nWas ist die beste YouTube Video Gr\u00f6\u00dfe zum uploaden?<br \/>\nYouTube ist eine der beliebtesten Seiten um Videos mit Ihren Mitmenschen zu teilen. Wenn Sie die Welt auf etwas Bestimmtes aufmerksam machen wollen ist YouTube daf\u00fcr der beste Weg.<br \/>\nYouTube macht es seinen Nutzern sehr einfach eine Video auf seiner Plattform hochzuladen. Es gibt jedoch trotzdem noch einige Limits was die Video Gr\u00f6\u00dfe und das Format angeht. In diesem Video zeigen wir Ihnen, wie Sie die beste Videogr\u00f6\u00dfe f\u00fcr Ihr YouTube Video erstellen. Falls Sie schon immer Probleme mit dem Hochladen von Videos hatten sollten Sie weiterlesen.<\/p>\n<h2>Professioneller Weg f\u00fcr die perfekte YouTube Videogr\u00f6\u00dfe<\/h2>\n<p>Um auf die perfekte Gr\u00f6\u00dfe f\u00fcr Ihr YouTube Video zu kommen ben\u00f6tigen Sie einen Videobearbeitungsprogramm, sowie einen Video Converter. Dazu empfehlen wir Ihnen den <a href=\"http:\/\/www.tipard.de\/video-converter-ultimate\/\">YouTube Video Creator<\/a>, der alle Aufgaben f\u00fcr Sie erledigt. Schnell und einfach bearbeiten Sie Ihr Video so, dass es die perfekte Gr\u00f6\u00dfe und das perfekte Format hat. Downloaden und installieren Sie es zuerst auf Ihrem Computer.<br \/>\n<div class=\"article-steps\"><br \/>\n<div class=\"article-step\"><div class=\"context\"><h3><span class=\"stepShield\">Schritt 1<\/span>\u00d6ffnen Sie den YouTube Video Creator<\/h3><\/p>\n<p>\u00d6ffnen Sie die L\u00f6sung, nachdem Sie sie erfolgreich auf Ihrem Computer installiert haben. <\/div><img loading=\"lazy\" decoding=\"async\" width=\"400\" height=\"228\" src=\"https:\/\/www.tipard.de\/blog\/wp-content\/uploads\/2017\/07\/screen-2-768x438.jpg\" class=\"preview\" alt=\"\u00d6ffnen Sie den YouTube Video Creator\" srcset=\"https:\/\/www.tipard.de\/blog\/wp-content\/uploads\/2017\/07\/screen-2-768x438.jpg 768w, https:\/\/www.tipard.de\/blog\/wp-content\/uploads\/2017\/07\/screen-2-300x171.jpg 300w, https:\/\/www.tipard.de\/blog\/wp-content\/uploads\/2017\/07\/screen-2-1024x584.jpg 1024w, https:\/\/www.tipard.de\/blog\/wp-content\/uploads\/2017\/07\/screen-2.jpg 1048w\" sizes=\"auto, (max-width: 400px) 100vw, 400px\" \/><\/div><br \/>\n<div class=\"article-step reverse\"><div class=\"context\"><h3><span class=\"stepShield\">Schritt 2<\/span>Videodatei hinzuf\u00fcgen<\/h3><\/p>\n<p>Klicken Sie auf \u201cDatei hinzuf\u00fcgen\u201d, um das Video hinzuzuf\u00fcgen, in dem Sie die Videogr\u00f6\u00dfe anpassen m\u00f6chten. <\/div><img loading=\"lazy\" decoding=\"async\" width=\"400\" height=\"236\" src=\"https:\/\/www.tipard.de\/blog\/wp-content\/uploads\/2017\/07\/load-videos.jpg\" class=\"preview\" alt=\"Videodatei hinzuf\u00fcgen\" srcset=\"https:\/\/www.tipard.de\/blog\/wp-content\/uploads\/2017\/07\/load-videos.jpg 700w, https:\/\/www.tipard.de\/blog\/wp-content\/uploads\/2017\/07\/load-videos-300x177.jpg 300w\" sizes=\"auto, (max-width: 400px) 100vw, 400px\" \/><\/div><br \/>\n<div class=\"article-step\"><div class=\"context\"><h3><span class=\"stepShield\">Schritt 3<\/span>Erstellen Sie die passende Videogr\u00f6\u00dfe<\/h3><\/p>\n<p>Die Video L\u00f6sung bietet Ihnen verschiedene Bearbeitungsfunktionen. Klicken Sie \u201eBearbeiten\u201c, um in den Bearbeitungsmodus zu wechseln. Klicken Sie \u201eSchneiden\u201c, um die ideale Video Gr\u00f6\u00dfe zu erstellen. Indem Sie \u201eClip\u201c dr\u00fccken k\u00f6nnen Sie das Video au\u00dferdem in verschiedene Segmente schneiden und nur den wichtigen Teil behalten. [\/step<br \/>\n<\/p>\n<p>Klicken Sie \u201cProfil\u201d, um eine gw\u00fcnschtes Ausgabeformat auszuw\u00e4hlen. Sie k\u00f6nnen auch ganz einfach \u201eYouTube\u201c ausw\u00e4hlen, indem Sie es einfach in die Suchzeile eingeben. <\/div><img loading=\"lazy\" decoding=\"async\" width=\"400\" height=\"336\" src=\"https:\/\/www.tipard.de\/blog\/wp-content\/uploads\/2017\/07\/crop.jpg\" class=\"preview\" alt=\"Erstellen Sie die passende Videogr\u00f6\u00dfe\" srcset=\"https:\/\/www.tipard.de\/blog\/wp-content\/uploads\/2017\/07\/crop.jpg 720w, https:\/\/www.tipard.de\/blog\/wp-content\/uploads\/2017\/07\/crop-300x252.jpg 300w\" sizes=\"auto, (max-width: 400px) 100vw, 400px\" \/><\/div><br \/>\n<div class=\"article-step\"><div class=\"context noPreview\"><h3><span class=\"stepShield\">Schritt 5<\/span>Bearbeitung abschlie\u00dfen<\/h3><br \/>\nWenn Sie YouTube Gr\u00f6\u00dfe und Format f\u00fcr Ihr Video ausgew\u00e4hlt haben brauchen Sie nur noch \u201cKonvertieren\u201d zu klicken, um Ihre Bearbeitung abzuschlie\u00dfen. In diesem Schritt k\u00f6nnen Sie auch ausw\u00e4hlen, wo Ihr Video gespeichert werden soll.<br \/>\nDie L\u00f6sung garantiert Ihnen eine schnelle Bearbeitungsgeschwindigkeit. Au\u00dferdem haben Sie die M\u00f6glichkeit Online-Videos von Diensten wie YouTube, Vimeo, Vevo, DailyMotion, TED, Facebook, usw. herunterzuladen. Sie k\u00f6nnen auch Videos von 2D zu 3D umwandeln.<br \/>\nIn diesem Artikel haben wir Ihnen eine m\u00e4chtige Bearbeitungssoftware vorgestellt, mit der Sie Ihre Videos bearbeiten k\u00f6nnen, um die perfekte Gr\u00f6\u00dfe, sowie das perfekte Format zum Upload auf YouTube zu erreichen.<br \/>\n<\/div><\/div><br \/>\n<\/div><\/p>\n","protected":false},"excerpt":{"rendered":"<p>Was ist die beste YouTube Video Gr\u00f6\u00dfe zum uploaden? YouTube ist eine der beliebtesten Seiten um Videos mit Ihren Mitmenschen zu teilen. Wenn Sie die Welt auf etwas Bestimmtes aufmerksam machen wollen ist YouTube daf\u00fcr der beste Weg. YouTube macht es seinen Nutzern sehr einfach eine Video auf seiner Plattform hochzuladen. Es gibt jedoch trotzdem [&hellip;]<\/p>\n","protected":false},"author":1,"featured_media":0,"parent":0,"menu_order":0,"comment_status":"closed","ping_status":"closed","template":"","meta":{"footnotes":""},"class_list":["post-391","page","type-page","status-publish","hentry"],"_links":{"self":[{"href":"https:\/\/www.tipard.de\/blog\/wp-json\/wp\/v2\/pages\/391","targetHints":{"allow":["GET"]}}],"collection":[{"href":"https:\/\/www.tipard.de\/blog\/wp-json\/wp\/v2\/pages"}],"about":[{"href":"https:\/\/www.tipard.de\/blog\/wp-json\/wp\/v2\/types\/page"}],"author":[{"embeddable":true,"href":"https:\/\/www.tipard.de\/blog\/wp-json\/wp\/v2\/users\/1"}],"replies":[{"embeddable":true,"href":"https:\/\/www.tipard.de\/blog\/wp-json\/wp\/v2\/comments?post=391"}],"version-history":[{"count":4,"href":"https:\/\/www.tipard.de\/blog\/wp-json\/wp\/v2\/pages\/391\/revisions"}],"predecessor-version":[{"id":685,"href":"https:\/\/www.tipard.de\/blog\/wp-json\/wp\/v2\/pages\/391\/revisions\/685"}],"wp:attachment":[{"href":"https:\/\/www.tipard.de\/blog\/wp-json\/wp\/v2\/media?parent=391"}],"curies":[{"name":"wp","href":"https:\/\/api.w.org\/{rel}","templated":true}]}}