{"id":323,"date":"2017-07-14T18:08:14","date_gmt":"2017-07-14T18:08:14","guid":{"rendered":"http:\/\/www.tipard.de\/blog\/?page_id=323"},"modified":"2017-08-15T15:42:31","modified_gmt":"2017-08-15T15:42:31","slug":"wie-man-youtube-videos-in-mp4-auf-windows-und-mac-konvertiert","status":"publish","type":"page","link":"https:\/\/www.tipard.de\/blog\/wie-man-youtube-videos-in-mp4-auf-windows-und-mac-konvertiert\/","title":{"rendered":"Wie man YouTube Videos in MP4 auf Windows und Mac konvertiert"},"content":{"rendered":"<p><img loading=\"lazy\" decoding=\"async\" class=\"alignnone size-full wp-image-330\" src=\"http:\/\/www.tipard.de\/blog\/wp-content\/uploads\/2017\/07\/youtube-video-converter-to-mp4.jpg\" alt=\"\" width=\"600\" height=\"300\" srcset=\"https:\/\/www.tipard.de\/blog\/wp-content\/uploads\/2017\/07\/youtube-video-converter-to-mp4.jpg 600w, https:\/\/www.tipard.de\/blog\/wp-content\/uploads\/2017\/07\/youtube-video-converter-to-mp4-300x150.jpg 300w\" sizes=\"auto, (max-width: 600px) 100vw, 600px\" \/><br \/>\nSie m\u00f6chten YouTube Videos herunterladen und diese in das MP4 Format konvertieren?<br \/>\nYouTube ist die bekannteste Video-Sharing Websites f\u00fcr Nutzer. In Ihrer Freizeit k\u00f6nnen Sie Videos, Filme, Nachrichten, Sport, Serien schauen oder eigene Videos hochladen. Manchmal wollen Sie Videos, die Sie ansehen herunterladen, um Sie sp\u00e4ter anschauen zu k\u00f6nnen. YouTube erlaubt Ihnen den Download nicht direkt. Aber selbst wenn Sie das passende Programm f\u00fcr den Download finden, muss das Video mit Ihrem Media Player oder iOS\/Android Ger\u00e4t kompatibel sein.<br \/>\nIn diesem Artikel zeigen wir Ihnen wie Sie YouTube Videos herunterladen und konvertieren k\u00f6nnen. Wir werden Ihnen verschiedene Programme vorstellen mit denen Sie YouTube Videos in MP4 umwandeln k\u00f6nnen.<\/p>\n<h2>Wie man YouTube in MP4 auf dem Mac konvertiert<\/h2>\n<p>Wenn Sie Ihre Lieblingsvideos bereits auf Ihrem Mac gespeichert haben, dann k\u00f6nnen Sie den professionellen Total Media Converter nutzen, um Videos auf Ihrem Mac in MP4\/MOV und andere Formate umzuwandeln. Zun\u00e4chst m\u00fcssen Sie die Software kostenlos herunterladen und installieren.<br \/>\n<div class=\"article-steps\"><br \/>\n<div class=\"article-step\"><div class=\"context\"><h3><span class=\"stepShield\">Schritt 1<\/span>Installieren Sie den Total Media Converter f\u00fcr Mac und registrieren Sie sich.<\/h3>Laden Sie den YouTube to MP4 Converter herunter und installieren Sie Ihn auf Ihrem Mac. Starten Sie die Software und registrieren Sie sich mit Ihrer Email Adresse.<br \/>\n<\/div><img loading=\"lazy\" decoding=\"async\" width=\"400\" height=\"382\" src=\"https:\/\/www.tipard.de\/blog\/wp-content\/uploads\/2017\/07\/load-and-register.jpg\" class=\"preview\" alt=\"Installieren Sie den Total Media Converter f\u00fcr Mac und registrieren Sie sich.\" srcset=\"https:\/\/www.tipard.de\/blog\/wp-content\/uploads\/2017\/07\/load-and-register.jpg 600w, https:\/\/www.tipard.de\/blog\/wp-content\/uploads\/2017\/07\/load-and-register-300x287.jpg 300w\" sizes=\"auto, (max-width: 400px) 100vw, 400px\" \/><\/div><\/p>\n<div class=\"article-step reverse\"><div class=\"context\"><h3><span class=\"stepShield\">Schritt 2<\/span>Laden Sie das heruntergeladene YouTube Video hoch<\/h3><br \/>\nNach der Registrierung werden Sie das folgende Interface sehen.<br \/>\nImportieren Sie die YouTube Videodatei, die Sie konvertieren wollen, indem Sie auf &#8222;Datei&#8220; &gt; &#8222;Datei hinzuf\u00fcgen&#8220; klicken. Oder Sie k\u00f6nnen auf den &#8222;Plus&#8220; Knopf im Hauptinterface klicken.<br \/>\n<\/div><img loading=\"lazy\" decoding=\"async\" width=\"400\" height=\"236\" src=\"https:\/\/www.tipard.de\/blog\/wp-content\/uploads\/2017\/07\/get-started.jpg\" class=\"preview\" alt=\"Laden Sie das heruntergeladene YouTube Video hoch\" srcset=\"https:\/\/www.tipard.de\/blog\/wp-content\/uploads\/2017\/07\/get-started.jpg 720w, https:\/\/www.tipard.de\/blog\/wp-content\/uploads\/2017\/07\/get-started-300x177.jpg 300w\" sizes=\"auto, (max-width: 400px) 100vw, 400px\" \/><\/div>\n<div class=\"article-step\"><div class=\"context\"><h3><span class=\"stepShield\">Schritt 3<\/span>W\u00e4hlen Sie MP4 als Ausgabeformat<\/h3>Unter &#8222;Profile&#8220; k\u00f6nnen Sie das passende Ausgabeformat w\u00e4hlen. Dann k\u00f6nnen Sie auf &#8222;Browse&#8220; klicken, um den Ordner zu w\u00e4hlen an dem das umgewandelte Video gespeichert werden soll.<br \/>\nSie k\u00f6nnen verschiedene Video- und Audioeinstellungen ver\u00e4ndern, wie die Aufl\u00f6sung, Bitrate und andere. Sie k\u00f6nnen Ihre eigenen Parameter eingeben und das Video bearbeiten.<br \/>\n<\/div><img loading=\"lazy\" decoding=\"async\" width=\"400\" height=\"236\" src=\"https:\/\/www.tipard.de\/blog\/wp-content\/uploads\/2017\/07\/add-file.jpg\" class=\"preview\" alt=\"W\u00e4hlen Sie MP4 als Ausgabeformat\" srcset=\"https:\/\/www.tipard.de\/blog\/wp-content\/uploads\/2017\/07\/add-file.jpg 720w, https:\/\/www.tipard.de\/blog\/wp-content\/uploads\/2017\/07\/add-file-300x177.jpg 300w\" sizes=\"auto, (max-width: 400px) 100vw, 400px\" \/><\/div>\n<div class=\"article-step\"><div class=\"context noPreview\"><h3><span class=\"stepShield\">Schritt 4<\/span>YouTube in MP4 auf Mac umwandeln<\/h3>Klicken Sie auf den &#8222;konvertieren&#8220; Knopf, um das YouTube Video in MP4\/MOV auf Mac umzuwandeln. Die Umwandlung wird sehr schnell durchgef\u00fchrt werden und die Originalqualit\u00e4t wird beibehalten.<br \/>\nAuf diesem Weg k\u00f6nnen Sie ganz einfach YouTube Videos in das MP4 Format umwandeln. Von dieser leistungsstarken Software gibt es auch eine Windows Version. Hier k\u00f6nnen Sie den YouTube Converter f\u00fcr Windows herunterladen.<br \/>\n<\/div><\/div>\n<p><\/div><\/p>\n<h2>Wie man YouTube Videos auf Mac\/Windows herunterl\u00e4dt<\/h2>\n<p>Mit der ersten Methode k\u00f6nnen Sie problemlos YouTube Videos konvertieren. Aber was, wenn Sie das YouTube Video noch nicht heruntergeladen haben?<\/p>\n<h3>Online Software zum Download von YouTube Videos auf Mac\/Windows<\/h3>\n<p>savefrom.net ist eine einfach zu nutzender online Video Downloading Software f\u00fcr den Download von Videos auf YouTube, Vimeo, Facebook, Vevo und anderen. Hier nehmen wir das Herunterladen von YouTube in MP4 auf Windows als Beispiel.<br \/>\n<img loading=\"lazy\" decoding=\"async\" class=\"alignnone size-full wp-image-329\" src=\"http:\/\/www.tipard.de\/blog\/wp-content\/uploads\/2017\/07\/savefrom-1.jpg\" alt=\"\" width=\"720\" height=\"351\" srcset=\"https:\/\/www.tipard.de\/blog\/wp-content\/uploads\/2017\/07\/savefrom-1.jpg 720w, https:\/\/www.tipard.de\/blog\/wp-content\/uploads\/2017\/07\/savefrom-1-300x146.jpg 300w\" sizes=\"auto, (max-width: 720px) 100vw, 720px\" \/><br \/>\n1. Gehen Sie auf die YouTube Website und suchen Sie das Video, welches Sie herunterladen wollen und kopieren Sie die Videoadresse.<br \/>\n2. \u00d6ffnen Sie savefrom.net und f\u00fcgen Sie die Videoadresse in die Box.<br \/>\n3. Klicken Sie auf den gr\u00fcnen Pfeil nach rechts, um das Video zu \u00fcberpr\u00fcfen.<br \/>\n4. Wenn die Analyse des Videos abgeschlossen ist, dann w\u00e4hlen Sie MP4 als Format und eine passende Videoaufl\u00f6sung. Klicken Sie auf &#8222;Download&#8220;, um das Video im MP4 Format herunterzuladen.<br \/>\nDer Downloading Prozess wird wenige Minuten in Anspruch nehmen. Anschlie\u00dfend k\u00f6nnen Sie das Video auf Ihrem Ger\u00e4t abspielen.<\/p>\n<h3>Professioneller Weg, um YouTube Videos herunterzuladen und zu konvertieren<\/h3>\n<p>Mit den ersten beiden Wegen k\u00f6nnen Sie Videos von YouTube herunterladen und in MP4 konvertieren. Jedoch empfehlen wir Ihnen ein professionelles Tool: den <a href=\"http:\/\/www.tipard.de\/video-converter-ultimate\/\">Video Converter Ultimate.<\/a><br \/>\n<div class=\"article-steps\"><br \/>\n<div class=\"article-step\"><div class=\"context\"><\/p>\n<p>Nach dem Download installieren Sie den Converter und \u00f6ffnen Ihn auf Ihrem Computer. Ihnen wird eine Windows und eine Mac Version angeboten. Sie w\u00e4hlen die passende f\u00fcr Ihr System.<br \/>\n<\/div><img loading=\"lazy\" decoding=\"async\" width=\"400\" height=\"248\" src=\"https:\/\/www.tipard.de\/blog\/wp-content\/uploads\/2017\/07\/interface-of-youtube-video-downloader-1.jpg\" class=\"preview\" alt=\"\" srcset=\"https:\/\/www.tipard.de\/blog\/wp-content\/uploads\/2017\/07\/interface-of-youtube-video-downloader-1.jpg 700w, https:\/\/www.tipard.de\/blog\/wp-content\/uploads\/2017\/07\/interface-of-youtube-video-downloader-1-300x186.jpg 300w\" sizes=\"auto, (max-width: 400px) 100vw, 400px\" \/><\/div><br \/>\n<div class=\"article-step reverse\"><div class=\"context\"><h3><span class=\"stepShield\">Schritt 2<\/span>Download von YouTube Videos in MP4<\/h3><\/p>\n<p>Klicken Sie auf den &#8222;Download&#8220; Knopf, um Videos von YouTube, Vimeo, Vevo, DailyMotion, TED, Facebook und anderen Websites herunterladen. <\/div><img loading=\"lazy\" decoding=\"async\" width=\"400\" height=\"241\" src=\"https:\/\/www.tipard.de\/blog\/wp-content\/uploads\/2017\/07\/analyze-youtube-video-3-768x463.jpg\" class=\"preview\" alt=\"Download von YouTube Videos in MP4\" srcset=\"https:\/\/www.tipard.de\/blog\/wp-content\/uploads\/2017\/07\/analyze-youtube-video-3-768x463.jpg 768w, https:\/\/www.tipard.de\/blog\/wp-content\/uploads\/2017\/07\/analyze-youtube-video-3-300x181.jpg 300w, https:\/\/www.tipard.de\/blog\/wp-content\/uploads\/2017\/07\/analyze-youtube-video-3-1024x617.jpg 1024w, https:\/\/www.tipard.de\/blog\/wp-content\/uploads\/2017\/07\/analyze-youtube-video-3.jpg 1076w\" sizes=\"auto, (max-width: 400px) 100vw, 400px\" \/><\/div><br \/>\n<div class=\"article-step\"><div class=\"context noPreview\"><h3><span class=\"stepShield\">Schritt 3<\/span>Umwandlung von YouTube in MP4<\/h3><br \/>\nWenn der Download-Prozess beendet ist, dann w\u00e4hlen Sie das MP4 Format unter &#8222;Profile&#8220;. Wenn Sie weitere Dateien von Ihrem Computer umwandeln wollen, dann k\u00f6nnen Sie diese \u00fcber den &#8222;Dateien hinzuf\u00fcgen&#8220; Knopf in das Programm hochladen.<\/div><\/div><\/p>\n<p><div class=\"article-step\"><div class=\"context noPreview\"><h3><span class=\"stepShield\">Schritt 4<\/span>Starten Sie den Download mit der Umwandlung<\/h3><br \/>\nUm den Prozess zu starten m\u00fcssen Sie den &#8222;Konvertierung&#8220; Knopf dr\u00fccken. Verglichen mit anderen YouTube MP4 Convertern und YouTube MP4 Downloadern kann Ihnen diese Software eine hohe Qualit\u00e4t und einen schnellen Prozess des Herunterladens und Umwandelns bieten.<\/div><\/div><br \/>\n<\/div><\/p>\n","protected":false},"excerpt":{"rendered":"<p>Sie m\u00f6chten YouTube Videos herunterladen und diese in das MP4 Format konvertieren? YouTube ist die bekannteste Video-Sharing Websites f\u00fcr Nutzer. In Ihrer Freizeit k\u00f6nnen Sie Videos, Filme, Nachrichten, Sport, Serien schauen oder eigene Videos hochladen. Manchmal wollen Sie Videos, die Sie ansehen herunterladen, um Sie sp\u00e4ter anschauen zu k\u00f6nnen. YouTube erlaubt Ihnen den Download nicht [&hellip;]<\/p>\n","protected":false},"author":1,"featured_media":0,"parent":0,"menu_order":0,"comment_status":"closed","ping_status":"closed","template":"","meta":{"footnotes":""},"class_list":["post-323","page","type-page","status-publish","hentry"],"_links":{"self":[{"href":"https:\/\/www.tipard.de\/blog\/wp-json\/wp\/v2\/pages\/323","targetHints":{"allow":["GET"]}}],"collection":[{"href":"https:\/\/www.tipard.de\/blog\/wp-json\/wp\/v2\/pages"}],"about":[{"href":"https:\/\/www.tipard.de\/blog\/wp-json\/wp\/v2\/types\/page"}],"author":[{"embeddable":true,"href":"https:\/\/www.tipard.de\/blog\/wp-json\/wp\/v2\/users\/1"}],"replies":[{"embeddable":true,"href":"https:\/\/www.tipard.de\/blog\/wp-json\/wp\/v2\/comments?post=323"}],"version-history":[{"count":10,"href":"https:\/\/www.tipard.de\/blog\/wp-json\/wp\/v2\/pages\/323\/revisions"}],"predecessor-version":[{"id":677,"href":"https:\/\/www.tipard.de\/blog\/wp-json\/wp\/v2\/pages\/323\/revisions\/677"}],"wp:attachment":[{"href":"https:\/\/www.tipard.de\/blog\/wp-json\/wp\/v2\/media?parent=323"}],"curies":[{"name":"wp","href":"https:\/\/api.w.org\/{rel}","templated":true}]}}