{"id":305,"date":"2017-07-07T11:51:03","date_gmt":"2017-07-07T11:51:03","guid":{"rendered":"http:\/\/www.tipard.de\/blog\/?page_id=305"},"modified":"2017-08-15T16:19:50","modified_gmt":"2017-08-15T16:19:50","slug":"wie-sie-ein-youtube-video-in-powerpoint-einbetten","status":"publish","type":"page","link":"https:\/\/www.tipard.de\/blog\/wie-sie-ein-youtube-video-in-powerpoint-einbetten\/","title":{"rendered":"Wie Sie ein YouTube Video in PowerPoint einbetten"},"content":{"rendered":"<p><img loading=\"lazy\" decoding=\"async\" class=\"alignnone size-full wp-image-306\" src=\"http:\/\/www.tipard.de\/blog\/wp-content\/uploads\/2017\/07\/embed-a-youtube-video-to-powerpoint.jpg\" alt=\"\" width=\"600\" height=\"300\" srcset=\"https:\/\/www.tipard.de\/blog\/wp-content\/uploads\/2017\/07\/embed-a-youtube-video-to-powerpoint.jpg 600w, https:\/\/www.tipard.de\/blog\/wp-content\/uploads\/2017\/07\/embed-a-youtube-video-to-powerpoint-300x150.jpg 300w\" sizes=\"auto, (max-width: 600px) 100vw, 600px\" \/><br \/>\nNeben dem Einf\u00fcgen von Bildern in eine PowerPoint Pr\u00e4sentation haben Sie auch die M\u00f6glichkeit ein Video einzuf\u00fcgen. Wenn Sie das passende Video auf Ihrem Computer haben k\u00f6nnen Sie es direkt in Ihre Pr\u00e4sentation einbetten. Wenn dies nicht der Fall ist k\u00f6nnen Sie online YouTube Videos hinzuf\u00fcgen. Doch wie funktioniert das?<br \/>\nDa es verschiedene PowerPoint Versionen gibt, mit denen Sie jeweils unterschiedlich ein YouTube Video hinzuf\u00fcgen, zeigen wir Ihnen hier separat die verschiedenen Vorgehensweisen f\u00fcr PowerPoint 2016\/2013\/2010\/2007.<\/p>\n<h2>Wie Sie ein YouTube Video in PowerPoint 2016\/2013\/2010 einbetten<\/h2>\n<p>Als Nutzer von PowerPoint 2016\/2013\/2010 m\u00fcssen Sie einfach den folgenden Schritten folgen. Gehen Sie sicher, dass Sie einen Windows Powerpoint benutzen, denn diese Methode funktioniert nicht mit der Mac Version.<br \/>\n<div class=\"article-steps\"><br \/>\n<div class=\"article-step\"><div class=\"context noPreview\"><h3><span class=\"stepShield\">Schritt 1<\/span>\u00d6ffnen Sie PowerPoint<\/h3><br \/>\n\u00d6ffnen Sie die neueste PowerPoint Version auf Ihrem Computer. Sie k\u00f6nnen Windows updaten, damit Sie die Office Software upgraden.<\/div><\/div><br \/>\n<div class=\"article-step\"><div class=\"context noPreview\"><h3><span class=\"stepShield\">Schritt 2<\/span>Finden und \u00f6ffnen Sie das YouTube Video<\/h3><br \/>\n\u00d6ffnen Sie die Website von YouTube in Ihrem Browser und suchen Sie nach dem Video, welches Sie in Ihre Pr\u00e4sentation einbetten wollen. <\/div><\/div><br \/>\n<div class=\"article-step\"><div class=\"context\"><h3><span class=\"stepShield\">Schritt 3<\/span>Kopieren Sie den YouTube Einbettungscode<\/h3><br \/>\nSpielen Sie das YouTube Video ab und dr\u00fccken auf \u201eTeilen\u201c unter dem laufenden Video. W\u00e4hlen Sie den \u201eEinbetten\u201c Button unter den M\u00f6glichkeiten aus und kopieren den Code. <\/div><img loading=\"lazy\" decoding=\"async\" width=\"400\" height=\"198\" src=\"https:\/\/www.tipard.de\/blog\/wp-content\/uploads\/2017\/07\/embed-code.jpg\" class=\"preview\" alt=\"Kopieren Sie den YouTube Einbettungscode\" srcset=\"https:\/\/www.tipard.de\/blog\/wp-content\/uploads\/2017\/07\/embed-code.jpg 720w, https:\/\/www.tipard.de\/blog\/wp-content\/uploads\/2017\/07\/embed-code-300x148.jpg 300w\" sizes=\"auto, (max-width: 400px) 100vw, 400px\" \/><\/div><br \/>\n<div class=\"article-step reverse\"><div class=\"context\"><h3><span class=\"stepShield\">Schritt 4<\/span>F\u00fcgen Sie den Einbettungscode ein<\/h3><br \/>\nW\u00e4hlen Sie in dem Teil der PowerPoint Pr\u00e4sentation, in den Sie das Video einf\u00fcgen wollen, den \u201eEinf\u00fcgen\u201c Button und w\u00e4hlen \u201eVideo\u201c. Klicken Sie dann \u201eOnline Video\u201c oder \u201eVideo von Webseite\u201c aus. <\/div><img loading=\"lazy\" decoding=\"async\" width=\"400\" height=\"264\" src=\"https:\/\/www.tipard.de\/blog\/wp-content\/uploads\/2017\/07\/interface-of-insert.jpg\" class=\"preview\" alt=\"F\u00fcgen Sie den Einbettungscode ein\" srcset=\"https:\/\/www.tipard.de\/blog\/wp-content\/uploads\/2017\/07\/interface-of-insert.jpg 720w, https:\/\/www.tipard.de\/blog\/wp-content\/uploads\/2017\/07\/interface-of-insert-300x198.jpg 300w\" sizes=\"auto, (max-width: 400px) 100vw, 400px\" \/><\/div><br \/>\n<div class=\"article-step\"><div class=\"context\"><h3><span class=\"stepShield\">Schritt 5<\/span>Einbetten eines YouTube Videos in PowerPoint<\/h3><br \/>\nKlicken Sie \u201cEinf\u00fcgen des eingebetteten Codes\u201d um den kopierten Code in die Box einzuf\u00fcgen. Jetzt sollte das Video in Ihrer Pr\u00e4sentation erscheinen, welches Sie noch vergr\u00f6\u00dfern oder verkleinern k\u00f6nnen.<\/div><img loading=\"lazy\" decoding=\"async\" width=\"400\" height=\"182\" src=\"https:\/\/www.tipard.de\/blog\/wp-content\/uploads\/2017\/07\/paste-embed-code.jpg\" class=\"preview\" alt=\"Einbetten eines YouTube Videos in PowerPoint\" srcset=\"https:\/\/www.tipard.de\/blog\/wp-content\/uploads\/2017\/07\/paste-embed-code.jpg 600w, https:\/\/www.tipard.de\/blog\/wp-content\/uploads\/2017\/07\/paste-embed-code-300x137.jpg 300w\" sizes=\"auto, (max-width: 400px) 100vw, 400px\" \/><\/div><br \/>\n<div class=\"article-step\"><div class=\"context noPreview\"><h3><span class=\"stepShield\">Schritt 6<\/span>W\u00e4hlen Sie die Abspiel Optionen<\/h3><br \/>\nW\u00e4hlen Sie den Abspiel Button des Videos, um zu pr\u00fcfen, ob das Video korrekt eingebettet wurde. Gehen Sie auf die Start Option um festzulegen, wie das Video abgespielt werden soll.<br \/>\nMit dieser Methode k\u00f6nnen Sie kinderleicht ein YouTube Video in Ihre Pr\u00e4sentation einf\u00fcgen. Sie sollten nur sicherstellen, dass Sie eine Netzwerkverbindung haben, wenn Sie das Video abspielen.<br \/>\n<\/div><\/div><br \/>\n<\/div><\/p>\n<p>Wenn Sie PowerPoint 2007 nutzen steht Ihnen die Option \u201eOnline Video\u201c oder \u201eVideo von Webseite\u201c einf\u00fcgen wahrscheinlich nicht zur Verf\u00fcgung. Hier lernen Sie wie Sie ein YouTube Video in Power Point 2007 einbetten.<br \/>\nVerglichen mit anderen Methoden k\u00f6nnen Sie auch einfach das Video zuerst auf Ihren Computer herunterladen und anschlie\u00dfend in PowerPoint einf\u00fcgen.<\/p>\n<p>1. \u00d6ffnen Sie PowerPoint 2007 auf Ihrem Computer und \u00f6ffnen Sie die Folie, auf der Sie das YouTube Video einf\u00fcgen wollen.<br \/>\n2. Dr\u00fccken Sie den \u201cEinf\u00fcgen\u201d Button und w\u00e4hlen anschlie\u00dfend \u201cVideo\u201d oder \u201cFilm\u201d aus.<br \/>\n3. W\u00e4hlen Sie \u201cVideo auf meinem PC\u201d oder \u201cFilm aus Datei\u201d aus der Liste. Anschlie\u00dfend k\u00f6nnen Sie das YouTube Video aus dem pop-up Fenster ausw\u00e4hlen.<br \/>\n<img loading=\"lazy\" decoding=\"async\" class=\"alignnone size-full wp-image-309\" src=\"http:\/\/www.tipard.de\/blog\/wp-content\/uploads\/2017\/07\/movie-from-file.jpg\" alt=\"\" width=\"600\" height=\"345\" srcset=\"https:\/\/www.tipard.de\/blog\/wp-content\/uploads\/2017\/07\/movie-from-file.jpg 600w, https:\/\/www.tipard.de\/blog\/wp-content\/uploads\/2017\/07\/movie-from-file-300x173.jpg 300w\" sizes=\"auto, (max-width: 600px) 100vw, 600px\" \/><br \/>\nAuf diesem Weg k\u00f6nnen Sie einfach ein YouTube Video in PowerPoint 2007 hinzuf\u00fcgen. Diese Methode funktioniert auch bei anderen PowerPoint Versionen.<br \/>\nWie Sie YouTube Videos auf Ihren Computer herunterladen<br \/>\nBevor Sie ein YouTube Video zu PowerPoint hinzuf\u00fcgen, sollten Sie dieses Video zuerst auf Ihrem Computer haben. Hier zeigen wir Ihnen zwei einfache M\u00f6glichkeiten online Videos herunterzuladen.<br \/>\nOnline tool um YouTube Videos zu speichern<br \/>\n<img loading=\"lazy\" decoding=\"async\" class=\"alignnone size-full wp-image-312\" src=\"http:\/\/www.tipard.de\/blog\/wp-content\/uploads\/2017\/07\/yoo-download-1.jpg\" alt=\"\" width=\"720\" height=\"373\" srcset=\"https:\/\/www.tipard.de\/blog\/wp-content\/uploads\/2017\/07\/yoo-download-1.jpg 720w, https:\/\/www.tipard.de\/blog\/wp-content\/uploads\/2017\/07\/yoo-download-1-300x155.jpg 300w\" sizes=\"auto, (max-width: 720px) 100vw, 720px\" \/><br \/>\n1. \u00d6ffnen Sie YouTube und finden Sie das Video welches Sie in PowerPoint einbetten wollen. Kopieren Sie die Video Adresse.<br \/>\n2. \u00d6ffnen Sie <strong>Yoo Download<\/strong> und f\u00fcgen Sie die URL in die daf\u00fcr vorgesehene Box ein.<br \/>\n3. Klicken Sie den \u201cDownload\u201d Button, um das YouTube Video zu analysieren. Anschlie\u00dfend k\u00f6nnen Sie die gew\u00fcnschte Videoqualit\u00e4t ausw\u00e4hlen, in der das Video auf Ihrem Computer gespeichert werden soll.<\/p>\n<p><strong> Professionelle L\u00f6sung zum Download von YouTube Videos<\/strong><br \/>\n1. Downloaden, installieren und \u00f6ffnen Sie den <a href=\"http:\/\/www.tipard.de\/youtube-converter\/\"><strong>Tipard Video Downloader<\/strong> <\/a>auf Ihrem Computer.<br \/>\n2. Finden Sie das YouTube Video, welches Sie herunterladen wollen und kopieren Sie dien URL.<br \/>\n3. Dr\u00fccken Sie den \u201cURL einf\u00fcgen\u201d Button im Video Downloader. Die URL wird automatisch in die URL Box eingef\u00fcgt.<br \/>\n<img loading=\"lazy\" decoding=\"async\" class=\"alignnone size-full wp-image-311\" src=\"http:\/\/www.tipard.de\/blog\/wp-content\/uploads\/2017\/07\/save-youtube-videos-via-video-downloader.jpg\" alt=\"\" width=\"600\" height=\"404\" srcset=\"https:\/\/www.tipard.de\/blog\/wp-content\/uploads\/2017\/07\/save-youtube-videos-via-video-downloader.jpg 600w, https:\/\/www.tipard.de\/blog\/wp-content\/uploads\/2017\/07\/save-youtube-videos-via-video-downloader-300x202.jpg 300w\" sizes=\"auto, (max-width: 600px) 100vw, 600px\" \/><br \/>\n4. Klicken Sie \u201cAnalyse\u201d, um das YouTube Video zu pr\u00fcfen. W\u00e4hlen Sie die gew\u00fcnschte Aufl\u00f6sung und das Format und klicken \u201eOK\u201c, um das Video von YouTube herunterzuladen.<br \/>\nIn diesem Artikel haben wir Ihnen gezeigt, wie Sie ein YouTube Video in PowerPoint einbetten. Egal welche Version Sie benutzen, es gibt immer einen effektiven Weg das YouTube Video hinzuzuf\u00fcgen.<\/p>\n","protected":false},"excerpt":{"rendered":"<p>Neben dem Einf\u00fcgen von Bildern in eine PowerPoint Pr\u00e4sentation haben Sie auch die M\u00f6glichkeit ein Video einzuf\u00fcgen. Wenn Sie das passende Video auf Ihrem Computer haben k\u00f6nnen Sie es direkt in Ihre Pr\u00e4sentation einbetten. Wenn dies nicht der Fall ist k\u00f6nnen Sie online YouTube Videos hinzuf\u00fcgen. Doch wie funktioniert das? Da es verschiedene PowerPoint Versionen [&hellip;]<\/p>\n","protected":false},"author":1,"featured_media":0,"parent":0,"menu_order":0,"comment_status":"closed","ping_status":"closed","template":"","meta":{"footnotes":""},"class_list":["post-305","page","type-page","status-publish","hentry"],"_links":{"self":[{"href":"https:\/\/www.tipard.de\/blog\/wp-json\/wp\/v2\/pages\/305","targetHints":{"allow":["GET"]}}],"collection":[{"href":"https:\/\/www.tipard.de\/blog\/wp-json\/wp\/v2\/pages"}],"about":[{"href":"https:\/\/www.tipard.de\/blog\/wp-json\/wp\/v2\/types\/page"}],"author":[{"embeddable":true,"href":"https:\/\/www.tipard.de\/blog\/wp-json\/wp\/v2\/users\/1"}],"replies":[{"embeddable":true,"href":"https:\/\/www.tipard.de\/blog\/wp-json\/wp\/v2\/comments?post=305"}],"version-history":[{"count":9,"href":"https:\/\/www.tipard.de\/blog\/wp-json\/wp\/v2\/pages\/305\/revisions"}],"predecessor-version":[{"id":682,"href":"https:\/\/www.tipard.de\/blog\/wp-json\/wp\/v2\/pages\/305\/revisions\/682"}],"wp:attachment":[{"href":"https:\/\/www.tipard.de\/blog\/wp-json\/wp\/v2\/media?parent=305"}],"curies":[{"name":"wp","href":"https:\/\/api.w.org\/{rel}","templated":true}]}}