{"id":289,"date":"2017-07-07T11:40:00","date_gmt":"2017-07-07T11:40:00","guid":{"rendered":"http:\/\/www.tipard.de\/blog\/?page_id=289"},"modified":"2017-08-07T01:24:34","modified_gmt":"2017-08-07T01:24:34","slug":"kostenlos-youtube-videos-in-mp3-umwandeln-mit-den-besten-youtube-konvertern","status":"publish","type":"page","link":"https:\/\/www.tipard.de\/blog\/kostenlos-youtube-videos-in-mp3-umwandeln-mit-den-besten-youtube-konvertern\/","title":{"rendered":"Kostenlos YouTube Videos in MP3 umwandeln mit den besten YouTube Konvertern"},"content":{"rendered":"<p><img loading=\"lazy\" decoding=\"async\" src=\"http:\/\/www.tipard.de\/blog\/wp-content\/uploads\/2017\/07\/youtube-to-mp3.jpg\" alt=\"\" width=\"600\" height=\"300\" class=\"alignnone size-full wp-image-297\" srcset=\"https:\/\/www.tipard.de\/blog\/wp-content\/uploads\/2017\/07\/youtube-to-mp3.jpg 600w, https:\/\/www.tipard.de\/blog\/wp-content\/uploads\/2017\/07\/youtube-to-mp3-300x150.jpg 300w\" sizes=\"auto, (max-width: 600px) 100vw, 600px\" \/><br \/>\nAls gr\u00f6\u00dfte Video-Sharing Website k\u00f6nnen Sie bei YouTube Musik anh\u00f6ren, Filme und Serien anschauen, Nachrichten ansehen und mehr. Jedoch m\u00f6chten viele Nutzer die Musik herunterladen und im MP3 Format speichern. Es gibt viele kostenlose Online MP3 Converter mit denen Sie mit einem Klick YouTube Videos herunterladen und umwandeln k\u00f6nnen indem Sie die URL des Videos eingeben. Wenn Sie einen leistungsf\u00e4higeren kostenlosen YouTube MP3 Converter, dann k\u00f6nnen Sie die Software herunterladen. Jede der hier vorgestellten Anwendungen hat Vor- und Nachteile.<br \/>\n\u2022\tTeil 1: Top 10 kostenlose online YouTube in MP3 Converter Seiten<br \/>\n\u2022\tTeil 2: Top 3 kostenlose YouTube MP3 Converter Softwares<\/p>\n<h2>Teil 1: Top 10 kostenlose online YouTube in MP3 Converter Seiten<\/h2>\n<h3>1. YouTubeMP3<\/h3>\n<p> <img loading=\"lazy\" decoding=\"async\" src=\"http:\/\/www.tipard.de\/blog\/wp-content\/uploads\/2017\/07\/youtubemp3.jpg\" alt=\"\" width=\"600\" height=\"339\" class=\"alignnone size-full wp-image-296\" srcset=\"https:\/\/www.tipard.de\/blog\/wp-content\/uploads\/2017\/07\/youtubemp3.jpg 600w, https:\/\/www.tipard.de\/blog\/wp-content\/uploads\/2017\/07\/youtubemp3-300x170.jpg 300w\" sizes=\"auto, (max-width: 600px) 100vw, 600px\" \/><br \/>\nDer <strong>YouTubeMP3<\/strong> Converter ist sehr einfach aufgebaut und kann intuitive genutzt werden, um kostenlos YouTube Videos in MP3 umzuwandeln. In nur wenigen Minuten werden Sie die umgewandelte Datei erhalten. Es ist kompatibel mit mobilen Platformen und arbeitet auf dem iPhone, Android und Windows Handys. Jedoch k\u00f6nnen Sie dieses Tool nicht mit dem Chrome Browser nutzen. Auf der YouTube-MP3.org online Seite k\u00f6nnen Sie einfach die URL des YouTube Videos eingeben und dann auf den Convert Video Knopf klicken, um die URL zu analysieren und in die MP3 Audiodatei zu konvertieren. Dann laden Sie die umgewandelte Datei herunter.<\/p>\n<h3>2. Convert2MP3<\/h3>\n<p><img loading=\"lazy\" decoding=\"async\" src=\"http:\/\/www.tipard.de\/blog\/wp-content\/uploads\/2017\/07\/convert2mp3.jpg\" alt=\"\" width=\"600\" height=\"388\" class=\"alignnone size-full wp-image-290\" srcset=\"https:\/\/www.tipard.de\/blog\/wp-content\/uploads\/2017\/07\/convert2mp3.jpg 600w, https:\/\/www.tipard.de\/blog\/wp-content\/uploads\/2017\/07\/convert2mp3-300x194.jpg 300w\" sizes=\"auto, (max-width: 600px) 100vw, 600px\" \/><br \/>\nMit dem <strong>Convert2MP3<\/strong> online Service k\u00f6nnen Sie ganz einfach und kostenlos Videos herunterladen und umwandeln von Websites wie YouTube, Dailymotion, Vevo und Clipfish. Es ist ein schnelles Programm und Sie k\u00f6nnen es ohne Registrierung nutzen. Sie m\u00fcssen nur nach dem Video suchen, die URL kopieren und in dem Programm einf\u00fcgen. Dann k\u00f6nnen Sie das MP3 Format w\u00e4hlen und es \u00fcber den Konvertierungs-Knopf herunterladen. Alternativ k\u00f6nnen Sie direkt auf der Seite nach YouTube suchen und dort das Videos finden \u00fcber den suchen und konvertieren Knopf. <\/p>\n<h3>3. OnlineVideoConverter<\/h3>\n<p> <img loading=\"lazy\" decoding=\"async\" src=\"http:\/\/www.tipard.de\/blog\/wp-content\/uploads\/2017\/07\/onlinevideoconverter.jpg\" alt=\"\" width=\"600\" height=\"416\" class=\"alignnone size-full wp-image-293\" srcset=\"https:\/\/www.tipard.de\/blog\/wp-content\/uploads\/2017\/07\/onlinevideoconverter.jpg 600w, https:\/\/www.tipard.de\/blog\/wp-content\/uploads\/2017\/07\/onlinevideoconverter-300x208.jpg 300w\" sizes=\"auto, (max-width: 600px) 100vw, 600px\" \/><br \/>\nDie kostenlose online Website, die YouTube Musikvideos in MP3 Audio umwandelt ist <strong>OnlineVideoConverter<\/strong>. Es hat keine Begrenzungen bez\u00fcglich der Dateianzahl und neben MP3 k\u00f6nnen Sie auch in andere Audioformate konvertieren, wie M4A, AAC, FLAC, OGG und Videoformate, wie MP4, AVI, MPG, WMV, MOV und MKV. Mit dem OnlineVideoConverter.com k\u00f6nnen Sie Videos von YouTube, Vimeo, Dailymotion, Liveleak und anderen Websiten umwandeln und herunterladen. Es ist kompatibel mit Windows, Mac und Android Ger\u00e4ten, aber nicht mit iOS Ger\u00e4ten. <\/p>\n<h3>4. ListenToYouTube<\/h3>\n<p> <img loading=\"lazy\" decoding=\"async\" src=\"http:\/\/www.tipard.de\/blog\/wp-content\/uploads\/2017\/07\/listentoyoutube.jpg\" alt=\"\" width=\"600\" height=\"344\" class=\"alignnone size-full wp-image-292\" srcset=\"https:\/\/www.tipard.de\/blog\/wp-content\/uploads\/2017\/07\/listentoyoutube.jpg 600w, https:\/\/www.tipard.de\/blog\/wp-content\/uploads\/2017\/07\/listentoyoutube-300x172.jpg 300w\" sizes=\"auto, (max-width: 600px) 100vw, 600px\" \/><br \/>\n<strong>ListenToYouTube<\/strong> ist eine andere nutzerfreundliche und kostenlose online Seite, um YouTube in MP3 Musik mit einem schnellen und qualitativ hochwertigen Umwandlungsprozess herunterzuladen. Sie k\u00f6nnen das MP3 Audio vom Video extrahieren, indem Sie die URL des Videos auf der Seite eingeben und dann auf den GO Knopf klicken. Nach der Umwandlung erhalten Sie einen Download Link. Klicken Sie dann auf DOWNLOAD MP3, um die Datei herunterzuladen. <\/p>\n<h3>5. FLVTO<\/h3>\n<p> <img loading=\"lazy\" decoding=\"async\" src=\"http:\/\/www.tipard.de\/blog\/wp-content\/uploads\/2017\/07\/flvto.jpg\" alt=\"\" width=\"600\" height=\"272\" class=\"alignnone size-full wp-image-291\" srcset=\"https:\/\/www.tipard.de\/blog\/wp-content\/uploads\/2017\/07\/flvto.jpg 600w, https:\/\/www.tipard.de\/blog\/wp-content\/uploads\/2017\/07\/flvto-300x136.jpg 300w\" sizes=\"auto, (max-width: 600px) 100vw, 600px\" \/><br \/>\nDer intuitive und kostenlose Online YouTube MP3 Converter <strong>FLVTO<\/strong> kann YouTube Videos in MP3 Audios und MP4 und AVI HD Videos umwandeln. Wenn Sie Flvto.biz, sind Sie nicht begrenzt auf das FLV Format. Es ist kompatibel mit Linux, Mac und Windows und unterst\u00fctzt die Umwandlung in MP3 Musik von verschiedenen Websites, wie YouTube, Vimeo, Dailymotion, Metacafe, Facebook und anderen. Daf\u00fcr m\u00fcssen Sie einfach die URL des Videos auf der Seite eingeben und in wenigen Sekunden erhalten Sie eine hochqualitative MP3 Datei.<\/p>\n<h3>6. VidToMP3<\/h3>\n<p> <img loading=\"lazy\" decoding=\"async\" src=\"http:\/\/www.tipard.de\/blog\/wp-content\/uploads\/2017\/07\/vidtomp3.jpg\" alt=\"\" width=\"600\" height=\"348\" class=\"alignnone size-full wp-image-294\" srcset=\"https:\/\/www.tipard.de\/blog\/wp-content\/uploads\/2017\/07\/vidtomp3.jpg 600w, https:\/\/www.tipard.de\/blog\/wp-content\/uploads\/2017\/07\/vidtomp3-300x174.jpg 300w\" sizes=\"auto, (max-width: 600px) 100vw, 600px\" \/><br \/>\n<strong>VidToMP3<\/strong> ist ein simpler und kostenloser Online YouTube Video in MP3 Konverter, der durch kopieren und einf\u00fcgen der URL das Video umwandeln und herunterladen kann. Der Prozess wird \u00fcber den <strong>Download<\/strong> Knopf gestartet. Nachdem dieser beendet ist k\u00f6nnen Sie durch einen Klick auf den <strong>Download MP3<\/strong> Kopf zu den gespeicherten Dateien gelangen. Wenn Sie Ihre Musik in <strong>iTunes<\/strong> h\u00f6ren wollen, dann folgen Sie diesen Schritten. Zun\u00e4chst m\u00fcssen Sie auf <strong>Download MP3<\/strong> klicken und dann auf <strong>DATEI SPEICHERN<\/strong>. [W\u00e4hlen Sie nicht &#8222;Datei \u00f6ffnen&#8220;]. Stellen Sie sicher, dass iTunes Ihr <strong>DEFAULT<\/strong> Player ist. Gehen Sie auf Datei\/Importieren und w\u00e4hlen Sie dann die Dateien aus Ihrem Download Ordner. Wenn Sie detaillierte Anweisungen ben\u00f6tigen, dann finden Sie diese im Hilfemen\u00fc von iTunes. <\/p>\n<h3>7. YouTube2MP3<\/h3>\n<p><img loading=\"lazy\" decoding=\"async\" src=\"http:\/\/www.tipard.de\/blog\/wp-content\/uploads\/2017\/07\/youtube2mp3.jpg\" alt=\"\" width=\"600\" height=\"515\" class=\"alignnone size-full wp-image-295\" srcset=\"https:\/\/www.tipard.de\/blog\/wp-content\/uploads\/2017\/07\/youtube2mp3.jpg 600w, https:\/\/www.tipard.de\/blog\/wp-content\/uploads\/2017\/07\/youtube2mp3-300x258.jpg 300w\" sizes=\"auto, (max-width: 600px) 100vw, 600px\" \/><br \/>\nMit seinem simplen und intuitiven Interface bietet der <strong>YouTue2MP3<\/strong> Online YouTube MP3 Converter eine schnelle Umwandlung in MP3 oder MP4 Formate. Dazu m\u00fcssen Sie lediglich den Link des YouTubes Videos kopieren und in der Box einf\u00fcgen. Anschlie\u00dfend klicken Sie auf den <strong>konvertieren<\/strong> Knopf und dann auf <strong>Download<\/strong>, um das YouTube Video als Datei auf Ihrem Computer zu speichern. <\/p>\n<h3>8. Clip Converter<\/h3>\n<p> <img loading=\"lazy\" decoding=\"async\" src=\"http:\/\/www.tipard.de\/blog\/wp-content\/uploads\/2017\/07\/clip-converter.jpg\" alt=\"\" width=\"600\" height=\"359\" class=\"alignnone size-full wp-image-298\" srcset=\"https:\/\/www.tipard.de\/blog\/wp-content\/uploads\/2017\/07\/clip-converter.jpg 600w, https:\/\/www.tipard.de\/blog\/wp-content\/uploads\/2017\/07\/clip-converter-300x180.jpg 300w\" sizes=\"auto, (max-width: 600px) 100vw, 600px\" \/><br \/>\n<strong>Clip Converter<\/strong> ist einer der bekanntesten online Websites, um kostenlos Musik von YouTube in MP3 herunterzuladen. Es hat die professionelle Funktion, dass Sie Optionen eisntellen k\u00f6nnnen, wie zum Beispiel die Lautst\u00e4rke bei der Sie zwischen mono und stereo w\u00e4hlen k\u00f6nnen. Zus\u00e4tzlich k\u00f6nnen Sie die Bitrate w\u00e4hlen und Informationen hinzuf\u00fcgen, wie Titel, Artist, Albuminformationen und anderes. Es kann auch in andere Videoformate konvertieren, wie MP4, FLV, AVI, etc. Die bekanntesten Videp-Sharing Websites werden unterst\u00fctzt, wie YouTube, Google Video, Sevenload, MySpace, Dailymotion, Vimeo, Metacafe, MyVideo und Veoh.<\/p>\n<h3>9. ConvertToAudio<\/h3>\n<p> <img loading=\"lazy\" decoding=\"async\" src=\"http:\/\/www.tipard.de\/blog\/wp-content\/uploads\/2017\/07\/converttoaudio.jpg\" alt=\"\" width=\"600\" height=\"224\" class=\"alignnone size-full wp-image-299\" srcset=\"https:\/\/www.tipard.de\/blog\/wp-content\/uploads\/2017\/07\/converttoaudio.jpg 600w, https:\/\/www.tipard.de\/blog\/wp-content\/uploads\/2017\/07\/converttoaudio-300x112.jpg 300w\" sizes=\"auto, (max-width: 600px) 100vw, 600px\" \/><br \/>\n<strong>ConvertToAudio<\/strong> wurde entwickelt, um Ihnen einen einfachen Download von YouTube Videos zu erm\u00f6glichen. Diese k\u00f6nnen Sie problemlos ins MP3 Format konvertieren oder auch in andere Audioformate, wie AAC, M4A, oder auch Videoformate, wie MP4, F4V, 3GP oder WEBM. Geben Sie einfach die YouTube URL ein, w\u00e4hlen Sie das Format und klicken Sie auf den Convert Knopf. Au\u00dferdem hat ConvertToAudio.com eine online Bearbeitungsfunktion, damit Sie Ihre Dateien direkt und einfach bearbeiten k\u00f6nnen.<\/p>\n<h3>10.YoutubeinMP3<\/h3>\n<p> <img loading=\"lazy\" decoding=\"async\" src=\"http:\/\/www.tipard.de\/blog\/wp-content\/uploads\/2017\/07\/youtubeinmp3.jpg\" alt=\"\" width=\"600\" height=\"241\" class=\"alignnone size-full wp-image-302\" srcset=\"https:\/\/www.tipard.de\/blog\/wp-content\/uploads\/2017\/07\/youtubeinmp3.jpg 600w, https:\/\/www.tipard.de\/blog\/wp-content\/uploads\/2017\/07\/youtubeinmp3-300x121.jpg 300w\" sizes=\"auto, (max-width: 600px) 100vw, 600px\" \/><br \/>\n<strong>YouTubeinMP3<\/strong> arbeitet als YouTube MP3 Downloader und Converter online Seite mit der Sie YouTube Videos in hoher Qualit\u00e4t in MP3 Formate umwandeln und herunterladen k\u00f6nnen. Ein ID3 Tag wird automatisch zu der MP3 Datei hinzugef\u00fcgt. <\/p>\n<h2>Teil 2: Top 3 kostenlose YouTube MP3 Converter Softwares<\/h2>\n<h3>1. Freemake YouTube to MP3 Boom<\/h3>\n<p> <img loading=\"lazy\" decoding=\"async\" src=\"http:\/\/www.tipard.de\/blog\/wp-content\/uploads\/2017\/07\/freemake-converter.jpg\" alt=\"\" width=\"600\" height=\"375\" class=\"alignnone size-full wp-image-301\" srcset=\"https:\/\/www.tipard.de\/blog\/wp-content\/uploads\/2017\/07\/freemake-converter.jpg 600w, https:\/\/www.tipard.de\/blog\/wp-content\/uploads\/2017\/07\/freemake-converter-300x188.jpg 300w\" sizes=\"auto, (max-width: 600px) 100vw, 600px\" \/><br \/>\n<strong>Freemake YouTube to MP3 Boom<\/strong> ist eine kostenloser YouTube Musik Konverter Software mit der Sie YouTube Musik herunterladen und umwandeln k\u00f6nnen. Freemake YouTube in MP3 Konverter sucht nach Songs, Alben und K\u00fcnstlern auf Ihren Wunsch hin auf YouTube und listet alle m\u00f6glichen Versionen auf und findet automatisch die Versionen mit der h\u00f6chsten Bitrate ( bis zu 320 kbps). Zus\u00e4tzlich k\u00f6nnen mehrere YouTube Links zeitgleich in MP3 umgewandelt werden. Laden Sie ganze Musikkollektionen mit nur einem Klick herunter.<\/p>\n<h3>2. DVDVideoSoft YouTube to MP3 Converter<\/h3>\n<p><img loading=\"lazy\" decoding=\"async\" src=\"http:\/\/www.tipard.de\/blog\/wp-content\/uploads\/2017\/07\/dvdvideosoft.jpg\" alt=\"\" width=\"600\" height=\"263\" class=\"alignnone size-full wp-image-300\" srcset=\"https:\/\/www.tipard.de\/blog\/wp-content\/uploads\/2017\/07\/dvdvideosoft.jpg 600w, https:\/\/www.tipard.de\/blog\/wp-content\/uploads\/2017\/07\/dvdvideosoft-300x132.jpg 300w\" sizes=\"auto, (max-width: 600px) 100vw, 600px\" \/><br \/>\nAls eine der besten Softwares kann <strong>DVDVideoSoft Free YouTube to MP3 Converter<\/strong> Musik in hoher Bitrate von bis zu 192kbpsf\u00fcr Sie herunterladen. Es werden Audioformate wie MP3, M4A, AAC, WAV, FLAC und OGG unterst\u00fctzt. Dieser kostenlose YouTube MP3 Konverter macht es einfach die Ausgabedatei in Ihre iTunes Playlist hinzuzuf\u00fcgen. <\/p>\n<h3>3. YTD Video Downloader<\/h3>\n<p> <img loading=\"lazy\" decoding=\"async\" src=\"http:\/\/www.tipard.de\/blog\/wp-content\/uploads\/2017\/07\/ytd-video-downloader.jpg\" alt=\"\" width=\"600\" height=\"454\" class=\"alignnone size-full wp-image-303\" srcset=\"https:\/\/www.tipard.de\/blog\/wp-content\/uploads\/2017\/07\/ytd-video-downloader.jpg 600w, https:\/\/www.tipard.de\/blog\/wp-content\/uploads\/2017\/07\/ytd-video-downloader-300x227.jpg 300w\" sizes=\"auto, (max-width: 600px) 100vw, 600px\" \/><br \/>\n<strong>YTD Video Downloader<\/strong> bietet Ihnen eine kostenlose Software, um Videos von YouTube, Facebook, Vimeo und 60+ weiteren Websites als MP3 Audiodatei herunterzuladen. Sie k\u00f6nnen Sie Videoaufl\u00f6sung ausw\u00e4hlen, wie 1080p Full HD, 720p HD, 480p Standard und andere. Es k\u00f6nnen auch Videos in andere bekannte Dateiformate umgewandelt werden, wie WMV, AVI, iPhone MP4, iPad MP4, iPod MOV und mehr. Zus\u00e4tzlich k\u00f6nnen die Downloads und konvertierten Dateien verwaltet werden und wenn der Download durch eine schlechte Internetverbindung einmal fehlschl\u00e4gt, wird dieser automatisch fortgesetzt sobald die Internetverbindung wieder stabil ist.<\/p>\n","protected":false},"excerpt":{"rendered":"<p>Als gr\u00f6\u00dfte Video-Sharing Website k\u00f6nnen Sie bei YouTube Musik anh\u00f6ren, Filme und Serien anschauen, Nachrichten ansehen und mehr. Jedoch m\u00f6chten viele Nutzer die Musik herunterladen und im MP3 Format speichern. Es gibt viele kostenlose Online MP3 Converter mit denen Sie mit einem Klick YouTube Videos herunterladen und umwandeln k\u00f6nnen indem Sie die URL des Videos [&hellip;]<\/p>\n","protected":false},"author":1,"featured_media":0,"parent":0,"menu_order":0,"comment_status":"closed","ping_status":"closed","template":"","meta":{"footnotes":""},"class_list":["post-289","page","type-page","status-publish","hentry"],"_links":{"self":[{"href":"https:\/\/www.tipard.de\/blog\/wp-json\/wp\/v2\/pages\/289","targetHints":{"allow":["GET"]}}],"collection":[{"href":"https:\/\/www.tipard.de\/blog\/wp-json\/wp\/v2\/pages"}],"about":[{"href":"https:\/\/www.tipard.de\/blog\/wp-json\/wp\/v2\/types\/page"}],"author":[{"embeddable":true,"href":"https:\/\/www.tipard.de\/blog\/wp-json\/wp\/v2\/users\/1"}],"replies":[{"embeddable":true,"href":"https:\/\/www.tipard.de\/blog\/wp-json\/wp\/v2\/comments?post=289"}],"version-history":[{"count":1,"href":"https:\/\/www.tipard.de\/blog\/wp-json\/wp\/v2\/pages\/289\/revisions"}],"predecessor-version":[{"id":304,"href":"https:\/\/www.tipard.de\/blog\/wp-json\/wp\/v2\/pages\/289\/revisions\/304"}],"wp:attachment":[{"href":"https:\/\/www.tipard.de\/blog\/wp-json\/wp\/v2\/media?parent=289"}],"curies":[{"name":"wp","href":"https:\/\/api.w.org\/{rel}","templated":true}]}}