{"id":267,"date":"2017-07-07T11:27:30","date_gmt":"2017-07-07T11:27:30","guid":{"rendered":"http:\/\/www.tipard.de\/blog\/?page_id=267"},"modified":"2017-08-07T01:12:23","modified_gmt":"2017-08-07T01:12:23","slug":"die-besten-videoformate-und-einstellungen-fur-den-upload-von-youtube-videos-ohne-begrenzungen","status":"publish","type":"page","link":"https:\/\/www.tipard.de\/blog\/die-besten-videoformate-und-einstellungen-fur-den-upload-von-youtube-videos-ohne-begrenzungen\/","title":{"rendered":"Die besten Videoformate und Einstellungen f\u00fcr den Upload von YouTube Videos ohne Begrenzungen"},"content":{"rendered":"<p> <img loading=\"lazy\" decoding=\"async\" src=\"http:\/\/www.tipard.de\/blog\/wp-content\/uploads\/2017\/07\/youtube-format.jpg\" alt=\"\" width=\"600\" height=\"300\" class=\"alignnone size-full wp-image-279\" srcset=\"https:\/\/www.tipard.de\/blog\/wp-content\/uploads\/2017\/07\/youtube-format.jpg 600w, https:\/\/www.tipard.de\/blog\/wp-content\/uploads\/2017\/07\/youtube-format-300x150.jpg 300w\" sizes=\"auto, (max-width: 600px) 100vw, 600px\" \/><br \/>\n<em>Frage: Ich m\u00f6chte, dass die 720p HD Videos, die ich auf YouTube poste, so gut wie m\u00f6glich aussehen. Welches Format soll ich nutzen, um die Videos abzuspeichern? Ich habe eine Nikon Kamera, die Videos im MOV Format speichert. Speichern kann ich die Videos als AVI, MPG, WMV und MOV. Welches ist das beste Videoformat, um Videos auf YouTube hochzuladen (AVI, MPG, WMV oder MOV)? Ich verstehe nicht ganz die Unterschiede zwischen den Formaten. Ich orientiere mich an der Dateigr\u00f6\u00dfe. Ergibt das Sinn? &#8211; Von Yahoo Answers<\/em><br \/>\n<img loading=\"lazy\" decoding=\"async\" src=\"http:\/\/www.tipard.de\/blog\/wp-content\/uploads\/2017\/07\/question.jpg\" alt=\"\" width=\"600\" height=\"302\" class=\"alignnone size-full wp-image-276\" srcset=\"https:\/\/www.tipard.de\/blog\/wp-content\/uploads\/2017\/07\/question.jpg 600w, https:\/\/www.tipard.de\/blog\/wp-content\/uploads\/2017\/07\/question-300x151.jpg 300w\" sizes=\"auto, (max-width: 600px) 100vw, 600px\" \/><br \/>\nBei dem Upload von Videos auf YouTube kann es vorkommen, dass Sie eine Fehlermeldung erhalten. YouTube unterst\u00fctzt neun Videoformate zum Hochladen von Videos: MOV, MPEG4, MP4, AVI, WMV, MPEGPS, FLV, 3GP und WebM. Jedoch ist es meist so, dass Sie die Videos vor dem Hochladen komprimieren m\u00fcssen. Zudem variiert die Ausgabequalit\u00e4t bei den verschiedenen Videoformaten. Welche Videoformate sollten Sie f\u00fcr den Upload nutzen?<br \/>\n\u2022\tTeil 1: Die besten Formate f\u00fcr den Upload von Videos auf YouTube<br \/>\n\u2022\tTeil 2: Die besten Spezifikationen f\u00fcr das Hochladen von Videos auf YouTube<br \/>\n\u2022\tTeil 3: Die besten Video Converter <\/p>\n<h2>Teil 1: Die besten Formate f\u00fcr den Upload von Videos auf YouTube<\/h2>\n<p>Von YouTube unterst\u00fctzte Videoformate:<br \/>\n\u2022\t* MOV (das QuickTime Multimedia Dateiformat)<br \/>\n\u2022\t* MPEG4 (die Kompressionsmethode standardisiert von der MPEG Gruppe)<br \/>\n\u2022\t* MP4 (ein Multimedia-Container-Format-Standard spezifiziert als Teil von MPEG-4)<br \/>\n\u2022\t* AVI (ein Audio Video Format verschachtelt al seine Art von Videoformat)<br \/>\n\u2022\t* WMV (Windows Media Video)<br \/>\n\u2022\t* MPEGPS (ein Container-Format f\u00fcr \u201cmultiplexing\u201d Audio, Video und mehr)<br \/>\n\u2022\t* FLV (eine Art von Flash Video Format)<br \/>\n\u2022\t* 3GP (ein Multimedia-Container-Format definiert durch das Third Generation Partnership Project f\u00fcr 3G UMTS Multimedia Services)<br \/>\n\u2022\t* WebM (ein Container-Format f\u00fcr VP8\/VP9 Video Vorbis\/Opus Audio)<br \/>\nWenn Sie ein Dateiformat nutzen, dass in dieser Liste nicht aufgef\u00fchrt ist, dann sollten Sie diesen Tipard Video Converter Ultimate nutzen, um Ihre Videodatei umzuwandeln. Dieser Video Converter kann jedes Video in ein anderes Video- oder Audioformat umwandeln ohne Qualit\u00e4tsverlust und in einer hohen Konvertierungsgeschwindigkeit. Hier k\u00f6nnen Sie das Programm herunterladen:<br \/>\nVideo Converter f\u00fcr Windows herunterladen<br \/>\nVideo Converter f\u00fcr Mac herunterladen<\/p>\n<h2>Teil 2: Die besten Spezifikationen f\u00fcr das Hochladen von Videos auf YouTube<\/h2>\n<p>In den meisten F\u00e4llen optimiert YouTube Ihr Video online. Wenn Sie das beste Format zum Hochladen von YouTube Videos nutzen wollen, dann sollten Sie die Video- und Audioeinstellungen, wie Dateigr\u00f6\u00dfe, Format, Aufl\u00f6sung, Bildseitenverh\u00e4ltnis, Bildfrequenz und Bitrate, kennen.<br \/>\n <img loading=\"lazy\" decoding=\"async\" src=\"http:\/\/www.tipard.de\/blog\/wp-content\/uploads\/2017\/07\/video-settings.jpg\" alt=\"\" width=\"600\" height=\"266\" class=\"alignnone size-full wp-image-278\" srcset=\"https:\/\/www.tipard.de\/blog\/wp-content\/uploads\/2017\/07\/video-settings.jpg 600w, https:\/\/www.tipard.de\/blog\/wp-content\/uploads\/2017\/07\/video-settings-300x133.jpg 300w\" sizes=\"auto, (max-width: 600px) 100vw, 600px\" \/><br \/>\n\u2022\tDateigr\u00f6\u00dfe: Wenn eine aktuelle Browserversion genutzt wird, dann k\u00f6nnen Videos gr\u00f6\u00dfer als 20GB hochgeladen werden.<br \/>\n\u2022\tDauer: YouTube begrenzt die Videol\u00e4nge auf 15 Minutes.<br \/>\n\u2022\tDeinterlacing: Videos mit Progressive Scanning oder Interlaced Scanning k\u00f6nnen hochgeladen werden. Um die beste Videoqualit\u00e4t zu erreichen, empfiehlt YouTube, dass Interlaced Videos vor dem Hochladen deinterlaced werden.<br \/>\n\u2022\tFormat: YouTube gibt an, dass das am besten zu nutzende Format MP4 (Standard, HD und Ultra HD 4K Qualit\u00e4t) ist. Es ist nicht so gro\u00df wie AVI und bietet eine bessere Qualit\u00e4t als FLV. WMV HD Format verliert an Qualit\u00e4t, w\u00e4hrend 3GP und SWF Aufl\u00f6sungen zu klein sind.<br \/>\n\u2022\tAudio: Die empfohlenen Audioparameter sind das MP3 oder AAC Format, 44.1kHz Sampling Rate und die h\u00f6chst m\u00f6gliche Bitrate, aber nicht weniger als 192 kbps.<br \/>\n\u2022\tCodec: Die passendsten Codecs f\u00fcr YouTube sind H.264, MPEG-2 oder MPEG-4.<br \/>\n\u2022\tAufl\u00f6sung: 640 x 480(4:3) oder 1280 x 720 (16:9). Wenn das Video hochgeladen wird, dann wird YouTube 16:9 w\u00e4hlen oder vertikale schwarze Streifen hinzuf\u00fcgen (f\u00fcr 4:3).<br \/>\n\u2022\tBildseitenverh\u00e4ltnis: Nutzen Sie einen der Standards: 4:3 oder 16:9. F\u00fcgen Sie keine horizontalen schwarzen Streifen vor dem Hochladen des Videos hinzu.<br \/>\n\u2022\tBildfrequenz: Wenn es m\u00f6glich ist, dann sollten Sie eine originale Bildfrequenz beibehalten.<br \/>\n\u2022\tBitrate: Bitrate h\u00e4ngt von Video Codec ab. Es gibt keine Empfehlung und kein Minimum. <\/p>\n<table>\n<tr>\n<td colspan=\"2\" align=\"center\"><strong>Die besten YouTube Videoformte<\/strong><\/td>\n<\/tr>\n<tr>\n<td>Resolution<\/td>\n<td>Empfohlen: 1280 x 720 (16&#215;9 HD) und 640 x 480 (4:3 SD)<br \/>\nEs gibt keine minimale Aufl\u00f6sung. Generell gilt: Je h\u00f6her die Aufl\u00f6sung, desto besser. Bei \u00e4lteren Inhalten l\u00e4sst sich eine niedrigere Aufl\u00f6sung nicht vermeiden.<\/td>\n<\/tr>\n<tr>\n<td>Bitrate<\/td>\n<td>Weil die Bitrate abh\u00e4ngig vom Codec ist, gibt es weder eine Empfehlung, noch ein Minimum. Videos sollten optimiert werden bez\u00fcglich der Aufl\u00f6sung, des Bildseitenverh\u00e4ltnisses und der Bildfrequenz und weniger der Bitrate.<\/td>\n<\/tr>\n<tr>\n<td>Bildfrequenz<\/td>\n<td>Die Bildfrequenz des originalen Videos sollte behalten werden. Von einer \u00c4nderung wird abgeraten.<\/td>\n<tr>\n<td>Codec<\/td>\n<td>H.264, MPEG-2 oder MPEG-4 bevorzugt<\/td>\n<\/tr>\n<tr>\n<td colspan=\"2\" align=\"center\"><strong>Die besten YouTube Audioformate<\/strong><\/td>\n<\/tr>\n<tr>\n<td>Codec<\/td>\n<td>MP3 oder AAC bevorzugt<\/td>\n<\/tr>\n<tr>\n<td>Sampling rate<\/td>\n<td>44.1kHz<\/td>\n<\/tr>\n<tr>\n<td>Channels<\/td>\n<td>2 (stereo)<\/td>\n<\/tr>\n<\/table>\n<h2>Teil 3: Die besten Video Converter<\/h2>\n<p>Tipard Video Converter Ultimate ist ein oft empfohlener und leistungsstarker Video Converter und Editor. Dieser hilft Ihnen das am besten kompatible Format, den passenden Codec, die bestm\u00f6gliche Aufl\u00f6sung und weitere Einstellungen f\u00fcr Ihr Video zu finden.<br \/>\n <img loading=\"lazy\" decoding=\"async\" src=\"http:\/\/www.tipard.de\/blog\/wp-content\/uploads\/2017\/07\/video-converter.jpg\" alt=\"\" width=\"600\" height=\"354\" class=\"alignnone size-full wp-image-277\" srcset=\"https:\/\/www.tipard.de\/blog\/wp-content\/uploads\/2017\/07\/video-converter.jpg 600w, https:\/\/www.tipard.de\/blog\/wp-content\/uploads\/2017\/07\/video-converter-300x177.jpg 300w\" sizes=\"auto, (max-width: 600px) 100vw, 600px\" \/><br \/>\nDas Programm kann Videos, die von Canon\/Sony\/ Nikon\/JVC HD Kameras aufgenommen wurden, erkennen. Und die Videoformate, wie M2TS, MKV, AVCHD, MOV, MOD, MPEG und andere, k\u00f6nnen in f\u00fcr YouTube passende Videos umgewandelt werden. Die Ausgabeprofile k\u00f6nnen Ihren Videos angepasst werden.<br \/>\nTipard Video Converter Ultimate kann auch online Videos von YouTube herunterladen und direkt umwandeln.<\/p>\n","protected":false},"excerpt":{"rendered":"<p>Frage: Ich m\u00f6chte, dass die 720p HD Videos, die ich auf YouTube poste, so gut wie m\u00f6glich aussehen. Welches Format soll ich nutzen, um die Videos abzuspeichern? Ich habe eine Nikon Kamera, die Videos im MOV Format speichert. Speichern kann ich die Videos als AVI, MPG, WMV und MOV. Welches ist das beste Videoformat, um [&hellip;]<\/p>\n","protected":false},"author":1,"featured_media":0,"parent":0,"menu_order":0,"comment_status":"closed","ping_status":"closed","template":"","meta":{"footnotes":""},"class_list":["post-267","page","type-page","status-publish","hentry"],"_links":{"self":[{"href":"https:\/\/www.tipard.de\/blog\/wp-json\/wp\/v2\/pages\/267","targetHints":{"allow":["GET"]}}],"collection":[{"href":"https:\/\/www.tipard.de\/blog\/wp-json\/wp\/v2\/pages"}],"about":[{"href":"https:\/\/www.tipard.de\/blog\/wp-json\/wp\/v2\/types\/page"}],"author":[{"embeddable":true,"href":"https:\/\/www.tipard.de\/blog\/wp-json\/wp\/v2\/users\/1"}],"replies":[{"embeddable":true,"href":"https:\/\/www.tipard.de\/blog\/wp-json\/wp\/v2\/comments?post=267"}],"version-history":[{"count":11,"href":"https:\/\/www.tipard.de\/blog\/wp-json\/wp\/v2\/pages\/267\/revisions"}],"predecessor-version":[{"id":658,"href":"https:\/\/www.tipard.de\/blog\/wp-json\/wp\/v2\/pages\/267\/revisions\/658"}],"wp:attachment":[{"href":"https:\/\/www.tipard.de\/blog\/wp-json\/wp\/v2\/media?parent=267"}],"curies":[{"name":"wp","href":"https:\/\/api.w.org\/{rel}","templated":true}]}}