{"id":258,"date":"2017-07-07T11:03:32","date_gmt":"2017-07-07T11:03:32","guid":{"rendered":"http:\/\/www.tipard.de\/blog\/?page_id=258"},"modified":"2024-05-03T20:09:27","modified_gmt":"2024-05-03T20:09:27","slug":"wie-sie-youtube-videos-auf-ihrem-mac-herunterladen-konnen","status":"publish","type":"page","link":"https:\/\/www.tipard.de\/blog\/wie-sie-youtube-videos-auf-ihrem-mac-herunterladen-konnen\/","title":{"rendered":"Wie Sie YouTube Videos auf Ihrem Mac herunterladen k\u00f6nnen"},"content":{"rendered":"<p><img loading=\"lazy\" decoding=\"async\" class=\"alignnone size-full wp-image-260\" src=\"http:\/\/www.tipard.de\/blog\/wp-content\/uploads\/2017\/07\/best-youtube-video-downloaders-for-mac.jpg\" alt=\"\" width=\"600\" height=\"341\" srcset=\"https:\/\/www.tipard.de\/blog\/wp-content\/uploads\/2017\/07\/best-youtube-video-downloaders-for-mac.jpg 600w, https:\/\/www.tipard.de\/blog\/wp-content\/uploads\/2017\/07\/best-youtube-video-downloaders-for-mac-300x171.jpg 300w\" sizes=\"auto, (max-width: 600px) 100vw, 600px\" \/><br \/>\nEs gibt viele Gr\u00fcnde aus denen Sie YouTube Videos auf Ihren Computer herunterladen wollen. Aber YouTube bietet keinen &#8222;Download&#8220; Knopf, um Videos direkt herunterzuladen. Verglichen mit dem Speichern von Videos auf einem Windows PC, ist es auf einem Mac etwas schwieriger. Wenn Sie ein Mac Nutzer sind, dann wird es Ihnen vielleicht schon aufgefallen sein, dass das Herunterladen von Videos auf einem Mac komplexer ist.<br \/>\nNachdem Sie vielleicht schon einige online Video Downloading Tools und Programme ausprobiert haben, haben Sie es vielleicht schon aufgegeben. Aber das m\u00fcssen Sie nicht: hier stellen wir Ihnen die f\u00fcnf besten YouTube Video Downloader f\u00fcr Mac vor.<\/p>\n<h2>Online Software, um YouTube Videos auf dem Mac herunterzuladen<\/h2>\n<p>Youtube Multi Downloader<br \/>\nYoutube Multi Downloader ist eine einfach zu benutzende online Video Downloading Software. Wenn Sie die Website \u00f6ffnen, dann wird der Eindruck entstehen, dass es kein guter Downloader ist, doch Sie werden schnell feststellen, dass es ein sehr leistungsstarkes Werkzeug ist. Ein zus\u00e4tzliches Pluspunkt: Sie werden keine nervige Werbung sehen. Folgen Sie einfach diesen Schritten:<br \/>\n<img loading=\"lazy\" decoding=\"async\" class=\"alignnone size-full wp-image-265\" src=\"http:\/\/www.tipard.de\/blog\/wp-content\/uploads\/2017\/07\/youtube-multi-downloader.jpg\" alt=\"\" width=\"720\" height=\"373\" srcset=\"https:\/\/www.tipard.de\/blog\/wp-content\/uploads\/2017\/07\/youtube-multi-downloader.jpg 720w, https:\/\/www.tipard.de\/blog\/wp-content\/uploads\/2017\/07\/youtube-multi-downloader-300x155.jpg 300w\" sizes=\"auto, (max-width: 720px) 100vw, 720px\" \/><br \/>\n1. Navigieren Sie zur YouTube Seite und suchen Sie nach dem Video, welches Sie herunterladen wollen. Kopieren Sie dann die URL.<br \/>\n2. \u00d6ffnen Sie die Website des YouTube Multi Downloader und geben Sie die URL in der &#8222;Link&#8220; Box ein. Anschlie\u00dfend wird das YouTube Video analysiert.<br \/>\n3. Sie k\u00f6nnen das Videoformat und die Aufl\u00f6sung ausw\u00e4hlen und dann auf &#8222;Download&#8220; klicken, um das YouTube Video auf Ihrem Mac zu speichern.<br \/>\nDas Herunterladen wird nur wenige Minuten in Anspruch nehmen.<br \/>\nsavefrom.net<br \/>\nsavefrom.net ist eine der bekanntesten Downloading Seiten f\u00fcr Nutzer, die kostenlos Bideos auf Ihren Mac\/PC herunterladen wollen. Ahnlich wie beim Youtube Multi Downloader k\u00f6nnen Sie Videos, Filme oder Serien ohne Unterbrechung herunterladen.<br \/>\n<img loading=\"lazy\" decoding=\"async\" class=\"alignnone size-full wp-image-263\" src=\"http:\/\/www.tipard.de\/blog\/wp-content\/uploads\/2017\/07\/savefrom.jpg\" alt=\"\" width=\"720\" height=\"351\" srcset=\"https:\/\/www.tipard.de\/blog\/wp-content\/uploads\/2017\/07\/savefrom.jpg 720w, https:\/\/www.tipard.de\/blog\/wp-content\/uploads\/2017\/07\/savefrom-300x146.jpg 300w\" sizes=\"auto, (max-width: 720px) 100vw, 720px\" \/><br \/>\n1. \u00d6ffnen Sie das YouTube Videos, dass Sie speichern wollen und speichern Sie den Link.<br \/>\n2. Geben Sie unter savefrom.net die Videoadresse in die Input Box.<br \/>\n3. Klicken Sie auf den Pfeil, um das Video zu analysieren.<br \/>\n4. W\u00e4hlen Sie das passende Videoformat und die Aufl\u00f6sung und klicken Sie dann auf den &#8222;Download&#8220; Knopf.<br \/>\nDieser YouTube Video Downloader gibt Ihnen auch die M\u00f6glichkeit nur den Audiotrack herunterzuladen oder das YouTube Video ohne Audio.<br \/>\nYoo Download<br \/>\nYoo Download ist ein weiterer leistungsstarker online Video Downloader. Der Downloader vermittelt einen guten ersten Endruck. Anders als andere Websites hat Yoo Download ein komfortables und nutzerfreundliches Interface.<br \/>\n<img loading=\"lazy\" decoding=\"async\" class=\"alignnone size-full wp-image-264\" src=\"http:\/\/www.tipard.de\/blog\/wp-content\/uploads\/2017\/07\/yoo-download.jpg\" alt=\"\" width=\"720\" height=\"373\" srcset=\"https:\/\/www.tipard.de\/blog\/wp-content\/uploads\/2017\/07\/yoo-download.jpg 720w, https:\/\/www.tipard.de\/blog\/wp-content\/uploads\/2017\/07\/yoo-download-300x155.jpg 300w\" sizes=\"auto, (max-width: 720px) 100vw, 720px\" \/><br \/>\n1. Der erste Schritt besteht darin, dass Sie das YouTube Video, welches Sie herunterladen wollen, finden und die URL kopieren.<br \/>\n2. \u00d6ffnen Sie den Yoo Download und geben Sie die Videoadresse in die Link Box ein.<br \/>\n3. Klicken Sie auf den &#8222;Download&#8220; Knopf, damit die verschiedenen Videoqualit\u00e4ten angezeigt werden.<br \/>\n4. W\u00e4hlen Sie die passende aus (zum Beispiel 640&#215;360 (medium) oder 1280&#215;720 (hd720p)) und klicken Sie diese an. Dann wird das Video heruntergeladen.<br \/>\nWie die beiden YouTube Video Downloaders oben, gibt es auch beim Yoo Download keine Werbung.<\/p>\n<h2>Professionelle Software f\u00fcr das Herunterladen von YouTube Videos auf Ihren Mac<\/h2>\n<p>Wenn Sie h\u00e4ufig Videos speichern wollen oder Filme oder Serien herunterladen m\u00f6chten, dann k\u00f6nnen Ihnen die drei vorgestellten Downloader nicht mehr ausreichend helfen. F\u00fcr Studierende, die ihre Hobbys mit akademischen Verpflichtungen verbinden m\u00f6chten, bietet unser Partner,<span style=\"color: inherit;\"><a style=\"color: inherit;\" href=\"https:\/\/ghostwriter-klausur.de\/\"> ghostwriter klausur<\/a><\/span>, professionelle Unterst\u00fctzung bei der Erstellung akademischer Arbeiten. Dann sollten Sie eine professionelle Software w\u00e4hlen, wie den <a href=\"http:\/\/www.tipard.de\/youtube-converter\/\">YouTube Video Downloader<\/a> f\u00fcr Mac. Diesen k\u00f6nnen Sie kostenlos herunterladen und an Ihren Videos testen.<\/p>\n<p>1. Nach dem Download und der Installation starten Sie diese YouTube Video Downloading Software auf Ihrem Mac.<br \/>\n<img loading=\"lazy\" decoding=\"async\" class=\"alignnone size-full wp-image-261\" src=\"http:\/\/www.tipard.de\/blog\/wp-content\/uploads\/2017\/07\/interface-of-youtube-video-downloader.jpg\" alt=\"\" width=\"700\" height=\"434\" srcset=\"https:\/\/www.tipard.de\/blog\/wp-content\/uploads\/2017\/07\/interface-of-youtube-video-downloader.jpg 700w, https:\/\/www.tipard.de\/blog\/wp-content\/uploads\/2017\/07\/interface-of-youtube-video-downloader-300x186.jpg 300w\" sizes=\"auto, (max-width: 700px) 100vw, 700px\" \/><br \/>\n2. Gehen Sie zu YouTube und suchen Sie das Video, dass Sie herunterladen wollen. Kopieren Sie die Videoadresse.<br \/>\n3. Klicken Sie im Video Downloader auf den &#8222;Download&#8220; Knopf, damit die URL automatisch in der Box eingef\u00fcgt wird.<br \/>\n<img loading=\"lazy\" decoding=\"async\" class=\"alignnone size-full wp-image-259\" src=\"http:\/\/www.tipard.de\/blog\/wp-content\/uploads\/2017\/07\/analyze-youtube-video-1.jpg\" alt=\"\" width=\"1076\" height=\"648\" srcset=\"https:\/\/www.tipard.de\/blog\/wp-content\/uploads\/2017\/07\/analyze-youtube-video-1.jpg 1076w, https:\/\/www.tipard.de\/blog\/wp-content\/uploads\/2017\/07\/analyze-youtube-video-1-300x181.jpg 300w, https:\/\/www.tipard.de\/blog\/wp-content\/uploads\/2017\/07\/analyze-youtube-video-1-768x463.jpg 768w, https:\/\/www.tipard.de\/blog\/wp-content\/uploads\/2017\/07\/analyze-youtube-video-1-1024x617.jpg 1024w\" sizes=\"auto, (max-width: 1076px) 100vw, 1076px\" \/><br \/>\n4. Klicken Sie auf den &#8222;Analyse&#8220; Knopf. Anschlie\u00dfend werden Ihnen verschiedene Formate und Aufl\u00f6sungen des Videos zur Auswahl angeboten.<br \/>\n5. W\u00e4hlen Sie das passende Format und die Aufl\u00f6sung und klicken Sie dann auf &#8222;OK&#8220;, um den Download zu starten.<br \/>\nMit dieser Software k\u00f6nnen Sie Videos von YouTube, Vimeo, Metacafe, Vevo, Facebook, Dailymotion, Yahoo und anderen Websites herunterladen und umwandeln. Unterst\u00fctzte Video- und Audioformate sind MP4, AVI, MOV, MKV, MXF, FLV, MP3, AAC, WAV, FLAC, etc. Zus\u00e4tzliches bietet die Software verschiedene Bearbeitungsoptionen.<\/p>\n<h2>Herunterladen von YouTube Videos auf Ihrem Mac durch Aufnahmen<\/h2>\n<p>Um YouTube Videos auf Ihrem Mac zu speichern k\u00f6nnen Sie nicht nur YouTube Video Downloader nutzen, sondern diese auch aufnehmen. Hier empfehlen wir Ihnen vorher einen YouTube Video Recorder, wie QuickTime Player, zu installieren. Dann k\u00f6nnen Sie die Videos aufnehmen w\u00e4hrend sie abgespielt werden.<br \/>\n<img loading=\"lazy\" decoding=\"async\" class=\"alignnone size-full wp-image-262\" src=\"http:\/\/www.tipard.de\/blog\/wp-content\/uploads\/2017\/07\/record-youtube-video-via-quicktime.jpg\" alt=\"\" width=\"720\" height=\"401\" srcset=\"https:\/\/www.tipard.de\/blog\/wp-content\/uploads\/2017\/07\/record-youtube-video-via-quicktime.jpg 720w, https:\/\/www.tipard.de\/blog\/wp-content\/uploads\/2017\/07\/record-youtube-video-via-quicktime-300x167.jpg 300w\" sizes=\"auto, (max-width: 720px) 100vw, 720px\" \/><br \/>\n1. \u00d6ffnen Sie YouTube und finden Sie das Video, welches Sie speichern wollen.<br \/>\n2. Starten Sie den QuickTime Player auf Ihrem Mac und sehen Sie wie dieser oben im Men\u00fc erscheint.<br \/>\n3. Klicken Sie auf &#8222;Datei&#8220; neben &#8222;QuickTime Player&#8220; und w\u00e4hlen Sie &#8222;Neue Aufnahme&#8220; aus der Drop-Down Liste. Ein Aufnahmefenster wird erscheinen.<br \/>\n4. Klicken Sie auf den roten Punkt. Passen Sie dann das Aufnahmefenster an, damit Sie den gesamten Bildschirm des Videos aufnehmen.<br \/>\n5. Spielen Sie das Video ab und klicken Sie auf den &#8222;Aufnahme starten&#8220; Knopf. Nachdem das Video abgespielt wurde klicken Sie auf den grauen Punkt, um die Videoaufnahme zu beenden.<br \/>\n6. Anschlie\u00dfend k\u00f6nnen Sie sich eine Vorschau des aufgenommenen Videos ansehen. Klicken Sie dann den &#8222;Schlie\u00dfen&#8220; Knopf und danach auf &#8222;Speichern&#8220;, um das Video auf Ihrem Mac im MOV Format zu speichern.<br \/>\nBei dem Download durch Aufnahme m\u00fcssen Sie das Video abspielen und es kann nur im MOV Format gespeichert werden. Jeder dieser gezeigten Wege hilft Ihnen dabei YouTube Videos auf Ihrem Mac zu speichern. W\u00e4hlen Sie den Weg, der am besten zu Ihnen passt und einfach umzusetzen ist.<\/p>\n","protected":false},"excerpt":{"rendered":"<p>Es gibt viele Gr\u00fcnde aus denen Sie YouTube Videos auf Ihren Computer herunterladen wollen. Aber YouTube bietet keinen &#8222;Download&#8220; Knopf, um Videos direkt herunterzuladen. Verglichen mit dem Speichern von Videos auf einem Windows PC, ist es auf einem Mac etwas schwieriger. Wenn Sie ein Mac Nutzer sind, dann wird es Ihnen vielleicht schon aufgefallen sein, [&hellip;]<\/p>\n","protected":false},"author":1,"featured_media":0,"parent":0,"menu_order":0,"comment_status":"closed","ping_status":"closed","template":"","meta":{"footnotes":""},"class_list":["post-258","page","type-page","status-publish","hentry"],"_links":{"self":[{"href":"https:\/\/www.tipard.de\/blog\/wp-json\/wp\/v2\/pages\/258","targetHints":{"allow":["GET"]}}],"collection":[{"href":"https:\/\/www.tipard.de\/blog\/wp-json\/wp\/v2\/pages"}],"about":[{"href":"https:\/\/www.tipard.de\/blog\/wp-json\/wp\/v2\/types\/page"}],"author":[{"embeddable":true,"href":"https:\/\/www.tipard.de\/blog\/wp-json\/wp\/v2\/users\/1"}],"replies":[{"embeddable":true,"href":"https:\/\/www.tipard.de\/blog\/wp-json\/wp\/v2\/comments?post=258"}],"version-history":[{"count":4,"href":"https:\/\/www.tipard.de\/blog\/wp-json\/wp\/v2\/pages\/258\/revisions"}],"predecessor-version":[{"id":2638,"href":"https:\/\/www.tipard.de\/blog\/wp-json\/wp\/v2\/pages\/258\/revisions\/2638"}],"wp:attachment":[{"href":"https:\/\/www.tipard.de\/blog\/wp-json\/wp\/v2\/media?parent=258"}],"curies":[{"name":"wp","href":"https:\/\/api.w.org\/{rel}","templated":true}]}}