{"id":2520,"date":"2022-11-06T11:38:39","date_gmt":"2022-11-06T11:38:39","guid":{"rendered":"https:\/\/www.tipard.de\/blog\/?page_id=2520"},"modified":"2023-10-19T11:36:18","modified_gmt":"2023-10-19T11:36:18","slug":"ar-pcwtmc-c22","status":"publish","type":"page","link":"https:\/\/www.tipard.de\/blog\/ar-pcwtmc-c22\/","title":{"rendered":"Registrierung &#8211; PCWelt Adventskalender 2022 &#8211; Ausgelaufen"},"content":{"rendered":"<div style=\"display: flex;\"><img loading=\"lazy\" decoding=\"async\" src=\"http:\/\/www.tipard.de\/blog\/wp-content\/uploads\/2018\/11\/BRS000140-PMTPTMC18_Boxshot_2D.jpg\" alt=\"\" width=\"639\" height=\"1000\" class=\"alignnone size-full wp-image-1585\" style=\"width: 193px!important; min-width: 193px; height: 300px; margin-right: 15px; border: 1px solid #0080C0;\" \/><\/p>\n<div style=\"width: 100%;\">\n<h2 style=\"text-align: left;\">Tipard Total Media Converter<\/h2>\n<p style=\"text-align: left;\">Der leistungsstarke Tipard Total Media Converter unterst\u00fctzt Sie bei der Konvertierung von ungesch\u00fctzten DVDs und Videos in andere Video Formate, wie AVI, MPEG, VOB, usw. Zus\u00e4tzlich kann die Audiospur von ungesch\u00fctzten DVDs und Videos extrahiert und in alle m\u00f6glichen Formate umgewandelt werden.<\/p>\n<ul style=\"padding: 0 0 0 35px!important;\">\n<li style=\"list-style: disc!important;\">Konvertieren Sie ungesch\u00fctzte DVD in bekannte Videoformate<\/li>\n<li style=\"list-style: disc!important;\">Extrahieren Sie Audiodateien von ungesch\u00fctzten DVDs und Videos in hoher Qualit\u00e4t<\/li>\n<li style=\"list-style: disc!important;\">Konvertieren Sie DVD\/Video in 3D Videos und passen Sie die Einstellungen an<\/li>\n<\/ul>\n<\/div>\n<\/div>\n<p style=\"text-align: center; font-weight: bold;\">F\u00fcllen Sie das untenstehende Formular aus um Ihren kostenlosen 1-Jahres Lizenzschl\u00fcssel zu erhalten!<\/p>\n<div style=\"display: flex;\">\n<div style=\"width: 50%;\">\n<div style=\"background-color: rgba(252, 248, 227, 1);color: rgba(138, 109, 59, 1);padding: 5px;margin-bottom: 18px;border: 1px solid rgba(250, 242, 204, 1);\">Diese Aktion ist bereits vorbei.<br \/>Wir danken f\u00fcr das zahlreiche Interesse an unserer Software!<\/span><\/div>\n<div style=\"width: 65%; margin-left: 25px;\">\n<div style=\"display: flex; border: 1px solid #306eff; background-color: rgba(45,110,255,0.6); color: #fff; min-height: 200px; padding: 5px; border-right: 1px solid #306eff; margin: 0 auto;\"><img loading=\"lazy\" decoding=\"async\" src=\"http:\/\/www.tipard.de\/blog\/wp-content\/uploads\/2020\/05\/Tiparrd-Video-Converrter-Ultimate.png\" alt=\"\" width=\"1000\" height=\"1000\" class=\"alignnone size-full wp-image-1552\" style=\"width: 193px!important; min-width: 193px; height: 300px; border: 1px solid #0db1ee; margin-right: 15px;\" \/><\/p>\n<div>\n<h2 style=\"text-align: left; color: #ff0000; padding-top: 0px;\">Sonderangebot -40% Rabatt!<\/h2>\n<h2 style=\"text-align: left; color: #fff; padding-top: 0px;\">Tipard Video Converter Ultimate 10<\/h2>\n<p style=\"text-align: left; color: #fff;\">Sichern Sie sich den Premium-Video-Converter zum reduzierten Preis: Tipard Video Converter Ultimate 10 ist der High-End-VideoConverter von Tipard. Sie haben folgende Vorteile:<\/p>\n<ul>\n<li style=\"color: #fff;\">&bull; Lifetime Lizenz f\u00fcr lebenslange Nutzung<\/li>\n<li style=\"color: #fff;\">&bull; 4K Ultra HD Videos, 1080p HD und SD Videos konvertieren<\/li>\n<li style=\"color: #fff;\">&bull; DVD in MP4 oder MKV verlustfrei rippen\/konvertieren<\/li>\n<li style=\"color: #fff;\">&bull; DVD\/Video in MP4, MOV, M4V, AVI, WMV f\u00fcr das volle HD- und 3D-Erlebnis umwandeln<\/li>\n<li style=\"color: #fff;\">&bull; Inkl. Videobearbeitung mit Effekten, Filtern, Freistellen, Untertiteln u.v.m.<\/li>\n<\/ul>\n<p><span style=\"color: darkred;\">Nur 30,00 EUR <small>inkl. MwSt<\/small> statt <s>49,99 EUR<\/s><\/span><br \/>\n<a class=\"button orange money-back\" href=\"https:\/\/secure.2checkout.com\/order\/checkout.php?PRODS=4656101&#038;QTY=1&#038;OPTIONS4656101=LFT&#038;CART=1&#038;CARD=1&#038;SHORT_FORM=1&#038;COUPON=TIPERZIN\">Jetzt Kaufen<\/a><\/p>\n<\/div>\n<\/div>\n<\/div>\n<style>\na.button.orange {\n    color: #fff;\n    font-family: 'TitilliumText22LRegular', sans-serif;\n    font-size:18px;\n    -webkit-border-radius: 5px;\n    -moz-border-radius: 5px;\n    border-radius: 5px;\t\n    display: inline-block;\n    padding: 5px 20px;\n    line-height:1.0;\n    margin-bottom: 5px;\n    background-image: -webkit-linear-gradient(#f89902, #e99002 6%, #da8702);\n    background-image: -o-linear-gradient(#f89902, #e99002 6%, #da8702);\n    background-image: -webkit-gradient(linear, left top, left bottom, from(#f89902), color-stop(6%, #e99002), to(#da8702));\n    background-image: linear-gradient(#f89902, #e99002 6%, #da8702);\n    background-repeat: no-repeat;\n    filter: progid:DXImageTransform.Microsoft.gradient(startColorstr='#fff89902', endColorstr='#ffda8702', GradientType=0);\n    -webkit-filter: none;\n    filter: none;\n    border: 1px solid #b67102;\n}\na.button:hover {\n    text-decoration: none;\n    color: #ddd;\n}\n.button.money-back {\n    position: relative;\n    margin: 25px!important;\n}\n.button.money-back:after {\n    position: absolute;\n    top: -18px;\n    right: -55px;\n    content: \"\";\n    background-image: url(http:\/\/www.tipard.de\/blog\/wp-content\/uploads\/2018\/07\/money-back.png);\n    background-repeat: no-repeat;\n    height: 72px;\n    width: 72px;\n    display: block;\n}<\/style>\n<p><!--noyarpp--><\/p>\n","protected":false},"excerpt":{"rendered":"<p>Tipard Total Media Converter Der leistungsstarke Tipard Total Media Converter unterst\u00fctzt Sie bei der Konvertierung von ungesch\u00fctzten DVDs und Videos in andere Video Formate, wie AVI, MPEG, VOB, usw. Zus\u00e4tzlich kann die Audiospur von ungesch\u00fctzten DVDs und Videos extrahiert und in alle m\u00f6glichen Formate umgewandelt werden. Konvertieren Sie ungesch\u00fctzte DVD in bekannte Videoformate Extrahieren Sie [&hellip;]<\/p>\n","protected":false},"author":1,"featured_media":0,"parent":0,"menu_order":0,"comment_status":"closed","ping_status":"closed","template":"","meta":{"footnotes":""},"class_list":["post-2520","page","type-page","status-publish","hentry"],"_links":{"self":[{"href":"https:\/\/www.tipard.de\/blog\/wp-json\/wp\/v2\/pages\/2520","targetHints":{"allow":["GET"]}}],"collection":[{"href":"https:\/\/www.tipard.de\/blog\/wp-json\/wp\/v2\/pages"}],"about":[{"href":"https:\/\/www.tipard.de\/blog\/wp-json\/wp\/v2\/types\/page"}],"author":[{"embeddable":true,"href":"https:\/\/www.tipard.de\/blog\/wp-json\/wp\/v2\/users\/1"}],"replies":[{"embeddable":true,"href":"https:\/\/www.tipard.de\/blog\/wp-json\/wp\/v2\/comments?post=2520"}],"version-history":[{"count":3,"href":"https:\/\/www.tipard.de\/blog\/wp-json\/wp\/v2\/pages\/2520\/revisions"}],"predecessor-version":[{"id":2579,"href":"https:\/\/www.tipard.de\/blog\/wp-json\/wp\/v2\/pages\/2520\/revisions\/2579"}],"wp:attachment":[{"href":"https:\/\/www.tipard.de\/blog\/wp-json\/wp\/v2\/media?parent=2520"}],"curies":[{"name":"wp","href":"https:\/\/api.w.org\/{rel}","templated":true}]}}