{"id":2277,"date":"2020-11-05T15:20:52","date_gmt":"2020-11-05T15:20:52","guid":{"rendered":"https:\/\/www.tipard.de\/blog\/?page_id=2277"},"modified":"2021-01-14T15:25:11","modified_gmt":"2021-01-14T15:25:11","slug":"ar-dpht-dvdc-f08","status":"publish","type":"page","link":"https:\/\/www.tipard.de\/blog\/ar-dpht-dvdc-f08\/","title":{"rendered":"Registrierung &#8211; Digitalphoto Weihnachtsaktion: Tipard DVD Creator"},"content":{"rendered":"<div style=\"display: flex;\"><img loading=\"lazy\" decoding=\"async\" src=\"https:\/\/www.tipard.de\/blog\/wp-content\/uploads\/2020\/11\/DVDCreatorBoxshot.jpg\" alt=\"\" width=\"639\" height=\"1000\" class=\"alignnone size-full wp-image-1585\" style=\"width: 193px!important; min-width: 193px; height: 300px; margin-right: 15px; border: 1px solid #0080C0;\" \/><\/p>\n<div style=\"width: 100%;\">\n<h2 style=\"text-align: left;\">Tipard DVD Creator<\/h2>\n<p style=\"text-align: left;\">Tipard DVD Creator ist die beste L\u00f6sung f\u00fcr diejenigen, die aus Ihren Videos echte DVDs machen m\u00f6chten. Das Videoformat kann dabei MP4, AVI, MOV, WMV, FLV, MKV, VOB, MPEG, MTS, M2TS, TS usw. sein. Die erstellte DVD kann auf verschiedensten DVD Playern und Media Playern, als DVD Disk, Ordner oder ISO Image, abgespielt werden.<\/p>\n<ul style=\"padding: 0 0 0 35px!important;\">\n<li style=\"list-style: disc!important;\">Erstellen Sie DVDs aus Videos im Format MP4, MOV, MPEG, FLV, WMV, MKV, AVI usw.<\/li>\n<li style=\"list-style: disc!important;\">F\u00fcgen Sie zu den DVDs Audio Tracks und Untertitel hinzu<\/li>\n<li style=\"list-style: disc!important;\">Stellen Sie Men\u00fc, Rahmen, Button, Text, Hintergrundmusik und Hintergrundbild individuell ein<\/li>\n<li style=\"list-style: disc!important;\">Bearbeiten Sie Videodateien durch K\u00fcrzen, Schneiden, Wasserzeichen, Effekte und Zusammenstellen<\/li>\n<\/ul>\n<\/div>\n<\/div>\n<p style=\"text-align: center; font-weight: bold;\">F\u00fcllen Sie das untenstehende Formular aus um Ihren kostenlosen Lizenzschl\u00fcssel zu erhalten!<\/p>\n<div style=\"display: flex;\">\n<div style=\"width: 50%;\">\n<div style=\"background-color: rgba(252, 248, 227, 1);color: rgba(138, 109, 59, 1);padding: 5px;margin-bottom: 18px;border: 1px solid rgba(250, 242, 204, 1);\">Diese Aktion ist bereits vorbei.<br \/>Wir danken f\u00fcr das zahlreiche Interesse an unserer Software!<\/span><\/div>\n<\/div>\n<div style=\"width: 65%; margin-left: 25px;\">\n<div style=\"display: flex; border: 1px solid #306eff; background-color: rgba(45,110,255,0.6); color: #fff; min-height: 200px; padding: 5px; border-right: 1px solid #306eff; margin: 0 auto;\"><img loading=\"lazy\" decoding=\"async\" src=\"http:\/\/www.tipard.de\/blog\/wp-content\/uploads\/2018\/07\/BRS000138-PMTPVCU18_Boxshot_2D.jpg\" alt=\"\" width=\"747\" height=\"1000\" class=\"alignnone size-full wp-image-1552\" style=\"width: 193px!important; min-width: 193px; height: 300px; border: 1px solid #0db1ee; margin-right: 15px;\" srcset=\"https:\/\/www.tipard.de\/blog\/wp-content\/uploads\/2018\/07\/BRS000138-PMTPVCU18_Boxshot_2D.jpg 747w, https:\/\/www.tipard.de\/blog\/wp-content\/uploads\/2018\/07\/BRS000138-PMTPVCU18_Boxshot_2D-224x300.jpg 224w\" sizes=\"auto, (max-width: 747px) 100vw, 747px\" \/><\/p>\n<div>\n<h2 style=\"text-align: left; color: #FF0000; padding-top: 0px;\">Sonderangebot -50% Rabatt!<\/h2>\n<h2 style=\"text-align: left; color: #fff; padding-top: 0px;\">Tipard Video Converter Ultimate<\/h2>\n<p style=\"text-align: left; color: #fff;\">Tipard Video Converter Ultimate ist ein der modernsten und professionellsten Werkzeuge zur Videokonvertierung. Es wandelt Ihre Videos, Clips und DVDs in nahezu jedes Format um, l\u00e4dt Videos herunterladen, und konvertiert Video, DVD f\u00fcr iPhone, iPad und andere tragbaren Ger\u00e4te.\n<\/p>\n<p>\n<span style=\"color: darkred;\">Nur 24,99 EUR <small>inkl. MwSt<\/small> statt <s>49,99 EUR<\/s><\/span><br \/>\n<a class=\"button orange money-back\" href=\"https:\/\/secure.avangate.com\/order\/checkout.php?PRODS=4656101&#038;OPTIONS4656101=LFT&#038;QTY=1&#038;CART=2&#038;COUPON=TIPADEGO\">Jetzt Kaufen<\/a><\/div>\n<\/div>\n<\/div>\n<\/div>\n<style>\na.button.orange {\n    color: #fff;\n    font-family: 'TitilliumText22LRegular', sans-serif;\n    font-size:18px;\n    -webkit-border-radius: 5px;\n    -moz-border-radius: 5px;\n    border-radius: 5px;\t\n    display: inline-block;\n    padding: 5px 20px;\n    line-height:1.0;\n    margin-bottom: 5px;\n    background-image: -webkit-linear-gradient(#f89902, #e99002 6%, #da8702);\n    background-image: -o-linear-gradient(#f89902, #e99002 6%, #da8702);\n    background-image: -webkit-gradient(linear, left top, left bottom, from(#f89902), color-stop(6%, #e99002), to(#da8702));\n    background-image: linear-gradient(#f89902, #e99002 6%, #da8702);\n    background-repeat: no-repeat;\n    filter: progid:DXImageTransform.Microsoft.gradient(startColorstr='#fff89902', endColorstr='#ffda8702', GradientType=0);\n    -webkit-filter: none;\n    filter: none;\n    border: 1px solid #b67102;\n}\na.button:hover {\n    text-decoration: none;\n    color: #ddd;\n}\n.button.money-back {\n    position: relative;\n    margin: 25px!important;\n}\n.button.money-back:after {\n    position: absolute;\n    top: -18px;\n    right: -55px;\n    content: \"\";\n    background-image: url(https:\/\/www.tipard.de\/blog\/wp-content\/uploads\/2018\/07\/money-back.png);\n    background-repeat: no-repeat;\n    height: 72px;\n    width: 72px;\n    display: block;\n}<\/style>\n<p><!--noyarpp--><\/p>\n","protected":false},"excerpt":{"rendered":"<p>Tipard DVD Creator Tipard DVD Creator ist die beste L\u00f6sung f\u00fcr diejenigen, die aus Ihren Videos echte DVDs machen m\u00f6chten. Das Videoformat kann dabei MP4, AVI, MOV, WMV, FLV, MKV, VOB, MPEG, MTS, M2TS, TS usw. sein. Die erstellte DVD kann auf verschiedensten DVD Playern und Media Playern, als DVD Disk, Ordner oder ISO Image, [&hellip;]<\/p>\n","protected":false},"author":1,"featured_media":0,"parent":0,"menu_order":0,"comment_status":"closed","ping_status":"closed","template":"","meta":{"footnotes":""},"class_list":["post-2277","page","type-page","status-publish","hentry"],"_links":{"self":[{"href":"https:\/\/www.tipard.de\/blog\/wp-json\/wp\/v2\/pages\/2277","targetHints":{"allow":["GET"]}}],"collection":[{"href":"https:\/\/www.tipard.de\/blog\/wp-json\/wp\/v2\/pages"}],"about":[{"href":"https:\/\/www.tipard.de\/blog\/wp-json\/wp\/v2\/types\/page"}],"author":[{"embeddable":true,"href":"https:\/\/www.tipard.de\/blog\/wp-json\/wp\/v2\/users\/1"}],"replies":[{"embeddable":true,"href":"https:\/\/www.tipard.de\/blog\/wp-json\/wp\/v2\/comments?post=2277"}],"version-history":[{"count":2,"href":"https:\/\/www.tipard.de\/blog\/wp-json\/wp\/v2\/pages\/2277\/revisions"}],"predecessor-version":[{"id":2295,"href":"https:\/\/www.tipard.de\/blog\/wp-json\/wp\/v2\/pages\/2277\/revisions\/2295"}],"wp:attachment":[{"href":"https:\/\/www.tipard.de\/blog\/wp-json\/wp\/v2\/media?parent=2277"}],"curies":[{"name":"wp","href":"https:\/\/api.w.org\/{rel}","templated":true}]}}