{"id":2244,"date":"2020-06-04T14:08:14","date_gmt":"2020-06-04T14:08:14","guid":{"rendered":"http:\/\/www.tipard.de\/blog\/?page_id=2244"},"modified":"2022-10-27T12:08:02","modified_gmt":"2022-10-27T12:08:02","slug":"za-heise-sc-im2","status":"publish","type":"page","link":"https:\/\/www.tipard.de\/blog\/za-heise-sc-im2\/","title":{"rendered":"Magazin Registrierung &#8211; heise &#8211; Screen Capture"},"content":{"rendered":"<div style=\"display: flex;\">\n<p><img loading=\"lazy\" decoding=\"async\" class=\"alignnone size-full wp-image-1585\" style=\"width: 193px!important; min-width: 193px; height: 300px; margin-right: 15px; border: 1px solid #0080C0;\" src=\"http:\/\/www.tipard.de\/blog\/wp-content\/uploads\/2018\/10\/BRS000142-PMTPSC18_Boxshot_2D.jpg\" alt=\"\" width=\"639\" height=\"1000\" \/><\/p>\n<div style=\"width: 100%;\">\n<h2 style=\"text-align: left;\">Tipard Screen Capture<\/h2>\n<p style=\"text-align: left;\">Das einfachste Programm f\u00fcr Bildschirmaufnahmen und Video\/Audio<\/p>\n<ul style=\"padding: 0 0 0 35px!important;\">\n<li style=\"list-style: disc!important;\">Online Videos und Bildschirmfenster in h\u00f6chster Qualit\u00e4t aufnehmen<\/li>\n<li style=\"list-style: disc!important;\">Bildschirmgr\u00f6\u00dfe einfach anpassen<\/li>\n<li style=\"list-style: disc!important;\">Audiodateien aufnehmen und in 100% Originalqualit\u00e4t speichern<\/li>\n<li style=\"list-style: disc!important;\">Vorschau der aufgenommenen Bilder und Videos anzeigen<\/li>\n<li style=\"list-style: disc!important;\">Das aufgenommene Videos auf dem Computer speichern<\/li>\n<\/ul>\n<\/div>\n<\/div>\n<div style=\"display: flex;\">\n<div style=\"background-color: rgba(252, 248, 227, 1);color: rgba(138, 109, 59, 1);padding: 5px;margin-bottom: 18px;border: 1px solid rgba(250, 242, 204, 1);\">Diese Aktion ist bereits vorbei.<br \/>Wir danken f\u00fcr das zahlreiche Interesse an unserer Software!<\/span><\/div>\n<div style=\"margin-left: 25px;\">\n<div style=\"display: flex; border: 1px solid #306eff; background-color: rgba(45,110,255,0.6); color: #fff; min-height: 200px; padding: 5px; border-right: 1px solid #306eff; margin: 0 auto;\">\n<p><img loading=\"lazy\" decoding=\"async\" class=\"alignnone size-full wp-image-1552\" style=\"width: 193px!important; min-width: 193px; height: 300px; border: 1px solid #0db1ee; margin-right: 15px;\" src=\"http:\/\/www.tipard.de\/blog\/wp-content\/uploads\/2020\/05\/Tiparrd-Video-Converrter-Ultimate.png\" alt=\"\" width=\"1000\" height=\"1000\"  \/><\/p>\n<div>\n<h2 style=\"text-align: left; color: #ff0000; padding-top: 0px;\">Sonderangebot -40% Rabatt!<\/h2>\n<h2 style=\"text-align: left; color: #fff; padding-top: 0px;\">Tipard Video Converter Ultimate 10<\/h2>\n<p style=\"text-align: left; color: #fff;\">Sichern Sie sich den Premium-Video-Converter zum reduzierten Preis: Tipard Video Converter Ultimate 10 ist der High-End-VideoConverter von Tipard. Sie haben folgende Vorteile:<\/p>\n<ul>\n<li style=\"color: #fff;\">&bull; Lifetime Lizenz f\u00fcr lebenslange Nutzung<\/li>\n<li style=\"color: #fff;\">&bull; 4K Ultra HD Videos, 1080p HD und SD Videos konvertieren<\/li>\n<li style=\"color: #fff;\">&bull; DVD in MP4 oder MKV verlustfrei rippen\/konvertieren<\/li>\n<li style=\"color: #fff;\">&bull; DVD\/Video in MP4, MOV, M4V, AVI, WMV f\u00fcr das volle HD- und 3D-Erlebnis umwandeln<\/li>\n<li style=\"color: #fff;\">&bull; Inkl. Videobearbeitung mit Effekten, Filtern, Freistellen, Untertiteln u.v.m.<\/li>\n<\/ul>\n<p><span style=\"color: darkred;\">Nur 30,00 EUR <small>inkl. MwSt<\/small> statt <s>49,99 EUR<\/s><\/span><br \/>\n<a class=\"button orange money-back\" href=\"https:\/\/secure.2checkout.com\/order\/checkout.php?PRODS=4656101&#038;QTY=1&#038;OPTIONS4656101=LFT&#038;CART=1&#038;CARD=1&#038;SHORT_FORM=1&#038;COUPON=TIPERZIN\">Jetzt Kaufen<\/a><\/p>\n<\/div>\n<\/div>\n<\/div>\n<\/div>\n<style>\na.button.orange {<br \/>\n    color: #fff;<br \/>\n    font-family: 'TitilliumText22LRegular', sans-serif;<br \/>\n    font-size:18px;<br \/>\n    -webkit-border-radius: 5px;<br \/>\n    -moz-border-radius: 5px;<br \/>\n    border-radius: 5px;<br \/>\n    display: inline-block;<br \/>\n    padding: 5px 20px;<br \/>\n    line-height:1.0;<br \/>\n    margin-bottom: 5px;<br \/>\n    background-image: -webkit-linear-gradient(#f89902, #e99002 6%, #da8702);<br \/>\n    background-image: -o-linear-gradient(#f89902, #e99002 6%, #da8702);<br \/>\n    background-image: -webkit-gradient(linear, left top, left bottom, from(#f89902), color-stop(6%, #e99002), to(#da8702));<br \/>\n    background-image: linear-gradient(#f89902, #e99002 6%, #da8702);<br \/>\n    background-repeat: no-repeat;<br \/>\n    filter: progid:DXImageTransform.Microsoft.gradient(startColorstr='#fff89902', endColorstr='#ffda8702', GradientType=0);<br \/>\n    -webkit-filter: none;<br \/>\n    filter: none;<br \/>\n    border: 1px solid #b67102;<br \/>\n}<br \/>\na.button:hover {<br \/>\n    text-decoration: none;<br \/>\n    color: #ddd;<br \/>\n}<br \/>\n.button.money-back {<br \/>\n    position: relative;<br \/>\n    margin: 25px!important;<br \/>\n}<br \/>\n.button.money-back:after {<br \/>\n    position: absolute;<br \/>\n    top: -18px;<br \/>\n    right: -55px;<br \/>\n    content: \"\";<br \/>\n    background-image: url(http:\/\/www.tipard.de\/blog\/wp-content\/uploads\/2018\/07\/money-back.png);<br \/>\n    background-repeat: no-repeat;<br \/>\n    height: 72px;<br \/>\n    width: 72px;<br \/>\n    display: block;<br \/>\n}<\/style>\n<p><!--noyarpp--><\/p>\n","protected":false},"excerpt":{"rendered":"<p>Tipard Screen Capture Das einfachste Programm f\u00fcr Bildschirmaufnahmen und Video\/Audio Online Videos und Bildschirmfenster in h\u00f6chster Qualit\u00e4t aufnehmen Bildschirmgr\u00f6\u00dfe einfach anpassen Audiodateien aufnehmen und in 100% Originalqualit\u00e4t speichern Vorschau der aufgenommenen Bilder und Videos anzeigen Das aufgenommene Videos auf dem Computer speichern Diese Aktion ist bereits vorbei.Wir danken f\u00fcr das zahlreiche Interesse an unserer Software! [&hellip;]<\/p>\n","protected":false},"author":1,"featured_media":0,"parent":0,"menu_order":0,"comment_status":"closed","ping_status":"closed","template":"","meta":{"footnotes":""},"class_list":["post-2244","page","type-page","status-publish","hentry"],"_links":{"self":[{"href":"https:\/\/www.tipard.de\/blog\/wp-json\/wp\/v2\/pages\/2244","targetHints":{"allow":["GET"]}}],"collection":[{"href":"https:\/\/www.tipard.de\/blog\/wp-json\/wp\/v2\/pages"}],"about":[{"href":"https:\/\/www.tipard.de\/blog\/wp-json\/wp\/v2\/types\/page"}],"author":[{"embeddable":true,"href":"https:\/\/www.tipard.de\/blog\/wp-json\/wp\/v2\/users\/1"}],"replies":[{"embeddable":true,"href":"https:\/\/www.tipard.de\/blog\/wp-json\/wp\/v2\/comments?post=2244"}],"version-history":[{"count":3,"href":"https:\/\/www.tipard.de\/blog\/wp-json\/wp\/v2\/pages\/2244\/revisions"}],"predecessor-version":[{"id":2496,"href":"https:\/\/www.tipard.de\/blog\/wp-json\/wp\/v2\/pages\/2244\/revisions\/2496"}],"wp:attachment":[{"href":"https:\/\/www.tipard.de\/blog\/wp-json\/wp\/v2\/media?parent=2244"}],"curies":[{"name":"wp","href":"https:\/\/api.w.org\/{rel}","templated":true}]}}