{"id":2200,"date":"2020-03-02T17:42:03","date_gmt":"2020-03-02T17:42:03","guid":{"rendered":"http:\/\/www.tipard.de\/blog\/?page_id=2200"},"modified":"2025-03-02T03:43:12","modified_gmt":"2025-03-02T03:43:12","slug":"bildschirmrecorder-fuer-desktop-aufnahmen","status":"publish","type":"page","link":"https:\/\/www.tipard.de\/blog\/bildschirmrecorder-fuer-desktop-aufnahmen\/","title":{"rendered":"Bildschirmrecorder f\u00fcr Desktop-Aufnahmen"},"content":{"rendered":"<p>Um das Aufzeichnen von Spielen, Vorlesungen oder Tutorials zu vereinfachen, ist es an der Zeit, einen Desktop-Recorder zu erwerben, mit dem Sie Videos und Audios auf personalisierte Weise aufnehmen k\u00f6nnen. Da es sich bei dem Desktop um einen diesigen Bereich handelt, k\u00f6nnen Sie den Online-Recorder verwenden, um den Desktop aufzunehmen oder stattdessen Mac- und Windows-Desktop-Capturer herunterzuladen. Dar\u00fcber hinaus ist die Verwendung des Desktop-Recorders Chrome Plugin ebenfalls eine gute Wahl.<\/p>\n<p><img loading=\"lazy\" decoding=\"async\" class=\"size-full wp-image-2201 aligncenter\" src=\"http:\/\/www.tipard.de\/blog\/wp-content\/uploads\/2020\/03\/desktop-recorder.jpg\" alt=\"\" width=\"696\" height=\"338\" srcset=\"https:\/\/www.tipard.de\/blog\/wp-content\/uploads\/2020\/03\/desktop-recorder.jpg 696w, https:\/\/www.tipard.de\/blog\/wp-content\/uploads\/2020\/03\/desktop-recorder-300x146.jpg 300w\" sizes=\"auto, (max-width: 696px) 100vw, 696px\" \/><\/p>\n<p>In diesem Handbuch f\u00fcr Desktop-Rekorder wurden daher repr\u00e4sentative Softwares zum Erfassen von Videos on- und offline zusammengestellt.<\/p>\n<h2>1. Tipard Screen Capture (nur f\u00fcr Windows)<\/h2>\n<p><a href=\"https:\/\/www.tipard.de\/screen-capture\/\">Tipard Screen Capture<\/a> ist der beste Desktop-Recorder f\u00fcr Windows-Benutzer. Unabh\u00e4ngig davon, ob Sie Desktop-Videos ohne Ton oder auch nur Audios\u00a0 aufnehmen m\u00f6chten, kann <a href=\"https:\/\/www.tipard.de\/screen-capture\/\">Tipard Screen Capture<\/a> diese problemlos aufzeichnen. F\u00fcr Videoaufnahmen k\u00f6nnen Benutzer die Gr\u00f6\u00dfe der Bildschirmaufnahme anpassen und Cursor hinzuf\u00fcgen, um wichtige Punkte hervorzuheben. Dar\u00fcber hinaus k\u00f6nnen Sie die Erfassungszeit festlegen, mit der <a href=\"https:\/\/www.tipard.de\/screen-capture\/\">Tipard Screen Capture<\/a> die Desktop-Bewegungen automatisch erfassen kann. Bei der Audioaufnahme k\u00f6nnen Benutzer sowohl Systemaudios als auch Mikrofonaufnahmen ohne Rauschen aufnehmen.<\/p>\n<div class=\"article-steps\"><br \/>\n<div class=\"article-step\"><div class=\"context\"><h3><span class=\"stepShield\">Schritt 1<\/span>Vorbereitung<\/h3> F\u00fchren Sie\u00a0<a href=\"https:\/\/www.tipard.de\/screen-capture\/\">Tipard Screen Capture<\/a>\u00a0auf Ihrem Desktop aus und bereiten Sie Ihr Aufzeichnungsziel vor. <\/div><img loading=\"lazy\" decoding=\"async\" width=\"400\" height=\"127\" src=\"https:\/\/www.tipard.de\/blog\/wp-content\/uploads\/2020\/03\/step-3-2.jpg\" class=\"preview\" alt=\"Vorbereitung\" srcset=\"https:\/\/www.tipard.de\/blog\/wp-content\/uploads\/2020\/03\/step-3-2.jpg 600w, https:\/\/www.tipard.de\/blog\/wp-content\/uploads\/2020\/03\/step-3-2-300x95.jpg 300w\" sizes=\"auto, (max-width: 400px) 100vw, 400px\" \/><\/div><br \/>\n<div class=\"article-step reverse\"><div class=\"context\"><h3><span class=\"stepShield\">Schritt 2<\/span>Bildschirmbereich ausw\u00e4hlen<\/h3> Verwenden Sie Ihre Maus, um den Bildschirmaufnahmebereich festzulegen, oder f\u00fcllen Sie benutzerdefinierte L\u00fccken in Breite und L\u00e4nge aus. <\/div><img loading=\"lazy\" decoding=\"async\" width=\"400\" height=\"229\" src=\"https:\/\/www.tipard.de\/blog\/wp-content\/uploads\/2020\/03\/step-6.jpg\" class=\"preview\" alt=\"Bildschirmbereich ausw\u00e4hlen\" srcset=\"https:\/\/www.tipard.de\/blog\/wp-content\/uploads\/2020\/03\/step-6.jpg 600w, https:\/\/www.tipard.de\/blog\/wp-content\/uploads\/2020\/03\/step-6-300x172.jpg 300w\" sizes=\"auto, (max-width: 400px) 100vw, 400px\" \/><\/div><br \/>\n<div class=\"article-step\"><div class=\"context\"><h3><span class=\"stepShield\">Schritt 3<\/span>\u00dcberpr\u00fcfen<\/h3> \u00dcberpr\u00fcfen Sie die Aufnahmeeing\u00e4nge und das Bildschirmger\u00e4t, um die Quellen f\u00fcr die Bildschirmaufnahme zu bestimmen. <\/div><img loading=\"lazy\" decoding=\"async\" width=\"400\" height=\"127\" src=\"https:\/\/www.tipard.de\/blog\/wp-content\/uploads\/2020\/03\/step1-2.jpg\" class=\"preview\" alt=\"\u00dcberpr\u00fcfen\" srcset=\"https:\/\/www.tipard.de\/blog\/wp-content\/uploads\/2020\/03\/step1-2.jpg 600w, https:\/\/www.tipard.de\/blog\/wp-content\/uploads\/2020\/03\/step1-2-300x95.jpg 300w\" sizes=\"auto, (max-width: 400px) 100vw, 400px\" \/><\/div><br \/>\n<div class=\"article-step\"><div class=\"context noPreview\"><h3><span class=\"stepShield\">Schritt 4<\/span>Bildschirmaufnahme starten<\/h3> Tippen Sie auf das REC-Symbol, um die Aufnahme zu starten. Sie k\u00f6nnen die Bildschirmaufnahme anhalten und fortsetzen, indem Sie auf das kleine Quadrat neben dem Symbol klicken. <\/div><\/div><br \/>\n<div class=\"article-step\"><div class=\"context noPreview\"><h3><span class=\"stepShield\">Schritt 5<\/span>Aufnahme beenden<\/h3> Klicken Sie erneut auf das Aufnahmesymbol, um die Desktopaufnahme bei Windows zu beenden. <\/div><\/div><br \/>\n<div class=\"article-step reverse\"><div class=\"context\"><h3><span class=\"stepShield\">Schritt 6<\/span>Aufnahme speichern<\/h3> Speichern oder teilen Sie den von Windows aufgezeichneten Desktop wie Sie es m\u00f6chten. <\/div><img loading=\"lazy\" decoding=\"async\" width=\"400\" height=\"325\" src=\"https:\/\/www.tipard.de\/blog\/wp-content\/uploads\/2020\/03\/step2-1.jpg\" class=\"preview\" alt=\"Aufnahme speichern\" srcset=\"https:\/\/www.tipard.de\/blog\/wp-content\/uploads\/2020\/03\/step2-1.jpg 600w, https:\/\/www.tipard.de\/blog\/wp-content\/uploads\/2020\/03\/step2-1-300x244.jpg 300w\" sizes=\"auto, (max-width: 400px) 100vw, 400px\" \/><\/div><br \/>\n<\/div>\n<p>Sobald Sie die Desktop-Aufnahme auf einem Windows-Computer beenden, zeigt <a href=\"https:\/\/www.tipard.de\/screen-capture\/\">Tipard Screen Capture<\/a> automatisch eine Vorschau Ihrer Augzeichnung an. Sie k\u00f6nnen pr\u00fcfen, ob unn\u00f6tiger Ton aufgenommen wurde oder nicht. F\u00fcr Leute, die nur Audio von YouTube oder anderen Musikfreigabe-Websites aufnehmen m\u00f6chten, kann Tipard auch Ton in 100%-iger Qualit\u00e4t aufnehmen.<\/p>\n<h2>2. Movavi Screen Capture Studio (Windows \/ Mac)<\/h2>\n<p><img loading=\"lazy\" decoding=\"async\" class=\"alignnone size-full wp-image-2209\" src=\"http:\/\/www.tipard.de\/blog\/wp-content\/uploads\/2020\/03\/movavi.jpg\" alt=\"\" width=\"600\" height=\"370\" srcset=\"https:\/\/www.tipard.de\/blog\/wp-content\/uploads\/2020\/03\/movavi.jpg 600w, https:\/\/www.tipard.de\/blog\/wp-content\/uploads\/2020\/03\/movavi-300x185.jpg 300w\" sizes=\"auto, (max-width: 600px) 100vw, 600px\" \/><\/p>\n<p>Movavi Screen Capture Studio ist die umfassende Software zum Aufzeichnen und Bearbeiten von Videos, einschlie\u00dflich Audio. Sie k\u00f6nnen die Freeware f\u00fcr Desktop-Rekorder verwenden, um qualitativ hochwertiges Filmmaterial zu erhalten. Zun\u00e4chst einmal bietet die kostenlose Movavi Desktop Recorder-Anwendung Benutzern die M\u00f6glichkeit, die Bildschirmaufnahme direkt anzupassen, oder Sie k\u00f6nnen zwischen verschiedenen festen Bildschirmgr\u00f6\u00dfen w\u00e4hlen. Danach ist auch die Webcam oder das Desktop-Aufnahme-Tool bereit. Wenn Sie spezielle Einstellungen vorgenommen haben, bietet Movavi Systemaudio und Mikrofon mit einem verstellbaren Lautst\u00e4rkebalken an. Die Symbole &#8222;Anhalten&#8220;, &#8222;Stoppen&#8220; und &#8222;Abbrechen&#8220; versprechen Benutzern, dass sie Desktop-Videos auf frei gestalten und schneiden k\u00f6nnen.<\/p>\n<p>1. Installieren Sie Movavi Screen Capture Studio auf Ihrem Mac oder Windows-Computer.<br \/>\n2. W\u00e4hlen Sie den Aufnahmebereich aus verschiedenen Modi wie Vollbild, Breitbild, YouTube usw.<br \/>\n3. \u00d6ffnen Sie die Webcam, das Systemaudio, das Mikrofon (falls erw\u00fcnscht), und stellen Sie die Lautst\u00e4rke gegebenenfalls ein.<br \/>\n4. Tippen Sie auf das REC-Symbol, um die Aufzeichnung des Desktops zu starten. Sie k\u00f6nnen auf Pause neben Chop klicken und ausw\u00e4hlen, welchen Teil Sie auf dem Desktop erfassen m\u00f6chten.<br \/>\n5. Klicken Sie auf das Stop-Symbol im Quadrat, um die Aufnahme zu beenden.<br \/>\n6. Schauen Sie sich eine Vorschau des Videos in einem anderen Format an, und \u00f6ffnen Sie den integrierten Video-Editor, um das Ergebnis der Desktop-, Video- und Audioaufnahme zu verbessern.<br \/>\n7. Tippen Sie auf \u201eSpeichern unter\u201c, um Ihre Desktop-Videoaufzeichnung mit Video und Audio in verschiedenen Ausgabeformaten zu exportieren.<\/p>\n<p>Tats\u00e4chlich kann Movavi Video- und Audioformate in viele verschiedene Formaten konvertieren. Oder Sie \u00fcbertragen Desktop-, Video- und Audio-Wiedergabe auf Ihre mobilen Ger\u00e4te wie iPhone, iPad, PSP usw. Daher ist Movavi in \u200b\u200bgewissem Ma\u00dfe eine kostenlose App.<\/p>\n<h2>3. Loom (Chrome Plug-in)<\/h2>\n<p><img loading=\"lazy\" decoding=\"async\" class=\"alignnone size-full wp-image-2208\" src=\"http:\/\/www.tipard.de\/blog\/wp-content\/uploads\/2020\/03\/loom.jpg\" alt=\"\" width=\"600\" height=\"362\" srcset=\"https:\/\/www.tipard.de\/blog\/wp-content\/uploads\/2020\/03\/loom.jpg 600w, https:\/\/www.tipard.de\/blog\/wp-content\/uploads\/2020\/03\/loom-300x181.jpg 300w\" sizes=\"auto, (max-width: 600px) 100vw, 600px\" \/><\/p>\n<p>Loom ist ein beliebter kostenloser Chrome Add-On Desktop-Recorder. Sobald Sie Ihre Video-URL eingef\u00fcgt haben, k\u00f6nnen Sie Online-Videos mit einem Klick erfassen. Lehrer k\u00f6nnen mit Loom Tutorials aufzeichnen oder das kostenlose Chrome-Plugin f\u00fcr Desktop-Aufnahmen von Loom f\u00fcr die kommerzielle Nutzung verwenden. Dank des unbegrenzten Speichers m\u00fcssen Sie sich keine Gedanken \u00fcber Ihre Videol\u00e4nge machen. Erfassen Sie einfach alles, was Sie wollen, im Detail. Infolgedessen nimmt Loom keinen Platz auf Ihrer Festplatte ein und Sie k\u00f6nnen alle Bewegungen auf Ihrem Desktop kostenlos aufzeichnen.<\/p>\n<p>1. Suchen Sie den Loom-Videorecorder und klicken Sie zum Installieren auf das Symbol &#8222;Zu Chrome hinzuf\u00fcgen&#8220;.<br \/>\n2. Klicken Sie auf das Symbol Start Recording (Aufnahme starten) und w\u00e4hlen Sie dann Aufnahmeeinstellungen aus, z.B. ob Mikrofon, Webcam etc. genutzt werden sollen.<br \/>\n3. \u00d6ffnen Sie das gew\u00fcnschte Video online und dann kann Loom Desktop-Aktivit\u00e4ten kostenlos in hoher Qualit\u00e4t aufzeichnen.<br \/>\n4. Sie k\u00f6nnen die Aufnahme Anhalten und Fortsetzen, wann immer Sie m\u00f6chten.<br \/>\n5. Nachdem Sie die Bildschirmaufnahme beendet haben, k\u00f6nnen Sie die aufgenommenen Videos im MP4-Format herunterladen.<\/p>\n<p>Aufgrund der unbegrenzten Aufnahmezeit k\u00f6nnen Sie Desktop-Videos daher mehrere Stunden lang kostenlos auf Chrome aufnehmen. Dar\u00fcber hinaus ist es auch verf\u00fcgbar, wenn Sie Ihre Frontkamera auf einem Mac- oder Windows-Computer \u00f6ffnen m\u00fcssen.<\/p>\n<h2>4. Apowersoft Free Online Screen Recorder (Online)<\/h2>\n<p><img loading=\"lazy\" decoding=\"async\" class=\"alignnone size-full wp-image-2206\" src=\"http:\/\/www.tipard.de\/blog\/wp-content\/uploads\/2020\/03\/apowersoft.jpg\" alt=\"\" width=\"600\" height=\"366\" srcset=\"https:\/\/www.tipard.de\/blog\/wp-content\/uploads\/2020\/03\/apowersoft.jpg 600w, https:\/\/www.tipard.de\/blog\/wp-content\/uploads\/2020\/03\/apowersoft-300x183.jpg 300w\" sizes=\"auto, (max-width: 600px) 100vw, 600px\" \/><\/p>\n<p>Apowersoft ist ein Online-Bildschirmrecorder mit vielen positiven Benutzerkommentaren. Sie k\u00f6nnen Videoaufzeichnungsvorg\u00e4nge in einem Multimedia-Rekorder kostenlos online aufnehmen, bearbeiten, freigeben und speichern. Wenn die Option &#8222;Webcam einf\u00fcgen&#8220; aktiviert ist, k\u00f6nnen Sie Videos auf vielf\u00e4ltige Weise aufnehmen. Dar\u00fcber hinaus kann Desktop-Audio gleichzeitig oder einzeln aufgenommen werden. Danach k\u00f6nnen die kostenlosen Video-Editoren f\u00fcr Desktop-Aufnahmen die Benutzer in einen tieferen Bereich der Erfassung und Bearbeitung von Screencasts f\u00fchren. Endlich haben Sie zwei M\u00f6glichkeiten, aufgezeichnete Bildschirmaufzeichnungsvideos zu verarbeiten, auf der Festplatte zu speichern oder per URL zu teilen.<\/p>\n<p>1. Nachdem Sie den Launcher heruntergeladen und installiert haben, klicken Sie auf der Apowersoft-Website auf die Option b\u201cStart Recording\u201c (Aufzeichnung starten).<br \/>\n2. Passen Sie die Gr\u00f6\u00dfe Ihrer Bildschirmaufnahme an und passen Sie dann die Einstellungen f\u00fcr die Videoaufnahme an.<br \/>\n3. Sie k\u00f6nnen w\u00e4hrend der Aufnahme bearbeiten, indem Sie Cursor, Markierungen, Notizen, Pfeile usw. einzuf\u00fcgen.<br \/>\n4. Geben Sie Ihr Bildschirmaufnahmevideo in verschiedenen Formaten aus. Oder geben Sie es f\u00fcr den Cloud-Speicher oder f\u00fcr ShowMore usw. frei.<\/p>\n<p>Dank der einfachen Bedienung und der farbenfrohen Benutzeroberfl\u00e4che hat Apowersoft Free Online Recorder viele treue Benutzer gewonnen. Sie k\u00f6nnen beispielsweise YouTube-Videos aufnehmen und dann zusammenf\u00fchren, um daraus eine neue Videogalerie zu erstellen. Oder Sie k\u00f6nnen es verwenden, um Musik in Ihre Wiedergabeliste aufzunehmen. Ob Apowersoft dies erreichen kann, h\u00e4ngt von Ihrem Aufzeichnungsziel ab.<\/p>\n<h2>Fazit<\/h2>\n<p>Mit diesen 4 verschiedenen Screencast-Aufzeichnungsmethoden ist es derzeit viel einfacher, Desktop-Anwendungen zu erfassen. Sie k\u00f6nnen auch andere M\u00f6glichkeiten ausprobieren, um Videos kostenlos aufzunehmen. Quick Time Player eine gute kostenlose Desktop-Recorder-Software f\u00fcr den Mac. Wenn Sie Handyanwendungsaktivit\u00e4ten aufzeichnen m\u00fcssen, gibt es auch die richtige App f\u00fcr Sie.<br \/>\nSolche Screencasts k\u00f6nnen besonders hilfreich sein, wenn Sie an umfangreichen Projekten oder Arbeiten arbeiten. Falls Sie sich mit einer gr\u00f6\u00dferen Aufgabe wie einer Diplomarbeit besch\u00e4ftigen, k\u00f6nnten Sie dar\u00fcber nachdenken, <a href=\"https:\/\/bachelorarbeit-schreiben-lassen.com\/diplomarbeit-schreiben-lassen\/\">diplomarbeit schreiben lassen<\/a>, um professionelle Unterst\u00fctzung zu erhalten.<br \/>\nDurch die gleichzeitige Verwendung der Bildschirmaufnahme mit Video und Audio ist es nicht erforderlich, Audio aus Video zu extrahieren, weil Sie w\u00e4hrend der Wiedergabe von Videos Audios einzeln auf dem Desktop aufnehmen k\u00f6nnen. Wenn Sie sich also nicht f\u00fcr einen Screencast-Recorder entscheiden k\u00f6nnen, geben Sie den oben genannten kostenlosen Screencast-Recordern eine Chance. Sie k\u00f6nnen gleichzeitig eine hochwertige Erfahrung und Videoausgabe erzielen.<\/p>\n","protected":false},"excerpt":{"rendered":"<p>Um das Aufzeichnen von Spielen, Vorlesungen oder Tutorials zu vereinfachen, ist es an der Zeit, einen Desktop-Recorder zu erwerben, mit dem Sie Videos und Audios auf personalisierte Weise aufnehmen k\u00f6nnen. Da es sich bei dem Desktop um einen diesigen Bereich handelt, k\u00f6nnen Sie den Online-Recorder verwenden, um den Desktop aufzunehmen oder stattdessen Mac- und Windows-Desktop-Capturer [&hellip;]<\/p>\n","protected":false},"author":1,"featured_media":0,"parent":0,"menu_order":0,"comment_status":"closed","ping_status":"closed","template":"","meta":{"footnotes":""},"class_list":["post-2200","page","type-page","status-publish","hentry"],"_links":{"self":[{"href":"https:\/\/www.tipard.de\/blog\/wp-json\/wp\/v2\/pages\/2200","targetHints":{"allow":["GET"]}}],"collection":[{"href":"https:\/\/www.tipard.de\/blog\/wp-json\/wp\/v2\/pages"}],"about":[{"href":"https:\/\/www.tipard.de\/blog\/wp-json\/wp\/v2\/types\/page"}],"author":[{"embeddable":true,"href":"https:\/\/www.tipard.de\/blog\/wp-json\/wp\/v2\/users\/1"}],"replies":[{"embeddable":true,"href":"https:\/\/www.tipard.de\/blog\/wp-json\/wp\/v2\/comments?post=2200"}],"version-history":[{"count":6,"href":"https:\/\/www.tipard.de\/blog\/wp-json\/wp\/v2\/pages\/2200\/revisions"}],"predecessor-version":[{"id":10374,"href":"https:\/\/www.tipard.de\/blog\/wp-json\/wp\/v2\/pages\/2200\/revisions\/10374"}],"wp:attachment":[{"href":"https:\/\/www.tipard.de\/blog\/wp-json\/wp\/v2\/media?parent=2200"}],"curies":[{"name":"wp","href":"https:\/\/api.w.org\/{rel}","templated":true}]}}