{"id":2194,"date":"2020-03-02T17:28:00","date_gmt":"2020-03-02T17:28:00","guid":{"rendered":"http:\/\/www.tipard.de\/blog\/?page_id=2194"},"modified":"2020-03-02T17:28:00","modified_gmt":"2020-03-02T17:28:00","slug":"so-stellen-sie-die-itunes-mediathek-wieder-her","status":"publish","type":"page","link":"https:\/\/www.tipard.de\/blog\/so-stellen-sie-die-itunes-mediathek-wieder-her\/","title":{"rendered":"So stellen Sie die iTunes-Mediathek wieder her"},"content":{"rendered":"<p>&#8222;Hallo, ich habe k\u00fcrzlich alle meine Musikwiedergabelisten aus der iTunes-Mediathek gel\u00f6scht, und ich wei\u00df nicht, wie ich meine iTunes-Mediathek wiederherstellen kann. Gibt es da eine einfache Vorgehensweise?&#8220; &#8211; Asher<\/p>\n<p>M\u00f6glicherweise befinden Sie sich in der gleichen ungl\u00fccklichen Situation wie Asher oder verloren Ihre iTunes-Bibliotheksdatei nach einem System-Upgrade, einem Absturz oder einer ausgefallenen Festplatte und m\u00f6chten sie auf einem neuen Computer wiederherstellen.<\/p>\n<p><img loading=\"lazy\" decoding=\"async\" class=\"size-full wp-image-2195 aligncenter\" src=\"http:\/\/www.tipard.de\/blog\/wp-content\/uploads\/2020\/03\/restore-itunes-library.jpg\" alt=\"\" width=\"600\" height=\"338\" srcset=\"https:\/\/www.tipard.de\/blog\/wp-content\/uploads\/2020\/03\/restore-itunes-library.jpg 600w, https:\/\/www.tipard.de\/blog\/wp-content\/uploads\/2020\/03\/restore-itunes-library-300x169.jpg 300w\" sizes=\"auto, (max-width: 600px) 100vw, 600px\" \/><\/p>\n<p>Wie die meisten Apple-Benutzer wissen, bietet iTunes eine bequeme M\u00f6glichkeit zum Sichern von Dateien und zur \u00dcbertragung von Dateien auf iOS-Ger\u00e4te. Wenn Sie jedoch versuchen, ein Apple-Ger\u00e4t mit einer neuen Mediathek zu verbinden und zu synchronisieren, m\u00f6chte iTunes den gesamten aktuellen Medieninhalt l\u00f6schen und durch Elemente aus der Mediathek ersetzen.<\/p>\n<p>In diesem Artikel erfahren Sie von einer Methode, mit der Sie die iTunes-Mediathek problemlos wiederherstellen k\u00f6nnen.<\/p>\n<h2>Teil 1: Wiederherstellen der iTunes-Mediathek von der Sicherungs-CD \/ DVD<\/h2>\n<p>Wenn Sie die iTunes-Mediathek auf CD\/DVD sichern, folgen Sie zum Wiederherstellen der iTunes-Mediathek den folgenden Schritten.<\/p>\n<p>1. \u00d6ffnen Sie iTunes und legen Sie Ihre Sicherungsdisk ein.<br \/>\n2. iTunes wird Sie fragen, ob Sie iTunes von dieser Disc wiederherstellen m\u00f6chten. Klicken Sie auf \u201eWiederherstellen\u201c. Dies nimmt jedoch etwas Zeit in Anspruch.<\/p>\n<h2>Teil 2: So stellen Sie die iTunes-Mediathek vom iPhone\/ iPad\/ iPod wieder her<\/h2>\n<p>Es ist einfach, die iTunes-Mediathek mit einer iTunes-Alternative wiederherzustellen. <em>Tipard iPhone Transfer<\/em> bietet mehr Funktionen als iTunes, ohne dass Daten verloren gehen. Diese leistungsstarke iTunes-Software zum Sichern und Wiederherstellen kann iTunes-Mediatheken wie Musik, Wiedergabelisten, Filme und andere Dateien mit nur wenigen Klicks wiederherstellen.<\/p>\n<h4>1. Laden Sie die Software herunter und verbinden Sie Ihr iOS-Ger\u00e4t mit Ihrem neuen Computer<\/h4>\n<p>Sobald Sie Ihr iOS-Ger\u00e4t mit einem USB-Kabel an den Computer anschlie\u00dfen, wird es von dieser Software automatisch erkannt.<\/p>\n<h4>2. W\u00e4hlen Sie die Daten Ihres iOS-Ger\u00e4ts aus<\/h4>\n<p>Nach dem Herstellen der Verbindung werden alle vorhandenen Ger\u00e4tedaten als Katalog angezeigt. Sie k\u00f6nnen die Datei, die Sie in iTunes wiederherstellen m\u00f6chten, als Vorschau anzeigen lassen und suchen, indem Sie auf den Dateityp auf der linken Seite klicken, z. B. Musik, Wiedergabelisten, Videos usw.<\/p>\n<h4>3. Sichern Sie das iPhone in iTunes<\/h4>\n<p>Nachdem Sie die gew\u00fcnschten Dateien ausgew\u00e4hlt haben, klicken Sie oben auf die Schaltfl\u00e4che \u201eExportieren\u201c. Wenn Sie diese Dateien in iTunes wiederherstellen m\u00f6chten, klicken Sie auf &#8222;In iTunes-Mediathek exportieren&#8220;. Wenn Sie sie auf Ihrem PC sichern m\u00f6chten, w\u00e4hlen Sie &#8222;Auf PC exportieren&#8220; und w\u00e4hlen Sie den Zielordner aus, in dem die exportierten Dateien gespeichert werden sollen.<\/p>\n<p>Die oben beschriebene Methode funktioniert jedoch nur, nachdem Sie den Kontakt gesichert haben. Dar\u00fcber hinaus helfen sie Ihnen nur dabei, einen fr\u00fcheren Kontakt zu einem fr\u00fcheren Zeitpunkt zu erhalten. Wenn Sie im Nachhinein neue Namen hinzuf\u00fcgen, k\u00f6nnen diese f\u00fcr immer verloren gehen.<\/p>\n<h2>Teil 3: Stellen Sie die wertvolle iTunes-Bibliothek mit iOS Data Recovery wieder her<\/h2>\n<p>Mit <a href=\"https:\/\/www.tipard.de\/iphone-transfer\/\">iPhone Transfer<\/a> k\u00f6nnen Sie Dateien sichern, die auf Ihrem iOS-Ger\u00e4t vorhanden sind. Wenn Sie die iTunes-Mediathek verloren haben und diese Dateien auch von Ihrem iPhone, iPad oder iPod gel\u00f6scht haben, einschlie\u00dflich Musik, Fotos, Videos usw. wie k\u00f6nnen Sie sie dann wieder in Ihre iDevices- oder iTunes-Mediathek \u00fcbertragen? Wenn Sie sich nicht sicher sind, wie Sie die iTunes-Mediathek wiederherstellen sollen, finden Sie hier ein Tool zum Wiederherstellen der iTunes-Mediathek &#8211; <a href=\"https:\/\/www.tipard.de\/iphone-data-recovery\/\"><em>Tipard iOS Data Recovery<\/em>.<\/a><\/p>\n<div class=\"article-steps\"><br \/>\n<div class=\"article-step\"><div class=\"context\"><h3><span class=\"stepShield\">Schritt 1<\/span>Laden Sie die Software herunter und f\u00fchren Sie sie aus<\/h3> Starten Sie<a href=\"https:\/\/www.tipard.de\/iphone-data-recovery\/\">\u00a0<\/a><em>iOS Data Recovery.<\/em>\u00a0Es gibt drei Methoden zur Wiederherstellung der iTunes-Mediathek, einschlie\u00dflich der Wiederherstellung von iOS-Ger\u00e4ten und iTunes-Backups.\u00a0<\/div><img loading=\"lazy\" decoding=\"async\" width=\"400\" height=\"254\" src=\"https:\/\/www.tipard.de\/blog\/wp-content\/uploads\/2020\/03\/step1-1.jpg\" class=\"preview\" alt=\"Laden Sie die Software herunter und f\u00fchren Sie sie aus\" srcset=\"https:\/\/www.tipard.de\/blog\/wp-content\/uploads\/2020\/03\/step1-1.jpg 415w, https:\/\/www.tipard.de\/blog\/wp-content\/uploads\/2020\/03\/step1-1-300x191.jpg 300w\" sizes=\"auto, (max-width: 400px) 100vw, 400px\" \/><\/div><br \/>\n<div class=\"article-step reverse\"><div class=\"context\"><h3><span class=\"stepShield\">Schritt 2<\/span>Stellen Sie die iTunes-Mediathek vom iOS-Ger\u00e4t wieder her<\/h3> W\u00e4hlen Sie die erste Registerkarte &#8222;Von iOS-Ger\u00e4ten wiederherstellen&#8220; und klicken Sie auf die Schaltfl\u00e4che &#8222;Scan starten&#8220;. Die Daten werden Ihnen in der Benutzeroberfl\u00e4che \u00fcbersichtlich angezeigt, Sie k\u00f6nnen Ihre ben\u00f6tigte iTunes Library-Datei wiederherstellen <\/div><img loading=\"lazy\" decoding=\"async\" width=\"400\" height=\"255\" src=\"https:\/\/www.tipard.de\/blog\/wp-content\/uploads\/2020\/03\/step2.jpg\" class=\"preview\" alt=\"Stellen Sie die iTunes-Mediathek vom iOS-Ger\u00e4t wieder her\" srcset=\"https:\/\/www.tipard.de\/blog\/wp-content\/uploads\/2020\/03\/step2.jpg 600w, https:\/\/www.tipard.de\/blog\/wp-content\/uploads\/2020\/03\/step2-300x191.jpg 300w\" sizes=\"auto, (max-width: 400px) 100vw, 400px\" \/><\/div><br \/>\n<div class=\"article-step\"><div class=\"context\"><h3><span class=\"stepShield\">Schritt 3<\/span>Stellen Sie die iTunes-Mediathek aus den iTunes-Sicherungsdateien wieder her<\/h3> W\u00e4hlen Sie zun\u00e4chst ein iTunes-Sicherungsdatei zum Herunterladen aus. Klicken Sie danach auf die Schaltfl\u00e4che \u201eScannen\u201c, um Daten darin zu scannen. W\u00e4hlen Sie dann Dateien aus einer bestimmten Kategorie aus, um diese wiederherzustellen. <\/div><img loading=\"lazy\" decoding=\"async\" width=\"400\" height=\"255\" src=\"https:\/\/www.tipard.de\/blog\/wp-content\/uploads\/2020\/03\/step3.jpg\" class=\"preview\" alt=\"Stellen Sie die iTunes-Mediathek aus den iTunes-Sicherungsdateien wieder her\" srcset=\"https:\/\/www.tipard.de\/blog\/wp-content\/uploads\/2020\/03\/step3.jpg 600w, https:\/\/www.tipard.de\/blog\/wp-content\/uploads\/2020\/03\/step3-300x191.jpg 300w\" sizes=\"auto, (max-width: 400px) 100vw, 400px\" \/><\/div><br \/>\n<\/div>\n<p>Mit der n\u00fctzlichen iPhone Transfer- und iOS-Datenwiederherstellungssoftware m\u00fcssen Sie nicht verzweifeln, falls Sie Ihre iTunes-Mediathek verlieren.<\/p>\n","protected":false},"excerpt":{"rendered":"<p>&#8222;Hallo, ich habe k\u00fcrzlich alle meine Musikwiedergabelisten aus der iTunes-Mediathek gel\u00f6scht, und ich wei\u00df nicht, wie ich meine iTunes-Mediathek wiederherstellen kann. Gibt es da eine einfache Vorgehensweise?&#8220; &#8211; Asher M\u00f6glicherweise befinden Sie sich in der gleichen ungl\u00fccklichen Situation wie Asher oder verloren Ihre iTunes-Bibliotheksdatei nach einem System-Upgrade, einem Absturz oder einer ausgefallenen Festplatte und m\u00f6chten [&hellip;]<\/p>\n","protected":false},"author":1,"featured_media":0,"parent":0,"menu_order":0,"comment_status":"closed","ping_status":"closed","template":"","meta":{"footnotes":""},"class_list":["post-2194","page","type-page","status-publish","hentry"],"_links":{"self":[{"href":"https:\/\/www.tipard.de\/blog\/wp-json\/wp\/v2\/pages\/2194","targetHints":{"allow":["GET"]}}],"collection":[{"href":"https:\/\/www.tipard.de\/blog\/wp-json\/wp\/v2\/pages"}],"about":[{"href":"https:\/\/www.tipard.de\/blog\/wp-json\/wp\/v2\/types\/page"}],"author":[{"embeddable":true,"href":"https:\/\/www.tipard.de\/blog\/wp-json\/wp\/v2\/users\/1"}],"replies":[{"embeddable":true,"href":"https:\/\/www.tipard.de\/blog\/wp-json\/wp\/v2\/comments?post=2194"}],"version-history":[{"count":1,"href":"https:\/\/www.tipard.de\/blog\/wp-json\/wp\/v2\/pages\/2194\/revisions"}],"predecessor-version":[{"id":2199,"href":"https:\/\/www.tipard.de\/blog\/wp-json\/wp\/v2\/pages\/2194\/revisions\/2199"}],"wp:attachment":[{"href":"https:\/\/www.tipard.de\/blog\/wp-json\/wp\/v2\/media?parent=2194"}],"curies":[{"name":"wp","href":"https:\/\/api.w.org\/{rel}","templated":true}]}}