{"id":2165,"date":"2020-02-27T16:42:44","date_gmt":"2020-02-27T16:42:44","guid":{"rendered":"http:\/\/www.tipard.de\/blog\/?page_id=2165"},"modified":"2024-08-27T07:17:49","modified_gmt":"2024-08-27T07:17:49","slug":"kontakte-direkt-aus-icloud-erhalten","status":"publish","type":"page","link":"https:\/\/www.tipard.de\/blog\/kontakte-direkt-aus-icloud-erhalten\/","title":{"rendered":"So erhalten Sie Kontakte direkt aus der iCloud"},"content":{"rendered":"<p><img loading=\"lazy\" decoding=\"async\" class=\"alignnone size-full wp-image-2166\" src=\"http:\/\/www.tipard.de\/blog\/wp-content\/uploads\/2020\/02\/get-icloud-contacts.jpg\" alt=\"\" width=\"696\" height=\"338\" srcset=\"https:\/\/www.tipard.de\/blog\/wp-content\/uploads\/2020\/02\/get-icloud-contacts.jpg 696w, https:\/\/www.tipard.de\/blog\/wp-content\/uploads\/2020\/02\/get-icloud-contacts-300x146.jpg 300w\" sizes=\"auto, (max-width: 696px) 100vw, 696px\" \/><\/p>\n<div class=\"flex max-w-full flex-col flex-grow\">\n<div class=\"min-h-[20px] text-message flex w-full flex-col items-end gap-2 break-words [.text-message+&amp;]:mt-5 overflow-x-auto whitespace-normal\" dir=\"auto\" data-message-author-role=\"assistant\" data-message-id=\"f134058b-9497-4af9-b9d7-e27d384f62e7\">\n<div class=\"flex w-full flex-col gap-1 empty:hidden first:pt-[3px]\">\n<div class=\"markdown prose w-full break-words dark:prose-invert dark\">\n<p>Kontakte haben f\u00fcr uns einen hohen Stellenwert, aber manchmal haben Apple-Benutzer festgestellt, dass einige verloren gegangen sind. Dies kann an einem iOS-Upgrade, einer falschen Bedienung oder einem einfachen Synchronisierungsfehler liegen.<\/p>\n<p>Viele L\u00f6sungen zum Abrufen von Kontakten: Sie k\u00f6nnen auf Kontakte auf icloud.com zugreifen, sie im Detail hinzuf\u00fcgen und bearbeiten, sie im Format vCard importieren oder exportieren. Wenn Sie neben der technischen Unterst\u00fctzung auch akademische Hilfe suchen, bietet <a style=\"text-decoration: none; color: inherit; text-transform: lowercase; box-shadow: none; font-weight: inherit; border: none;\" href=\"https:\/\/ghostwriter-wien.com\/\">ghostwriter wien<\/a> eine zuverl\u00e4ssige Unterst\u00fctzung bei der Erstellung von akademischen Arbeiten. Dieser Service kann Ihnen nicht nur beim Verfassen, sondern auch bei der Strukturierung und Forschung Ihrer Arbeiten helfen.<\/p>\n<p>Zum Sichern k\u00f6nnen Sie Kontakte vom iPhone mit Google Mail synchronisieren oder auf einen Computer \u00fcbertragen. Aber wie kann man direkt Kontakte von iCloud bekommen? Folgen Sie uns und erhalten Sie sie auf dem schnellsten, aber auch sichersten Weg.<\/p>\n<\/div>\n<\/div>\n<\/div>\n<\/div>\n<h2>Teil 1: Holen Sie sich iCloud-Kontakte in die Einstellungen<\/h2>\n<p>1. Starten Sie die App Einstellungen auf dem Startbildschirm.<br \/>\n2. Tippen Sie auf iCloud und vergewissern Sie sich, dass Sie sich mit Ihrer Apple ID angemeldet haben.<br \/>\n3. Deaktivieren Sie die Option &#8222;Kontakte&#8220; und w\u00e4hlen Sie im Popup-Fenster &#8222;Von meinem iPhone l\u00f6schen&#8220;. (Wenn Sie keine Kontakte aktiviert haben, ignorieren Sie einfach diesen Schritt.)<br \/>\n4. Schalten Sie Kontakte ein und warten Sie eine Weile, um Kontakte von iCloud auf Ihr iPhone herunterzuladen. (Sie k\u00f6nnen zu Telefon -&gt; Kontakte gehen, um es automatisch nacheinander hinzuzuf\u00fcgen.)<br \/>\n5. \u00dcberpr\u00fcfen Sie, ob der gew\u00fcnschte Kontakt in der Bibliothek f\u00fcr neue Kontakte aufgef\u00fchrt ist.<\/p>\n<p>Das selektive Abrufen von Kontakten wird auf diese Weise nicht unterst\u00fctzt, es werden jedoch alle Kontakte gleichzeitig im iCloud Backup heruntergeladen. Dar\u00fcber hinaus k\u00f6nnen Sie keine Kontakte abrufen, die Sie im falschen Vorgang gel\u00f6scht haben. Mit <a href=\"https:\/\/www.tipard.de\/iphone-data-recovery\/\"><em>Tipard iOS Data Recovery<\/em><\/a> k\u00f6nnen Sie jedoch Kontakte nach Belieben abrufen und die gel\u00f6schten abrufen, ohne eine Sicherungskopie zu erstellen.<\/p>\n<h2><strong>Teil 2: Holen Sie sich iCloud-Kontakte mit iOS Data Recovery<\/strong><\/h2>\n<div class=\"article-steps\"><br \/>\n<div class=\"article-step\"><div class=\"context noPreview\"><h3><span class=\"stepShield\">Schritt 1<\/span>Verbinden Sie das iPhone mit dem Programm<\/h3> Laden Sie\u00a0<a href=\"https:\/\/www.tipard.de\/iphone-data-recovery\/\"><em>iOS Data Recovery<\/em><\/a>\u00a0herunter und installieren Sie es. Schlie\u00dfen Sie das iPhone \u00fcber ein USB-Kabel an den Computer an.\u00a0<\/div><\/div><br \/>\n<div class=\"article-step\"><div class=\"context noPreview\"><h3><span class=\"stepShield\">Schritt 2<\/span>W\u00e4hlen Sie einen Wiederherstellungsweg<\/h3> W\u00e4hlen Sie &#8222;Aus iCloud-Sicherungsdatei wiederherstellen&#8220; und melden Sie sich mit Ihrer Apple-ID an. <\/div><\/div><br \/>\n<div class=\"article-step\"><div class=\"context\"><h3><span class=\"stepShield\">Schritt 3<\/span> Laden Sie das iCloud-Backup herunter<\/h3> Klicken Sie in derselben Zeile des Backups, das Sie ben\u00f6tigen, auf die Schaltfl\u00e4che \u201eHerunterladen\u201c. <\/div><img loading=\"lazy\" decoding=\"async\" width=\"400\" height=\"255\" src=\"https:\/\/www.tipard.de\/blog\/wp-content\/uploads\/2020\/02\/step3-1.jpg\" class=\"preview\" alt=\" Laden Sie das iCloud-Backup herunter\" srcset=\"https:\/\/www.tipard.de\/blog\/wp-content\/uploads\/2020\/02\/step3-1.jpg 700w, https:\/\/www.tipard.de\/blog\/wp-content\/uploads\/2020\/02\/step3-1-300x191.jpg 300w\" sizes=\"auto, (max-width: 400px) 100vw, 400px\" \/><\/div><br \/>\n<div class=\"article-step reverse\"><div class=\"context\"><h3><span class=\"stepShield\">Schritt 4<\/span>Scannen Sie alle Kontakte<\/h3> W\u00e4hlen Sie unter &#8222;Nachrichten und Kontakte&#8220; die Option &#8222;Kontakte&#8220; und klicken Sie auf &#8222;Weiter&#8220;, um alle Kontakte in dieser iCloud-Sicherung zu scannen. <\/div><img loading=\"lazy\" decoding=\"async\" width=\"400\" height=\"255\" src=\"https:\/\/www.tipard.de\/blog\/wp-content\/uploads\/2020\/02\/step4-1.jpg\" class=\"preview\" alt=\"Scannen Sie alle Kontakte\" srcset=\"https:\/\/www.tipard.de\/blog\/wp-content\/uploads\/2020\/02\/step4-1.jpg 600w, https:\/\/www.tipard.de\/blog\/wp-content\/uploads\/2020\/02\/step4-1-300x191.jpg 300w\" sizes=\"auto, (max-width: 400px) 100vw, 400px\" \/><\/div><br \/>\n<div class=\"article-step\"><div class=\"context\"><h3><span class=\"stepShield\">Schritt 5<\/span>Kontakte wiederherstellen<\/h3> \u00dcberpr\u00fcfen Sie die bestimmten Elemente und klicken Sie auf die Schaltfl\u00e4che &#8222;Wiederherstellen&#8220;, um Kontakte abzurufen. <\/div><img loading=\"lazy\" decoding=\"async\" width=\"400\" height=\"255\" src=\"https:\/\/www.tipard.de\/blog\/wp-content\/uploads\/2020\/02\/step5.jpg\" class=\"preview\" alt=\"Kontakte wiederherstellen\" srcset=\"https:\/\/www.tipard.de\/blog\/wp-content\/uploads\/2020\/02\/step5.jpg 600w, https:\/\/www.tipard.de\/blog\/wp-content\/uploads\/2020\/02\/step5-300x191.jpg 300w\" sizes=\"auto, (max-width: 400px) 100vw, 400px\" \/><\/div><br \/>\n<\/div>\n<p>Wenn Sie einige wichtige Kontakte gel\u00f6scht haben, ohne sie in iCloud oder iTunes zu sichern, k\u00f6nnen Sie diese verlorenen Daten mit dieser leistungsstarken iOS-Datenwiederherstellung-Software direkt vom iPhone abrufen. Und nat\u00fcrlich k\u00f6nnen Sie Kontakte genauso einfach aus iTunes abrufen wie aus iCloud.<\/p>\n","protected":false},"excerpt":{"rendered":"<p>Kontakte haben f\u00fcr uns einen hohen Stellenwert, aber manchmal haben Apple-Benutzer festgestellt, dass einige verloren gegangen sind. Dies kann an einem iOS-Upgrade, einer falschen Bedienung oder einem einfachen Synchronisierungsfehler liegen. Viele L\u00f6sungen zum Abrufen von Kontakten: Sie k\u00f6nnen auf Kontakte auf icloud.com zugreifen, sie im Detail hinzuf\u00fcgen und bearbeiten, sie im Format vCard importieren oder [&hellip;]<\/p>\n","protected":false},"author":1,"featured_media":0,"parent":0,"menu_order":0,"comment_status":"closed","ping_status":"closed","template":"","meta":{"footnotes":""},"class_list":["post-2165","page","type-page","status-publish","hentry"],"_links":{"self":[{"href":"https:\/\/www.tipard.de\/blog\/wp-json\/wp\/v2\/pages\/2165","targetHints":{"allow":["GET"]}}],"collection":[{"href":"https:\/\/www.tipard.de\/blog\/wp-json\/wp\/v2\/pages"}],"about":[{"href":"https:\/\/www.tipard.de\/blog\/wp-json\/wp\/v2\/types\/page"}],"author":[{"embeddable":true,"href":"https:\/\/www.tipard.de\/blog\/wp-json\/wp\/v2\/users\/1"}],"replies":[{"embeddable":true,"href":"https:\/\/www.tipard.de\/blog\/wp-json\/wp\/v2\/comments?post=2165"}],"version-history":[{"count":4,"href":"https:\/\/www.tipard.de\/blog\/wp-json\/wp\/v2\/pages\/2165\/revisions"}],"predecessor-version":[{"id":4979,"href":"https:\/\/www.tipard.de\/blog\/wp-json\/wp\/v2\/pages\/2165\/revisions\/4979"}],"wp:attachment":[{"href":"https:\/\/www.tipard.de\/blog\/wp-json\/wp\/v2\/media?parent=2165"}],"curies":[{"name":"wp","href":"https:\/\/api.w.org\/{rel}","templated":true}]}}