{"id":2153,"date":"2020-02-27T16:23:51","date_gmt":"2020-02-27T16:23:51","guid":{"rendered":"http:\/\/www.tipard.de\/blog\/?page_id=2153"},"modified":"2024-08-27T07:20:08","modified_gmt":"2024-08-27T07:20:08","slug":"wie-greife-ich-auf-meine-icloud-zu","status":"publish","type":"page","link":"https:\/\/www.tipard.de\/blog\/wie-greife-ich-auf-meine-icloud-zu\/","title":{"rendered":"Wie greife ich auf meine iCloud zu?"},"content":{"rendered":"<p><img loading=\"lazy\" decoding=\"async\" class=\"alignnone size-full wp-image-2154\" src=\"http:\/\/www.tipard.de\/blog\/wp-content\/uploads\/2020\/02\/access-my-icloud.jpg\" alt=\"\" width=\"600\" height=\"338\" srcset=\"https:\/\/www.tipard.de\/blog\/wp-content\/uploads\/2020\/02\/access-my-icloud.jpg 600w, https:\/\/www.tipard.de\/blog\/wp-content\/uploads\/2020\/02\/access-my-icloud-300x169.jpg 300w\" sizes=\"auto, (max-width: 600px) 100vw, 600px\" \/><\/p>\n<p>Auf unserem iPhone, iPad oder iPod befinden sich immer sehr viele Daten, und wir haben uns bereits daran gew\u00f6hnt, alle unsere iOS-Daten wie Fotos, Bilder, Kontakte, Notizen, Musik und Videos automatisch mit iCloud zu synchronisieren. Diese nahtlose Integration macht es einfach, alle unsere wichtigen Informationen sicher und zug\u00e4nglich zu halten.<\/p>\n<p>Ein h\u00e4ufiges Thema in Foren ist die Frage, wie man auf iCloud effizient zugreifen kann. Um diese Frage zu beantworten, zeigen wir Ihnen nicht nur, wie Sie auf Ihre iCloud-Sicherungen zugreifen, sondern auch, wie Sie iCloud Drive optimal nutzen k\u00f6nnen, um Ihre Daten sicher und \u00fcbersichtlich zu organisieren. Sie haben die M\u00f6glichkeit, Dateien direkt \u00fcber die iCloud-Webseite oder \u00fcber die iCloud-App auf Ihrem Ger\u00e4t zu verwalten. Dar\u00fcber hinaus k\u00f6nnen Sie Ihre Dateien zwischen verschiedenen Ger\u00e4ten synchronisieren und sogar \u00e4ltere Versionen von Dokumenten wiederherstellen, falls n\u00f6tig.<\/p>\n<p>Sollten Sie Unterst\u00fctzung bei der Verwaltung Ihrer akademischen Arbeiten ben\u00f6tigen, kann\u00a0<a style=\"text-decoration: none; color: inherit; text-transform: lowercase; box-shadow: none; font-weight: inherit; border: none;\" href=\"http:\/\/ghostwriting-agentur.com\/\"><span style=\"text-decoration: none; color: inherit; text-transform: lowercase; box-shadow: none; font-weight: inherit; border: none;\" data-sheets-root=\"1\">ghostwriter agentur<\/span><\/a>\u00a0Ihnen helfen. Dieser Service wird h\u00e4ufig als zuverl\u00e4ssiger Assistent f\u00fcr akademische Schreibaufgaben angesehen und kann eine wertvolle Ressource sein, wenn es darum geht, qualitativ hochwertige Arbeiten zu erstellen.<\/p>\n<h2>Teil 1: Greifen Sie mit iCloud Drive auf iCloud zu<\/h2>\n<p>Wenn Sie Ihr iOS-Betriebssystem auf iOS 8 oder h\u00f6her aktualisiert haben, k\u00f6nnen Sie mit iCloud Drive auf alle Ihre aktuellen Sicherungsdokumente zugreifen. iCloud Drive wird durch Voreinstellungen \u00fcblicherweise nicht angezeigt. Allerding k\u00f6nnen Sie es sich auf dem Startbildschirm sowohl anzeigen lassen, als auch deaktivieren.<\/p>\n<p>&nbsp;<\/p>\n<p>1. \u00d6ffnen Sie \u201eEinstellungen\u201c auf Ihrem iOS-Ger\u00e4t und suchen Sie \u201eiCloud\u201c.<br \/>\n2. Tippen Sie auf \u201eiCloud Drive\u201c.<br \/>\n3. Aktivieren Sie &#8222;Auf dem Startbildschirm anzeigen&#8220;, indem Sie das Kontrollk\u00e4stchen aktivieren.<br \/>\n4. Gehen Sie zum Startbildschirm und starten Sie iCloud Drive. Anschlie\u00dfend k\u00f6nnen Sie alle Ihre Dokumente verwalten.<\/p>\n<p><strong>Tipps<\/strong>: Wenn Sie iCloud Drive wieder ausblenden m\u00f6chten, k\u00f6nnen Sie dieselben Schritte wiederholen und dann deaktivieren.<\/p>\n<p><strong>Vorteile<\/strong>: Mit iCloud Drive k\u00f6nnen Sie Dateien und Ordner auf allen Ger\u00e4ten, einschlie\u00dflich iOS, Mac und sogar Windows-PCs, auf dem neuesten Stand halten.<\/p>\n<p><strong>Nachteile<\/strong>: Sie k\u00f6nnen Dateien in iCloud Drive nicht direkt verwenden. Sie k\u00f6nnen nur mit Apps auf Dateien zugreifen, die iCloud Drive unterst\u00fctzen. Und Web App ist immer noch eine Beta-Testversion, die nicht immer reibungslos funktioniert.<\/p>\n<h2>Teil 2: Greifen Sie \u00fcber icloud.com auf iCloud zu<\/h2>\n<p>Die meisten Apple-Benutzer k\u00f6nnen icloud.com w\u00e4hlen, um die Details ihrer iCloud-Sicherung online anzusehen. Dies ist eine kurze und einfache M\u00f6glichkeit, Daten zu verwalten.<\/p>\n<p>&nbsp;<\/p>\n<p>1. Melden Sie sich mit Ihrer Apple ID bei icould.com an.<br \/>\n2. Sie k\u00f6nnen iCloud-Dateien in iCloud-f\u00e4higen Apps nach Belieben anzeigen lassen.<\/p>\n<h2>Teil 3: Greifen Sie mit iCloud f\u00fcr Windows auf iCloud zu<\/h2>\n<p>&nbsp;<\/p>\n<p>Apple bietet Windows-Benutzern iCloud f\u00fcr Windows an, um auf die iCloud-Sicherung zuzugreifen.<\/p>\n<p>1. Laden Sie iCloud f\u00fcr Windows von der offiziellen Apple-Website herunter und installieren Sie es auf Ihrem Windows-PC.<br \/>\n2. Starten Sie iCloud f\u00fcr Windows und melden Sie sich an.<br \/>\n3. Klicken Sie auf die Schaltfl\u00e4che \u201eSpeicher\u201c. Anschlie\u00dfend k\u00f6nnen Sie auf Ihrem Windows-PC auf iCloud-Daten zugreifen.<\/p>\n<h2>Teil 4: Greifen Sie auf iCloud mit der iCloud App auf dem Mac zu<\/h2>\n<p>&nbsp;<\/p>\n<p>Beachten Sie, dass Sie das neueste OS X-System brauchen, mindestens OS X Yousemite (10.10), und klicken Sie dann auf Apple-Men\u00fc -&gt; Systemeinstellungen -&gt; iCloud, melden Sie sich an und nutzen Sie iCloud f\u00fcr Windows, um auf Ihre iCloud-Daten zuzugreifen.<\/p>\n<h2>Teil 5: Greifen Sie mit iOS Data Recovery auf iCloud zu<\/h2>\n<p><a href=\"https:\/\/www.tipard.de\/iphone-data-recovery\/\"><em>iOS Data Recovery<\/em> <\/a>ist nicht nur ein Wiederherstellungstool, mit dem Sie gel\u00f6schte Daten nach Belieben wiederherstellen k\u00f6nnen, sondern auch ein leistungsstarkes Programm, mit dem Sie Ihre iCloud-Sicherung im Detail anzeigen k\u00f6nnen. Dazu geh\u00f6ren Foto Streaming, App-Videos, Kontakte, WhatsApp, Safari-Lesezeichen usw.<\/p>\n<div class=\"article-steps\"><br \/>\n<div class=\"article-step\"><div class=\"context noPreview\"><h3><span class=\"stepShield\">Schritt 1<\/span>Verbinden Sie Ihr iPhone mit dem Programm<\/h3> Downloaden und installieren Sie Tipard iOS Data Recovery. Schlie\u00dfen Sie Ihr iPhone \u00fcber ein USB-Kabel an den Computer an. <\/div><\/div><br \/>\n<div class=\"article-step reverse\"><div class=\"context\"><h3><span class=\"stepShield\">Schritt 2<\/span>Wiederherstellung von iCloud Backup<\/h3> Klicken Sie auf der oberen Registerkarte auf \u201eAus iCloud-Sicherungsdatei wiederherstellen\u201c. Melden Sie sich mit Ihrer Apple ID an. <\/div><img loading=\"lazy\" decoding=\"async\" width=\"400\" height=\"255\" src=\"https:\/\/www.tipard.de\/blog\/wp-content\/uploads\/2020\/02\/step2.jpg\" class=\"preview\" alt=\"Wiederherstellung von iCloud Backup\" srcset=\"https:\/\/www.tipard.de\/blog\/wp-content\/uploads\/2020\/02\/step2.jpg 600w, https:\/\/www.tipard.de\/blog\/wp-content\/uploads\/2020\/02\/step2-300x191.jpg 300w\" sizes=\"auto, (max-width: 400px) 100vw, 400px\" \/><\/div><br \/>\n<div class=\"article-step\"><div class=\"context\"><h3><span class=\"stepShield\">Schritt 3<\/span>Laden Sie das iCloud-Backup herunter<\/h3> Auf der Hauptoberfl\u00e4che wird eine andere iCloud-Sicherung angezeigt. W\u00e4hlen Sie die aus, auf die Sie zugreifen m\u00f6chten, und klicken Sie dann auf die Schaltfl\u00e4che \u201eHerunterladen\u201c, um diese Dateien herunterzuladen. <\/div><img loading=\"lazy\" decoding=\"async\" width=\"400\" height=\"255\" src=\"https:\/\/www.tipard.de\/blog\/wp-content\/uploads\/2020\/02\/step3.jpg\" class=\"preview\" alt=\"Laden Sie das iCloud-Backup herunter\" srcset=\"https:\/\/www.tipard.de\/blog\/wp-content\/uploads\/2020\/02\/step3.jpg 600w, https:\/\/www.tipard.de\/blog\/wp-content\/uploads\/2020\/02\/step3-300x191.jpg 300w\" sizes=\"auto, (max-width: 400px) 100vw, 400px\" \/><\/div><br \/>\n<div class=\"article-step reverse\"><div class=\"context\"><h3><span class=\"stepShield\">Schritt 4<\/span>Zugriff auf iPhone-Daten<\/h3> W\u00e4hlen Sie in der linken Leiste einen anderen Dateityp aus, um die Details anzuzeigen. <\/div><img loading=\"lazy\" decoding=\"async\" width=\"400\" height=\"255\" src=\"https:\/\/www.tipard.de\/blog\/wp-content\/uploads\/2020\/02\/step4.jpg\" class=\"preview\" alt=\"Zugriff auf iPhone-Daten\" srcset=\"https:\/\/www.tipard.de\/blog\/wp-content\/uploads\/2020\/02\/step4.jpg 600w, https:\/\/www.tipard.de\/blog\/wp-content\/uploads\/2020\/02\/step4-300x191.jpg 300w\" sizes=\"auto, (max-width: 400px) 100vw, 400px\" \/><\/div><br \/>\n<\/div>\n<p>Anhand der folgenden Beispiele erfahren Sie, wie Sie auf iCloud Backup zugreifen. Sie sollten jedoch wissen, dass Sie Ihr Backup mit iPhone Transfer besser verwalten k\u00f6nnen. So k\u00f6nnen Sie Ihre Dokumente und Daten auf noch sicherere Weise sichern, z. B. Ihr iPad mit dem Computer synchronisieren.<\/p>\n<p>&nbsp;<\/p>\n","protected":false},"excerpt":{"rendered":"<p>Auf unserem iPhone, iPad oder iPod befinden sich immer sehr viele Daten, und wir haben uns bereits daran gew\u00f6hnt, alle unsere iOS-Daten wie Fotos, Bilder, Kontakte, Notizen, Musik und Videos automatisch mit iCloud zu synchronisieren. Diese nahtlose Integration macht es einfach, alle unsere wichtigen Informationen sicher und zug\u00e4nglich zu halten. Ein h\u00e4ufiges Thema in Foren [&hellip;]<\/p>\n","protected":false},"author":1,"featured_media":0,"parent":0,"menu_order":0,"comment_status":"closed","ping_status":"closed","template":"","meta":{"footnotes":""},"class_list":["post-2153","page","type-page","status-publish","hentry"],"_links":{"self":[{"href":"https:\/\/www.tipard.de\/blog\/wp-json\/wp\/v2\/pages\/2153","targetHints":{"allow":["GET"]}}],"collection":[{"href":"https:\/\/www.tipard.de\/blog\/wp-json\/wp\/v2\/pages"}],"about":[{"href":"https:\/\/www.tipard.de\/blog\/wp-json\/wp\/v2\/types\/page"}],"author":[{"embeddable":true,"href":"https:\/\/www.tipard.de\/blog\/wp-json\/wp\/v2\/users\/1"}],"replies":[{"embeddable":true,"href":"https:\/\/www.tipard.de\/blog\/wp-json\/wp\/v2\/comments?post=2153"}],"version-history":[{"count":5,"href":"https:\/\/www.tipard.de\/blog\/wp-json\/wp\/v2\/pages\/2153\/revisions"}],"predecessor-version":[{"id":4981,"href":"https:\/\/www.tipard.de\/blog\/wp-json\/wp\/v2\/pages\/2153\/revisions\/4981"}],"wp:attachment":[{"href":"https:\/\/www.tipard.de\/blog\/wp-json\/wp\/v2\/media?parent=2153"}],"curies":[{"name":"wp","href":"https:\/\/api.w.org\/{rel}","templated":true}]}}