{"id":215,"date":"2017-06-26T16:39:56","date_gmt":"2017-06-26T16:39:56","guid":{"rendered":"http:\/\/www.tipard.de\/blog\/?page_id=215"},"modified":"2025-01-24T02:04:59","modified_gmt":"2025-01-24T02:04:59","slug":"wie-man-youtube-videos-auf-einem-android-gerat-herunterladt","status":"publish","type":"page","link":"https:\/\/www.tipard.de\/blog\/wie-man-youtube-videos-auf-einem-android-gerat-herunterladt\/","title":{"rendered":"Wie man YouTube Videos auf einem Android Ger\u00e4t herunterl\u00e4dt"},"content":{"rendered":"<p><img loading=\"lazy\" decoding=\"async\" class=\"alignnone size-full wp-image-219\" src=\"http:\/\/www.tipard.de\/blog\/wp-content\/uploads\/2017\/06\/download-youtube-videos-on-android.jpg\" alt=\"\" width=\"600\" height=\"341\" srcset=\"https:\/\/www.tipard.de\/blog\/wp-content\/uploads\/2017\/06\/download-youtube-videos-on-android.jpg 600w, https:\/\/www.tipard.de\/blog\/wp-content\/uploads\/2017\/06\/download-youtube-videos-on-android-300x171.jpg 300w\" sizes=\"auto, (max-width: 600px) 100vw, 600px\" \/><br \/>\nAndroid hat viele Schl\u00fcsseltechnologien entwickelt, und wenn die Sache mit den explodierenden Akkus beim Samsung Note 7 nicht gewesen w\u00e4re, dann h\u00e4tten sie eine gro\u00dfe Chance gehabt, das beste Handy des Jahres zu werden. Wenn Sie ein Android-Nutzer sind, wie k\u00f6nnen Sie Ihre Zeit mit Ihrem Handy am besten nutzen?<\/p>\n<p>Vielleicht schauen Sie gerne online lustige kurze Videos, Filme, Serien oder h\u00f6ren Musik auf YouTube. Wenn Sie das zuhause mit einer stabilen WLAN-Verbindung tun, dann ist das Schauen von Videos auf YouTube sehr angenehm. Wenn Sie aber im Bus, in der Stra\u00dfenbahn oder an anderen Orten ohne gute Verbindung sind, dann ist es schwierig, Videos online anzusehen. Die L\u00f6sung kann sein, die YouTube-Videos herunterzuladen, um sie ohne Internetverbindung auf Ihrem Android-Ger\u00e4t anzusehen. Wenn Sie jedoch auch an anderen wichtigen Aufgaben wie dem Schreiben einer Diplomarbeit arbeiten, k\u00f6nnten Sie Unterst\u00fctzung von einem <a href=\"https:\/\/hausarbeit-schreiben.com\/diplomarbeit-schreiben-lassen\/\">Diplomarbeit ghostwriter<\/a> in Erw\u00e4gung ziehen.<\/p>\n<h2>YouTube Video Downloader f\u00fcr Android<\/h2>\n<p>YouTube erlaubt es Ihnen nicht direkt online Videos herunterzuladen. Aber das k\u00f6nnen Sie mit einer Android App machen. In diesem ersten Teil zeigen wir Ihnen dreo online Video Downloading Apps f\u00fcr Android.<\/p>\n<h3>TubeMate YouTube Downloader<\/h3>\n<p>TubeMate YouTube Downloader ist eine der bekanntesten YouTube Video Downloading Apps. Damit k\u00f6nnen Sie eine Aufl\u00f6sung und Videoqualit\u00e4t w\u00e4hlen. Sie k\u00f6nnen damit Videos von verschiedenen Video-Sharing Websites runterladen, wie YouTube, Vimeo, DailyMotion, MetaCafe, Facebook und anderen.<\/p>\n<p>1. Gehen Sie auf &#8222;http:\/\/tubemate.net\/&#8220; in Ihrem Andorid Brwoser und installieren Sie die App. Oder Sie \u00f6ffnen die Website auf Ihrem Computer, um die App herunterzuladen.<br \/>\n2. \u00d6ffnen Sie den TubeMate YouTube Downloader. Klicken Sie auf &#8222;More&#8220; in der oberen rechten Ecke und gehen Sie dann auf &#8222;URL&#8220;.<br \/>\n3. Im Interface sehen Sie viele bekannte Video-Sharing Websites aufgelistet. W\u00e4hlen Sie YouTube.<br \/>\n4. Suchen Sie nach dem YouTube Video, welches Sie herunterladen wollen und klicken Sie auf die &#8222;Download&#8220; Taste.<br \/>\n5. W\u00e4hlen Sie die bevorzugte Videoqualit\u00e4t und Aufl\u00f6sung. Klicken Sie dann wieder auf den &#8222;Download&#8220; Knopf, um das Video herunterzuladen.<br \/>\nTubeMate YouTube Downloader ist ein n\u00fctzlicher Video Downloader. Das heruntergeladene Video wird auf der SD Karte gespeichert.<\/p>\n<h3>VIDEOER<\/h3>\n<p>VIDEOER ist eine ausgezeichnete YouTube Video und Musik Downloading App f\u00fcr Android Nutzer. Zus\u00e4tzlich k\u00f6nnen Sie verschiedene Formate und Aufl\u00f6sungen w\u00e4hlen.<\/p>\n<p><img loading=\"lazy\" decoding=\"async\" class=\"alignnone size-full wp-image-224\" src=\"http:\/\/www.tipard.de\/blog\/wp-content\/uploads\/2017\/06\/videoer.jpg\" alt=\"\" width=\"720\" height=\"399\" srcset=\"https:\/\/www.tipard.de\/blog\/wp-content\/uploads\/2017\/06\/videoer.jpg 720w, https:\/\/www.tipard.de\/blog\/wp-content\/uploads\/2017\/06\/videoer-300x166.jpg 300w\" sizes=\"auto, (max-width: 720px) 100vw, 720px\" \/><br \/>\n1. Laden Sie auf der VIDEOER Seite den YouTube Video Downloader auf Ihren Computer herunter. \u00dcbertragen Sie diesen dann auf Ihr Android Ger\u00e4t.<br \/>\n2. \u00d6ffnen Sie die App und klicken Sie auf &#8222;Suchen&#8220;, um das Video zu finden, welches Sie herunterladen wollen.<br \/>\n3. Wenn die Suchergebnisse angezeigt werden, k\u00f6nnen Sie ein Video\/Audioformat und die passende Qualit\u00e4t w\u00e4hlen.<br \/>\nNach dem Download k\u00f6nnen Sie auf &#8222;Downloads&#8220; klicken, um alle heruntergeladenen YouTube Videos abspielen zu k\u00f6nnen.<\/p>\n<h3>SnapTube<\/h3>\n<p>SnapTube ist eine andere kostenlose online Videos Downloading App mit der Sie Videos von YouTube, Facbook, Twitter, Vevo, Instagram, DailyMotion, etc. herunterladen k\u00f6nnen. Es wurde verifiziert von McAfee und CM\/Lookout Security, also ist es f\u00fcr Ihre pers\u00f6nliche Benutzung sehr sicher.<\/p>\n<p><img loading=\"lazy\" decoding=\"async\" class=\"alignnone size-full wp-image-222\" src=\"http:\/\/www.tipard.de\/blog\/wp-content\/uploads\/2017\/06\/snaptube.jpg\" alt=\"\" width=\"720\" height=\"395\" srcset=\"https:\/\/www.tipard.de\/blog\/wp-content\/uploads\/2017\/06\/snaptube.jpg 720w, https:\/\/www.tipard.de\/blog\/wp-content\/uploads\/2017\/06\/snaptube-300x165.jpg 300w\" sizes=\"auto, (max-width: 720px) 100vw, 720px\" \/> den Namen des Videos in die Suchleiste ein, um es zu finden.<br \/>\n3. Klicken Sie auf den &#8222;Download&#8220; Knopf und w\u00e4hlen Sie die passende Aufl\u00f6sung, um das Video auf Ihrem Android Ger\u00e4t zu speichern.<br \/>\nEs hat einen Katalog mit 11 Unterkategorien. Es handelt sich um eine kostenlose Android App mit der sie schnell und einfach online Videos herunterladen k\u00f6nnen.<\/p>\n<h3>Mehr YouTube Video Downloader Apps f\u00fcr Android<\/h3>\n<p>Vidmate<br \/>\nOGYouTube<br \/>\nYTD Video Downloader<br \/>\nYT3 Music Downloader<br \/>\nAndroid YouTube Downloader<\/p>\n<h2>Online Software, um YouTube Videos auf Android herunterzuladen<\/h2>\n<p>Wenn sie nur hin und wieder YouTube Videos herunterladen wollen, dann k\u00f6nnen Sie eine Website zum herunterladen w\u00e4hlen. Hier stellen wir Ihnen drei leistungsstarke online Programme vor:<\/p>\n<h3>Clip Converter<\/h3>\n<p>Clip Converter ist eine bekannte online Media Konvertierungs- Anwendung, die auch als YouTube Video Downloader arbeitet. Zus\u00e4tzlich k\u00f6nnen Sie Videos aufnehmen und Videos umwandeln in Video\/Audioformate, wie MP4, MOV, AVI, 3GP, MP3, M4A, AAC, etc.<\/p>\n<p><img loading=\"lazy\" decoding=\"async\" class=\"alignnone size-full wp-image-218\" src=\"http:\/\/www.tipard.de\/blog\/wp-content\/uploads\/2017\/06\/clip-converter.jpg\" alt=\"\" width=\"720\" height=\"430\" srcset=\"https:\/\/www.tipard.de\/blog\/wp-content\/uploads\/2017\/06\/clip-converter.jpg 720w, https:\/\/www.tipard.de\/blog\/wp-content\/uploads\/2017\/06\/clip-converter-300x179.jpg 300w\" sizes=\"auto, (max-width: 720px) 100vw, 720px\" \/><br \/>\n1. Finden Sie das YouTube Video, dass Sie herunterladen wollen und kopieren Sie die Videoadresse.<br \/>\n2. Gehen Sie auf die Seite des Clip Converter und geben Sie die URL in die Box ein.<br \/>\n3. Klicken Sie auf den &#8222;Weiter&#8220; Knopf, um das online YouTube Video zu \u00fcberpr\u00fcfen.<br \/>\n4. W\u00e4hlen Sie die passende Aufl\u00f6sung und Video\/Audioformat.<br \/>\n5. Klicken Sie auf &#8222;Start&#8220; &gt; &#8222;Download&#8220;, um das Video auf Ihrem Computer speichern.<\/p>\n<h3>CatchVideo<\/h3>\n<p>CatchVideo ist eine bekannte online Video Downloading Anwendung. Es kann kein sch\u00f6nes Interface, aber Sie k\u00f6nnen damit Videos herunterladen von YouTube, Vimeo, DailyMotion, Facebook, Twitter, Metaface, SoundCloud und anderen Internetseiten. CatchVideo bietet Ihnen verschiedene Aufl\u00f6sungen, wie 4K\/1080p\/720p\/480p\/360p. Unterst\u00fctzt werden folgende Formate: MP4, FLV, WebM, 3GP, M4A.<\/p>\n<p><img loading=\"lazy\" decoding=\"async\" class=\"alignnone size-full wp-image-217\" src=\"http:\/\/www.tipard.de\/blog\/wp-content\/uploads\/2017\/06\/catchvideo.jpg\" alt=\"\" width=\"720\" height=\"277\" srcset=\"https:\/\/www.tipard.de\/blog\/wp-content\/uploads\/2017\/06\/catchvideo.jpg 720w, https:\/\/www.tipard.de\/blog\/wp-content\/uploads\/2017\/06\/catchvideo-300x115.jpg 300w\" sizes=\"auto, (max-width: 720px) 100vw, 720px\" \/><br \/>\n1. \u00d6ffnen Sie die YouTube Seite und kopieren Sie die Videoadresse.<br \/>\n2. Starten Sie diesen YouTube Video Downloader und geben Sie die URL in die Box ein.<br \/>\n3. W\u00e4hlen Sie die passende Videoqualit\u00e4t.<br \/>\n4. Klicken Sie auf den &#8222;Catch&#8220; Knopf, um den Downloading Prozess zu starten. Sie m\u00fcssen die &#8222;Catchvideo helper&#8220; Erweiterung in Ihrem Browser installieren.<\/p>\n<h3>Yoo Download<\/h3>\n<p>Yoo Download ist ein anderer leistungsstarker online Video Downloader. Yoo Downloader hat ein elegantes Interface und Sie werden keine Werbung sehen.<\/p>\n<p><img loading=\"lazy\" decoding=\"async\" class=\"alignnone size-full wp-image-225\" src=\"http:\/\/www.tipard.de\/blog\/wp-content\/uploads\/2017\/06\/yoo-download.jpg\" alt=\"\" width=\"720\" height=\"373\" srcset=\"https:\/\/www.tipard.de\/blog\/wp-content\/uploads\/2017\/06\/yoo-download.jpg 720w, https:\/\/www.tipard.de\/blog\/wp-content\/uploads\/2017\/06\/yoo-download-300x155.jpg 300w\" sizes=\"auto, (max-width: 720px) 100vw, 720px\" \/><br \/>\n1. \u00d6ffnen Sie YouTube in Ihrem Browser und suchen Sie auf YouTube das Video, welches Sie herunterladen wollen und kopieren Sie Videoadresse.<br \/>\n2. Gehen Sie auf die Seite des Yoo Downloaders und geben Sie die URL des Videos ein.<br \/>\n3. Klicken Sie auf den &#8222;Download&#8220; Knopf, um das Video zu analysieren. Dann wird Ihnen das Video mit verschiedenen Videoqualit\u00e4ten zur Auswahl angezeigt.<br \/>\n4. W\u00e4hlen Sie die Videoqualit\u00e4t, wie 640&#215;360 (medium) oder 1280&#215;720 (hd720p). Klicken Sie darauf, um das Video auf Ihrem Computer zu speichern.<\/p>\n<h3>Weitere online YouTube Video Downloader f\u00fcr Android<\/h3>\n<p>fetchy<br \/>\nsavefrom.net<br \/>\nVideo Grabber<br \/>\nOnline Video Converter<br \/>\nYoutube Multi Downloader<\/p>\n<h2>Professionelle YouTube Video Downloader, um Videos herunterzuladen<\/h2>\n<p>Wenn Sie h\u00e4ufig Videos auf YouTube ansehen und diese herunterladen wollen, dann ist eine professionelle Software zum Download der Videos besser.<\/p>\n<h3><a href=\"http:\/\/www.tipard.de\/video-converter-ultimate\/\">Video Converter Ultimate<\/a><\/h3>\n<p><a href=\"http:\/\/www.tipard.de\/video-converter-ultimate\/\">Video Converter Ultimate<\/a> ist eine \u2018all-featured\u2019 YouTube Video Downloading Software mit der Sie Videos von bekannten Video-Sharing Websites, wie YouTube, Vimeo, Vevo, Facebook, DailyMotion, TED, etc., in hoher Qualit\u00e4t und schnell herunterladen k\u00f6nnen. Zus\u00e4tzlich k\u00f6nnen Sie mit dieser Software Videos bearbeiten, umwandeln und diese dann auf Ihr Android Handy \u00fcbertragen. Sie k\u00f6nnen normale 2D Videos und tolle 3D Videos verwandeln.<br \/>\n1. Laden Sie den <a href=\"http:\/\/www.tipard.de\/video-converter-ultimate\/\">YouTube Video Downloader<\/a> herunter, installieren und starten ihn.<br \/>\n<img loading=\"lazy\" decoding=\"async\" class=\"alignnone size-full wp-image-220\" src=\"http:\/\/www.tipard.de\/blog\/wp-content\/uploads\/2017\/06\/screen.jpg\" alt=\"\" width=\"1048\" height=\"598\" srcset=\"https:\/\/www.tipard.de\/blog\/wp-content\/uploads\/2017\/06\/screen.jpg 1048w, https:\/\/www.tipard.de\/blog\/wp-content\/uploads\/2017\/06\/screen-300x171.jpg 300w, https:\/\/www.tipard.de\/blog\/wp-content\/uploads\/2017\/06\/screen-768x438.jpg 768w, https:\/\/www.tipard.de\/blog\/wp-content\/uploads\/2017\/06\/screen-1024x584.jpg 1024w\" sizes=\"auto, (max-width: 1048px) 100vw, 1048px\" \/><br \/>\n2. \u00d6ffnen Sie die YouTube Website auf Ihrem Browser und suchen Sie das Video, welches Sie herunterladen wollen.<br \/>\n3. Kopieren Sie die Adresse des Videos.<br \/>\n4. Im <a href=\"http:\/\/www.tipard.de\/video-converter-ultimate\/\">YouTube Video Downloader <\/a>klicken Sie auf den &#8222;Download&#8220; Knopf. Dann wird automatisch die URL in die Box eingef\u00fcgt.<br \/>\n5. Klicken Sie auf &#8222;Analysieren&#8220;, um das YouTube Video zu \u00fcberpr\u00fcfen. Verschiedene Videoaufl\u00f6sungen werden Ihnen zur Auswahl angeboten.<\/p>\n<p><img loading=\"lazy\" decoding=\"async\" class=\"alignnone size-full wp-image-216\" src=\"http:\/\/www.tipard.de\/blog\/wp-content\/uploads\/2017\/06\/analyze-youtube-video.jpg\" alt=\"\" width=\"1048\" height=\"581\" srcset=\"https:\/\/www.tipard.de\/blog\/wp-content\/uploads\/2017\/06\/analyze-youtube-video.jpg 1048w, https:\/\/www.tipard.de\/blog\/wp-content\/uploads\/2017\/06\/analyze-youtube-video-300x166.jpg 300w, https:\/\/www.tipard.de\/blog\/wp-content\/uploads\/2017\/06\/analyze-youtube-video-768x426.jpg 768w, https:\/\/www.tipard.de\/blog\/wp-content\/uploads\/2017\/06\/analyze-youtube-video-1024x568.jpg 1024w\" sizes=\"auto, (max-width: 1048px) 100vw, 1048px\" \/>6. W\u00e4hlen Sie das passende Videoformat und die Qualit\u00e4t. Klicken Sie dann auf &#8222;OK&#8220;, um den Download des Videos zu starten.<br \/>\n7. Klicken Sie auf den &#8222;Konvertieren&#8220; Knopf. Unter &#8222;Profile&#8220; k\u00f6nnen Sie das Video\/Audioformat der Ausgabedatei w\u00e4hlen und diese dann umwandeln und herunterladen.<br \/>\nNach einer Weile sind die Videos auf Ihrem Computer. Von da aus k\u00f6nnen Sie diese auf Ihr Android Ger\u00e4t \u00fcbertragen.<\/p>\n<h3>4Videosoft Screen Capture<\/h3>\n<p>Egal wie viele YouTube Video Downloader f\u00fcr Android Sie haben, wegen des Urheberrechts und aus anderen Gr\u00fcnden k\u00f6nnen Sie nicht alle Videos herunterladen. Aber solange Sie das Video abspielen k\u00f6nnen, k\u00f6nnen Sie es aufnehmen. Daf\u00fcr empfehlen wir Ihnen 4Videosoft Screen Capture. Die YouTube Videos werden so in der originalen Video- und Soundqualit\u00e4t heruntergeladen.<br \/>\n1. Laden Sie das YouTube Video Recording Program auf Ihrem PC herunter, starten es und w\u00e4hlen Sie Option &#8222;Screen Recorder&#8220;.<br \/>\n2. \u00d6ffnen Sie YouTube und suchen Sie nach dem Video, welches Sie aufnehmen wollen.<br \/>\n3. Im Aufnahmewerkzeug klicken Sie auf &#8222;Full Screen&#8220; oder &#8222;Custom&#8220;, um den Aufnahmebereich festzulegen.<br \/>\n4. W\u00e4hlen Sie die Aufnahmequelle indem Sie auf &#8222;System Audio&#8220; oder &#8222;Microphone&#8220; klicken.<\/p>\n<p><img loading=\"lazy\" decoding=\"async\" class=\"alignnone size-full wp-image-221\" src=\"http:\/\/www.tipard.de\/blog\/wp-content\/uploads\/2017\/06\/screen-capture.jpg\" alt=\"\" width=\"720\" height=\"423\" srcset=\"https:\/\/www.tipard.de\/blog\/wp-content\/uploads\/2017\/06\/screen-capture.jpg 720w, https:\/\/www.tipard.de\/blog\/wp-content\/uploads\/2017\/06\/screen-capture-300x176.jpg 300w\" sizes=\"auto, (max-width: 720px) 100vw, 720px\" \/>5. Spielen Sie das YouTube Video ab und klicken Sie auf &#8222;REC&#8220;, um es aufzunehmen. Wenn das Video abgespielt wurde, klicken Sie wieder auf denselben Knopf, um die Aufnahme zu stoppen.<br \/>\nAuf diesem Weg k\u00f6nnen Sie das Video aufnehmen und auf Ihrem Computer speichern. Sie k\u00f6nnen auch nur das Audio aufnehmen und als MP3 abspeichern. Diese Software hat nur eine Windows Version. Wenn Sie Mac Nutzer sind und ein YouTube Video aufnehmen wollen, dann m\u00fcssen Sie den QuickTime Player nutzen. Der Prozess ist ansonsten gleich.<br \/>\nIn diesem Artikel haben wir Ihnen gezeigt wie Sie YouTube Videos herunterladen k\u00f6nnen, um Sie auf Ihrem Android Ger\u00e4t abzuspielen. Ob Sie eine App daf\u00fcr nutzen, oder eine Software bleibt Ihnen \u00fcberlassen.<\/p>\n","protected":false},"excerpt":{"rendered":"<p>Android hat viele Schl\u00fcsseltechnologien entwickelt, und wenn die Sache mit den explodierenden Akkus beim Samsung Note 7 nicht gewesen w\u00e4re, dann h\u00e4tten sie eine gro\u00dfe Chance gehabt, das beste Handy des Jahres zu werden. Wenn Sie ein Android-Nutzer sind, wie k\u00f6nnen Sie Ihre Zeit mit Ihrem Handy am besten nutzen? Vielleicht schauen Sie gerne online [&hellip;]<\/p>\n","protected":false},"author":1,"featured_media":0,"parent":0,"menu_order":0,"comment_status":"closed","ping_status":"closed","template":"","meta":{"footnotes":""},"class_list":["post-215","page","type-page","status-publish","hentry"],"_links":{"self":[{"href":"https:\/\/www.tipard.de\/blog\/wp-json\/wp\/v2\/pages\/215","targetHints":{"allow":["GET"]}}],"collection":[{"href":"https:\/\/www.tipard.de\/blog\/wp-json\/wp\/v2\/pages"}],"about":[{"href":"https:\/\/www.tipard.de\/blog\/wp-json\/wp\/v2\/types\/page"}],"author":[{"embeddable":true,"href":"https:\/\/www.tipard.de\/blog\/wp-json\/wp\/v2\/users\/1"}],"replies":[{"embeddable":true,"href":"https:\/\/www.tipard.de\/blog\/wp-json\/wp\/v2\/comments?post=215"}],"version-history":[{"count":4,"href":"https:\/\/www.tipard.de\/blog\/wp-json\/wp\/v2\/pages\/215\/revisions"}],"predecessor-version":[{"id":9304,"href":"https:\/\/www.tipard.de\/blog\/wp-json\/wp\/v2\/pages\/215\/revisions\/9304"}],"wp:attachment":[{"href":"https:\/\/www.tipard.de\/blog\/wp-json\/wp\/v2\/media?parent=215"}],"curies":[{"name":"wp","href":"https:\/\/api.w.org\/{rel}","templated":true}]}}