{"id":2147,"date":"2020-02-27T16:10:42","date_gmt":"2020-02-27T16:10:42","guid":{"rendered":"http:\/\/www.tipard.de\/blog\/?page_id=2147"},"modified":"2020-02-27T16:10:42","modified_gmt":"2020-02-27T16:10:42","slug":"wie-man-musik-mit-grooveshark-downloader-herunterlaedt","status":"publish","type":"page","link":"https:\/\/www.tipard.de\/blog\/wie-man-musik-mit-grooveshark-downloader-herunterlaedt\/","title":{"rendered":"Wie man Musik mithilfe der besten Grooveshark Downloaders herunterladen kann"},"content":{"rendered":"<p><img loading=\"lazy\" decoding=\"async\" class=\"alignnone size-full wp-image-2151\" src=\"http:\/\/www.tipard.de\/blog\/wp-content\/uploads\/2020\/02\/grooveshark-downloader.jpg\" alt=\"\" width=\"600\" height=\"338\" srcset=\"https:\/\/www.tipard.de\/blog\/wp-content\/uploads\/2020\/02\/grooveshark-downloader.jpg 600w, https:\/\/www.tipard.de\/blog\/wp-content\/uploads\/2020\/02\/grooveshark-downloader-300x169.jpg 300w\" sizes=\"auto, (max-width: 600px) 100vw, 600px\" \/><\/p>\n<p>Der Grooveshark Downloader ist ein notwendiges Tool f\u00fcr das Grooveshark Publikum. Grooveshark ist n\u00e4mlich eine der beliebtesten Musik Streaming Plattformen. Nutzer k\u00f6nnen Musik hochladen, und diese dann mit anderen teilen. Die wohl n\u00fctzlichsten Features von Grooveshark ist die Suchmaschine und die Empfehlungen f\u00fcr neue und angesagte Songs. Dennoch unterst\u00fctzt dieses Programm keinen Download Ihrer Musik, wenn Sie also ganz entspannt Ihre Musik offline h\u00f6ren wollen, m\u00fcssen Sie den Grooveshake Downloader installieren, der es Ihnen erm\u00f6glicht, Ihre Musik ganz einfach zu downloaden.<\/p>\n<p>F\u00fcr einige Nutzer reicht es aber nicht, diesen Downloader zu installieren, Sie brauchen Hilfe bei der Einstellung dieses Programmes, sowie einige Tutorials zur Bedienung dieses Downloaders. Dieser Bericht, wird Ihnen erkl\u00e4ren, wie Sie den Groveshark Downloader richtig zu benutzen haben.<\/p>\n<h2>1. Grooveshark Downloader: Tipard Screen Capture<\/h2>\n<p><a href=\"https:\/\/www.tipard.de\/screen-capture\/\"><em>Tipard Screen Capture<\/em><\/a>, ist einer der bekanntesten Audio Rekorder, mit dem Sie sowohl Audio, als auch Video Dateien in Original Qualit\u00e4t bekommen. Durch eine pr\u00e4zise Audio Technologie, wird die Performance stetig erh\u00f6ht. Der Grooveshark Downloader hilft Ihnen dabei, eine Vielzahl von Musik Formaten, sowie Ihrem Mikrofon aufzunehmen.<\/p>\n<h3>Wie Sie Musik von Grooveshark mithilfe des Screen Captures downloaden<\/h3>\n<div class=\"article-steps\"><br \/>\n<div class=\"article-step\"><div class=\"context noPreview\"><h3><span class=\"stepShield\">Schritt 1<\/span>Musik suchen<\/h3> Suchen Sie Ihre Lieblingsmusik auf Grooveshark und \u00f6ffnen Sie es im Grooveshark Player. <\/div><\/div><br \/>\n<div class=\"article-step\"><div class=\"context noPreview\"><h3><span class=\"stepShield\">Schritt 2<\/span>Screen Capture starten<\/h3> \u00d6ffnen Sie den Screen Capture und w\u00e4hlen Sie den Audio Aufnahme Tab, um die Audio Aufnahme zu \u00f6ffnen. <\/div><\/div><br \/>\n<div class=\"article-step\"><div class=\"context noPreview\"><h3><span class=\"stepShield\">Schritt 3<\/span>Tonaufnahme<\/h3> Sie k\u00f6nnen entweder das System Audio, oder das Mikrofon Audio aufnehmen. <\/div><\/div><br \/>\n<div class=\"article-step\"><div class=\"context noPreview\"><h3><span class=\"stepShield\">Schritt 4<\/span>Aufnamestart<\/h3> Spielen Sie den Song in Ihrem Browser und dr\u00fccken Sie den roten Aufnahme Knopf, um den Download zu starten. <\/div><\/div><br \/>\n<div class=\"article-step\"><div class=\"context noPreview\"><h3><span class=\"stepShield\">Schritt 5<\/span>Aufnahmedetails<\/h3> Ihnen wird die volle L\u00e4nge des Audios, sowie die Gr\u00f6\u00dfe der Datei angezeigt. <\/div><\/div><br \/>\n<div class=\"article-step\"><div class=\"context noPreview\"><h3><span class=\"stepShield\">Schritt 6<\/span>Aufnahme beenden<\/h3> Wenn der Download fertig ist, dr\u00fccken Sie erneut auf den Knopf um Ihren Download zu speichern.&#8220;]\u00a0 <\/div><\/div><br \/>\n<\/div>\n<h2>2. Grooveshark<strong> grabber: Kostenfreier Audio Editor<\/strong><\/h2>\n<p>Der Kostenfreie Audio Editor ist ein vielseitiges Audio Tool. Sie k\u00f6nnen nicht nur Ihre Audio Dateien greifen, sondern auch die Funktion der Online Musik und des Musik Streams. Der gr\u00f6\u00dfte Vorteil ist es, dass es eine Vielzahl von Schneidefunktionen gibt, die jedem erm\u00f6glichen, Ihren Song zu bearbeiten. Sie k\u00f6nnen Ihre privaten Songs und Ihre pers\u00f6nlichen Playlists in verschiedene Ordner aufnehmen.<\/p>\n<p><img loading=\"lazy\" decoding=\"async\" class=\"alignnone size-full wp-image-2150\" src=\"http:\/\/www.tipard.de\/blog\/wp-content\/uploads\/2020\/02\/free-audio-editor.jpg\" alt=\"\" width=\"600\" height=\"399\" srcset=\"https:\/\/www.tipard.de\/blog\/wp-content\/uploads\/2020\/02\/free-audio-editor.jpg 600w, https:\/\/www.tipard.de\/blog\/wp-content\/uploads\/2020\/02\/free-audio-editor-300x200.jpg 300w\" sizes=\"auto, (max-width: 600px) 100vw, 600px\" \/><\/p>\n<p>\u00d6ffnen Sie den Audio Editor und dr\u00fccken Sie auf die Home Taste. W\u00e4hlen Sie dann neue Aufnahme aus. Nachdem Sie bestimmte Voreinstellungen getroffen haben, dr\u00fccken Sie OK um die Audio Aufnahme Box zu \u00f6ffnen.<\/p>\n<p>1. Dort k\u00f6nnen Sie spezifische Einstellungen treffen, wie die Sound Card oder der Lautst\u00e4rke etc.<br \/>\n2. Um zu testen, ob alles funktioniert, k\u00f6nnen Sie einige Songs auf Ihrem System laufen lassen.<br \/>\n3. \u00d6ffnen Sie Ihren Browser, rufen Sie Grooveshark auf und suchen Sie nach Ihrem Lieblingssong.<br \/>\n4. Wenn der Song l\u00e4uft, k\u00f6nnen Sie den Aufnahme Knopf dr\u00fccken, damit der Song anf\u00e4ngt aufzunehmen.<br \/>\n5. Nachdem der Song vorbei ist, dr\u00fccken Sie auf Pause, damit der Download stoppt.<br \/>\n6. Dr\u00fccken Sie auf den Behalten Knopf, um das Audio zu importieren. Dann k\u00f6nnen Sie diesen editieren oder in auf Ihrem System abspeichern.<\/p>\n<h2>3. Online Grooveshark Downloader<\/h2>\n<p>Der Online Grooveshark Downloader ist ein bekannter Service, welche viele Vorteile haben. Zuerst, Online Downloaders sind ein Allrounder, Sie k\u00f6nnen auf jeder Plattform laufen. Dazu kommt, dass diese Art des Downloader viel praktischer und tragbarer. Heutzutage, gibt es viele Menschen, die funktionierende Systeme, wie Pc\u2019s, Laptop\u2019s etc. besitzen wollen, dabei w\u00fcrde es st\u00f6ren auf jedem System ein neues Programm zu installieren. Dank dieses Online Downloaders, m\u00fcssen Sie diesen blo\u00df zusammen mit dem Groovershark in Ihrem Browser \u00f6ffnen.<\/p>\n<h3>Wie installiert man Songs von Grooveshark mithilfe von COnvert2Mp3<\/h3>\n<h3><img loading=\"lazy\" decoding=\"async\" class=\"alignnone size-full wp-image-2149\" style=\"font-size: 16px;\" src=\"http:\/\/www.tipard.de\/blog\/wp-content\/uploads\/2020\/02\/convert2mp3.jpg\" alt=\"\" width=\"600\" height=\"375\" srcset=\"https:\/\/www.tipard.de\/blog\/wp-content\/uploads\/2020\/02\/convert2mp3.jpg 600w, https:\/\/www.tipard.de\/blog\/wp-content\/uploads\/2020\/02\/convert2mp3-300x188.jpg 300w\" sizes=\"auto, (max-width: 600px) 100vw, 600px\" \/><\/h3>\n<p>1. Wenn Sie Ihren gew\u00fcnschten Song auf Grooveshark gefunden haben, kopieren Sie die Adresse.<br \/>\n2. Besuchen Sie die Seite Convert2Mp3.net<br \/>\n3. F\u00fcgen Sie die kopierte Adresse in die URL Leiste ein.<br \/>\n4. Online Musik kann in alle g\u00e4ngigen Formate transformiert werden.<br \/>\n5. Dr\u00fccken Sie auf Umwandlung, damit COnvert2Mp3 anf\u00e4ngt Ihre Dateien zu transformen.<br \/>\n6. Nach dem Konvertieren, k\u00f6nnen Sie Ihre Musik auf Ihr System downloaden.<\/p>\n<h3>Wie man Audios von Grooveshark durch 123APPS packt<\/h3>\n<p><img loading=\"lazy\" decoding=\"async\" class=\"alignnone size-full wp-image-2148\" src=\"http:\/\/www.tipard.de\/blog\/wp-content\/uploads\/2020\/02\/123apps.jpg\" alt=\"\" width=\"600\" height=\"373\" srcset=\"https:\/\/www.tipard.de\/blog\/wp-content\/uploads\/2020\/02\/123apps.jpg 600w, https:\/\/www.tipard.de\/blog\/wp-content\/uploads\/2020\/02\/123apps-300x187.jpg 300w\" sizes=\"auto, (max-width: 600px) 100vw, 600px\" \/><\/p>\n<p>1. Kopieren Sie den Link des Songs.<br \/>\n2. \u00d6ffnen Sie 123APPS.com in Ihrem Browser und w\u00e4hlen Sie Audio Converter aus.<br \/>\n3. Nachdem sich das Audio Converter Fenster ge\u00f6ffnet hat, klicken Sie auf URL, sodass sich die URL Box \u00f6ffnet.<br \/>\n4. Dort geben Sie den Link ein, den Sie zuvor kopiert haben.<br \/>\n5. Nachdem Sie diesen Link eingef\u00fcgt haben, k\u00f6nnen Sie w\u00e4hlen, in welchem Format Ihr Audio gespeichert werden soll.<br \/>\n6. Sie k\u00f6nnen die Output Qualit\u00e4t einstellen.<br \/>\n7. Wenn Sie ein fortgeschrittener Nutzer sind, k\u00f6nnen Sie die Fortgeschrittenen Einstellungen ausw\u00e4hlen, mit denen Sie einiges mehr einstellen k\u00f6nnen.<br \/>\n8. Durch die Track Info, k\u00f6nnen Sie einige Fakten \u00fcber den Song herausschreiben.<br \/>\n9 . Schlie\u00dflich, dr\u00fccken Sie auf Konvertieren, und speichern Sie das Ergebnis auf Ihrem Pc.<\/p>\n<h2>Fazit:<\/h2>\n<p>Wenn Sie auf der Suche nach einem Programm waren, durch die Sie Ihre Lieblingsmusik kostenfrei downloaden k\u00f6nnen, haben Sie nun eine Methode gefunden, wie Sie Ihre Musik offline genie\u00dfen k\u00f6nnen.<\/p>\n","protected":false},"excerpt":{"rendered":"<p>Der Grooveshark Downloader ist ein notwendiges Tool f\u00fcr das Grooveshark Publikum. Grooveshark ist n\u00e4mlich eine der beliebtesten Musik Streaming Plattformen. Nutzer k\u00f6nnen Musik hochladen, und diese dann mit anderen teilen. Die wohl n\u00fctzlichsten Features von Grooveshark ist die Suchmaschine und die Empfehlungen f\u00fcr neue und angesagte Songs. Dennoch unterst\u00fctzt dieses Programm keinen Download Ihrer Musik, [&hellip;]<\/p>\n","protected":false},"author":1,"featured_media":0,"parent":0,"menu_order":0,"comment_status":"closed","ping_status":"closed","template":"","meta":{"footnotes":""},"class_list":["post-2147","page","type-page","status-publish","hentry"],"_links":{"self":[{"href":"https:\/\/www.tipard.de\/blog\/wp-json\/wp\/v2\/pages\/2147","targetHints":{"allow":["GET"]}}],"collection":[{"href":"https:\/\/www.tipard.de\/blog\/wp-json\/wp\/v2\/pages"}],"about":[{"href":"https:\/\/www.tipard.de\/blog\/wp-json\/wp\/v2\/types\/page"}],"author":[{"embeddable":true,"href":"https:\/\/www.tipard.de\/blog\/wp-json\/wp\/v2\/users\/1"}],"replies":[{"embeddable":true,"href":"https:\/\/www.tipard.de\/blog\/wp-json\/wp\/v2\/comments?post=2147"}],"version-history":[{"count":1,"href":"https:\/\/www.tipard.de\/blog\/wp-json\/wp\/v2\/pages\/2147\/revisions"}],"predecessor-version":[{"id":2152,"href":"https:\/\/www.tipard.de\/blog\/wp-json\/wp\/v2\/pages\/2147\/revisions\/2152"}],"wp:attachment":[{"href":"https:\/\/www.tipard.de\/blog\/wp-json\/wp\/v2\/media?parent=2147"}],"curies":[{"name":"wp","href":"https:\/\/api.w.org\/{rel}","templated":true}]}}