{"id":2139,"date":"2020-02-27T15:58:06","date_gmt":"2020-02-27T15:58:06","guid":{"rendered":"http:\/\/www.tipard.de\/blog\/?page_id=2139"},"modified":"2025-01-24T01:51:29","modified_gmt":"2025-01-24T01:51:29","slug":"top-5-bildschirmaufnahmeprogramme-fuer-spiele","status":"publish","type":"page","link":"https:\/\/www.tipard.de\/blog\/top-5-bildschirmaufnahmeprogramme-fuer-spiele\/","title":{"rendered":"Top 5 Bildschirmaufnahmeprogramme f\u00fcr Spiele im Jahr 2017"},"content":{"rendered":"<p><img loading=\"lazy\" decoding=\"async\" class=\"alignnone size-full wp-image-2143\" src=\"http:\/\/www.tipard.de\/blog\/wp-content\/uploads\/2020\/02\/game-capture.jpg\" alt=\"\" width=\"600\" height=\"338\" srcset=\"https:\/\/www.tipard.de\/blog\/wp-content\/uploads\/2020\/02\/game-capture.jpg 600w, https:\/\/www.tipard.de\/blog\/wp-content\/uploads\/2020\/02\/game-capture-300x169.jpg 300w\" sizes=\"auto, (max-width: 600px) 100vw, 600px\" \/><\/p>\n<p>Bildschirmaufnahmeprogramme f\u00fcr Spiele sind ein n\u00fctzliches Feature f\u00fcr alle Gamer. Sie k\u00f6nnen Ihre Spiele aufnehmen und diese dann mit Freunden teilen. Au\u00dferdem werden solche Videos auch benutzt, um Strategien etc. mit anderen Nutzern zu teilen und besprechen. Wie auch immer, Spiele aufzunehmen, ist nicht so leicht wie die Aufnahme von Screencasts. Das erste Problem ist, wenn Sie ein Spiel spielen und dabei dieses aufnehmen, k\u00f6nnte es passieren, dass Ihre CPU \u00fcberlastet wird. Denn wenn dies passiert, kann es sein, dass Ihr Mauszeiger anf\u00e4ngt zu ruckeln, was beim Spielen von Videospielen alles andere als optimal ist. Die L\u00f6sung daf\u00fcr ist recht simpel: Das Aufnahmeprogramm darf die CPU nicht so sehr belasten. Dieser Bericht wird Ihnen die Top 5 der Aufnahmeprogramme f\u00fcr Spiele vorstellen, die anhand von verschiedenen Tests durchgef\u00fchrt wurden.<\/p>\n<p>Wenn Sie jedoch nicht nur an technischen L\u00f6sungen interessiert sind, sondern auch in anderen Bereichen Unterst\u00fctzung ben\u00f6tigen, wie etwa bei der Erstellung Ihrer <a href=\"https:\/\/hausarbeit-schreiben.com\/bewerbung-schreiben-lassen\/\">Bewerbungsunterlagen professionell erstellen lassen<\/a>, gibt es ebenfalls professionelle Hilfe, die Ihnen bei der Optimierung Ihrer Unterlagen zur Seite steht.<\/p>\n<h2>1. Tipard Screen Capture<\/h2>\n<p>Tipard Screen Capture ist einer der besten Aufnahme Programme f\u00fcr Ihren Bildschirm. Durch die benutzerfreundliche Oberfl\u00e4che kann jeder, egal ob Anf\u00e4nger oder Profi mit diesem Programm arbeiten. Das wohl meist attraktivste Extra f\u00fcr Gamer, ist, dass Spiele in der h\u00f6chsten Videoqualit\u00e4t aufgenommen werden k\u00f6nnen.\u00a0 Sie werden nicht mit Problemen, wie falschen Frames und verschwommenen Bildern konfrontiert. Mehr zu diesem Programm finden Sie unterhalb.<\/p>\n<p><img loading=\"lazy\" decoding=\"async\" class=\"alignnone size-full wp-image-2145\" src=\"http:\/\/www.tipard.de\/blog\/wp-content\/uploads\/2020\/02\/ready-record-1.jpg\" alt=\"\" width=\"600\" height=\"488\" srcset=\"https:\/\/www.tipard.de\/blog\/wp-content\/uploads\/2020\/02\/ready-record-1.jpg 600w, https:\/\/www.tipard.de\/blog\/wp-content\/uploads\/2020\/02\/ready-record-1-300x244.jpg 300w\" sizes=\"auto, (max-width: 600px) 100vw, 600px\" \/><\/p>\n<p>1. Das Audio des Spieles kann zu 100% in der gleichen Qualit\u00e4t aufgenommen werden.<br \/>\n2. Das Systemaudio, sowie Ihre Stimme aus dem Mikrofon k\u00f6nnen aufgenommen werden.<br \/>\n3. Durch bestimmte Technologien, k\u00f6nnen Ger\u00e4usche, aus dem Videospiel entfernt werden.<br \/>\n4. Sie k\u00f6nnen ausw\u00e4hlen, wie lang Ihre Aufnahme sein soll.<br \/>\n5. Es gibt kein Limit, was die Anzahl der Aufnahmen, bzw. die L\u00e4nge der Aufnahmen angeht.<br \/>\n6. Durch bestimmte Tastenkombinationen, kann man den Tipard Screen Capture steuern, auch wenn er verkleinert wurde.<br \/>\n7. Nachdem Aufnehmen des Spieles, k\u00f6nnen Sie sich die Aufnahme genauer anschauen.<br \/>\n8. Dieses Aufnahmeprogramm ist mit den g\u00e4ngigen Betriebssystemen kompatibel.<br \/>\n9. Die Aufnahmen k\u00f6nnen in hoher Qualit\u00e4t ver\u00f6ffentlicht werden.<\/p>\n<h2>2. Mirillis Action<\/h2>\n<p><img loading=\"lazy\" decoding=\"async\" class=\"alignnone size-full wp-image-2144\" src=\"http:\/\/www.tipard.de\/blog\/wp-content\/uploads\/2020\/02\/mirillis-action.jpg\" alt=\"\" width=\"600\" height=\"376\" srcset=\"https:\/\/www.tipard.de\/blog\/wp-content\/uploads\/2020\/02\/mirillis-action.jpg 600w, https:\/\/www.tipard.de\/blog\/wp-content\/uploads\/2020\/02\/mirillis-action-300x188.jpg 300w\" sizes=\"auto, (max-width: 600px) 100vw, 600px\" \/><\/p>\n<p>Mirillis Action, bietet Ihnen alle M\u00f6glichkeiten, um Videos und Spiele mit hoher Qualit\u00e4t wiederzugeben. Au\u00dferdem erm\u00f6glicht Ihnen dieses Programm, Livestreams auf verschiedenen Plattformen aufzunehmen. Zudem gibt Ihnen das Programm die M\u00f6glichkit, bestimmte Sequenzen, die Sie f\u00fcr Ihre Aufnahme nicht brauchen zu l\u00f6schen. Im Folgenden finden Sie weitere Features, die Ihnen Mirillis Action bietet.<\/p>\n<p>1. Es k\u00f6nnen Aufnahmen von 240p bis 1080p mit Live Sound aufgenommen werden. Ihr Ergebnis kann anhand der Forderungen angepasst werden.<br \/>\n2. Sie m\u00fcssen sich keine Sorgen um falsche Frames, herausgeschnittene Teile des Videos oder \u00e4hnliches Sorgen machen.<br \/>\n3. Es k\u00f6nnen drei verschiedene Gebiete erfasst werden.<br \/>\n4. Ihre Spiele werden automatisch erkannt.<br \/>\n5. Das Benchmark Feature hilft Ihnen, Ihre Clips richtig zu kalibrieren.<br \/>\n6. Ihr Android Mobiltelefon, kann zu einer Fernbedienung umgestaltet werden, so dass Sie Ihre Tasten auf der Tastatur nicht mehr benutzen m\u00fcssen.<br \/>\n7. Die Aufnahme der Spiele ist simpel, halten Sie sich nur an die Anleitung.<\/p>\n<h2>3. D3D Gear<\/h2>\n<p><img loading=\"lazy\" decoding=\"async\" class=\"alignnone size-full wp-image-2141\" src=\"http:\/\/www.tipard.de\/blog\/wp-content\/uploads\/2020\/02\/d3d-gear.jpg\" alt=\"\" width=\"600\" height=\"424\" srcset=\"https:\/\/www.tipard.de\/blog\/wp-content\/uploads\/2020\/02\/d3d-gear.jpg 600w, https:\/\/www.tipard.de\/blog\/wp-content\/uploads\/2020\/02\/d3d-gear-300x212.jpg 300w\" sizes=\"auto, (max-width: 600px) 100vw, 600px\" \/><\/p>\n<p>D3D Gear ist ein Aufnahmeprogramm, dass Ihnen erm\u00f6glicht, Ihre Spiele aufzunehmen. D3D Gear, hat alles das, was ein Gamer braucht. Dieses Programm ist kostenfrei, unterst\u00fctzt aber DirectX und OpenGL. Es misst und zeigt Ihnen die 3D Frame Rate Ihrer Spiele. Alles was Sie machen m\u00fcssen, ist dieses Programm zu \u00f6ffnen, und dann anfangen Ihr Spiel zu spielen, sobald Ihr Spiel gestartet wird, f\u00e4ngt die Aufnahme an. Im Folgenden k\u00f6nnen Sie sich \u00fcber weitere Features des D3D Gears informieren.<\/p>\n<p>1. Es bietet verschiedene Parameter, wie die Frame Rate, Farbkalibrierung und vieles mehr. Sie k\u00f6nnen damit Ihre Videospiele kontrollieren.<br \/>\n2. Durch bestimmte Abk\u00fcrzungen auf Ihrer Tastatur, k\u00f6nnen Sie D3DGear steuern und Ihre Spiele aufnehmen.<br \/>\n3. Es k\u00f6nnen nicht nur Videos, sondern auch Screenshots aufgenommen werden.<br \/>\n4. Es werden einige Output Formate, wie BMP, JPG, GIF, PNG, und weitere unterst\u00fctzt.<br \/>\n5. Videos k\u00f6nnen auf einer URL oder auf anderen Video Plattformen hochgeladen werden.<br \/>\n6. Sie k\u00f6nnen Ihr Mikrofon entweder zusammen mit Ihrem Bildschirm oder separat von Ihm aufzunehmen.<\/p>\n<h2>4. Bandicam<\/h2>\n<p><img loading=\"lazy\" decoding=\"async\" class=\"alignnone size-full wp-image-2140\" src=\"http:\/\/www.tipard.de\/blog\/wp-content\/uploads\/2020\/02\/bandicam.jpg\" alt=\"\" width=\"600\" height=\"644\" srcset=\"https:\/\/www.tipard.de\/blog\/wp-content\/uploads\/2020\/02\/bandicam.jpg 600w, https:\/\/www.tipard.de\/blog\/wp-content\/uploads\/2020\/02\/bandicam-280x300.jpg 280w\" sizes=\"auto, (max-width: 600px) 100vw, 600px\" \/><\/p>\n<p>Bandicam ist einer der besten Aufnahmeprogramme, f\u00fcr Ihre Spiele. Sie k\u00f6nnen Videos Ihrer Spiele und sogar auch Screenshots aufnehmen. Obwohl Bandicam einige Funktionen anbietet, ist es sehr Benutzerleicht. Im Weiteren k\u00f6nnen Sie sich einige der Features dieses Programmes durchlesen.<\/p>\n<p>Sie k\u00f6nnen den Prozess Ihrer Aufnahme steuern, indem Sie bestimmte Parameter so einstellen, wie Sie es f\u00fcr das beste halten.<\/p>\n<p>1. Durch bestimmte Tastenkombinationen k\u00f6nnen Sie Ihre Aufnahme steuern.<br \/>\n2. Sie k\u00f6nnen entscheiden, ob Ihre Maustaste, in Ihren Videos zu sehen sein soll oder nicht.<br \/>\n3. Es besteht die M\u00f6glichkeit Videos durch Ihre Web Cam oder durch Ihr Computer System aufzunehmen, diese k\u00f6nnen dann sp\u00e4ter in ein<br \/>\n4. Video zusammengelegt werden.<br \/>\n5. W\u00e4hrend der Aufnahme kann ein Screenshot gemacht werden.<br \/>\n6. Ihr Audio und Ihre Web Cam werden automatisch erkannt. Durch Parameter k\u00f6nnen weitere Feineinstellungen get\u00e4tigt werden<\/p>\n<h2>5. Fraps<\/h2>\n<p><img loading=\"lazy\" decoding=\"async\" class=\"alignnone size-full wp-image-2142\" src=\"http:\/\/www.tipard.de\/blog\/wp-content\/uploads\/2020\/02\/fraps.jpg\" alt=\"\" width=\"600\" height=\"404\" srcset=\"https:\/\/www.tipard.de\/blog\/wp-content\/uploads\/2020\/02\/fraps.jpg 600w, https:\/\/www.tipard.de\/blog\/wp-content\/uploads\/2020\/02\/fraps-300x202.jpg 300w\" sizes=\"auto, (max-width: 600px) 100vw, 600px\" \/><\/p>\n<p>Fraps erm\u00f6glicht es Ihnen ein breites Band an Spielen aufzunehmen, dazu geh\u00f6rt auch DirectX und OpenGL. Ein weiteres hilfreiches Extra dieses Programmes ist es, dass Zeitstempel und Z\u00e4hler automatisch aufgenommen werden. Das ist hilfreich f\u00fcr Gamer.<\/p>\n<p>1. Es k\u00f6nnen sowohl Videos, als auch Screenshots aufgenommen werden.<br \/>\n2. Durch bestimmte Tastenkombinationen, k\u00f6nnen Gamer das Programm steuern, ohne das Sie Ihr Spiel verlassen m\u00fcssen.<br \/>\n3. Es k\u00f6nnen bestimmte Bereiche aufgenommen werden.<br \/>\n4. Es k\u00f6nnen einige Parameter zur\u00fcckgesetzt werden, und nach Ihren belieben eingestellt werden.<br \/>\n5. Ihre Videos werden als AVI Datei gespeichert.<\/p>\n<h2>Fazit<\/h2>\n<p>Dieser Artikel hat Ihnen, die Top 5 der besten Aufnahmeprogramme f\u00fcr Ihre Spiele dargelegt. Wenn Sie also auf der Suche nach einem solchen Programm sind, sollte es Ihnen hier gelingen, ein passendes Programm f\u00fcr Sie zu finden.<\/p>\n","protected":false},"excerpt":{"rendered":"<p>Bildschirmaufnahmeprogramme f\u00fcr Spiele sind ein n\u00fctzliches Feature f\u00fcr alle Gamer. Sie k\u00f6nnen Ihre Spiele aufnehmen und diese dann mit Freunden teilen. Au\u00dferdem werden solche Videos auch benutzt, um Strategien etc. mit anderen Nutzern zu teilen und besprechen. Wie auch immer, Spiele aufzunehmen, ist nicht so leicht wie die Aufnahme von Screencasts. Das erste Problem ist, [&hellip;]<\/p>\n","protected":false},"author":1,"featured_media":0,"parent":0,"menu_order":0,"comment_status":"closed","ping_status":"closed","template":"","meta":{"footnotes":""},"class_list":["post-2139","page","type-page","status-publish","hentry"],"_links":{"self":[{"href":"https:\/\/www.tipard.de\/blog\/wp-json\/wp\/v2\/pages\/2139","targetHints":{"allow":["GET"]}}],"collection":[{"href":"https:\/\/www.tipard.de\/blog\/wp-json\/wp\/v2\/pages"}],"about":[{"href":"https:\/\/www.tipard.de\/blog\/wp-json\/wp\/v2\/types\/page"}],"author":[{"embeddable":true,"href":"https:\/\/www.tipard.de\/blog\/wp-json\/wp\/v2\/users\/1"}],"replies":[{"embeddable":true,"href":"https:\/\/www.tipard.de\/blog\/wp-json\/wp\/v2\/comments?post=2139"}],"version-history":[{"count":3,"href":"https:\/\/www.tipard.de\/blog\/wp-json\/wp\/v2\/pages\/2139\/revisions"}],"predecessor-version":[{"id":9303,"href":"https:\/\/www.tipard.de\/blog\/wp-json\/wp\/v2\/pages\/2139\/revisions\/9303"}],"wp:attachment":[{"href":"https:\/\/www.tipard.de\/blog\/wp-json\/wp\/v2\/media?parent=2139"}],"curies":[{"name":"wp","href":"https:\/\/api.w.org\/{rel}","templated":true}]}}